{"id":43872,"date":"2023-07-31T00:48:29","date_gmt":"2023-07-30T16:48:29","guid":{"rendered":"https:\/\/gretasexylingerie.com\/?post_type=product&#038;p=43872"},"modified":"2023-10-22T22:41:37","modified_gmt":"2023-10-22T14:41:37","slug":"se-igennem-sexet-body-med-bh-og-trusse","status":"publish","type":"product","link":"https:\/\/gretasexylingerie.com\/da\/products\/see-through-sexy-bodysuit-with-bra-and-panty\/","title":{"rendered":"Gennemsigtig komfort Sexet bodysuit med bh og trusser \u2013 Engros Lingeri"},"content":{"rendered":"<ol class=\"wp-block-list\">\n<li>Vores Fashion Mesh Sexy Jumpsuit er designet med de nyeste modetrends i tankerne. Den ekstra sele-bh tilf\u00f8jer et strejf af dristighed, mens den gennemsigtige komfort giver et fristende glimt af, hvad der er under. Denne jumpsuit vil helt sikkert blive et hit hos dine kunder.<\/li>\n\n\n\n<li>Den gennemsigtige komfort sexede jumpsuit med ekstra sele-bh og trusser er stilfuld og behagelig. Modemeshet tilf\u00f8jer et strejf af elegance, mens den ekstra selestil sikrer en perfekt pasform. Denne jumpsuit er ideel til kunder, der s\u00f8ger stil og komfort i deres lingeri.<\/li>\n\n\n\n<li>Vores Fashion Mesh Sexy Jumpsuit med ekstra selestil er unik i design og h\u00f8j kvalitet. Den gennemsigtige komfort er bl\u00f8d og behagelig, mens den ekstra selestil tilf\u00f8jer et strejf af kant. Denne jumpsuit vil helt sikkert skille sig ud i enhver lingerikollektion.<\/li>\n<\/ol>\n\n\n\n<p>Slip det modige og smukke l\u00f8s med vores Fashion Mesh Sexy Jumpsuit, der byder p\u00e5 gennemsigtig komfort, ekstra sele-bh og trusser. Denne jumpsuit er ikke bare et produkt, det er et udtryk for stil og tiltr\u00e6kning, som dine kunder vil elske. Vent ikke. Kontakt os i dag for at afgive din ordre eller stille sp\u00f8rgsm\u00e5l. Lad os omdefinere lingerimoden sammen!<\/p>\n\n\n\n<figure class=\"wp-block-table is-style-stripes\"><table class=\"has-fixed-layout\"><tbody><tr><td>Site Chart (CM)<\/td><td><\/td><td><\/td><\/tr><tr><td>St\u00f8rrelse<\/td><td>L\u00e6ngde<\/td><td>Talje<\/td><\/tr><tr><td>S<\/td><td>52<\/td><td>72<\/td><\/tr><tr><td>M<\/td><td>54<\/td><td>76<\/td><\/tr><tr><td>L<\/td><td>56<\/td><td>80<\/td><\/tr><tr><td>Sitediagram (INCH)<\/td><td><\/td><td><\/td><\/tr><tr><td>St\u00f8rrelse<\/td><td>L\u00e6ngde<\/td><td>Talje<\/td><\/tr><tr><td>S<\/td><td>20.47<\/td><td>28.35<\/td><\/tr><tr><td>M<\/td><td>21.26<\/td><td>29.92<\/td><\/tr><tr><td>L<\/td><td>22.05<\/td><td>31.5<\/td><\/tr><\/tbody><\/table><\/figure>","protected":false},"excerpt":{"rendered":"<p>Bliv p\u00e5 forkant med lingeri-trenden med vores gennemsigtige komfort sexede jumpsuit med ekstra sele-bh og trusser. Denne jumpsuit kombinerer det charmerende ved modemesh med elegancen af ekstra selestil. Den er lavet med gennemsigtig komfort og er en fantastisk tilf\u00f8jelse til enhver lingerikollektion.<\/p>\n<p>https:\/\/youtu.be\/LkH8BtpM3fo<\/p>","protected":false},"featured_media":43882,"template":"","meta":[],"product_brand":[],"product_cat":[370,367,373],"product_tag":[446,453,865,447,504],"class_list":{"0":"post-43872","1":"product","2":"type-product","3":"status-publish","4":"has-post-thumbnail","6":"product_cat-bodysuit","7":"product_cat-sexy-lingerie","8":"product_cat-wholesale-sexy-mesh-bodysuit","9":"product_tag-wholesale-sexy-see-through-lingerie","10":"product_tag-wholesale-sexy-naughty-lingerie","11":"product_tag-sexy-skimpy-lingerie","12":"product_tag-wholesale-strappy-sexy-lingerie","13":"product_tag-ultra-sexy","14":"pa_color-black","15":"pa_size-wholesale-large-size-women-sexy-lingerie","16":"pa_size-wholesale-medium-size-women-sexy-lingerie","17":"pa_size-wholesale-small-size-sexy-lingerie","19":"first","20":"instock","21":"taxable","22":"shipping-taxable","23":"purchasable","24":"product-type-variable"},"tiered_pricing_type":"fixed","tiered_pricing_fixed_rules":[],"tiered_pricing_product_settings":{"layout":"default","base_unit_name":{"singular":null,"plural":null},"default_variation":{}},"tiered_pricing_minimum_quantity":null,"tiered_pricing_roles_data":{"default_wholesaler":{"product_id":43872,"role":"default_wholesaler","pricing_type":"flat","regular_price":null,"sale_price":null,"discount":null,"discount_type":"sale_price","tiered_pricing_type":"fixed","percentage_rules":[],"fixed_rules":{"2":"11.39","5":"10.19","30":"9.29"},"minimum":null},"dropshippinger":{"product_id":43872,"role":"dropshippinger","pricing_type":"flat","regular_price":null,"sale_price":12.99,"discount":null,"discount_type":"sale_price","tiered_pricing_type":"fixed","percentage_rules":[],"fixed_rules":{"1":"12.99","5":"11.39","30":"9.29"},"minimum":null}},"tiered_pricing_percentage_rules":[],"tiered_pricing_maximum_quantity":null,"tiered_pricing_quantity_step":null,"_links":{"self":[{"href":"https:\/\/gretasexylingerie.com\/da\/wp-json\/wp\/v2\/product\/43872","targetHints":{"allow":["GET"]}}],"collection":[{"href":"https:\/\/gretasexylingerie.com\/da\/wp-json\/wp\/v2\/product"}],"about":[{"href":"https:\/\/gretasexylingerie.com\/da\/wp-json\/wp\/v2\/types\/product"}],"wp:featuredmedia":[{"embeddable":true,"href":"https:\/\/gretasexylingerie.com\/da\/wp-json\/wp\/v2\/media\/43882"}],"wp:attachment":[{"href":"https:\/\/gretasexylingerie.com\/da\/wp-json\/wp\/v2\/media?parent=43872"}],"wp:term":[{"taxonomy":"product_brand","embeddable":true,"href":"https:\/\/gretasexylingerie.com\/da\/wp-json\/wp\/v2\/product_brand?post=43872"},{"taxonomy":"product_cat","embeddable":true,"href":"https:\/\/gretasexylingerie.com\/da\/wp-json\/wp\/v2\/product_cat?post=43872"},{"taxonomy":"product_tag","embeddable":true,"href":"https:\/\/gretasexylingerie.com\/da\/wp-json\/wp\/v2\/product_tag?post=43872"}],"curies":[{"name":"wp","href":"https:\/\/api.w.org\/{rel}","templated":true}]}}