{"id":43852,"date":"2023-07-30T23:16:25","date_gmt":"2023-07-30T15:16:25","guid":{"rendered":"https:\/\/gretasexylingerie.com\/?post_type=product&#038;p=43852"},"modified":"2024-04-04T16:10:24","modified_gmt":"2024-04-04T08:10:24","slug":"smarte-kaedehals-handjern-sexet-jumpsuit-med-aben-ryg","status":"publish","type":"product","link":"https:\/\/gretasexylingerie.com\/da\/products\/chic-chain-neck-handcuffs-sexy-jumpsuit-with-open-back\/","title":{"rendered":"Engros Chic Chain Neck H\u00e5ndjern Sexet Jumpsuit med \u00e5ben ryg"},"content":{"rendered":"<ol class=\"wp-block-list\">\n<li>Vores mesh- og PU-l\u00e6dersyede sexede jumpsuit er designet med de nyeste modetrends i tankerne. H\u00e5ndjernene med k\u00e6dehals tilf\u00f8jer et strejf af dristighed, mens den \u00e5bne ryg giver et fristende glimt af, hvad der er under. Denne jumpsuit vil helt sikkert blive et hit hos dine kunder.<\/li>\n\n\n\n<li>Chain Neck Handcuffs Sexy Jumpsuit med \u00e5ben ryg er stilfuld og behagelig. PU-l\u00e6ders\u00f8mmene tilf\u00f8jer et strejf af elegance, mens den \u00e5bne ryg sikrer en perfekt pasform. Denne jumpsuit er ideel til kunder, der s\u00f8ger stil og komfort i deres lingeri.<\/li>\n\n\n\n<li>Vores No Hips Sexy Jumpsuit med PU-l\u00e6ders\u00f8m er unik i design og h\u00f8j kvalitet. Mesh-materialet er bl\u00f8dt og behageligt, mens k\u00e6dehalsh\u00e5ndjernene tilf\u00f8jer et strejf af kant. Denne jumpsuit vil helt sikkert skille sig ud i enhver lingerikollektion.<\/li>\n<\/ol>\n\n\n\n<p>Slip det modige og smukke l\u00f8s med vores Sexy Jumpsuit, der byder p\u00e5 mesh-materiale, PU-l\u00e6ders\u00f8mme, k\u00e6dehalsh\u00e5ndjern, en \u00e5ben ryg og ingen hofter. Denne jumpsuit er ikke bare et produkt, det er et udtryk for stil og tiltr\u00e6kning, som dine kunder vil elske. Vent ikke. Kontakt os i dag for at afgive din ordre eller stille sp\u00f8rgsm\u00e5l. Lad os omdefinere lingerimoden sammen!<\/p>\n\n\n\n<figure class=\"wp-block-table is-style-stripes\"><table class=\"has-fixed-layout\"><tbody><tr><td>Site Chart (CM)<\/td><td><\/td><td><\/td><\/tr><tr><td>St\u00f8rrelse<\/td><td>L\u00e6ngde<\/td><td>Talje<\/td><\/tr><tr><td>S<\/td><td>63<\/td><td>64<\/td><\/tr><tr><td>M<\/td><td>65<\/td><td>68<\/td><\/tr><tr><td>L<\/td><td>67<\/td><td>72<\/td><\/tr><tr><td>Sitediagram (INCH)<\/td><td><\/td><td><\/td><\/tr><tr><td>St\u00f8rrelse<\/td><td>L\u00e6ngde<\/td><td>Talje<\/td><\/tr><tr><td>S<\/td><td>24.8<\/td><td>25.2<\/td><\/tr><tr><td>M<\/td><td>25.59<\/td><td>26.77<\/td><\/tr><tr><td>L<\/td><td>26.38<\/td><td>28.35<\/td><\/tr><\/tbody><\/table><\/figure>","protected":false},"excerpt":{"rendered":"<p>Vores mesh- og PU-l\u00e6dersyede sexede jumpsuit er et must-have for enhver undert\u00f8jsforhandler. Denne jumpsuit har h\u00e5ndjern med k\u00e6dehals, \u00e5ben ryg og ingen hofter, hvilket giver et modigt og fristende look. Perfekt til kunder, der s\u00f8ger det seneste inden for lingerimode.<\/p>\n<p>https:\/\/youtu.be\/_nl52FSTb44<\/p>","protected":false},"featured_media":43862,"template":"","meta":[],"product_brand":[],"product_cat":[370,367,373],"product_tag":[541,524,446,449,453,866,504],"class_list":{"0":"post-43852","1":"product","2":"type-product","3":"status-publish","4":"has-post-thumbnail","6":"product_cat-bodysuit","7":"product_cat-sexy-lingerie","8":"product_cat-wholesale-sexy-mesh-bodysuit","9":"product_tag-fishnet-lingerie","10":"product_tag-metal-lingerie","11":"product_tag-wholesale-sexy-see-through-lingerie","12":"product_tag-wholesale-sexy-crotchless-lingerie","13":"product_tag-wholesale-sexy-naughty-lingerie","14":"product_tag-sexy-romper-lingerie","15":"product_tag-ultra-sexy","16":"pa_color-black","17":"pa_size-wholesale-large-size-women-sexy-lingerie","18":"pa_size-wholesale-medium-size-women-sexy-lingerie","19":"pa_size-wholesale-small-size-sexy-lingerie","21":"first","22":"instock","23":"taxable","24":"shipping-taxable","25":"purchasable","26":"product-type-variable"},"tiered_pricing_type":"fixed","tiered_pricing_fixed_rules":[],"tiered_pricing_product_settings":{"layout":"table","base_unit_name":{"singular":null,"plural":null},"default_variation":{}},"tiered_pricing_minimum_quantity":null,"tiered_pricing_roles_data":{"default_wholesaler":{"product_id":43852,"role":"default_wholesaler","pricing_type":"flat","regular_price":null,"sale_price":null,"discount":null,"discount_type":"sale_price","tiered_pricing_type":"fixed","percentage_rules":[],"fixed_rules":{"2":"10.39","30":"9.19","500":"8.29"},"minimum":null},"dropshippinger":{"product_id":43852,"role":"dropshippinger","pricing_type":"flat","regular_price":null,"sale_price":11.99,"discount":null,"discount_type":"sale_price","tiered_pricing_type":"fixed","percentage_rules":[],"fixed_rules":{"1":"11.99","5":"10.39","30":"8.29"},"minimum":null}},"tiered_pricing_percentage_rules":[],"tiered_pricing_maximum_quantity":null,"tiered_pricing_quantity_step":null,"_links":{"self":[{"href":"https:\/\/gretasexylingerie.com\/da\/wp-json\/wp\/v2\/product\/43852","targetHints":{"allow":["GET"]}}],"collection":[{"href":"https:\/\/gretasexylingerie.com\/da\/wp-json\/wp\/v2\/product"}],"about":[{"href":"https:\/\/gretasexylingerie.com\/da\/wp-json\/wp\/v2\/types\/product"}],"wp:featuredmedia":[{"embeddable":true,"href":"https:\/\/gretasexylingerie.com\/da\/wp-json\/wp\/v2\/media\/43862"}],"wp:attachment":[{"href":"https:\/\/gretasexylingerie.com\/da\/wp-json\/wp\/v2\/media?parent=43852"}],"wp:term":[{"taxonomy":"product_brand","embeddable":true,"href":"https:\/\/gretasexylingerie.com\/da\/wp-json\/wp\/v2\/product_brand?post=43852"},{"taxonomy":"product_cat","embeddable":true,"href":"https:\/\/gretasexylingerie.com\/da\/wp-json\/wp\/v2\/product_cat?post=43852"},{"taxonomy":"product_tag","embeddable":true,"href":"https:\/\/gretasexylingerie.com\/da\/wp-json\/wp\/v2\/product_tag?post=43852"}],"curies":[{"name":"wp","href":"https:\/\/api.w.org\/{rel}","templated":true}]}}