{"id":43826,"date":"2023-07-30T01:05:03","date_gmt":"2023-07-29T17:05:03","guid":{"rendered":"https:\/\/gretasexylingerie.com\/?post_type=product&#038;p=43826"},"modified":"2023-10-22T22:44:49","modified_gmt":"2023-10-22T14:44:49","slug":"sexet-bh-og-trussesaet-med-broderi","status":"publish","type":"product","link":"https:\/\/gretasexylingerie.com\/da\/products\/sexy-bra-and-panty-set-with-embroidery\/","title":{"rendered":"Fantastisk sexet bh og trusser s\u00e6t med lilla broderi \u2013 B2B lingerileverand\u00f8r"},"content":{"rendered":"<ol class=\"wp-block-list\">\n<li>Vores sexede bh-s\u00e6t med broderede lilla blomster er designet med de seneste modetrends i tankerne. BH&#039;en, trusserne og str\u00f8mpeb\u00e5ndene er alle lavet af gennemsigtigt mesh-materiale, der giver et fristende glimt af, hvad der er under. Det smukke lilla broderi tilf\u00f8jer et strejf af elegance. Dette s\u00e6t vil helt sikkert blive et hit hos dine kunder.<\/li>\n\n\n\n<li>Sheer Mesh Sexy BH-s\u00e6t med str\u00f8mpeb\u00e5nd er stilfuldt og behageligt. Det gennemsigtige mesh-materiale er bl\u00f8dt og behageligt, mens str\u00f8mpeb\u00e5ndene tilf\u00f8jer et strejf af elegance. Dette s\u00e6t er perfekt til kunder, der s\u00f8ger stil og komfort i deres lingeri.<\/li>\n\n\n\n<li>Vores sexede bh og trusser s\u00e6t med lilla broderi er unikt i design og h\u00f8j kvalitet. Det gennemsigtige mesh-stof er bl\u00f8dt og behageligt, mens det lilla broderi tilf\u00f8jer et strejf af elegance. Dette s\u00e6t vil helt sikkert skille sig ud i enhver lingerikollektion.<\/li>\n<\/ol>\n\n\n\n<p>For\u00f8g dit lingeri-spil med vores sexede bh-s\u00e6t, der byder p\u00e5 en bh, trusser og str\u00f8mpeb\u00e5nd lavet af gennemsigtigt mesh-materiale og prydet med smukke lilla broderier. Dette s\u00e6t er ikke kun et produkt. Det er et udtryk for stil og komfort, som dine kunder vil elske. Vent ikke. Kontakt os i dag for at afgive din ordre eller stille sp\u00f8rgsm\u00e5l. Lad os omdefinere lingerimoden sammen!<\/p>\n\n\n\n<figure class=\"wp-block-table is-style-stripes\"><table class=\"has-fixed-layout\"><tbody><tr><td colspan=\"5\">Site Chart (CM)<\/td><\/tr><tr><td>St\u00f8rrelse<\/td><td>L\u00e6ngde<\/td><td>Nedre Buste<\/td><td>Talje<\/td><td>Talje af str\u00f8mpeb\u00e5nd<\/td><\/tr><tr><td>S<\/td><td>21<\/td><td>64-86<\/td><td>70<\/td><td>64-90<\/td><\/tr><tr><td>M<\/td><td>22<\/td><td>68-90<\/td><td>74<\/td><td>68-94<\/td><\/tr><tr><td>L<\/td><td>23<\/td><td>72-94<\/td><td>78<\/td><td>72-98<\/td><\/tr><tr><td colspan=\"5\">Sitediagram (INCH)<\/td><\/tr><tr><td>St\u00f8rrelse<\/td><td>L\u00e6ngde<\/td><td>Nedre Buste<\/td><td>Talje<\/td><td>Talje af str\u00f8mpeb\u00e5nd<\/td><\/tr><tr><td>S<\/td><td>8.27<\/td><td>25.20-33.86<\/td><td>27.56<\/td><td>25.20-35.43<\/td><\/tr><tr><td>M<\/td><td>8.66<\/td><td>26.77-35.43<\/td><td>29.13<\/td><td>26.77-37.01<\/td><\/tr><tr><td>L<\/td><td>9.06<\/td><td>28.35-37.01<\/td><td>30.71<\/td><td>28.35-38.58<\/td><\/tr><\/tbody><\/table><\/figure>","protected":false},"excerpt":{"rendered":"<p>Bliv p\u00e5 forkant med lingeri-trenden med vores Sheer Mesh Sexy BH-s\u00e6t med str\u00f8mpeb\u00e5nd. Dette s\u00e6t kombinerer tiltr\u00e6kningen ved en sexet bh og trusser med str\u00f8mpeb\u00e5ndets elegance. Fremstillet med gennemsigtigt mesh-stof og dekoreret med lilla broderi, er det en fantastisk tilf\u00f8jelse til enhver lingerikollektion.<\/p>\n<p>https:\/\/youtu.be\/JDZnbJcDUQo<\/p>","protected":false},"featured_media":43840,"template":"","meta":[],"product_brand":[],"product_cat":[368,367,375],"product_tag":[507,452,448,454,870,446,864,863],"class_list":{"0":"post-43826","1":"product","2":"type-product","3":"status-publish","4":"has-post-thumbnail","6":"product_cat-bra-panty-set","7":"product_cat-sexy-lingerie","8":"product_cat-whoelsale-sheer-bra-and-panty-sets","9":"product_tag-three-pcs-set","10":"product_tag-wholesale-boudoir-lingerie","11":"product_tag-wholesale-elegant-sexy-lingerie","12":"product_tag-wholesale-sexy-embroidered-lingerie","13":"product_tag-floral-lingerie","14":"product_tag-wholesale-sexy-see-through-lingerie","15":"product_tag-sexy-petite-lingerie","16":"product_tag-sexy-thong-lingerie","17":"pa_color-pink-women-sexy-lingerie","18":"pa_size-wholesale-large-size-women-sexy-lingerie","19":"pa_size-wholesale-medium-size-women-sexy-lingerie","20":"pa_size-wholesale-small-size-sexy-lingerie","22":"first","23":"instock","24":"taxable","25":"shipping-taxable","26":"purchasable","27":"product-type-variable"},"tiered_pricing_type":"fixed","tiered_pricing_fixed_rules":[],"tiered_pricing_product_settings":{"layout":"default","base_unit_name":{"singular":null,"plural":null},"default_variation":{}},"tiered_pricing_minimum_quantity":null,"tiered_pricing_roles_data":{"default_wholesaler":{"product_id":43826,"role":"default_wholesaler","pricing_type":"flat","regular_price":null,"sale_price":null,"discount":null,"discount_type":"sale_price","tiered_pricing_type":"fixed","percentage_rules":[],"fixed_rules":{"2":"9.39","30":"8.09","500":"7.09"},"minimum":null},"dropshippinger":{"product_id":43826,"role":"dropshippinger","pricing_type":"flat","regular_price":null,"sale_price":11.29,"discount":null,"discount_type":"sale_price","tiered_pricing_type":"fixed","percentage_rules":[],"fixed_rules":{"1":"11.29","5":"9.39","30":"7.09"},"minimum":null}},"tiered_pricing_percentage_rules":[],"tiered_pricing_maximum_quantity":null,"tiered_pricing_quantity_step":null,"_links":{"self":[{"href":"https:\/\/gretasexylingerie.com\/da\/wp-json\/wp\/v2\/product\/43826","targetHints":{"allow":["GET"]}}],"collection":[{"href":"https:\/\/gretasexylingerie.com\/da\/wp-json\/wp\/v2\/product"}],"about":[{"href":"https:\/\/gretasexylingerie.com\/da\/wp-json\/wp\/v2\/types\/product"}],"wp:featuredmedia":[{"embeddable":true,"href":"https:\/\/gretasexylingerie.com\/da\/wp-json\/wp\/v2\/media\/43840"}],"wp:attachment":[{"href":"https:\/\/gretasexylingerie.com\/da\/wp-json\/wp\/v2\/media?parent=43826"}],"wp:term":[{"taxonomy":"product_brand","embeddable":true,"href":"https:\/\/gretasexylingerie.com\/da\/wp-json\/wp\/v2\/product_brand?post=43826"},{"taxonomy":"product_cat","embeddable":true,"href":"https:\/\/gretasexylingerie.com\/da\/wp-json\/wp\/v2\/product_cat?post=43826"},{"taxonomy":"product_tag","embeddable":true,"href":"https:\/\/gretasexylingerie.com\/da\/wp-json\/wp\/v2\/product_tag?post=43826"}],"curies":[{"name":"wp","href":"https:\/\/api.w.org\/{rel}","templated":true}]}}