{"id":43784,"date":"2023-07-27T01:24:57","date_gmt":"2023-07-26T17:24:57","guid":{"rendered":"https:\/\/gretasexylingerie.com\/?post_type=product&#038;p=43784"},"modified":"2023-09-05T20:57:59","modified_gmt":"2023-09-05T12:57:59","slug":"trendy-maxi-nederdel-med-slids-i-siden-og-bh-saet-med-snoreband","status":"publish","type":"product","link":"https:\/\/gretasexylingerie.com\/da\/products\/trendy-side-slit-maxi-skirt-and-lace-up-bra-set\/","title":{"rendered":"Trendy sideslids Maxi-nederdel og BH-s\u00e6t med sn\u00f8reb\u00e5nd"},"content":{"rendered":"<ul class=\"wp-block-list\">\n<li>Vores Lace-Up BH og Sheer Mesh Chemise Set er designet med de seneste modetrends i tankerne. Sn\u00f8re-bh&#039;en tilf\u00f8jer et strejf af forf\u00f8relse, mens det gennemsigtige mesh-stof giver et fristende glimt af, hvad der er under. Dette s\u00e6t vil helt sikkert blive et hit hos dine kunder.<\/li>\n\n\n\n<li>Side-Slit Maxi Skirt og Lace-Up BH-s\u00e6ttet er stilfuldt og behageligt. Den sideslidsede maxi-nederdel giver mulighed for nem bev\u00e6gelse, mens sn\u00f8re-bh&#039;en sikrer en perfekt pasform. Dette s\u00e6t er ideelt til kunder, der s\u00f8ger stil og komfort i deres lingeri.<\/li>\n\n\n\n<li>Vores Sheer Mesh Chemise og BH-s\u00e6t er unikt i design og h\u00f8j kvalitet. Det gennemsigtige mesh-materiale er bl\u00f8dt og behageligt, mens sn\u00f8re-bh&#039;en og maxi-nederdelen med sideslids tilf\u00f8jer et strejf af elegance. Dette s\u00e6t vil helt sikkert skille sig ud i enhver lingerikollektion.<\/li>\n<\/ul>\n\n\n\n<p>Lad ikke denne mulighed g\u00e5 fra dig! Vores Chemise- og BH-s\u00e6t, der byder p\u00e5 en sn\u00f8rebh, gennemsigtige mesh-stoffer og en maxi-nederdel med sideslids, er den perfekte tilf\u00f8jelse til din lingerikollektion. Dette s\u00e6t er ikke bare et produkt, det er et udtryk for stil og komfort, som dine kunder vil elske. Kontakt os i dag for at afgive din ordre eller stille sp\u00f8rgsm\u00e5l. Lad os omdefinere lingerimoden sammen!<\/p>\n\n\n\n<figure class=\"wp-block-table is-style-stripes\"><table class=\"has-fixed-layout\"><tbody><tr><td colspan=\"5\">Site Chart (CM)<\/td><td><\/td><\/tr><tr><td>St\u00f8rrelse<\/td><td>L\u00e6ngde<\/td><td>Nedre Buste<\/td><td>Talje<\/td><td>Koph\u00f8jde<\/td><td>\u00d8vre Buste<\/td><\/tr><tr><td>S<\/td><td>25.5<\/td><td>62-88<\/td><td>66-92<\/td><td>14.5<\/td><td>66-88<\/td><\/tr><tr><td>M<\/td><td>26.5<\/td><td>66-92<\/td><td>71-100<\/td><td>15.5<\/td><td>70-92<\/td><\/tr><tr><td>L<\/td><td>27.5<\/td><td>70-96<\/td><td>75-104<\/td><td>16.5<\/td><td>74-96<\/td><\/tr><tr><td colspan=\"5\">Sitediagram (INCH)<\/td><td><\/td><\/tr><tr><td>St\u00f8rrelse<\/td><td>L\u00e6ngde<\/td><td>Nedre Buste<\/td><td>Talje<\/td><td>Koph\u00f8jde<\/td><td>\u00d8vre Buste<\/td><\/tr><tr><td>S<\/td><td>10.04<\/td><td>24.41-34.65<\/td><td>25.98-36.22<\/td><td>5.71<\/td><td>25.98-34.65<\/td><\/tr><tr><td>M<\/td><td>10.43<\/td><td>25.98-36.22<\/td><td>27.95-39.37<\/td><td>6.1<\/td><td>27.56-36.22<\/td><\/tr><tr><td>L<\/td><td>10.83<\/td><td>27.56-37.80<\/td><td>29.53-40.94<\/td><td>6.5<\/td><td>29.13-37.80<\/td><\/tr><\/tbody><\/table><\/figure>","protected":false},"excerpt":{"rendered":"<p>Trendy SidOur Lace-Up BH og Sheer Mesh Chemise Set er et must-have for enhver undert\u00f8jsforhandler. Dette s\u00e6t har en forf\u00f8rende bh med sn\u00f8reb\u00e5nd og en gennemsigtig mesh-chemise med en maxi-nederdel med sideslids, der giver et fristende glimt af, hvad der er under. Perfekt til kunder, der s\u00f8ger det seneste inden for lingerimode.e-Slit Maxi-nederdel og BH-s\u00e6t med sn\u00f8reb\u00e5nd<\/p>","protected":false},"featured_media":43797,"template":"","meta":[],"product_brand":[],"product_cat":[393,394,422,367],"product_tag":[518,446,864],"class_list":{"0":"post-43784","1":"product","2":"type-product","3":"status-publish","4":"has-post-thumbnail","6":"product_cat-wholesale-long-chemise","7":"product_cat-wholesale-mesh-chemise","8":"product_cat-sexy-chemise","9":"product_cat-sexy-lingerie","10":"product_tag-mesh-lingerie","11":"product_tag-wholesale-sexy-see-through-lingerie","12":"product_tag-sexy-petite-lingerie","13":"pa_color-black","14":"pa_size-wholesale-large-size-women-sexy-lingerie","15":"pa_size-wholesale-medium-size-women-sexy-lingerie","16":"pa_size-wholesale-small-size-sexy-lingerie","18":"first","19":"instock","20":"taxable","21":"shipping-taxable","22":"purchasable","23":"product-type-variable"},"tiered_pricing_type":"fixed","tiered_pricing_fixed_rules":[],"tiered_pricing_product_settings":{"layout":"default","base_unit_name":{"singular":null,"plural":null},"default_variation":null},"tiered_pricing_minimum_quantity":null,"tiered_pricing_roles_data":{"default_wholesaler":{"product_id":43784,"role":"default_wholesaler","pricing_type":"flat","regular_price":null,"sale_price":null,"discount":null,"discount_type":"sale_price","tiered_pricing_type":"fixed","percentage_rules":[],"fixed_rules":{"2":"10.49","30":"8.99","500":"7.89"},"minimum":null},"dropshippinger":{"product_id":43784,"role":"dropshippinger","pricing_type":"flat","regular_price":null,"sale_price":null,"discount":null,"discount_type":"sale_price","tiered_pricing_type":"fixed","percentage_rules":[],"fixed_rules":{"1":"12.49","5":"10.49","30":"8.99"},"minimum":null}},"tiered_pricing_percentage_rules":[],"tiered_pricing_maximum_quantity":null,"tiered_pricing_quantity_step":null,"_links":{"self":[{"href":"https:\/\/gretasexylingerie.com\/da\/wp-json\/wp\/v2\/product\/43784","targetHints":{"allow":["GET"]}}],"collection":[{"href":"https:\/\/gretasexylingerie.com\/da\/wp-json\/wp\/v2\/product"}],"about":[{"href":"https:\/\/gretasexylingerie.com\/da\/wp-json\/wp\/v2\/types\/product"}],"wp:featuredmedia":[{"embeddable":true,"href":"https:\/\/gretasexylingerie.com\/da\/wp-json\/wp\/v2\/media\/43797"}],"wp:attachment":[{"href":"https:\/\/gretasexylingerie.com\/da\/wp-json\/wp\/v2\/media?parent=43784"}],"wp:term":[{"taxonomy":"product_brand","embeddable":true,"href":"https:\/\/gretasexylingerie.com\/da\/wp-json\/wp\/v2\/product_brand?post=43784"},{"taxonomy":"product_cat","embeddable":true,"href":"https:\/\/gretasexylingerie.com\/da\/wp-json\/wp\/v2\/product_cat?post=43784"},{"taxonomy":"product_tag","embeddable":true,"href":"https:\/\/gretasexylingerie.com\/da\/wp-json\/wp\/v2\/product_tag?post=43784"}],"curies":[{"name":"wp","href":"https:\/\/api.w.org\/{rel}","templated":true}]}}