{"id":43505,"date":"2023-07-12T23:10:59","date_gmt":"2023-07-12T15:10:59","guid":{"rendered":"https:\/\/gretasexylingerie.com\/?post_type=product&#038;p=43505"},"modified":"2024-04-04T14:44:53","modified_gmt":"2024-04-04T06:44:53","slug":"blomstret-broderet-bh-strompebandssaet-med-udskarne-skal","status":"publish","type":"product","link":"https:\/\/gretasexylingerie.com\/da\/products\/floral-embroidered-bra-garter-set-with-cutout-cup\/","title":{"rendered":"Engros blomsterbroderet bh og str\u00f8mpeb\u00e5nd s\u00e6t med udsk\u00e6ringskop"},"content":{"rendered":"<ol class=\"wp-block-list\">\n<li>Blomsterbroderi: Det indviklede blomsterbroderi l\u00f8fter det klassiske bh-s\u00e6t til et kunstv\u00e6rk og tilf\u00f8jer et feminint og uds\u00f8gt touch, der adskiller det fra det almindelige.<\/li>\n\n\n\n<li>Plettet mesh: Det plettede mesh-stof tilf\u00f8jer et legende og trendy twist, der giver ren d\u00e6kning, mens det tilf\u00f8jer tekstur til det overordnede design.<\/li>\n\n\n\n<li>Cutout Cups: De lokkende udsk\u00e5rne kopper giver et provokerende kig og fremh\u00e6ver figuren og fremh\u00e6ver den feminine form med sofistikering.<\/li>\n\n\n\n<li>Str\u00f8mpeb\u00e5ndss\u00e6t: Dette bh-s\u00e6t tilf\u00f8jer sin tiltr\u00e6kningskraft og inkluderer et matchende str\u00f8mpeb\u00e5nd. Str\u00f8mpeb\u00e5ndet bevarer ensemblets visuelle harmoni og tilf\u00f8jer et ekstra strejf af sexiness.<\/li>\n\n\n\n<li>Alsidig tiltr\u00e6kningskraft: Med sin unikke kombination af trendy og klassiske elementer er dette bh-s\u00e6t perfekt til s\u00e6rlige lejligheder og dagligt brug.<\/li>\n<\/ol>\n\n\n\n<p>Som konklusion er vores blomsterbroderede bh og str\u00f8mpeb\u00e5nds\u00e6t med plettet mesh og udsk\u00e5rne sk\u00e5le en forening af sk\u00f8nhed og komfort. Dette smukke ensemble er en uundv\u00e6rlig tilf\u00f8jelse til enhver lingerikollektion. F\u00e5 hvert \u00f8jeblik til at t\u00e6lle med dette fortryllende s\u00e6t.<\/p>\n\n\n\n<figure class=\"wp-block-table is-style-stripes\"><table class=\"has-fixed-layout\"><tbody><tr><td colspan=\"5\">Site Chart (CM)<\/td><\/tr><tr><td>St\u00f8rrelse<\/td><td>L\u00e6ngde<\/td><td>Nedre Buste<\/td><td>Talje<\/td><td>Buksl\u00e6ngde<\/td><\/tr><tr><td>S<\/td><td>13,5<\/td><td>68<\/td><td>72<\/td><td>23.5<\/td><\/tr><tr><td>M<\/td><td>14,5<\/td><td>72<\/td><td>76<\/td><td>24.5<\/td><\/tr><tr><td>L<\/td><td>15,5<\/td><td>76<\/td><td>80<\/td><td>25.5<\/td><\/tr><tr><td>XL<\/td><td>16.5<\/td><td>80<\/td><td>84<\/td><td>26.5<\/td><\/tr><tr><td colspan=\"5\">Sitediagram (INCH)<\/td><\/tr><tr><td>St\u00f8rrelse<\/td><td>L\u00e6ngde<\/td><td>Nedre Buste<\/td><td>Talje<\/td><td>Buksl\u00e6ngde<\/td><\/tr><tr><td>S<\/td><td>5.31<\/td><td>26.38<\/td><td>24.8<\/td><td>8.66<\/td><\/tr><tr><td>M<\/td><td>5.71<\/td><td>27.95<\/td><td>26.38<\/td><td>9.06<\/td><\/tr><tr><td>L<\/td><td>6.1<\/td><td>29.53<\/td><td>27.95<\/td><td>9.45<\/td><\/tr><tr><td>XL<\/td><td>6.5<\/td><td>31.1<\/td><td>29.53<\/td><td>9.84<\/td><\/tr><\/tbody><\/table><\/figure>","protected":false},"excerpt":{"rendered":"<p>Oplev kunsten at lokke med vores blomsterbroderede bh og str\u00f8mpeb\u00e5ndss\u00e6t. Dette s\u00e6ts plettede mesh og udsk\u00e5rne kopper tilbyder en blanding af komfort og moderne charme.<\/p>","protected":false},"featured_media":43529,"template":"","meta":[],"product_brand":[],"product_cat":[368,367,375],"product_tag":[868,452,448,446],"class_list":{"0":"post-43505","1":"product","2":"type-product","3":"status-publish","4":"has-post-thumbnail","6":"product_cat-bra-panty-set","7":"product_cat-sexy-lingerie","8":"product_cat-whoelsale-sheer-bra-and-panty-sets","9":"product_tag-4-piece-lingerie-set","10":"product_tag-wholesale-boudoir-lingerie","11":"product_tag-wholesale-elegant-sexy-lingerie","12":"product_tag-wholesale-sexy-see-through-lingerie","13":"pa_color-black","14":"pa_size-wholesale-large-size-women-sexy-lingerie","15":"pa_size-wholesale-medium-size-women-sexy-lingerie","16":"pa_size-wholesale-small-size-sexy-lingerie","17":"pa_size-wholesale-extra-large-sexy-lingerie","19":"first","20":"instock","21":"taxable","22":"shipping-taxable","23":"purchasable","24":"product-type-variable"},"tiered_pricing_type":"fixed","tiered_pricing_fixed_rules":[],"tiered_pricing_product_settings":{"layout":"table","base_unit_name":{"singular":null,"plural":null},"default_variation":null},"tiered_pricing_minimum_quantity":null,"tiered_pricing_roles_data":{"default_wholesaler":{"product_id":43505,"role":"default_wholesaler","pricing_type":"flat","regular_price":null,"sale_price":null,"discount":null,"discount_type":"sale_price","tiered_pricing_type":"fixed","percentage_rules":[],"fixed_rules":{"2":"9.39","30":"8.09","500":"7.09"},"minimum":null},"dropshippinger":{"product_id":43505,"role":"dropshippinger","pricing_type":"flat","regular_price":null,"sale_price":11.29,"discount":null,"discount_type":"sale_price","tiered_pricing_type":"fixed","percentage_rules":[],"fixed_rules":{"1":"11.29","5":"9.39","30":"7.09"},"minimum":null}},"tiered_pricing_percentage_rules":[],"tiered_pricing_maximum_quantity":null,"tiered_pricing_quantity_step":null,"_links":{"self":[{"href":"https:\/\/gretasexylingerie.com\/da\/wp-json\/wp\/v2\/product\/43505","targetHints":{"allow":["GET"]}}],"collection":[{"href":"https:\/\/gretasexylingerie.com\/da\/wp-json\/wp\/v2\/product"}],"about":[{"href":"https:\/\/gretasexylingerie.com\/da\/wp-json\/wp\/v2\/types\/product"}],"wp:featuredmedia":[{"embeddable":true,"href":"https:\/\/gretasexylingerie.com\/da\/wp-json\/wp\/v2\/media\/43529"}],"wp:attachment":[{"href":"https:\/\/gretasexylingerie.com\/da\/wp-json\/wp\/v2\/media?parent=43505"}],"wp:term":[{"taxonomy":"product_brand","embeddable":true,"href":"https:\/\/gretasexylingerie.com\/da\/wp-json\/wp\/v2\/product_brand?post=43505"},{"taxonomy":"product_cat","embeddable":true,"href":"https:\/\/gretasexylingerie.com\/da\/wp-json\/wp\/v2\/product_cat?post=43505"},{"taxonomy":"product_tag","embeddable":true,"href":"https:\/\/gretasexylingerie.com\/da\/wp-json\/wp\/v2\/product_tag?post=43505"}],"curies":[{"name":"wp","href":"https:\/\/api.w.org\/{rel}","templated":true}]}}