{"id":43492,"date":"2023-07-12T22:44:25","date_gmt":"2023-07-12T14:44:25","guid":{"rendered":"https:\/\/gretasexylingerie.com\/?post_type=product&#038;p=43492"},"modified":"2023-12-09T20:55:02","modified_gmt":"2023-12-09T12:55:02","slug":"gennemsigtigt-plettet-mesh-bh-saet-med-udskarne-skal","status":"publish","type":"product","link":"https:\/\/gretasexylingerie.com\/da\/products\/sheer-speckled-mesh-bra-set-with-cutout-cup\/","title":{"rendered":"Sheer Speckled Mesh BH S\u00e6t med Cutout Cup"},"content":{"rendered":"<ol class=\"wp-block-list\">\n<li>Sheer Speckled Mesh: Det gennemsigtige, plettede mesh giver et uventet, moderne touch til dette bh-s\u00e6t, hvilket tillader glimt af huden for en provokerende, men elegant appel.<\/li>\n\n\n\n<li>Cutout Cups: De vovede cutout-kopper tilf\u00f8jer et flirtende touch, mens de bevarer den overordnede sofistikering. De skaber en visuelt tiltalende kontrast med det rene mesh, hvilket forst\u00e6rker t\u00f8jets intriger.<\/li>\n\n\n\n<li>Metal Ring Link-Belt: Et innovativt touch, metal ring Link-b\u00e6lte tilf\u00f8jer en smart, edgy dimension til BH-s\u00e6ttet. Det giver et ekstra lag af stil og sikrer en sikker, justerbar pasform.<\/li>\n\n\n\n<li>Komfort og stil: Dette bh-s\u00e6t er udformet til den bedste komfort og g\u00e5r ikke p\u00e5 kompromis med stilen. Det unikke design g\u00f8r det til et statement i enhver lingerikollektion.<\/li>\n\n\n\n<li>Alsidighed: Uanset om du kl\u00e6der dig p\u00e5 til en s\u00e6rlig lejlighed eller \u00f8nsker at f\u00f8le dig luksuri\u00f8s i dit daglige slid, er dette bh-s\u00e6t et alsidigt valg. Dens slanke design og komfortable materialer g\u00f8r den velegnet til enhver situation.<\/li>\n<\/ol>\n\n\n\n<p>Afslutningsvis er vores Sheer Speckled Mesh BH-s\u00e6t med udsk\u00e5rne sk\u00e5le og metalringforbindelsesb\u00e6lte indbegrebet af luksus, komfort og stil. Dette sofistikerede stykke vil helt sikkert tilf\u00f8je et unikt touch til din lingerikollektion. Oplev den perfekte blanding af charme og komfort med dette enest\u00e5ende s\u00e6t.<\/p>\n\n\n\n<figure class=\"wp-block-table is-style-stripes\"><table class=\"has-fixed-layout\"><tbody><tr><td colspan=\"5\">Site Chart (CM)<\/td><\/tr><tr><td>St\u00f8rrelse<\/td><td>L\u00e6ngde<\/td><td>Nedre Buste<\/td><td>Talje<\/td><td>Buksl\u00e6ngde<\/td><\/tr><tr><td>S<\/td><td>11.5<\/td><td>68<\/td><td>72<\/td><td>23.5<\/td><\/tr><tr><td>M<\/td><td>12.5<\/td><td>72<\/td><td>76<\/td><td>24.5<\/td><\/tr><tr><td>L<\/td><td>13.5<\/td><td>76<\/td><td>80<\/td><td>25.5<\/td><\/tr><tr><td>XL<\/td><td>14.5<\/td><td>80<\/td><td>84<\/td><td>26.5<\/td><\/tr><tr><td colspan=\"5\">Sitediagram (INCH)<\/td><\/tr><tr><td>St\u00f8rrelse<\/td><td>L\u00e6ngde<\/td><td>Nedre Buste<\/td><td>Talje<\/td><td>Buksl\u00e6ngde<\/td><\/tr><tr><td>S<\/td><td>4.53<\/td><td>26.77<\/td><td>28.35<\/td><td>9.25<\/td><\/tr><tr><td>M<\/td><td>4.92<\/td><td>28.35<\/td><td>29.92<\/td><td>9.65<\/td><\/tr><tr><td>L<\/td><td>5.31<\/td><td>29.92<\/td><td>31.5<\/td><td>10.04<\/td><\/tr><tr><td><\/td><td>5.71<\/td><td>31.5<\/td><td>33.07<\/td><td>10.43<\/td><\/tr><\/tbody><\/table><\/figure>","protected":false},"excerpt":{"rendered":"<p>Oplev et strejf af moderne allure med vores Sheer Speckled Mesh BH-s\u00e6t. Dette s\u00e6t kombinerer komfort og sofistikering i \u00e9n stilfuld pakke med udsk\u00e5rne sk\u00e5le og et ringb\u00e6lte i metal.<\/p>","protected":false},"featured_media":43504,"template":"","meta":[],"product_brand":[],"product_cat":[368,367,375],"product_tag":[507,518,973,446],"class_list":{"0":"post-43492","1":"product","2":"type-product","3":"status-publish","4":"has-post-thumbnail","6":"product_cat-bra-panty-set","7":"product_cat-sexy-lingerie","8":"product_cat-whoelsale-sheer-bra-and-panty-sets","9":"product_tag-three-pcs-set","10":"product_tag-mesh-lingerie","11":"product_tag-oem","12":"product_tag-wholesale-sexy-see-through-lingerie","13":"pa_color-black","14":"pa_size-wholesale-large-size-women-sexy-lingerie","15":"pa_size-wholesale-medium-size-women-sexy-lingerie","16":"pa_size-wholesale-small-size-sexy-lingerie","17":"pa_size-wholesale-extra-large-sexy-lingerie","19":"first","20":"outofstock","21":"taxable","22":"shipping-taxable","23":"purchasable","24":"product-type-variable"},"tiered_pricing_type":"fixed","tiered_pricing_fixed_rules":[],"tiered_pricing_product_settings":{"layout":"default","base_unit_name":{"singular":null,"plural":null},"default_variation":{}},"tiered_pricing_minimum_quantity":null,"tiered_pricing_roles_data":{"default_wholesaler":{"product_id":43492,"role":"default_wholesaler","pricing_type":"flat","regular_price":null,"sale_price":null,"discount":null,"discount_type":"sale_price","tiered_pricing_type":"fixed","percentage_rules":[],"fixed_rules":{"2":"13.89","30":"9.39","500":"8.09"},"minimum":null},"dropshippinger":{"product_id":43492,"role":"dropshippinger","pricing_type":"flat","regular_price":null,"sale_price":11.29,"discount":null,"discount_type":"sale_price","tiered_pricing_type":"fixed","percentage_rules":[],"fixed_rules":{"1":"11.29","5":"9.39","30":"7.09"},"minimum":null}},"tiered_pricing_percentage_rules":[],"tiered_pricing_maximum_quantity":null,"tiered_pricing_quantity_step":null,"_links":{"self":[{"href":"https:\/\/gretasexylingerie.com\/da\/wp-json\/wp\/v2\/product\/43492","targetHints":{"allow":["GET"]}}],"collection":[{"href":"https:\/\/gretasexylingerie.com\/da\/wp-json\/wp\/v2\/product"}],"about":[{"href":"https:\/\/gretasexylingerie.com\/da\/wp-json\/wp\/v2\/types\/product"}],"wp:featuredmedia":[{"embeddable":true,"href":"https:\/\/gretasexylingerie.com\/da\/wp-json\/wp\/v2\/media\/43504"}],"wp:attachment":[{"href":"https:\/\/gretasexylingerie.com\/da\/wp-json\/wp\/v2\/media?parent=43492"}],"wp:term":[{"taxonomy":"product_brand","embeddable":true,"href":"https:\/\/gretasexylingerie.com\/da\/wp-json\/wp\/v2\/product_brand?post=43492"},{"taxonomy":"product_cat","embeddable":true,"href":"https:\/\/gretasexylingerie.com\/da\/wp-json\/wp\/v2\/product_cat?post=43492"},{"taxonomy":"product_tag","embeddable":true,"href":"https:\/\/gretasexylingerie.com\/da\/wp-json\/wp\/v2\/product_tag?post=43492"}],"curies":[{"name":"wp","href":"https:\/\/api.w.org\/{rel}","templated":true}]}}