{"id":43449,"date":"2023-07-07T23:16:53","date_gmt":"2023-07-07T15:16:53","guid":{"rendered":"https:\/\/gretasexylingerie.com\/?post_type=product&#038;p=43449"},"modified":"2024-04-04T14:40:19","modified_gmt":"2024-04-04T06:40:19","slug":"gennemsigtig-beige-bh-saet-med-3-stk-med-broderede-detaljer","status":"publish","type":"product","link":"https:\/\/gretasexylingerie.com\/da\/products\/sheer-mesh-beige-bra-set-of-3-with-embroidered-detailing\/","title":{"rendered":"Sheer Mesh Beige BH S\u00e6t med 3 med broderede detaljer"},"content":{"rendered":"<ol class=\"wp-block-list\">\n<li>Overlegent materiale: Dette BH-s\u00e6t er lavet af mesh af h\u00f8j kvalitet, hvilket sikrer komfort og holdbarhed. Dens \u00e5ndbarhed bidrager til dens tiltr\u00e6kningskraft, s\u00e5 du f\u00f8ler dig frisk og komfortabel hele dagen.<\/li>\n\n\n\n<li>Broderede detaljer: De indviklede broderede tr\u00e5de, der er v\u00e6vet ind i det rene mesh, tilf\u00f8jer elegance og sofistikering. Disse indviklede detaljer adskiller denne bh og g\u00f8r den til en smuk tilf\u00f8jelse til din lingerikollektion.<\/li>\n\n\n\n<li>S\u00e6t med tre: Dette produkt tilbyder et s\u00e6t med tre bh&#039;er og sikrer variation og fleksibilitet i din garderobe. Du kan rotere mellem bh&#039;erne eller have reservedele klar, n\u00e5r det er n\u00f8dvendigt, hvilket \u00f8ger bekvemmeligheden og sikrer, at du altid er forberedt.<\/li>\n\n\n\n<li>Naturlig nuance: Bh-s\u00e6ttets beige farve blander sig problemfrit under enhver bekl\u00e6dningsgenstand. Den neutrale nuance er et glimrende valg til et um\u00e6rkeligt underlag og forstyrrer ikke din valgte outfitfarvepalet.<\/li>\n\n\n\n<li>Universal Appeal: Dette s\u00e6t henvender sig til en bred vifte af pr\u00e6ferencer, der kombinerer praktisk med en smuk \u00e6stetik. Dette bh-s\u00e6t tilbyder noget, enhver kvinde kan s\u00e6tte pris p\u00e5 uanset stil.<\/li>\n<\/ol>\n\n\n\n<p>Afslutningsvis er vores Sheer Mesh Beige BH-s\u00e6t med 3 en alsidig, stilfuld og praktisk tilf\u00f8jelse til din lingerikollektion. Med dets behagelige materiale, smukt broderede detaljer og alsidige farve, lover det at blive et lingeris\u00e6t, som du vil n\u00e5 efter igen og igen. Opgrader din lingeriskuffe med dette smukke s\u00e6t i dag.<\/p>\n\n\n\n<figure class=\"wp-block-table is-style-stripes\"><table class=\"has-fixed-layout\"><tbody><tr><td colspan=\"5\">Site Chart (CM)<\/td><\/tr><tr><td>St\u00f8rrelse<\/td><td>Nedre Buste<\/td><td>L\u00e6ngde<\/td><td>Taljelinje<\/td><td>Buksernes l\u00e6ngde<\/td><\/tr><tr><td>S<\/td><td>65<\/td><td>14<\/td><td>70<\/td><td>23<\/td><\/tr><tr><td>M<\/td><td>69<\/td><td>15<\/td><td>74<\/td><td>24<\/td><\/tr><tr><td>L<\/td><td>73<\/td><td>16<\/td><td>78<\/td><td>25<\/td><\/tr><tr><td>Sitediagram (INCH)<\/td><td><\/td><td><\/td><td><\/td><td><\/td><\/tr><tr><td>St\u00f8rrelse<\/td><td>Nedre Buste<\/td><td>L\u00e6ngde<\/td><td>Taljelinje<\/td><td>Buksernes l\u00e6ngde<\/td><\/tr><tr><td>S<\/td><td>25.59<\/td><td>5.51<\/td><td>27.56<\/td><td>9.06<\/td><\/tr><tr><td>M<\/td><td>27.17<\/td><td>5.91<\/td><td>29.13<\/td><td>9.45<\/td><\/tr><tr><td>L<\/td><td>28.74<\/td><td>6.3<\/td><td>30.71<\/td><td>9.84<\/td><\/tr><\/tbody><\/table><\/figure>","protected":false},"excerpt":{"rendered":"<p>Pynt dig selv med vores beige bh-s\u00e6t med 3. Dette s\u00e6t er lavet af gennemsigtigt mesh med delikat broderi og udstr\u00e5ler feminin charme, mens det tilbyder komforten af variation.<\/p>\n<p>https:\/\/youtu.be\/SfXjPUJLHS4<\/p>","protected":false},"featured_media":43465,"template":"","meta":[],"product_brand":[],"product_cat":[368,367,375],"product_tag":[507,861,448,454,518,446],"class_list":{"0":"post-43449","1":"product","2":"type-product","3":"status-publish","4":"has-post-thumbnail","6":"product_cat-bra-panty-set","7":"product_cat-sexy-lingerie","8":"product_cat-whoelsale-sheer-bra-and-panty-sets","9":"product_tag-three-pcs-set","10":"product_tag-brunette-lingerie","11":"product_tag-wholesale-elegant-sexy-lingerie","12":"product_tag-wholesale-sexy-embroidered-lingerie","13":"product_tag-mesh-lingerie","14":"product_tag-wholesale-sexy-see-through-lingerie","15":"pa_color-bisque-women-sexy-lingerie","16":"pa_size-wholesale-large-size-women-sexy-lingerie","17":"pa_size-wholesale-medium-size-women-sexy-lingerie","18":"pa_size-wholesale-small-size-sexy-lingerie","20":"first","21":"instock","22":"taxable","23":"shipping-taxable","24":"purchasable","25":"product-type-variable"},"tiered_pricing_type":"fixed","tiered_pricing_fixed_rules":[],"tiered_pricing_product_settings":{"layout":"table","base_unit_name":{"singular":null,"plural":null},"default_variation":{}},"tiered_pricing_minimum_quantity":null,"tiered_pricing_roles_data":{"default_wholesaler":{"product_id":43449,"role":"default_wholesaler","pricing_type":"flat","regular_price":null,"sale_price":null,"discount":null,"discount_type":"sale_price","tiered_pricing_type":"fixed","percentage_rules":[],"fixed_rules":{"2":"11.89","30":"10.59","500":"9.69"},"minimum":null},"dropshippinger":{"product_id":43449,"role":"dropshippinger","pricing_type":"flat","regular_price":null,"sale_price":null,"discount":null,"discount_type":"sale_price","tiered_pricing_type":"fixed","percentage_rules":[],"fixed_rules":{"1":"13.69","5":"11.89","30":"9.69"},"minimum":null}},"tiered_pricing_percentage_rules":[],"tiered_pricing_maximum_quantity":null,"tiered_pricing_quantity_step":null,"_links":{"self":[{"href":"https:\/\/gretasexylingerie.com\/da\/wp-json\/wp\/v2\/product\/43449","targetHints":{"allow":["GET"]}}],"collection":[{"href":"https:\/\/gretasexylingerie.com\/da\/wp-json\/wp\/v2\/product"}],"about":[{"href":"https:\/\/gretasexylingerie.com\/da\/wp-json\/wp\/v2\/types\/product"}],"wp:featuredmedia":[{"embeddable":true,"href":"https:\/\/gretasexylingerie.com\/da\/wp-json\/wp\/v2\/media\/43465"}],"wp:attachment":[{"href":"https:\/\/gretasexylingerie.com\/da\/wp-json\/wp\/v2\/media?parent=43449"}],"wp:term":[{"taxonomy":"product_brand","embeddable":true,"href":"https:\/\/gretasexylingerie.com\/da\/wp-json\/wp\/v2\/product_brand?post=43449"},{"taxonomy":"product_cat","embeddable":true,"href":"https:\/\/gretasexylingerie.com\/da\/wp-json\/wp\/v2\/product_cat?post=43449"},{"taxonomy":"product_tag","embeddable":true,"href":"https:\/\/gretasexylingerie.com\/da\/wp-json\/wp\/v2\/product_tag?post=43449"}],"curies":[{"name":"wp","href":"https:\/\/api.w.org\/{rel}","templated":true}]}}