{"id":43213,"date":"2023-07-01T00:32:57","date_gmt":"2023-06-30T16:32:57","guid":{"rendered":"https:\/\/gretasexylingerie.com\/?post_type=product&#038;p=43213"},"modified":"2023-10-22T23:20:51","modified_gmt":"2023-10-22T15:20:51","slug":"broderet-bodysuit-i-gennemsigtigt-mesh-med-aben-ryg","status":"publish","type":"product","link":"https:\/\/gretasexylingerie.com\/da\/products\/embroidered-sheer-mesh-bodysuit-with-open-back\/","title":{"rendered":"Broderet sheer mesh bodysuit med \u00e5ben ryg"},"content":{"rendered":"<ol class=\"wp-block-list\">\n<li>Uds\u00f8gt broderi: Denne bodysuit er prydet med indviklede broderier, der l\u00f8fter dens \u00e6stetiske appel. Den er omhyggeligt syet og tilf\u00f8jer et kunstnerisk element til det overordnede design, hvilket giver en unik teksturdimension.<\/li>\n\n\n\n<li>Plettet mesh-stof: Denne bodysuit er fremstillet i et plettet mesh-stof og kombinerer p\u00e5 en unik m\u00e5de gennemsigtighed og m\u00f8nster. Den er let og \u00e5ndbar og sikrer optimal komfort uden at g\u00e5 p\u00e5 kompromis med stilen.<\/li>\n\n\n\n<li>\u00c5bent bryst og ryg: Det vovede \u00e5bne bryst- og rygdesign tilf\u00f8jer en provokerende kant til denne bodysuit. Denne dristige funktion forbedrer t\u00f8jets overordnede sensualitet og balancerer perfekt mellem elegance og tiltr\u00e6kning.<\/li>\n\n\n\n<li>Sheer Delight: Den rene sammens\u00e6tning af denne bodysuit giver et fristende kig p\u00e5, hvad der er nedenunder, og tilf\u00f8jer et legende, men smagfuldt touch til din intime t\u00f8jkollektion.<\/li>\n\n\n\n<li>Forskellige farver og st\u00f8rrelser: Skr\u00e6ddersyet til din stil og pasform kommer denne bodysuit i 10 farver og fire st\u00f8rrelser. V\u00e6lg den, der bedst repr\u00e6senterer din personlighed og kropstype, og sikrer, at du f\u00f8ler dig godt tilpas og selvsikker.<\/li>\n<\/ol>\n\n\n\n<p>Som konklusion tilbyder den broderede Sheer Mesh Bodysuit en uimodst\u00e5elig blanding af komfort, stil og sensualitet. Dens forskellige farve- og st\u00f8rrelsesmuligheder appellerer til alle, der \u00f8nsker at l\u00f8fte deres intime t\u00f8jkollektion. Ejer den i dag og fejr din feminine tiltr\u00e6kning med et strejf af raffinement.<\/p>\n\n\n\n<figure class=\"wp-block-table is-style-stripes\"><table class=\"has-fixed-layout\"><tbody><tr><td>Site Chart (CM)<\/td><td><\/td><td><\/td><td><\/td><\/tr><tr><td>St\u00f8rrelse<\/td><td>Nedre Buste<\/td><td>L\u00e6ngde<\/td><td>Talje<\/td><\/tr><tr><td>S<\/td><td>68<\/td><td>54<\/td><td>64<\/td><\/tr><tr><td>M<\/td><td>72<\/td><td>56<\/td><td>68<\/td><\/tr><tr><td>L<\/td><td>76<\/td><td>68<\/td><td>72<\/td><\/tr><tr><td>XL<\/td><td>80<\/td><td>60<\/td><td>76<\/td><\/tr><tr><td>Sitediagram (INCH)<\/td><td><\/td><td><\/td><td><\/td><\/tr><tr><td>St\u00f8rrelse<\/td><td>L\u00e6ngde<\/td><td>\u00d8vre Buste<\/td><td>Nedre Buste<\/td><\/tr><tr><td>S<\/td><td>26.77<\/td><td>21.26<\/td><td>25.2<\/td><\/tr><tr><td>M<\/td><td>28.35<\/td><td>22.05<\/td><td>26.77<\/td><\/tr><tr><td>L<\/td><td>29.92<\/td><td>26.77<\/td><td>28.35<\/td><\/tr><tr><td>XL<\/td><td>31.5<\/td><td>23.62<\/td><td>29.92<\/td><\/tr><\/tbody><\/table><\/figure>","protected":false},"excerpt":{"rendered":"<p>Fork\u00e6l dig selv med sofistikering og tiltr\u00e6kning med vores broderede sheer mesh bodysuit. Med et \u00e5bent bryst og ryg og et plettet mesh-stof fremh\u00e6ver denne bodysuit din figur med feminin elegance.<\/p>\n<p>https:\/\/youtu.be\/nwujgMHYYSk<\/p>","protected":false},"featured_media":43308,"template":"","meta":[],"product_brand":[],"product_cat":[370,367,373],"product_tag":[521,448,454,518,446],"class_list":{"0":"post-43213","1":"product","2":"type-product","3":"status-publish","4":"has-post-thumbnail","6":"product_cat-bodysuit","7":"product_cat-sexy-lingerie","8":"product_cat-wholesale-sexy-mesh-bodysuit","9":"product_tag-deep-v-lingerie","10":"product_tag-wholesale-elegant-sexy-lingerie","11":"product_tag-wholesale-sexy-embroidered-lingerie","12":"product_tag-mesh-lingerie","13":"product_tag-wholesale-sexy-see-through-lingerie","14":"pa_color-black","15":"pa_color-blue-women-sexy-lingerie","16":"pa_color-green-yellow-women-sexy-lingerie","17":"pa_color-hot-pink-women-sexy-lingerie","18":"pa_color-pink-women-sexy-lingerie","19":"pa_color-purple-women-sexy-lingerie","20":"pa_color-red-women-sexy-lingerie","21":"pa_color-sea-green-women-sexy-lingerie","22":"pa_color-white","23":"pa_color-yellow","24":"pa_size-wholesale-large-size-women-sexy-lingerie","25":"pa_size-wholesale-medium-size-women-sexy-lingerie","26":"pa_size-wholesale-small-size-sexy-lingerie","27":"pa_size-wholesale-extra-large-sexy-lingerie","29":"first","30":"instock","31":"taxable","32":"shipping-taxable","33":"purchasable","34":"product-type-variable"},"tiered_pricing_type":"fixed","tiered_pricing_fixed_rules":[],"tiered_pricing_product_settings":{"layout":"default","base_unit_name":{"singular":null,"plural":null},"default_variation":{}},"tiered_pricing_minimum_quantity":null,"tiered_pricing_roles_data":{"default_wholesaler":{"product_id":43213,"role":"default_wholesaler","pricing_type":"flat","regular_price":null,"sale_price":null,"discount":null,"discount_type":"sale_price","tiered_pricing_type":"fixed","percentage_rules":[],"fixed_rules":{"2":"9.39","30":"8.19","500":"7.29"},"minimum":null},"dropshippinger":{"product_id":43213,"role":"dropshippinger","pricing_type":"flat","regular_price":null,"sale_price":null,"discount":null,"discount_type":"sale_price","tiered_pricing_type":"fixed","percentage_rules":[],"fixed_rules":{"1":"10.99","5":"9.39","30":"7.29"},"minimum":null}},"tiered_pricing_percentage_rules":[],"tiered_pricing_maximum_quantity":null,"tiered_pricing_quantity_step":null,"_links":{"self":[{"href":"https:\/\/gretasexylingerie.com\/da\/wp-json\/wp\/v2\/product\/43213","targetHints":{"allow":["GET"]}}],"collection":[{"href":"https:\/\/gretasexylingerie.com\/da\/wp-json\/wp\/v2\/product"}],"about":[{"href":"https:\/\/gretasexylingerie.com\/da\/wp-json\/wp\/v2\/types\/product"}],"wp:featuredmedia":[{"embeddable":true,"href":"https:\/\/gretasexylingerie.com\/da\/wp-json\/wp\/v2\/media\/43308"}],"wp:attachment":[{"href":"https:\/\/gretasexylingerie.com\/da\/wp-json\/wp\/v2\/media?parent=43213"}],"wp:term":[{"taxonomy":"product_brand","embeddable":true,"href":"https:\/\/gretasexylingerie.com\/da\/wp-json\/wp\/v2\/product_brand?post=43213"},{"taxonomy":"product_cat","embeddable":true,"href":"https:\/\/gretasexylingerie.com\/da\/wp-json\/wp\/v2\/product_cat?post=43213"},{"taxonomy":"product_tag","embeddable":true,"href":"https:\/\/gretasexylingerie.com\/da\/wp-json\/wp\/v2\/product_tag?post=43213"}],"curies":[{"name":"wp","href":"https:\/\/api.w.org\/{rel}","templated":true}]}}