{"id":43146,"date":"2023-06-30T22:21:23","date_gmt":"2023-06-30T14:21:23","guid":{"rendered":"https:\/\/gretasexylingerie.com\/?post_type=product&#038;p=43146"},"modified":"2024-04-04T14:37:58","modified_gmt":"2024-04-04T06:37:58","slug":"laekker-flerfarvet-bh-trussesaet-med-vipper-og-blonder","status":"publish","type":"product","link":"https:\/\/gretasexylingerie.com\/da\/products\/gorgeous-multi-color-bra-panty-set-with-lashes-and-lace\/","title":{"rendered":"Engros L\u00e6kker Multi-Color BH trusses\u00e6t med vipper og blonder"},"content":{"rendered":"<ol class=\"wp-block-list\">\n<li>Uds\u00f8gte blondedetaljer: Dette BH-trusses\u00e6t udstr\u00e5ler en tidl\u00f8s appel med indviklede blondedetaljer. Hver s\u00f8m er udformet pr\u00e6cist for at skabe et visuelt fantastisk m\u00f8nster, der tilf\u00f8jer luksus og sofistikering. Dette smukke design er en legemligg\u00f8relse af ynde og elegance.<\/li>\n\n\n\n<li>Chic vipper: Tilf\u00f8jer til charmen ved dette s\u00e6t er de sarte vipper, der giver en unik teksturdimension. De tilf\u00f8jer et strejf af legende flirt, der problemfrit blander sig med blondens sofistikerede, hvilket g\u00f8r dette s\u00e6t til en perfekt kombination af stil og finurlighed.<\/li>\n\n\n\n<li>Muligheder for flere farver: Alsidighed i farver giver dig mulighed for at udtrykke din stil. Dette s\u00e6t f\u00e5s i forskellige farver, der passer til dit hum\u00f8r og personlighed. Uanset om du foretr\u00e6kker klassisk sort, sensuel r\u00f8d eller livlige nuancer, har vi en mulighed for enhver pr\u00e6ference.<\/li>\n\n\n\n<li>Perfekt pasform: Vores prioritet er at sikre, at du f\u00f8ler dig lige s\u00e5 fantastisk, som du ser ud. Dette BH-trusses\u00e6t er designet til at sidde komfortabelt og forbedre din naturlige silhuet. Oplev den perfekte blanding af komfort og stil med dette s\u00e6t.<\/li>\n\n\n\n<li>Velegnet til s\u00e6rlige lejligheder: Dette smukke bh-trusses\u00e6t er designet til at g\u00f8re s\u00e6rlige lejligheder mere mindev\u00e6rdige. Den er perfekt til \u00f8jeblikke, hvor du vil f\u00f8le dig ekstraordin\u00e6r og selvsikker.<\/li>\n<\/ol>\n\n\n\n<p>Afslutningsvis er det smukke flerfarvede bh-trusses\u00e6t med vipper og blonder ikke bare et lingeris\u00e6t \u2013 det er en fejring af elegance, stil og individualitet. Dens smukke design og komfortable pasform g\u00f8r den til et must-have supplement til din samling.<\/p>\n\n\n\n<figure class=\"wp-block-table is-style-stripes\"><table class=\"has-fixed-layout\"><tbody><tr><td colspan=\"5\">Site Chart (CM)<\/td><td><\/td><\/tr><tr><td>St\u00f8rrelse<\/td><td>Nedre Buste<\/td><td>L\u00e6ngde<\/td><td>Taljelinje<\/td><td>Buksernes l\u00e6ngde<\/td><td>Taljeb\u00e5nd<\/td><\/tr><tr><td>S<\/td><td>66<\/td><td>20.5<\/td><td>64<\/td><td>20<\/td><td>60<\/td><\/tr><tr><td>M<\/td><td>70<\/td><td>21.5<\/td><td>68<\/td><td>21<\/td><td>64<\/td><\/tr><tr><td>L<\/td><td>62<\/td><td>22.5<\/td><td>72<\/td><td>22<\/td><td>68<\/td><\/tr><tr><td>Sitediagram (INCH)<\/td><td><\/td><td><\/td><td><\/td><td><\/td><td><\/td><\/tr><tr><td>St\u00f8rrelse<\/td><td>Nedre Buste<\/td><td>L\u00e6ngde<\/td><td>Taljelinje<\/td><td>Buksernes l\u00e6ngde<\/td><td>Taljeb\u00e5nd<\/td><\/tr><tr><td>S<\/td><td>25.98<\/td><td>8.07<\/td><td>25.2<\/td><td>7.87<\/td><td>23.62<\/td><\/tr><tr><td>M<\/td><td>27.56<\/td><td>8.46<\/td><td>26.77<\/td><td>8.27<\/td><td>25.2<\/td><\/tr><tr><td>L<\/td><td>24.41<\/td><td>8.86<\/td><td>28.35<\/td><td>8.66<\/td><td>26.77<\/td><\/tr><\/tbody><\/table><\/figure>","protected":false},"excerpt":{"rendered":"<p>Oplev elegance og stil med vores smukke flerfarvede bh-trusses\u00e6t. Udsmykket med sarte vipper og indviklede blonder, er dette s\u00e6t designet til at f\u00e5 dig til at f\u00f8le dig og se sensationel ud.<\/p>\n<p><iframe title=\"L\u00e6kker multifarve bh-trusses\u00e6t med vipper og blonder\" src=\"https:\/\/www.youtube.com\/embed\/5zNwIBsI-Qk\" width=\"840\" height=\"630\" frameborder=\"0\" allowfullscreen=\"allowfullscreen\"><\/iframe><\/p>","protected":false},"featured_media":43190,"template":"","meta":[],"product_brand":[],"product_cat":[368,369],"product_tag":[868,448,454,522,516,446,447],"class_list":{"0":"post-43146","1":"product","2":"type-product","3":"status-publish","4":"has-post-thumbnail","6":"product_cat-bra-panty-set","7":"product_cat-wholesale-lace-bra-and-panty-sets","8":"product_tag-4-piece-lingerie-set","9":"product_tag-wholesale-elegant-sexy-lingerie","10":"product_tag-wholesale-sexy-embroidered-lingerie","11":"product_tag-eyelash-lingerie","12":"product_tag-lace-lingerie","13":"product_tag-wholesale-sexy-see-through-lingerie","14":"product_tag-wholesale-strappy-sexy-lingerie","15":"pa_color-black","16":"pa_color-blue-women-sexy-lingerie","17":"pa_color-fire-brick-women-sexy-lingerie","18":"pa_color-green","19":"pa_color-hot-pink-women-sexy-lingerie","20":"pa_color-purple-women-sexy-lingerie","21":"pa_color-red-women-sexy-lingerie","22":"pa_color-white","23":"pa_size-wholesale-large-size-women-sexy-lingerie","24":"pa_size-wholesale-medium-size-women-sexy-lingerie","25":"pa_size-wholesale-small-size-sexy-lingerie","27":"first","28":"instock","29":"taxable","30":"shipping-taxable","31":"purchasable","32":"product-type-variable"},"tiered_pricing_type":"fixed","tiered_pricing_fixed_rules":[],"tiered_pricing_product_settings":{"layout":"table","base_unit_name":{"singular":null,"plural":null},"default_variation":{}},"tiered_pricing_minimum_quantity":null,"tiered_pricing_roles_data":{"default_wholesaler":{"product_id":43146,"role":"default_wholesaler","pricing_type":"flat","regular_price":null,"sale_price":null,"discount":null,"discount_type":"sale_price","tiered_pricing_type":"fixed","percentage_rules":[],"fixed_rules":{"2":"10.89","30":"9.59","500":"8.69"},"minimum":null},"dropshippinger":{"product_id":43146,"role":"dropshippinger","pricing_type":"flat","regular_price":null,"sale_price":null,"discount":null,"discount_type":"sale_price","tiered_pricing_type":"fixed","percentage_rules":[],"fixed_rules":{"1":"12.69","5":"10.89","30":"8.69"},"minimum":null}},"tiered_pricing_percentage_rules":[],"tiered_pricing_maximum_quantity":null,"tiered_pricing_quantity_step":null,"_links":{"self":[{"href":"https:\/\/gretasexylingerie.com\/da\/wp-json\/wp\/v2\/product\/43146","targetHints":{"allow":["GET"]}}],"collection":[{"href":"https:\/\/gretasexylingerie.com\/da\/wp-json\/wp\/v2\/product"}],"about":[{"href":"https:\/\/gretasexylingerie.com\/da\/wp-json\/wp\/v2\/types\/product"}],"wp:featuredmedia":[{"embeddable":true,"href":"https:\/\/gretasexylingerie.com\/da\/wp-json\/wp\/v2\/media\/43190"}],"wp:attachment":[{"href":"https:\/\/gretasexylingerie.com\/da\/wp-json\/wp\/v2\/media?parent=43146"}],"wp:term":[{"taxonomy":"product_brand","embeddable":true,"href":"https:\/\/gretasexylingerie.com\/da\/wp-json\/wp\/v2\/product_brand?post=43146"},{"taxonomy":"product_cat","embeddable":true,"href":"https:\/\/gretasexylingerie.com\/da\/wp-json\/wp\/v2\/product_cat?post=43146"},{"taxonomy":"product_tag","embeddable":true,"href":"https:\/\/gretasexylingerie.com\/da\/wp-json\/wp\/v2\/product_tag?post=43146"}],"curies":[{"name":"wp","href":"https:\/\/api.w.org\/{rel}","templated":true}]}}