{"id":43101,"date":"2023-06-29T22:05:47","date_gmt":"2023-06-29T14:05:47","guid":{"rendered":"https:\/\/gretasexylingerie.com\/?post_type=product&#038;p=43101"},"modified":"2023-10-22T23:01:21","modified_gmt":"2023-10-22T15:01:21","slug":"se-gennem-mesh-chemise-med-aben-ryg","status":"publish","type":"product","link":"https:\/\/gretasexylingerie.com\/da\/products\/see-through-mesh-chemise-with-open-back\/","title":{"rendered":"Gennemsigtig Mesh Chemise med \u00e5ben ryg"},"content":{"rendered":"<ol class=\"wp-block-list\">\n<li>F\u00e6ngslende gennemsigtigt design: Vores kemi er designet til at f\u00e6ngsle. Dens rene, gennemsigtige mesh-stof er tillokkende og elegant og skaber en sensuel silhuet, der er lige s\u00e5 fantastisk som behagelig. Uanset om du har den p\u00e5 til en speciel aften eller vil f\u00f8le dig uds\u00f8gt, tilf\u00f8jer denne kemis et strejf af tiltr\u00e6kning til enhver lejlighed.<\/li>\n\n\n\n<li>Elegant \u00e5ben ryg: Et design med \u00e5ben ryg tilf\u00f8jer et uventet element af intriger til denne stil. Den afsl\u00f8rer lige nok til at lokke, mens det bl\u00f8de mesh-stof holder dig komfortabel hele natten. Denne sl\u00e5ende funktion sikrer, at du ser lige s\u00e5 fantastisk ud, n\u00e5r du forlader rummet, som du tr\u00e6der ind i det.<\/li>\n\n\n\n<li>Aftageligt slips: Alsidighed er afg\u00f8rende, og vores kemi tilbyder netop det. Det aftagelige slips bagp\u00e5 tilf\u00f8jer et smart element til designet og giver dig mulighed for at tilpasse pasformen efter din smag. Brug den til at klemme din talje eller lad den v\u00e6re l\u00f8s for en mere afslappet pasform - valget er dit.<\/li>\n\n\n\n<li>Komfort m\u00f8der stil: Lavet med bl\u00f8dt, \u00e5ndbart mesh-stof, vores kemi ofrer ikke komfort for stil. Det lette materiale sikrer en afslappet pasform, perfekt til afslapning og s\u00e6rlige lejligheder. Du kan nyde det bedste fra begge verdener - ser fantastisk ud, mens du f\u00f8ler dig godt tilpas.<\/li>\n\n\n\n<li>Perfekt til enhver lejlighed: Denne kemis er et elegant valg til forskellige lejligheder. Dens design balancerer perfekt komfort og stil, hvilket g\u00f8r den velegnet til alt fra en romantisk aften til en selvpleje-aften.<\/li>\n<\/ol>\n\n\n\n<p>Som konklusion er vores gennemsigtige mesh-chemise med \u00e5ben ryg og aftageligt bindeb\u00e5nd den perfekte blanding af sofistikering, komfort og alsidighed. Det er en vigtig tilf\u00f8jelse til enhver lingerikollektion, der lover at l\u00f8fte enhver lejlighed.<\/p>\n\n\n\n<figure class=\"wp-block-table is-style-stripes\"><table class=\"has-fixed-layout\"><tbody><tr><td>Site Chart (CM)<\/td><td><\/td><td><\/td><td><\/td><\/tr><tr><td>St\u00f8rrelse<\/td><td>Brystb\u00e6lte<\/td><td>B\u00e5nd<\/td><td>L\u00e6ngde<\/td><\/tr><tr><td>S<\/td><td>62<\/td><td>420<\/td><td>62<\/td><\/tr><tr><td>M<\/td><td>62<\/td><td>420<\/td><td>63.5<\/td><\/tr><tr><td>L<\/td><td>62<\/td><td>420<\/td><td>65<\/td><\/tr><tr><td>Sitediagram (INCH)<\/td><td><\/td><td><\/td><td><\/td><\/tr><tr><td>St\u00f8rrelse<\/td><td>L\u00e6ngde<\/td><td>\u00d8vre Buste<\/td><td>Nedre Buste<\/td><\/tr><tr><td>S<\/td><td>24.41<\/td><td>165.35<\/td><td>24.41<\/td><\/tr><tr><td>M<\/td><td>24.41<\/td><td>165.35<\/td><td>25<\/td><\/tr><tr><td>L<\/td><td>24.41<\/td><td>165.35<\/td><td>25.59<\/td><\/tr><\/tbody><\/table><\/figure>","protected":false},"excerpt":{"rendered":"<p>Vi introducerer vores gennemsigtige mesh-chemise, en fortryllende blanding af tiltr\u00e6kning og sofistikering. Dens \u00e5bne bagside design suppleres smukt af et aftageligt slips, hvilket g\u00f8r den lige s\u00e5 alsidig, som den er lokkende.<\/p>\n<p>https:\/\/youtu.be\/ywwmvM-_gR0<\/p>","protected":false},"featured_media":43118,"template":"","meta":[],"product_brand":[],"product_cat":[394,422,367],"product_tag":[518,446,866,447],"class_list":{"0":"post-43101","1":"product","2":"type-product","3":"status-publish","4":"has-post-thumbnail","6":"product_cat-wholesale-mesh-chemise","7":"product_cat-sexy-chemise","8":"product_cat-sexy-lingerie","9":"product_tag-mesh-lingerie","10":"product_tag-wholesale-sexy-see-through-lingerie","11":"product_tag-sexy-romper-lingerie","12":"product_tag-wholesale-strappy-sexy-lingerie","13":"pa_color-black","14":"pa_color-green","15":"pa_color-red-women-sexy-lingerie","16":"pa_color-white","17":"pa_size-wholesale-large-size-women-sexy-lingerie","18":"pa_size-wholesale-medium-size-women-sexy-lingerie","19":"pa_size-wholesale-small-size-sexy-lingerie","21":"first","22":"instock","23":"taxable","24":"shipping-taxable","25":"purchasable","26":"product-type-variable"},"tiered_pricing_type":"fixed","tiered_pricing_fixed_rules":[],"tiered_pricing_product_settings":{"layout":"default","base_unit_name":{"singular":null,"plural":null},"default_variation":{}},"tiered_pricing_minimum_quantity":null,"tiered_pricing_roles_data":{"default_wholesaler":{"product_id":43101,"role":"default_wholesaler","pricing_type":"flat","regular_price":null,"sale_price":null,"discount":null,"discount_type":"sale_price","tiered_pricing_type":"fixed","percentage_rules":[],"fixed_rules":{"2":"8.39","30":"7.19","500":"6.29"},"minimum":null},"dropshippinger":{"product_id":43101,"role":"dropshippinger","pricing_type":"flat","regular_price":null,"sale_price":null,"discount":null,"discount_type":"sale_price","tiered_pricing_type":"fixed","percentage_rules":[],"fixed_rules":{"1":"9.99","5":"8.39","30":"7.19"},"minimum":null}},"tiered_pricing_percentage_rules":[],"tiered_pricing_maximum_quantity":null,"tiered_pricing_quantity_step":null,"_links":{"self":[{"href":"https:\/\/gretasexylingerie.com\/da\/wp-json\/wp\/v2\/product\/43101","targetHints":{"allow":["GET"]}}],"collection":[{"href":"https:\/\/gretasexylingerie.com\/da\/wp-json\/wp\/v2\/product"}],"about":[{"href":"https:\/\/gretasexylingerie.com\/da\/wp-json\/wp\/v2\/types\/product"}],"wp:featuredmedia":[{"embeddable":true,"href":"https:\/\/gretasexylingerie.com\/da\/wp-json\/wp\/v2\/media\/43118"}],"wp:attachment":[{"href":"https:\/\/gretasexylingerie.com\/da\/wp-json\/wp\/v2\/media?parent=43101"}],"wp:term":[{"taxonomy":"product_brand","embeddable":true,"href":"https:\/\/gretasexylingerie.com\/da\/wp-json\/wp\/v2\/product_brand?post=43101"},{"taxonomy":"product_cat","embeddable":true,"href":"https:\/\/gretasexylingerie.com\/da\/wp-json\/wp\/v2\/product_cat?post=43101"},{"taxonomy":"product_tag","embeddable":true,"href":"https:\/\/gretasexylingerie.com\/da\/wp-json\/wp\/v2\/product_tag?post=43101"}],"curies":[{"name":"wp","href":"https:\/\/api.w.org\/{rel}","templated":true}]}}