{"id":43076,"date":"2023-06-28T23:23:58","date_gmt":"2023-06-28T15:23:58","guid":{"rendered":"https:\/\/gretasexylingerie.com\/?post_type=product&#038;p=43076"},"modified":"2024-01-17T22:36:09","modified_gmt":"2024-01-17T14:36:09","slug":"blomstret-blonde-bh-saet-med-blonde-flaesekant","status":"publish","type":"product","link":"https:\/\/gretasexylingerie.com\/da\/products\/floral-lace-bra-set-with-lace-ruffle-trim\/","title":{"rendered":"Engros blomsterblonde-bh-s\u00e6t med blonde-fl\u00e6sekant"},"content":{"rendered":"<ol class=\"wp-block-list\">\n<li>Indviklet blomsterblonde: Udformet med sans for detaljer, det blomsterblonde-design af vores bh-s\u00e6t tilbyder mere end appel. Den legemligg\u00f8r en feminin aura, der er b\u00e5de elegant og moderne. Hver s\u00f8m og hvert blomsterm\u00f8nster bidrager til et look rigt p\u00e5 detaljer og sofistikering, hvilket resulterer i et lingeri, der ser lige s\u00e5 smukt ud t\u00e6t p\u00e5, som det g\u00f8r p\u00e5 afstand.<\/li>\n\n\n\n<li>Sl\u00e5ende kontrastdesign: En legende kontrast af naturlig hudtone og livlig lime, vores bh-s\u00e6t trodser det konventionelle. Dette sl\u00e5ende farveskema adskiller dig fra m\u00e6ngden og tilbyder et farveudbrud, der forbliver smagfuldt og unikt. Uanset om du er ude p\u00e5 at bl\u00e6nde eller blot \u00f8nsker at udtrykke din personlighed, lader den livlige kontrast i dette s\u00e6t dig g\u00f8re begge dele<\/li>\n\n\n\n<li>Gennemsigtig Allure: Vores bh-s\u00e6t er ikke kun gennemsigtigt \u2013 det er et bevidst designvalg, der er beregnet til at fascinere. Gennemsigtigheden balancerer afsl\u00f8rende og skjuler, og skaber en atmosf\u00e6re af mystik, der giver plads til fantasien. Det er en provokerende, men smagfuld tilf\u00f8jelse, der g\u00f8r enhver almindelig dag til en lejlighed.<\/li>\n\n\n\n<li>Stilfuldt bredt b\u00e6lte: Det brede b\u00e6lte, prydet med en fl\u00e6sekant af blonder, er det afg\u00f8rende tr\u00e6k ved dette s\u00e6t. B\u00e6ltet underst\u00f8tter og fremh\u00e6ver din talje og tilf\u00f8jer et strejf af luksus til dit outfit. Denne unikke detalje komplementerer det rene stof og farvekontrasten, og binder ensemblet sammen, mens den forbedrer din silhuet.<\/li>\n\n\n\n<li>Alsidig og behagelig: Komforten og alsidigheden af vores bh-s\u00e6t er uovertruffen. Dens design g\u00f8r, at den kan rumme en r\u00e6kke forskellige kropsformer og st\u00f8rrelser, hvilket sikrer en perfekt pasform hver gang. Uanset om du har det p\u00e5 til en s\u00e6rlig lejlighed eller vil f\u00f8le dig fantastisk, prioriterer dette s\u00e6t din komfort uden at g\u00e5 p\u00e5 kompromis med stilen.<\/li>\n\n\n\n<li>Perfekt til specielle lejligheder: Med sine unikke funktioner og sofistikerede stil er dette bh-s\u00e6t ideel til de uforglemmelige \u00f8jeblikke. Uanset om du fejrer et jubil\u00e6um, en personlig sejr eller bare vil fork\u00e6le dig selv, tilf\u00f8jer dette bh-s\u00e6t et strejf af ekstravagance til din specielle dag.<\/li>\n<\/ol>\n\n\n\n<p>Afslutningsvis er vores blomstrede blonde-bh-s\u00e6t med kontrastbredt b\u00e6lte og fl\u00e6sekant med blonder et vidnesbyrd om stil, komfort og individualitet. Dens unikke designelementer og fokus p\u00e5 komfort g\u00f8r den til en alsidig, vigtig tilf\u00f8jelse til din lingerikollektion.<\/p>\n\n\n\n<figure class=\"wp-block-table is-style-stripes\"><table class=\"has-fixed-layout\"><tbody><tr><td colspan=\"5\">Site Chart (CM)<\/td><\/tr><tr><td>St\u00f8rrelse<\/td><td>L\u00e6ngde<\/td><td>\u00d8vre Buste<\/td><td>Nedre Buste<\/td><td>Taljelinje<\/td><\/tr><tr><td>S<\/td><td>20<\/td><td>70-80<\/td><td>64-96<\/td><td>68<\/td><\/tr><tr><td>M<\/td><td>21<\/td><td>74-92<\/td><td>68-100<\/td><td>72<\/td><\/tr><tr><td>L<\/td><td>22<\/td><td>78-96<\/td><td>72-104<\/td><td>76<\/td><\/tr><tr><td colspan=\"5\">Sitediagram (INCH)<\/td><\/tr><tr><td>St\u00f8rrelse<\/td><td>L\u00e6ngde<\/td><td>\u00d8vre Buste<\/td><td>Nedre Buste<\/td><td>talje Line<\/td><\/tr><tr><td>S<\/td><td>7.87<\/td><td>27.56-31.50<\/td><td>25.20-37.80<\/td><td>26.77<\/td><\/tr><tr><td>M<\/td><td>8.27<\/td><td>29.13-36.22<\/td><td>26.77-39.37<\/td><td>28.35<\/td><\/tr><tr><td>L<\/td><td>8.66<\/td><td>30.71-37.80<\/td><td>28.35-40.94<\/td><td>29.92<\/td><\/tr><\/tbody><\/table><\/figure>","protected":false},"excerpt":{"rendered":"<p>Omfavn den smarte charme af vores blomsterblonde-bh-s\u00e6t. Med et gennemsigtigt blondedesign og i\u00f8jnefaldende hudtone og limekontrast kommer dette s\u00e6t med et bredt b\u00e6lte med blonde-fl\u00e6sekant for ekstra sofistikering.<\/p>","protected":false},"featured_media":43094,"template":"","meta":[],"product_brand":[],"product_cat":[368,369,367],"product_tag":[448,522,516,510,446,864,863],"class_list":{"0":"post-43076","1":"product","2":"type-product","3":"status-publish","4":"has-post-thumbnail","6":"product_cat-bra-panty-set","7":"product_cat-wholesale-lace-bra-and-panty-sets","8":"product_cat-sexy-lingerie","9":"product_tag-wholesale-elegant-sexy-lingerie","10":"product_tag-eyelash-lingerie","11":"product_tag-lace-lingerie","12":"product_tag-ruffles-lingerie","13":"product_tag-wholesale-sexy-see-through-lingerie","14":"product_tag-sexy-petite-lingerie","15":"product_tag-sexy-thong-lingerie","16":"pa_color-hot-pink-women-sexy-lingerie","17":"pa_color-lime-women-sexy-lingerie","18":"pa_size-wholesale-large-size-women-sexy-lingerie","19":"pa_size-wholesale-medium-size-women-sexy-lingerie","20":"pa_size-wholesale-small-size-sexy-lingerie","22":"first","23":"instock","24":"taxable","25":"shipping-taxable","26":"purchasable","27":"product-type-variable"},"tiered_pricing_type":"fixed","tiered_pricing_fixed_rules":[],"tiered_pricing_product_settings":{"layout":"default","base_unit_name":{"singular":null,"plural":null},"default_variation":null},"tiered_pricing_minimum_quantity":null,"tiered_pricing_roles_data":{"default_wholesaler":{"product_id":43076,"role":"default_wholesaler","pricing_type":"flat","regular_price":null,"sale_price":null,"discount":null,"discount_type":"sale_price","tiered_pricing_type":"fixed","percentage_rules":[],"fixed_rules":{"2":"9.89","30":"8.59","500":"7.69"},"minimum":null},"dropshippinger":{"product_id":43076,"role":"dropshippinger","pricing_type":"flat","regular_price":null,"sale_price":null,"discount":null,"discount_type":"sale_price","tiered_pricing_type":"fixed","percentage_rules":[],"fixed_rules":{"1":"11.69","5":"9.89","30":"7.69"},"minimum":null}},"tiered_pricing_percentage_rules":[],"tiered_pricing_maximum_quantity":null,"tiered_pricing_quantity_step":null,"_links":{"self":[{"href":"https:\/\/gretasexylingerie.com\/da\/wp-json\/wp\/v2\/product\/43076","targetHints":{"allow":["GET"]}}],"collection":[{"href":"https:\/\/gretasexylingerie.com\/da\/wp-json\/wp\/v2\/product"}],"about":[{"href":"https:\/\/gretasexylingerie.com\/da\/wp-json\/wp\/v2\/types\/product"}],"wp:featuredmedia":[{"embeddable":true,"href":"https:\/\/gretasexylingerie.com\/da\/wp-json\/wp\/v2\/media\/43094"}],"wp:attachment":[{"href":"https:\/\/gretasexylingerie.com\/da\/wp-json\/wp\/v2\/media?parent=43076"}],"wp:term":[{"taxonomy":"product_brand","embeddable":true,"href":"https:\/\/gretasexylingerie.com\/da\/wp-json\/wp\/v2\/product_brand?post=43076"},{"taxonomy":"product_cat","embeddable":true,"href":"https:\/\/gretasexylingerie.com\/da\/wp-json\/wp\/v2\/product_cat?post=43076"},{"taxonomy":"product_tag","embeddable":true,"href":"https:\/\/gretasexylingerie.com\/da\/wp-json\/wp\/v2\/product_tag?post=43076"}],"curies":[{"name":"wp","href":"https:\/\/api.w.org\/{rel}","templated":true}]}}