{"id":42975,"date":"2023-06-26T23:08:22","date_gmt":"2023-06-26T15:08:22","guid":{"rendered":"https:\/\/gretasexylingerie.com\/?post_type=product&#038;p=42975"},"modified":"2023-12-09T19:25:13","modified_gmt":"2023-12-09T11:25:13","slug":"gennemsigtigt-bla-blonde-bh-saet-med-guld-flettede-stropper","status":"publish","type":"product","link":"https:\/\/gretasexylingerie.com\/da\/products\/sheer-blue-lace-bra-set-with-gold-braided-straps\/","title":{"rendered":"Engros Sheer Blue Lace BH-s\u00e6t med guldflettede stropper"},"content":{"rendered":"<ol class=\"wp-block-list\">\n<li>Luksuri\u00f8st design: Den gennemsigtige blonde kombineret med de flettede guldstropper udstr\u00e5ler en luksuri\u00f8s f\u00f8lelse, hvilket g\u00f8r dette s\u00e6t til en dejlig tilf\u00f8jelse til din lingerikollektion.<\/li>\n\n\n\n<li>F\u00e6ngslende farve: Den dragende bl\u00e5 nuance i dette s\u00e6t tilf\u00f8jer et ekstra lag af sofistikering og charme til det overordnede design.<\/li>\n\n\n\n<li>Unikke triple-tiered bands: Det innovative tre-tiered linning design er ikke kun stilfuldt, men sikrer ogs\u00e5 en behagelig og t\u00e6tsiddende pasform.<\/li>\n\n\n\n<li>Sexet benring: Den medf\u00f8lgende benring l\u00f8fter s\u00e6ttets sensualitet og lover en unik og vovet lingerioplevelse.<\/li>\n\n\n\n<li>Perfekt til specielle lejligheder: Med dets f\u00f8rsteklasses funktioner og sans for detaljer er dette s\u00e6t et ideelt valg til at skabe mindev\u00e6rdige \u00f8jeblikke.<\/li>\n<\/ol>\n\n\n\n<p>Som konklusion er vores Sheer Blue Lace BH-s\u00e6t med guldflettede stropper og triple-tiered b\u00e5nd en perfekt fusion af elegance, komfort og stil. Dets karakteristiske elementer og luksuri\u00f8se design g\u00f8r det til et ideelt valg for dem, der s\u00f8ger at l\u00f8fte deres lingerispil.<\/p>\n\n\n\n<figure class=\"wp-block-table is-style-stripes\"><table class=\"has-fixed-layout\"><tbody><tr><td colspan=\"5\">Site Chart (CM)<\/td><\/tr><tr><td>St\u00f8rrelse<\/td><td>L\u00e6ngde<\/td><td>\u00d8vre Buste<\/td><td>Nedre Buste<\/td><td>Taljelinje<\/td><\/tr><tr><td>S<\/td><td>21<\/td><td>68-88<\/td><td>67-88<\/td><td>68-96<\/td><\/tr><tr><td>M<\/td><td>22<\/td><td>72-92<\/td><td>71-92<\/td><td>72-100<\/td><\/tr><tr><td>L<\/td><td>23<\/td><td>76-96<\/td><td>75-96<\/td><td>76-104<\/td><\/tr><tr><td colspan=\"5\">Sitediagram (INCH)<\/td><\/tr><tr><td>St\u00f8rrelse<\/td><td>L\u00e6ngde<\/td><td>\u00d8vre Buste<\/td><td>Nedre Buste<\/td><td>talje Line<\/td><\/tr><tr><td>S<\/td><td>8.27<\/td><td>26.77-34.65<\/td><td>26.38-34.65<\/td><td>26.77-37.80<\/td><\/tr><tr><td>M<\/td><td>8.66<\/td><td>28.35-36.22<\/td><td>27.95-36.22<\/td><td>28.35-39.37<\/td><\/tr><tr><td>L<\/td><td>9.06<\/td><td>29.92-37.80<\/td><td>29.53-37.80<\/td><td>29.92-40.94<\/td><\/tr><\/tbody><\/table><\/figure>","protected":false},"excerpt":{"rendered":"<p>Oplev en perfekt blanding af elegance og stil med vores Sheer Blue Lace BH-s\u00e6t. Dette s\u00e6t er detaljeret med guldflettede stropper, en tre-lags linning og en benring og omdefinerer luksus i lingeri.<\/p>","protected":false},"featured_media":42985,"template":"","meta":[],"product_brand":[],"product_cat":[368,369,367],"product_tag":[507,516,973,446,453,864,865],"class_list":{"0":"post-42975","1":"product","2":"type-product","3":"status-publish","4":"has-post-thumbnail","6":"product_cat-bra-panty-set","7":"product_cat-wholesale-lace-bra-and-panty-sets","8":"product_cat-sexy-lingerie","9":"product_tag-three-pcs-set","10":"product_tag-lace-lingerie","11":"product_tag-oem","12":"product_tag-wholesale-sexy-see-through-lingerie","13":"product_tag-wholesale-sexy-naughty-lingerie","14":"product_tag-sexy-petite-lingerie","15":"product_tag-sexy-skimpy-lingerie","16":"pa_color-light-blue-women-sexy-lingerie","17":"pa_size-wholesale-large-size-women-sexy-lingerie","18":"pa_size-wholesale-medium-size-women-sexy-lingerie","19":"pa_size-wholesale-small-size-sexy-lingerie","21":"first","22":"outofstock","23":"taxable","24":"shipping-taxable","25":"purchasable","26":"product-type-variable"},"tiered_pricing_type":"fixed","tiered_pricing_fixed_rules":[],"tiered_pricing_product_settings":{"layout":"default","base_unit_name":{"singular":null,"plural":null},"default_variation":null},"tiered_pricing_minimum_quantity":null,"tiered_pricing_roles_data":{"default_wholesaler":{"product_id":42975,"role":"default_wholesaler","pricing_type":"flat","regular_price":null,"sale_price":null,"discount":null,"discount_type":"sale_price","tiered_pricing_type":"fixed","percentage_rules":[],"fixed_rules":{"2":"9.99","30":"8.49","500":"7.49"},"minimum":null},"dropshippinger":{"product_id":42975,"role":"dropshippinger","pricing_type":"flat","regular_price":null,"sale_price":null,"discount":null,"discount_type":"sale_price","tiered_pricing_type":"fixed","percentage_rules":[],"fixed_rules":{"1":"11.89","5":"9.99","30":"8.49"},"minimum":null}},"tiered_pricing_percentage_rules":[],"tiered_pricing_maximum_quantity":null,"tiered_pricing_quantity_step":null,"_links":{"self":[{"href":"https:\/\/gretasexylingerie.com\/da\/wp-json\/wp\/v2\/product\/42975","targetHints":{"allow":["GET"]}}],"collection":[{"href":"https:\/\/gretasexylingerie.com\/da\/wp-json\/wp\/v2\/product"}],"about":[{"href":"https:\/\/gretasexylingerie.com\/da\/wp-json\/wp\/v2\/types\/product"}],"wp:featuredmedia":[{"embeddable":true,"href":"https:\/\/gretasexylingerie.com\/da\/wp-json\/wp\/v2\/media\/42985"}],"wp:attachment":[{"href":"https:\/\/gretasexylingerie.com\/da\/wp-json\/wp\/v2\/media?parent=42975"}],"wp:term":[{"taxonomy":"product_brand","embeddable":true,"href":"https:\/\/gretasexylingerie.com\/da\/wp-json\/wp\/v2\/product_brand?post=42975"},{"taxonomy":"product_cat","embeddable":true,"href":"https:\/\/gretasexylingerie.com\/da\/wp-json\/wp\/v2\/product_cat?post=42975"},{"taxonomy":"product_tag","embeddable":true,"href":"https:\/\/gretasexylingerie.com\/da\/wp-json\/wp\/v2\/product_tag?post=42975"}],"curies":[{"name":"wp","href":"https:\/\/api.w.org\/{rel}","templated":true}]}}