{"id":42909,"date":"2023-06-26T00:01:13","date_gmt":"2023-06-25T16:01:13","guid":{"rendered":"https:\/\/gretasexylingerie.com\/?post_type=product&#038;p=42909"},"modified":"2023-09-05T20:56:18","modified_gmt":"2023-09-05T12:56:18","slug":"blonde-bodysuit-med-multi-strop-brystring-og-hult-design","status":"publish","type":"product","link":"https:\/\/gretasexylingerie.com\/da\/products\/lace-bodysuit-with-multi-strap-chest-ring-and-hollow-design\/","title":{"rendered":"Blonde-bodysuit med multi-strap brystring og hult design"},"content":{"rendered":"<ol class=\"wp-block-list\">\n<li>Unik Statement Piece: Denne blonde bodysuit er ikke dit hverdagsundert\u00f8j. Det er et unikt statement-stykke designet til de s\u00e6rlige lejligheder, hvor du vil f\u00f8le dig ekstraordin\u00e6r og g\u00f8re indtryk.<\/li>\n\n\n\n<li>Fedt og dristig design: Med sit multi-stroppedesign og centrale brystring udstr\u00e5ler denne bodysuit dristighed og t\u00f8r udfordre konventionelle lingeridesigns.<\/li>\n\n\n\n<li>I\u00f8jnefaldende hule detaljer: Den hule detalje giver et lokkende glimt af huden nedenunder, hvilket skaber en sensuel tiltr\u00e6kning, som er umulig at ignorere.<\/li>\n\n\n\n<li>Enest\u00e5ende h\u00e5ndv\u00e6rk: Det indviklede blondearbejde og gennemt\u00e6nkte detaljer viser det enest\u00e5ende h\u00e5ndv\u00e6rk, der g\u00e5r ind i hvert stykke.<\/li>\n\n\n\n<li>Bekl\u00e6dning til s\u00e6rlige lejligheder: Med sit vovede design og opm\u00e6rksomhedsfangende funktioner er denne bodysuit et ideelt valg til de s\u00e6rlige n\u00e6tter, hvor almindeligt ikke dur.<\/li>\n<\/ol>\n\n\n\n<p>Afslutningsvis er blonde-bodysuit med multi-strap brystring og hult design et modigt, vovet og unikt stykke lingeri. Den er ikke beregnet til hverdagsbrug, men til de lejligheder, hvor du vil skille dig ud og f\u00f8le dig ekstraordin\u00e6rt speciel. Dens enest\u00e5ende funktioner og enest\u00e5ende h\u00e5ndv\u00e6rk g\u00f8r den til en sp\u00e6ndende tilf\u00f8jelse til enhver lingerikollektion.<\/p>\n\n\n\n<figure class=\"wp-block-table is-style-stripes\"><table class=\"has-fixed-layout\"><tbody><tr><td colspan=\"4\">Site Chart (CM)<\/td><\/tr><tr><td>St\u00f8rrelse<\/td><td>L\u00e6ngde<\/td><td>\u00d8vre Buste<\/td><td>Nedre Buste<\/td><\/tr><tr><td>S<\/td><td>55<\/td><td>62-88<\/td><td>57-88<\/td><\/tr><tr><td>M<\/td><td>56<\/td><td>66-92<\/td><td>61-92<\/td><\/tr><tr><td>L<\/td><td>57<\/td><td>70-96<\/td><td>65-96<\/td><\/tr><tr><td colspan=\"4\">Sitediagram (INCH)<\/td><\/tr><tr><td>St\u00f8rrelse<\/td><td>L\u00e6ngde<\/td><td>\u00d8vre Buste<\/td><td>Nedre Buste<\/td><\/tr><tr><td>S<\/td><td>21.65<\/td><td>24.41-34.65<\/td><td>22.44-34.65<\/td><\/tr><tr><td>M<\/td><td>22.05<\/td><td>25.98-36.22<\/td><td>24.02-36.22<\/td><\/tr><tr><td>L<\/td><td>22.44<\/td><td>27.56-37.80<\/td><td>25.59-37.80<\/td><\/tr><\/tbody><\/table><\/figure>","protected":false},"excerpt":{"rendered":"<p>Vend hovedet med vores Lace Bodysuit, et autentisk statement-stykke. Med sit multi-stroppedesign forbundet med en metalring p\u00e5 brystet og en fristende hul detalje, t\u00f8r denne bodysuit v\u00e6re anderledes og tilf\u00f8jer et modigt twist til din lingerikollektion.<\/p>","protected":false},"featured_media":42920,"template":"","meta":[],"product_brand":[],"product_cat":[370,371,367],"product_tag":[516,446,453,447,504],"class_list":{"0":"post-42909","1":"product","2":"type-product","3":"status-publish","4":"has-post-thumbnail","6":"product_cat-bodysuit","7":"product_cat-wholesale-sexy-lace-bodysuit","8":"product_cat-sexy-lingerie","9":"product_tag-lace-lingerie","10":"product_tag-wholesale-sexy-see-through-lingerie","11":"product_tag-wholesale-sexy-naughty-lingerie","12":"product_tag-wholesale-strappy-sexy-lingerie","13":"product_tag-ultra-sexy","14":"pa_color-black","15":"pa_size-wholesale-large-size-women-sexy-lingerie","16":"pa_size-wholesale-medium-size-women-sexy-lingerie","17":"pa_size-wholesale-small-size-sexy-lingerie","19":"first","20":"instock","21":"taxable","22":"shipping-taxable","23":"purchasable","24":"product-type-variable"},"tiered_pricing_type":"fixed","tiered_pricing_fixed_rules":[],"tiered_pricing_product_settings":{"layout":"default","base_unit_name":{"singular":null,"plural":null},"default_variation":null},"tiered_pricing_minimum_quantity":null,"tiered_pricing_roles_data":{"default_wholesaler":{"product_id":42909,"role":"default_wholesaler","pricing_type":"flat","regular_price":null,"sale_price":null,"discount":null,"discount_type":"sale_price","tiered_pricing_type":"fixed","percentage_rules":[],"fixed_rules":{"2":"7.89","30":"6.79","500":"5.89"},"minimum":null},"dropshippinger":{"product_id":42909,"role":"dropshippinger","pricing_type":"flat","regular_price":null,"sale_price":null,"discount":null,"discount_type":"sale_price","tiered_pricing_type":"fixed","percentage_rules":[],"fixed_rules":{"1":"9.39","5":"7.89","30":"6.79"},"minimum":null}},"tiered_pricing_percentage_rules":[],"tiered_pricing_maximum_quantity":null,"tiered_pricing_quantity_step":null,"_links":{"self":[{"href":"https:\/\/gretasexylingerie.com\/da\/wp-json\/wp\/v2\/product\/42909","targetHints":{"allow":["GET"]}}],"collection":[{"href":"https:\/\/gretasexylingerie.com\/da\/wp-json\/wp\/v2\/product"}],"about":[{"href":"https:\/\/gretasexylingerie.com\/da\/wp-json\/wp\/v2\/types\/product"}],"wp:featuredmedia":[{"embeddable":true,"href":"https:\/\/gretasexylingerie.com\/da\/wp-json\/wp\/v2\/media\/42920"}],"wp:attachment":[{"href":"https:\/\/gretasexylingerie.com\/da\/wp-json\/wp\/v2\/media?parent=42909"}],"wp:term":[{"taxonomy":"product_brand","embeddable":true,"href":"https:\/\/gretasexylingerie.com\/da\/wp-json\/wp\/v2\/product_brand?post=42909"},{"taxonomy":"product_cat","embeddable":true,"href":"https:\/\/gretasexylingerie.com\/da\/wp-json\/wp\/v2\/product_cat?post=42909"},{"taxonomy":"product_tag","embeddable":true,"href":"https:\/\/gretasexylingerie.com\/da\/wp-json\/wp\/v2\/product_tag?post=42909"}],"curies":[{"name":"wp","href":"https:\/\/api.w.org\/{rel}","templated":true}]}}