{"id":42873,"date":"2023-06-25T22:47:54","date_gmt":"2023-06-25T14:47:54","guid":{"rendered":"https:\/\/gretasexylingerie.com\/?post_type=product&#038;p=42873"},"modified":"2023-09-05T20:56:05","modified_gmt":"2023-09-05T12:56:05","slug":"kontrasterende-ren-blondetrio-med-flaesede-strompeband","status":"publish","type":"product","link":"https:\/\/gretasexylingerie.com\/da\/products\/contrasting-sheer-lace-trio-with-ruffled-garters\/","title":{"rendered":"Kontrasterende Sheer Lace Trio med fl\u00e6sede str\u00f8mpeb\u00e5nd"},"content":{"rendered":"<ol class=\"wp-block-list\">\n<li>Legende fed: Med sin udsk\u00e5rne buste og kontrasterende farvepalet er dette s\u00e6t ikke for sarte sj\u00e6le. Det er for de vovede, de modige, dem, der ejer deres stil.<\/li>\n\n\n\n<li>Kunstneri i detaljerne: Husk de rene broderede designs \u2013 et vidnesbyrd om det h\u00e5ndv\u00e6rk, der ligger i at skabe dette smukke s\u00e6t.<\/li>\n\n\n\n<li>Stil og komfort: Fed betyder ikke ubehageligt. Vores fl\u00e6sede str\u00f8mpeb\u00e5nd handler ikke kun om stilen; de sikrer ogs\u00e5 en behagelig pasform.<\/li>\n\n\n\n<li>S\u00e6t trenden: Dette bh-s\u00e6t f\u00f8lger ikke bare trendene \u2013 det s\u00e6tter dem. Den unikke kombination af designs passer perfekt til de nuv\u00e6rende lingerietrends.<\/li>\n\n\n\n<li>Dit Go-To Set: Uanset om det er en speciel lejlighed eller bare fordi dette BH-s\u00e6t er din perfekte go-to, n\u00e5r du vil f\u00f8le dig legesyg og flirtende.<\/li>\n<\/ol>\n\n\n\n<p>Afslutningsvis handler vores &quot;Flirty Trio&quot;-s\u00e6t om at tr\u00e6ffe modige valg, omfavne din unikke stil og have det sjovt. Ikke alene er det en moderigtig tilf\u00f8jelse til enhver lingerikollektion, men den lover ogs\u00e5 uovertruffen komfort, s\u00e5 du kan f\u00f8le dig fantastisk hele dagen.<\/p>\n\n\n\n<figure class=\"wp-block-table is-style-stripes\"><table class=\"has-fixed-layout\"><tbody><tr><td colspan=\"5\">Site Chart (CM)<\/td><\/tr><tr><td>St\u00f8rrelse<\/td><td>L\u00e6ngde<\/td><td>\u00d8vre Buste<\/td><td>Nedre Buste<\/td><td>Taljelinje<\/td><\/tr><tr><td>S<\/td><td>21<\/td><td>68-88<\/td><td>64-88<\/td><td>64-96<\/td><\/tr><tr><td>M<\/td><td>22<\/td><td>72-92<\/td><td>68-92<\/td><td>68-100<\/td><\/tr><tr><td>L<\/td><td>23<\/td><td>76-96<\/td><td>72-96<\/td><td>72-104<\/td><\/tr><tr><td colspan=\"5\">Sitediagram (INCH)<\/td><\/tr><tr><td>St\u00f8rrelse<\/td><td>L\u00e6ngde<\/td><td>\u00d8vre Buste<\/td><td>Nedre Buste<\/td><td>talje Line<\/td><\/tr><tr><td>S<\/td><td>9.45<\/td><td>29.13-34.65<\/td><td>26.77-34.65<\/td><td>25.59-36.22<\/td><\/tr><tr><td>M<\/td><td>9.84<\/td><td>30.71-36.22<\/td><td>28.35-36.22<\/td><td>27.17-37.80<\/td><\/tr><tr><td>L<\/td><td>10.24<\/td><td>32.28-37.80<\/td><td>29.92-37.80<\/td><td>28.74-39.37<\/td><\/tr><\/tbody><\/table><\/figure>","protected":false},"excerpt":{"rendered":"<p>G\u00f8r dig klar til at stj\u00e6le showet med vores &quot;Flirty Trio&quot; s\u00e6t! Dette ensemble af tre bh&#039;er tilbyder en legende blanding af gennemsigtige blonder, en drilsk buste med udsk\u00e6ring og fl\u00e6sede str\u00f8mpeb\u00e5nd. Den sl\u00e5ende kontrast mellem de sorte og orange designs skriger drama og sjov.<\/p>","protected":false},"featured_media":42883,"template":"","meta":[],"product_brand":[],"product_cat":[368,367,376],"product_tag":[507,448,516,518,453,864,504],"class_list":{"0":"post-42873","1":"product","2":"type-product","3":"status-publish","4":"has-post-thumbnail","6":"product_cat-bra-panty-set","7":"product_cat-sexy-lingerie","8":"product_cat-wholesale-ultra-sexy-bra-panty-set","9":"product_tag-three-pcs-set","10":"product_tag-wholesale-elegant-sexy-lingerie","11":"product_tag-lace-lingerie","12":"product_tag-mesh-lingerie","13":"product_tag-wholesale-sexy-naughty-lingerie","14":"product_tag-sexy-petite-lingerie","15":"product_tag-ultra-sexy","16":"pa_color-orange","17":"pa_size-wholesale-large-size-women-sexy-lingerie","18":"pa_size-wholesale-medium-size-women-sexy-lingerie","19":"pa_size-wholesale-small-size-sexy-lingerie","21":"first","22":"instock","23":"taxable","24":"shipping-taxable","25":"purchasable","26":"product-type-variable"},"tiered_pricing_type":"fixed","tiered_pricing_fixed_rules":[],"tiered_pricing_product_settings":{"layout":"default","base_unit_name":{"singular":null,"plural":null},"default_variation":null},"tiered_pricing_minimum_quantity":null,"tiered_pricing_roles_data":{"default_wholesaler":{"product_id":42873,"role":"default_wholesaler","pricing_type":"flat","regular_price":null,"sale_price":null,"discount":null,"discount_type":"sale_price","tiered_pricing_type":"fixed","percentage_rules":[],"fixed_rules":{"2":"11.79","30":"10.09","500":"8.79"},"minimum":null},"dropshippinger":{"product_id":42873,"role":"dropshippinger","pricing_type":"flat","regular_price":null,"sale_price":null,"discount":null,"discount_type":"sale_price","tiered_pricing_type":"fixed","percentage_rules":[],"fixed_rules":{"1":"14.09","5":"11.79","30":"10.09"},"minimum":null}},"tiered_pricing_percentage_rules":[],"tiered_pricing_maximum_quantity":null,"tiered_pricing_quantity_step":null,"_links":{"self":[{"href":"https:\/\/gretasexylingerie.com\/da\/wp-json\/wp\/v2\/product\/42873","targetHints":{"allow":["GET"]}}],"collection":[{"href":"https:\/\/gretasexylingerie.com\/da\/wp-json\/wp\/v2\/product"}],"about":[{"href":"https:\/\/gretasexylingerie.com\/da\/wp-json\/wp\/v2\/types\/product"}],"wp:featuredmedia":[{"embeddable":true,"href":"https:\/\/gretasexylingerie.com\/da\/wp-json\/wp\/v2\/media\/42883"}],"wp:attachment":[{"href":"https:\/\/gretasexylingerie.com\/da\/wp-json\/wp\/v2\/media?parent=42873"}],"wp:term":[{"taxonomy":"product_brand","embeddable":true,"href":"https:\/\/gretasexylingerie.com\/da\/wp-json\/wp\/v2\/product_brand?post=42873"},{"taxonomy":"product_cat","embeddable":true,"href":"https:\/\/gretasexylingerie.com\/da\/wp-json\/wp\/v2\/product_cat?post=42873"},{"taxonomy":"product_tag","embeddable":true,"href":"https:\/\/gretasexylingerie.com\/da\/wp-json\/wp\/v2\/product_tag?post=42873"}],"curies":[{"name":"wp","href":"https:\/\/api.w.org\/{rel}","templated":true}]}}