{"id":42850,"date":"2023-06-24T22:49:41","date_gmt":"2023-06-24T14:49:41","guid":{"rendered":"https:\/\/gretasexylingerie.com\/?post_type=product&#038;p=42850"},"modified":"2024-01-17T22:25:09","modified_gmt":"2024-01-17T14:25:09","slug":"3-delt-metallisk-punk-ensfarvet-bh-strengssaet","status":"publish","type":"product","link":"https:\/\/gretasexylingerie.com\/da\/products\/3-piece-metallic-punk-solid-color-bra-thong-set\/","title":{"rendered":"3-delt metallisk punk ensfarvet bh og rems\u00e6t"},"content":{"rendered":"<ol class=\"wp-block-list\">\n<li>Sl\u00e5ende design: Med sin metalliske punk-styling tilbyder dette s\u00e6t et vovet look perfekt til dem, der omfavner individualitet og udtryk.<\/li>\n\n\n\n<li>Ukonventionel \u00e6stetik: Ensfarvet design tilf\u00f8jer et element af fed enkelhed, der forbedrer metallisk punk-\u00e6stetik.<\/li>\n\n\n\n<li>Trend-bevidst: Dette s\u00e6t passer perfekt til moderne lingerietrends og appellerer til mode-fremad.<\/li>\n\n\n\n<li>Komfort m\u00f8der stil: P\u00e5 trods af dets sl\u00e5ende \u00e6stetik lover s\u00e6ttet en behagelig pasform p\u00e5 grund af dets gennemt\u00e6nkte design og kvalitetsmateriale.<\/li>\n\n\n\n<li>Fed detaljering: H\u00e5ndv\u00e6rket af h\u00f8j kvalitet, der er tydeligt i alle detaljer, understreger det dristige metalliske punkdesign.<\/li>\n<\/ol>\n\n\n\n<p>Som konklusion skiller vores 3-delte metalliske punk-farvede bh og thong-s\u00e6t sig ud med sin unikke blanding af dristigt design, komfort og omhyggelige detaljer. Dens specielle funktioner og tilpasning til de nuv\u00e6rende stiltrends g\u00f8r den til en edgy, men alligevel stilfuld tilf\u00f8jelse til enhver lingerikollektion.<\/p>\n\n\n\n<figure class=\"wp-block-table is-style-stripes\"><table class=\"has-fixed-layout\"><tbody><tr><td colspan=\"5\">Site Chart (CM)<\/td><\/tr><tr><td>St\u00f8rrelse<\/td><td>L\u00e6ngde<\/td><td>\u00d8vre Buste<\/td><td>Nedre Buste<\/td><td>Taljelinje<\/td><\/tr><tr><td>S<\/td><td>24<\/td><td>74-88<\/td><td>68-88<\/td><td>65-92<\/td><\/tr><tr><td>M<\/td><td>25<\/td><td>78-92<\/td><td>72-92<\/td><td>69-96<\/td><\/tr><tr><td>L<\/td><td>26<\/td><td>82-96<\/td><td>76-96<\/td><td>73-100<\/td><\/tr><tr><td colspan=\"5\">Sitediagram (INCH)<\/td><\/tr><tr><td>St\u00f8rrelse<\/td><td>L\u00e6ngde<\/td><td>\u00d8vre Buste<\/td><td>Nedre Buste<\/td><td>talje Line<\/td><\/tr><tr><td>S<\/td><td>9.45<\/td><td>29.13-34.65<\/td><td>26.77-34.65<\/td><td>25.59-36.22<\/td><\/tr><tr><td>M<\/td><td>9.84<\/td><td>30.71-36.22<\/td><td>28.35-36.22<\/td><td>27.17-37.80<\/td><\/tr><tr><td>L<\/td><td>10.24<\/td><td>32.28-37.80<\/td><td>29.92-37.80<\/td><td>28.74-39.37<\/td><\/tr><\/tbody><\/table><\/figure>","protected":false},"excerpt":{"rendered":"<p>Slip din dristige side l\u00f8s med vores 3-delte metalliske punk-bh og thong-s\u00e6t i ensfarvet. Dette sl\u00e5ende s\u00e6t blander ubesv\u00e6ret edgy \u00e6stetik med overlegen komfort, hvilket g\u00f8r det til en uforglemmelig tilf\u00f8jelse til din lingerikollektion.<\/p>\n<p>https:\/\/youtu.be\/5hwR5D_BGj8<\/p>","protected":false},"featured_media":42861,"template":"","meta":[],"product_brand":[],"product_cat":[368,367,375],"product_tag":[505,448,524,867],"class_list":{"0":"post-42850","1":"product","2":"type-product","3":"status-publish","4":"has-post-thumbnail","6":"product_cat-bra-panty-set","7":"product_cat-sexy-lingerie","8":"product_cat-whoelsale-sheer-bra-and-panty-sets","9":"product_tag-5-piece-lingerie-set","10":"product_tag-wholesale-elegant-sexy-lingerie","11":"product_tag-metal-lingerie","12":"product_tag-sexy-push-up-lingerie","13":"pa_color-black","14":"pa_color-red-women-sexy-lingerie","15":"pa_size-wholesale-large-size-women-sexy-lingerie","16":"pa_size-wholesale-medium-size-women-sexy-lingerie","17":"pa_size-wholesale-small-size-sexy-lingerie","19":"first","20":"instock","21":"taxable","22":"shipping-taxable","23":"purchasable","24":"product-type-variable"},"tiered_pricing_type":"fixed","tiered_pricing_fixed_rules":[],"tiered_pricing_product_settings":{"layout":"default","base_unit_name":{"singular":null,"plural":null},"default_variation":{}},"tiered_pricing_minimum_quantity":null,"tiered_pricing_roles_data":{"default_wholesaler":{"product_id":42850,"role":"default_wholesaler","pricing_type":"flat","regular_price":null,"sale_price":null,"discount":null,"discount_type":"sale_price","tiered_pricing_type":"fixed","percentage_rules":[],"fixed_rules":{"2":"11.49","30":"9.89","500":"8.59"},"minimum":null},"dropshippinger":{"product_id":42850,"role":"dropshippinger","pricing_type":"flat","regular_price":null,"sale_price":null,"discount":null,"discount_type":"sale_price","tiered_pricing_type":"fixed","percentage_rules":[],"fixed_rules":{"1":"13.79","5":"11.49","30":"9.89"},"minimum":null}},"tiered_pricing_percentage_rules":[],"tiered_pricing_maximum_quantity":null,"tiered_pricing_quantity_step":null,"_links":{"self":[{"href":"https:\/\/gretasexylingerie.com\/da\/wp-json\/wp\/v2\/product\/42850","targetHints":{"allow":["GET"]}}],"collection":[{"href":"https:\/\/gretasexylingerie.com\/da\/wp-json\/wp\/v2\/product"}],"about":[{"href":"https:\/\/gretasexylingerie.com\/da\/wp-json\/wp\/v2\/types\/product"}],"wp:featuredmedia":[{"embeddable":true,"href":"https:\/\/gretasexylingerie.com\/da\/wp-json\/wp\/v2\/media\/42861"}],"wp:attachment":[{"href":"https:\/\/gretasexylingerie.com\/da\/wp-json\/wp\/v2\/media?parent=42850"}],"wp:term":[{"taxonomy":"product_brand","embeddable":true,"href":"https:\/\/gretasexylingerie.com\/da\/wp-json\/wp\/v2\/product_brand?post=42850"},{"taxonomy":"product_cat","embeddable":true,"href":"https:\/\/gretasexylingerie.com\/da\/wp-json\/wp\/v2\/product_cat?post=42850"},{"taxonomy":"product_tag","embeddable":true,"href":"https:\/\/gretasexylingerie.com\/da\/wp-json\/wp\/v2\/product_tag?post=42850"}],"curies":[{"name":"wp","href":"https:\/\/api.w.org\/{rel}","templated":true}]}}