{"id":42760,"date":"2023-06-23T00:45:29","date_gmt":"2023-06-22T16:45:29","guid":{"rendered":"https:\/\/gretasexylingerie.com\/?post_type=product&#038;p=42760"},"modified":"2023-09-05T20:55:39","modified_gmt":"2023-09-05T12:55:39","slug":"bh-saet-i-kontrastfarve-med-metalkaedestrop","status":"publish","type":"product","link":"https:\/\/gretasexylingerie.com\/da\/products\/contrasting-color-bra-set-with-metal-chain-strap\/","title":{"rendered":"BH-s\u00e6t i kontrastfarve med metalk\u00e6destrop"},"content":{"rendered":"<ol class=\"wp-block-list\">\n<li>Sl\u00e5ende design: De kontrasterende farver og blomsterblonde giver en levende \u00e6stetik, perfekt til dem, der s\u00f8ger modigt lingeri.<\/li>\n\n\n\n<li>Unikke egenskaber: Metalk\u00e6deremmene, diamantnet og blonde mesh-b\u00e6lte introducerer vovede elementer til s\u00e6ttet, hvilket g\u00f8r det til et fremtr\u00e6dende design og appel.<\/li>\n\n\n\n<li>Trend-Aligned: Designet stemmer overens med aktuelle lingerietrends og appellerer til de stilbevidste.<\/li>\n\n\n\n<li>Komfort og pasform: P\u00e5 trods af dets dristige design sikrer s\u00e6ttet en behagelig pasform takket v\u00e6re dets bl\u00f8de blonder og diamant mesh-stoffer.<\/li>\n\n\n\n<li>Levende detaljer: De kontrasterende farver, metalk\u00e6deremme og diamantnet fremh\u00e6ver s\u00e6ttets h\u00f8jkvalitets h\u00e5ndv\u00e6rk og opm\u00e6rksomhed p\u00e5 detaljer.<\/li>\n<\/ol>\n\n\n\n<p>Afslutningsvis tilbyder det kontrastfarvede BH-s\u00e6t med metalk\u00e6destropper, blonder, diamantnet og blondemeshb\u00e6lte en levende blanding af dristigt design, komfort og omhyggelige detaljer. Dens unikke egenskaber og trendjusterede stil g\u00f8r den til en fremtr\u00e6dende tilf\u00f8jelse til enhver lingerikollektion.<\/p>\n\n\n\n<figure class=\"wp-block-table is-style-stripes\"><table class=\"has-fixed-layout\"><tbody><tr><td colspan=\"5\">Site Chart (CM)<\/td><\/tr><tr><td>St\u00f8rrelse<\/td><td>L\u00e6ngde<\/td><td>\u00d8vre Buste<\/td><td>Nedre Buste<\/td><td>Taljelinje<\/td><\/tr><tr><td>S<\/td><td>19<\/td><td>71-88<\/td><td>67-88<\/td><td>74-96<\/td><\/tr><tr><td>M<\/td><td>20<\/td><td>75-92<\/td><td>71-92<\/td><td>78-100<\/td><\/tr><tr><td>L<\/td><td>21<\/td><td>79-96<\/td><td>75-96<\/td><td>82-104<\/td><\/tr><tr><td colspan=\"5\">Sitediagram (INCH)<\/td><\/tr><tr><td>St\u00f8rrelse<\/td><td>L\u00e6ngde<\/td><td>\u00d8vre Buste<\/td><td>Nedre Buste<\/td><td>talje Line<\/td><\/tr><tr><td>S<\/td><td>7.87<\/td><td>27.56-34.65<\/td><td>26.38-34.65<\/td><td>29.13-37.80<\/td><\/tr><tr><td>M<\/td><td>8.27<\/td><td>29.13-36.22<\/td><td>27.95-36.22<\/td><td>30.71-39.37<\/td><\/tr><tr><td>L<\/td><td>8.66<\/td><td>30.71-37.80<\/td><td>29.53-37.80<\/td><td>32.28-40.94<\/td><\/tr><\/tbody><\/table><\/figure>","protected":false},"excerpt":{"rendered":"<p>Tilf\u00f8j et strejf af fed stil med vores kontrastfarvede bh-s\u00e6t, der byder p\u00e5 metalk\u00e6deremme, sexede blomsterblonde, diamantnet og et meshb\u00e6lte med blonder. Dette s\u00e6t blander fedt design med ultimativ komfort, hvilket g\u00f8r det til et lingeri, der er lige s\u00e5 sl\u00e5ende, som det er behageligt.<\/p>","protected":false},"featured_media":42772,"template":"","meta":[],"product_brand":[],"product_cat":[368,369,367],"product_tag":[507,452,448,516,524,510,446,453],"class_list":{"0":"post-42760","1":"product","2":"type-product","3":"status-publish","4":"has-post-thumbnail","6":"product_cat-bra-panty-set","7":"product_cat-wholesale-lace-bra-and-panty-sets","8":"product_cat-sexy-lingerie","9":"product_tag-three-pcs-set","10":"product_tag-wholesale-boudoir-lingerie","11":"product_tag-wholesale-elegant-sexy-lingerie","12":"product_tag-lace-lingerie","13":"product_tag-metal-lingerie","14":"product_tag-ruffles-lingerie","15":"product_tag-wholesale-sexy-see-through-lingerie","16":"product_tag-wholesale-sexy-naughty-lingerie","17":"pa_color-green","18":"pa_size-wholesale-large-size-women-sexy-lingerie","19":"pa_size-wholesale-medium-size-women-sexy-lingerie","20":"pa_size-wholesale-small-size-sexy-lingerie","22":"first","23":"instock","24":"taxable","25":"shipping-taxable","26":"purchasable","27":"product-type-variable"},"tiered_pricing_type":"fixed","tiered_pricing_fixed_rules":[],"tiered_pricing_product_settings":{"layout":"default","base_unit_name":{"singular":null,"plural":null},"default_variation":null},"tiered_pricing_minimum_quantity":null,"tiered_pricing_roles_data":{"default_wholesaler":{"product_id":42760,"role":"default_wholesaler","pricing_type":"flat","regular_price":null,"sale_price":null,"discount":null,"discount_type":"sale_price","tiered_pricing_type":"fixed","percentage_rules":[],"fixed_rules":{"2":"9.99","30":"8.49","500":"7.49"},"minimum":null},"dropshippinger":{"product_id":42760,"role":"dropshippinger","pricing_type":"flat","regular_price":null,"sale_price":null,"discount":null,"discount_type":"sale_price","tiered_pricing_type":"fixed","percentage_rules":[],"fixed_rules":{"1":"11.89","5":"9.99","30":"8.49"},"minimum":null}},"tiered_pricing_percentage_rules":[],"tiered_pricing_maximum_quantity":null,"tiered_pricing_quantity_step":null,"_links":{"self":[{"href":"https:\/\/gretasexylingerie.com\/da\/wp-json\/wp\/v2\/product\/42760","targetHints":{"allow":["GET"]}}],"collection":[{"href":"https:\/\/gretasexylingerie.com\/da\/wp-json\/wp\/v2\/product"}],"about":[{"href":"https:\/\/gretasexylingerie.com\/da\/wp-json\/wp\/v2\/types\/product"}],"wp:featuredmedia":[{"embeddable":true,"href":"https:\/\/gretasexylingerie.com\/da\/wp-json\/wp\/v2\/media\/42772"}],"wp:attachment":[{"href":"https:\/\/gretasexylingerie.com\/da\/wp-json\/wp\/v2\/media?parent=42760"}],"wp:term":[{"taxonomy":"product_brand","embeddable":true,"href":"https:\/\/gretasexylingerie.com\/da\/wp-json\/wp\/v2\/product_brand?post=42760"},{"taxonomy":"product_cat","embeddable":true,"href":"https:\/\/gretasexylingerie.com\/da\/wp-json\/wp\/v2\/product_cat?post=42760"},{"taxonomy":"product_tag","embeddable":true,"href":"https:\/\/gretasexylingerie.com\/da\/wp-json\/wp\/v2\/product_tag?post=42760"}],"curies":[{"name":"wp","href":"https:\/\/api.w.org\/{rel}","templated":true}]}}