{"id":42702,"date":"2023-06-22T01:15:16","date_gmt":"2023-06-21T17:15:16","guid":{"rendered":"https:\/\/gretasexylingerie.com\/?post_type=product&#038;p=42702"},"modified":"2024-04-04T13:47:41","modified_gmt":"2024-04-04T05:47:41","slug":"mesh-udskaering-bh-trussesaet-med-abent-skridt","status":"publish","type":"product","link":"https:\/\/gretasexylingerie.com\/da\/products\/mesh-cutout-bra-panty-set-with-open-crotch\/","title":{"rendered":"BH og trusses\u00e6t med udsk\u00e6ring i mesh med \u00e5bent skridt"},"content":{"rendered":"<ol class=\"wp-block-list\">\n<li>Provokerende design: Mesh-udsk\u00e6ringen og det \u00e5bne skridt giver en overbevisende \u00e6stetik, perfekt til dem, der s\u00f8ger dristig lingeri.<\/li>\n\n\n\n<li>Unikke egenskaber: Metalringen introducerer et fedt element til s\u00e6ttet, hvilket g\u00f8r det skiller sig ud i design og appel.<\/li>\n\n\n\n<li>Trend-Aligned: Designet stemmer overens med aktuelle lingerietrends og appellerer til de stilbevidste.<\/li>\n\n\n\n<li>Komfort og pasform: P\u00e5 trods af dets modige detaljer sikrer s\u00e6ttet en behagelig pasform takket v\u00e6re dets delikate mesh-stof.<\/li>\n\n\n\n<li>Modige detaljer: Det \u00e5bne skridtdesign tilf\u00f8jer et vovet touch til dem, der \u00f8nsker at udtrykke deres dristige stil.<\/li>\n<\/ol>\n\n\n\n<p>Afslutningsvis tilbyder Mesh Cutout BH &amp; Trusses\u00e6t med metalring og \u00e5bent skridt en overbevisende blanding af provokerende design, komfort og omhyggelige detaljer. Dens unikke egenskaber og trendjusterede stil g\u00f8r den til en fremtr\u00e6dende tilf\u00f8jelse til enhver lingerikollektion.<\/p>\n\n\n\n<figure class=\"wp-block-table is-style-stripes\"><table class=\"has-fixed-layout\"><tbody><tr><td colspan=\"5\">Site Chart (CM)<\/td><\/tr><tr><td>St\u00f8rrelse<\/td><td>L\u00e6ngde<\/td><td>\u00d8vre Buste<\/td><td>Nedre Buste<\/td><td>Taljelinje<\/td><\/tr><tr><td>S<\/td><td>29<\/td><td>72-88<\/td><td>68-88<\/td><td>68-96<\/td><\/tr><tr><td>M<\/td><td>30<\/td><td>76-92<\/td><td>72-92<\/td><td>72-100<\/td><\/tr><tr><td>L<\/td><td>31<\/td><td>80-96<\/td><td>76-96<\/td><td>76-104<\/td><\/tr><tr><td colspan=\"5\">Sitediagram (INCH)<\/td><\/tr><tr><td>St\u00f8rrelse<\/td><td>L\u00e6ngde<\/td><td>\u00d8vre Buste<\/td><td>Nedre Buste<\/td><td>talje Line<\/td><\/tr><tr><td>S<\/td><td>11.42<\/td><td>28.35-34.65<\/td><td>26.77-34.65<\/td><td>26.77-37.80<\/td><\/tr><tr><td>M<\/td><td>11.81<\/td><td>29.92-36.22<\/td><td>28.35-36.22<\/td><td>28.35-39.37<\/td><\/tr><tr><td>L<\/td><td>12.2<\/td><td>31.50-37.80<\/td><td>29.92-37.80<\/td><td>29.92-40.94<\/td><\/tr><\/tbody><\/table><\/figure>","protected":false},"excerpt":{"rendered":"<p>Oplev fed allure med vores mesh cutout bh og trusser s\u00e6t, med en metalring og et \u00e5bent skridtdesign. Dette vovede s\u00e6t kombinerer provokerende detaljer med suver\u00e6n komfort, hvilket g\u00f8r det til et lingeri, der er lige s\u00e5 f\u00e6ngslende, som det er behageligt.<\/p>","protected":false},"featured_media":42721,"template":"","meta":[],"product_brand":[],"product_cat":[368,367,375],"product_tag":[452,880,449,864],"class_list":{"0":"post-42702","1":"product","2":"type-product","3":"status-publish","4":"has-post-thumbnail","6":"product_cat-bra-panty-set","7":"product_cat-sexy-lingerie","8":"product_cat-whoelsale-sheer-bra-and-panty-sets","9":"product_tag-wholesale-boudoir-lingerie","10":"product_tag-sexy-2-piece-lingerie","11":"product_tag-wholesale-sexy-crotchless-lingerie","12":"product_tag-sexy-petite-lingerie","13":"pa_color-black","14":"pa_color-red-women-sexy-lingerie","15":"pa_size-wholesale-large-size-women-sexy-lingerie","16":"pa_size-wholesale-medium-size-women-sexy-lingerie","17":"pa_size-wholesale-small-size-sexy-lingerie","19":"first","20":"instock","21":"taxable","22":"shipping-taxable","23":"purchasable","24":"product-type-variable"},"tiered_pricing_type":"fixed","tiered_pricing_fixed_rules":[],"tiered_pricing_product_settings":{"layout":"table","base_unit_name":{"singular":null,"plural":null},"default_variation":{}},"tiered_pricing_minimum_quantity":null,"tiered_pricing_roles_data":{"default_wholesaler":{"product_id":42702,"role":"default_wholesaler","pricing_type":"flat","regular_price":null,"sale_price":null,"discount":null,"discount_type":"sale_price","tiered_pricing_type":"fixed","percentage_rules":[],"fixed_rules":{"2":"7.89","30":"6.79","500":"5.89"},"minimum":null},"dropshippinger":{"product_id":42702,"role":"dropshippinger","pricing_type":"flat","regular_price":null,"sale_price":null,"discount":null,"discount_type":"sale_price","tiered_pricing_type":"fixed","percentage_rules":[],"fixed_rules":{"1":"9.39","5":"7.89","30":"6.79"},"minimum":null}},"tiered_pricing_percentage_rules":[],"tiered_pricing_maximum_quantity":null,"tiered_pricing_quantity_step":null,"_links":{"self":[{"href":"https:\/\/gretasexylingerie.com\/da\/wp-json\/wp\/v2\/product\/42702","targetHints":{"allow":["GET"]}}],"collection":[{"href":"https:\/\/gretasexylingerie.com\/da\/wp-json\/wp\/v2\/product"}],"about":[{"href":"https:\/\/gretasexylingerie.com\/da\/wp-json\/wp\/v2\/types\/product"}],"wp:featuredmedia":[{"embeddable":true,"href":"https:\/\/gretasexylingerie.com\/da\/wp-json\/wp\/v2\/media\/42721"}],"wp:attachment":[{"href":"https:\/\/gretasexylingerie.com\/da\/wp-json\/wp\/v2\/media?parent=42702"}],"wp:term":[{"taxonomy":"product_brand","embeddable":true,"href":"https:\/\/gretasexylingerie.com\/da\/wp-json\/wp\/v2\/product_brand?post=42702"},{"taxonomy":"product_cat","embeddable":true,"href":"https:\/\/gretasexylingerie.com\/da\/wp-json\/wp\/v2\/product_cat?post=42702"},{"taxonomy":"product_tag","embeddable":true,"href":"https:\/\/gretasexylingerie.com\/da\/wp-json\/wp\/v2\/product_tag?post=42702"}],"curies":[{"name":"wp","href":"https:\/\/api.w.org\/{rel}","templated":true}]}}