{"id":42645,"date":"2023-06-22T00:48:14","date_gmt":"2023-06-21T16:48:14","guid":{"rendered":"https:\/\/gretasexylingerie.com\/?post_type=product&#038;p=42645"},"modified":"2024-03-02T10:43:31","modified_gmt":"2024-03-02T02:43:31","slug":"gennemsigtigt-bh-saet-med-pom-poms-design","status":"publish","type":"product","link":"https:\/\/gretasexylingerie.com\/da\/products\/sheer-bra-set-with-pom-poms-design\/","title":{"rendered":"Gennemsigtigt BH-s\u00e6t med Pom-Poms-design"},"content":{"rendered":"<ol class=\"wp-block-list\">\n<li>Lunefuldt design: Pom-poms p\u00e5 brystet tilbyder en sjov \u00e6stetik, perfekt til dem, der s\u00f8ger legende lingeri.<\/li>\n\n\n\n<li>Unikke egenskaber: Det plisserede mesh-design og sl\u00f8jfedetaljen introducerer lette elementer til s\u00e6ttet.<\/li>\n\n\n\n<li>Trend-Aligned: Designet stemmer overens med aktuelle lingerietrends, hvilket g\u00f8r det til en favorit blandt de stilbevidste.<\/li>\n\n\n\n<li>Komfort og pasform: P\u00e5 trods af det legende design sikrer s\u00e6ttet en behagelig pasform takket v\u00e6re det gennemsigtige og bl\u00f8de stof.<\/li>\n\n\n\n<li>Legefulde detaljer: Pom-poms og sl\u00f8jfedetaljen tilf\u00f8jer et festligt pr\u00e6g og giver et charmerende twist til konventionelt lingeri.<\/li>\n<\/ol>\n\n\n\n<p>Afslutningsvis tilbyder Sheer BH-s\u00e6ttet med Pom-Poms, plisseret mesh og sl\u00f8jfedetaljer en finurlig blanding af legende design, komfort og trendjusteret stil. Dens unikke egenskaber og lethjertede charme g\u00f8r den til en dejlig tilf\u00f8jelse til enhver lingerikollektion.<\/p>\n\n\n\n<figure class=\"wp-block-table is-style-stripes\"><table class=\"has-fixed-layout\"><tbody><tr><td colspan=\"6\">Site Chart (CM)<\/td><\/tr><tr><td>St\u00f8rrelse<\/td><td>L\u00e6ngde<\/td><td>\u00d8vre Buste<\/td><td>Nedre Buste<\/td><td>Taljeb\u00e5nd<\/td><td>Taljelinje<\/td><\/tr><tr><td>S<\/td><td>23<\/td><td>66-88<\/td><td>64-88<\/td><td>64-92<\/td><td>64-96<\/td><\/tr><tr><td>M<\/td><td>24<\/td><td>70-92<\/td><td>68-92<\/td><td>68-96<\/td><td>68-100<\/td><\/tr><tr><td>L<\/td><td>25<\/td><td>74-96<\/td><td>72-96<\/td><td>72-100<\/td><td>72-104<\/td><\/tr><tr><td colspan=\"6\">Sitediagram (INCH)<\/td><\/tr><tr><td>St\u00f8rrelse<\/td><td>L\u00e6ngde<\/td><td>\u00d8vre Buste<\/td><td>Nedre Buste<\/td><td>Nedre Buste<\/td><td>talje Line<\/td><\/tr><tr><td>S<\/td><td>9.06<\/td><td>25.98-34.65<\/td><td>25.20-34.65<\/td><td>25.20-36.22<\/td><td>25.20-37.80<\/td><\/tr><tr><td>M<\/td><td>9.45<\/td><td>27.56-36.22<\/td><td>26.77-36.22<\/td><td>26.77-37.80<\/td><td>26.77-39.37<\/td><\/tr><tr><td>L<\/td><td>9.84<\/td><td>29.13-37.80<\/td><td>28.35-37.80<\/td><td>28.35-39.37<\/td><td>28.35-40.94<\/td><\/tr><\/tbody><\/table><\/figure>","protected":false},"excerpt":{"rendered":"<p>Oplev finurlig charme med vores Sheer BH-s\u00e6t, der byder p\u00e5 pom-poms p\u00e5 brystet, et plisseret mesh-design og en dejlig sl\u00f8jfedetalje. Dette unikke s\u00e6t tilbyder en balance mellem legende detaljer og behageligt slid, hvilket g\u00f8r det til et lingeri, der er lige s\u00e5 lethjertet, som det er behageligt.<\/p>","protected":false},"featured_media":42690,"template":"","meta":[],"product_brand":[],"product_cat":[368,367,375],"product_tag":[448,518,451,510,446,880,504],"class_list":{"0":"post-42645","1":"product","2":"type-product","3":"status-publish","4":"has-post-thumbnail","6":"product_cat-bra-panty-set","7":"product_cat-sexy-lingerie","8":"product_cat-whoelsale-sheer-bra-and-panty-sets","9":"product_tag-wholesale-elegant-sexy-lingerie","10":"product_tag-mesh-lingerie","11":"product_tag-wholesale-revealing-lingerie","12":"product_tag-ruffles-lingerie","13":"product_tag-wholesale-sexy-see-through-lingerie","14":"product_tag-sexy-2-piece-lingerie","15":"product_tag-ultra-sexy","16":"pa_color-black","17":"pa_color-deep-pink-women-sexy-lingerie","18":"pa_color-green","19":"pa_color-light-blue-women-sexy-lingerie","20":"pa_color-pink-women-sexy-lingerie","21":"pa_color-red-women-sexy-lingerie","22":"pa_color-sea-green-women-sexy-lingerie","23":"pa_size-wholesale-large-size-women-sexy-lingerie","24":"pa_size-wholesale-medium-size-women-sexy-lingerie","25":"pa_size-wholesale-small-size-sexy-lingerie","27":"first","28":"instock","29":"taxable","30":"shipping-taxable","31":"purchasable","32":"product-type-variable"},"tiered_pricing_type":"fixed","tiered_pricing_fixed_rules":[],"tiered_pricing_product_settings":{"layout":"table","base_unit_name":{"singular":null,"plural":null},"default_variation":null},"tiered_pricing_minimum_quantity":null,"tiered_pricing_roles_data":{"default_wholesaler":{"product_id":42645,"role":"default_wholesaler","pricing_type":"flat","regular_price":null,"sale_price":null,"discount":null,"discount_type":"sale_price","tiered_pricing_type":"fixed","percentage_rules":[],"fixed_rules":{"2":"10.49","30":"8.99","500":"7.89"},"minimum":null},"dropshippinger":{"product_id":42645,"role":"dropshippinger","pricing_type":"flat","regular_price":null,"sale_price":null,"discount":null,"discount_type":"sale_price","tiered_pricing_type":"fixed","percentage_rules":[],"fixed_rules":{"1":"12.49","5":"10.49","30":"8.99"},"minimum":null}},"tiered_pricing_percentage_rules":[],"tiered_pricing_maximum_quantity":null,"tiered_pricing_quantity_step":null,"_links":{"self":[{"href":"https:\/\/gretasexylingerie.com\/da\/wp-json\/wp\/v2\/product\/42645","targetHints":{"allow":["GET"]}}],"collection":[{"href":"https:\/\/gretasexylingerie.com\/da\/wp-json\/wp\/v2\/product"}],"about":[{"href":"https:\/\/gretasexylingerie.com\/da\/wp-json\/wp\/v2\/types\/product"}],"wp:featuredmedia":[{"embeddable":true,"href":"https:\/\/gretasexylingerie.com\/da\/wp-json\/wp\/v2\/media\/42690"}],"wp:attachment":[{"href":"https:\/\/gretasexylingerie.com\/da\/wp-json\/wp\/v2\/media?parent=42645"}],"wp:term":[{"taxonomy":"product_brand","embeddable":true,"href":"https:\/\/gretasexylingerie.com\/da\/wp-json\/wp\/v2\/product_brand?post=42645"},{"taxonomy":"product_cat","embeddable":true,"href":"https:\/\/gretasexylingerie.com\/da\/wp-json\/wp\/v2\/product_cat?post=42645"},{"taxonomy":"product_tag","embeddable":true,"href":"https:\/\/gretasexylingerie.com\/da\/wp-json\/wp\/v2\/product_tag?post=42645"}],"curies":[{"name":"wp","href":"https:\/\/api.w.org\/{rel}","templated":true}]}}