{"id":42613,"date":"2023-06-21T23:58:04","date_gmt":"2023-06-21T15:58:04","guid":{"rendered":"https:\/\/gretasexylingerie.com\/?post_type=product&#038;p=42613"},"modified":"2023-09-05T20:55:01","modified_gmt":"2023-09-05T12:55:01","slug":"sexet-gennemsigtig-blonde-bh-saet-med-flaeseband","status":"publish","type":"product","link":"https:\/\/gretasexylingerie.com\/da\/products\/sexy-sheer-lace-bra-set-with-ruffled-garter\/","title":{"rendered":"Sexet gennemsigtigt blonde-bh-s\u00e6t med fl\u00e6sede str\u00f8mpeb\u00e5nd"},"content":{"rendered":"<ol class=\"wp-block-list\">\n<li>Provokerende design: Det rene blondebroderi tilbyder en overbevisende \u00e6stetik for dem, der s\u00f8ger dristig lingeri.<\/li>\n\n\n\n<li>Unikke egenskaber: Metalk\u00e6derne og fl\u00e6sede str\u00f8mpeb\u00e5nd introducerer dristige elementer til s\u00e6ttet, hvilket sikrer, at det skiller sig ud i design og appel.<\/li>\n\n\n\n<li>Trend-Aligned: Designet overholder de aktuelle lingerietrends og appellerer til mode-fremad.<\/li>\n\n\n\n<li>Komfort og pasform: P\u00e5 trods af dets modige detaljer sikrer s\u00e6ttet en behagelig pasform takket v\u00e6re dets delikate blondestof.<\/li>\n\n\n\n<li>Modige detaljer: Metalk\u00e6derne og fl\u00e6sede str\u00f8mpeb\u00e5nd tilf\u00f8jer et vovet touch til dem, der \u00f8nsker at udtrykke deres dristige stil.<\/li>\n<\/ol>\n\n\n\n<p>Afslutningsvis tilbyder det sexede, gennemsigtige blonde-bh-s\u00e6t med metalk\u00e6der og fl\u00e6sede str\u00f8mpeb\u00e5nd en overbevisende blanding af dristigt design, komfort og omhyggelige detaljer. Dens unikke funktioner og trendjusterede design g\u00f8r den til en fremtr\u00e6dende tilf\u00f8jelse til enhver lingerikollektion.<\/p>\n\n\n\n<figure class=\"wp-block-table is-style-stripes\"><table class=\"has-fixed-layout\"><tbody><tr><td colspan=\"5\">Site Chart (CM)<\/td><\/tr><tr><td>St\u00f8rrelse<\/td><td>L\u00e6ngde<\/td><td>\u00d8vre Buste<\/td><td>Taljeb\u00e5nd<\/td><td>Taljelinje<\/td><\/tr><tr><td>S<\/td><td>22<\/td><td>70-88<\/td><td>64-92<\/td><td>68-96<\/td><\/tr><tr><td>M<\/td><td>23<\/td><td>74-92<\/td><td>68-96<\/td><td>72-100<\/td><\/tr><tr><td>L<\/td><td>24<\/td><td>78-96<\/td><td>72-100<\/td><td>76-104<\/td><\/tr><tr><td colspan=\"5\">Sitediagram (INCH)<\/td><\/tr><tr><td>St\u00f8rrelse<\/td><td>L\u00e6ngde<\/td><td>\u00d8vre Buste<\/td><td>Nedre Buste<\/td><td>talje Line<\/td><\/tr><tr><td>S<\/td><td>8.46<\/td><td>27.56-34.65<\/td><td>25.20-36.22<\/td><td>26.77-37.80<\/td><\/tr><tr><td>M<\/td><td>8.86<\/td><td>29.13-36.22<\/td><td>26.77-37.80<\/td><td>28.35-39.37<\/td><\/tr><tr><td>L<\/td><td>9.25<\/td><td>30.71-37.80<\/td><td>28.35-39.37<\/td><td>29.92-40.94<\/td><\/tr><\/tbody><\/table><\/figure>","protected":false},"excerpt":{"rendered":"<p>Fordyb dig i fed tiltr\u00e6kning med vores sexede gennemsigtige blonde-bh-s\u00e6t med metalk\u00e6der og fl\u00e6sede str\u00f8mpeb\u00e5nd. Dette vovede s\u00e6t viser indviklede blondebroderier p\u00e5 et gennemsigtigt stof, der tilbyder en balance mellem provokerende detaljer og suver\u00e6n komfort. Dette lingeri er lige s\u00e5 tillokkende som det er karakteristisk.<\/p>","protected":false},"featured_media":42630,"template":"","meta":[],"product_brand":[],"product_cat":[368,367,375],"product_tag":[507,875,451,510,446,864],"class_list":{"0":"post-42613","1":"product","2":"type-product","3":"status-publish","4":"has-post-thumbnail","6":"product_cat-bra-panty-set","7":"product_cat-sexy-lingerie","8":"product_cat-whoelsale-sheer-bra-and-panty-sets","9":"product_tag-three-pcs-set","10":"product_tag-lace-sexy-lingerie","11":"product_tag-wholesale-revealing-lingerie","12":"product_tag-ruffles-lingerie","13":"product_tag-wholesale-sexy-see-through-lingerie","14":"product_tag-sexy-petite-lingerie","15":"pa_color-black","16":"pa_color-red-women-sexy-lingerie","17":"pa_color-white","18":"pa_size-wholesale-large-size-women-sexy-lingerie","19":"pa_size-wholesale-medium-size-women-sexy-lingerie","20":"pa_size-wholesale-small-size-sexy-lingerie","22":"first","23":"instock","24":"taxable","25":"shipping-taxable","26":"purchasable","27":"product-type-variable"},"tiered_pricing_type":"fixed","tiered_pricing_fixed_rules":[],"tiered_pricing_product_settings":{"layout":"default","base_unit_name":{"singular":null,"plural":null},"default_variation":null},"tiered_pricing_minimum_quantity":null,"tiered_pricing_roles_data":{"default_wholesaler":{"product_id":42613,"role":"default_wholesaler","pricing_type":"flat","regular_price":null,"sale_price":null,"discount":null,"discount_type":"sale_price","tiered_pricing_type":"fixed","percentage_rules":[],"fixed_rules":{"2":"10.99","30":"9.39","500":"8.29"},"minimum":null},"dropshippinger":{"product_id":42613,"role":"dropshippinger","pricing_type":"flat","regular_price":null,"sale_price":null,"discount":null,"discount_type":"sale_price","tiered_pricing_type":"fixed","percentage_rules":[],"fixed_rules":{"1":"13.19","5":"10.99","30":"9.39"},"minimum":null}},"tiered_pricing_percentage_rules":[],"tiered_pricing_maximum_quantity":null,"tiered_pricing_quantity_step":null,"_links":{"self":[{"href":"https:\/\/gretasexylingerie.com\/da\/wp-json\/wp\/v2\/product\/42613","targetHints":{"allow":["GET"]}}],"collection":[{"href":"https:\/\/gretasexylingerie.com\/da\/wp-json\/wp\/v2\/product"}],"about":[{"href":"https:\/\/gretasexylingerie.com\/da\/wp-json\/wp\/v2\/types\/product"}],"wp:featuredmedia":[{"embeddable":true,"href":"https:\/\/gretasexylingerie.com\/da\/wp-json\/wp\/v2\/media\/42630"}],"wp:attachment":[{"href":"https:\/\/gretasexylingerie.com\/da\/wp-json\/wp\/v2\/media?parent=42613"}],"wp:term":[{"taxonomy":"product_brand","embeddable":true,"href":"https:\/\/gretasexylingerie.com\/da\/wp-json\/wp\/v2\/product_brand?post=42613"},{"taxonomy":"product_cat","embeddable":true,"href":"https:\/\/gretasexylingerie.com\/da\/wp-json\/wp\/v2\/product_cat?post=42613"},{"taxonomy":"product_tag","embeddable":true,"href":"https:\/\/gretasexylingerie.com\/da\/wp-json\/wp\/v2\/product_tag?post=42613"}],"curies":[{"name":"wp","href":"https:\/\/api.w.org\/{rel}","templated":true}]}}