{"id":42585,"date":"2023-06-20T23:41:11","date_gmt":"2023-06-20T15:41:11","guid":{"rendered":"https:\/\/gretasexylingerie.com\/?post_type=product&#038;p=42585"},"modified":"2023-12-09T17:52:37","modified_gmt":"2023-12-09T09:52:37","slug":"sexet-tyl-bh-saet-med-broderede-blonder-og-mini-slojfer","status":"publish","type":"product","link":"https:\/\/gretasexylingerie.com\/da\/products\/sexy-tulle-bra-set-with-embroidered-lace-and-mini-bows\/","title":{"rendered":"Sexet tyl bh s\u00e6t med broderede blonder og mini sl\u00f8jfer"},"content":{"rendered":"<ol class=\"wp-block-list\">\n<li>Sensuelt design: Den broderede blonde p\u00e5 delikat tyl tilbyder en forf\u00f8rende \u00e6stetik, perfekt til dem, der s\u00f8ger dragende lingeri.<\/li>\n\n\n\n<li>Unikke funktioner: Mini-sl\u00f8jfe-dekorationerne introducerer et finurligt, men elegant element til s\u00e6ttet.<\/li>\n\n\n\n<li>Trend-Aligned: Designet stemmer overens med aktuelle lingerietrends, hvilket g\u00f8r det til en favorit blandt de stilbevidste.<\/li>\n\n\n\n<li>Komfort og pasform: P\u00e5 trods af dets sensuelle design sikrer s\u00e6ttet en behagelig pasform takket v\u00e6re dets bl\u00f8de tylstof.<\/li>\n\n\n\n<li>Opm\u00e6rksomhed p\u00e5 detaljer: Det indviklede broderi og charmerende mini-sl\u00f8jfer viser s\u00e6ttets h\u00e5ndv\u00e6rk af h\u00f8j kvalitet.<\/li>\n<\/ol>\n\n\n\n<p>Afslutningsvis tilbyder det sexede tyl-bh-s\u00e6t med broderede blonder og mini-sl\u00f8jfer en lokkende blanding af sensuelt design, komfort og omhyggelige detaljer. Dens unikke funktioner og trend-tilpassede stil g\u00f8r den til en fremtr\u00e6dende tilf\u00f8jelse til enhver lingerikollektion.<\/p>\n\n\n\n<figure class=\"wp-block-table\"><table><tbody><tr><td colspan=\"5\">Site Chart (CM)<\/td><\/tr><tr><td>St\u00f8rrelse<\/td><td>L\u00e6ngde<\/td><td>\u00d8vre Buste<\/td><td>Taljeb\u00e5nd<\/td><td>Taljelinje<\/td><\/tr><tr><td>S<\/td><td>21.5<\/td><td>70-88<\/td><td>64-92<\/td><td>68-96<\/td><\/tr><tr><td>M<\/td><td>22.5<\/td><td>74-92<\/td><td>68-96<\/td><td>72-100<\/td><\/tr><tr><td>L<\/td><td>23.5<\/td><td>78-96<\/td><td>72-100<\/td><td>76-104<\/td><\/tr><tr><td colspan=\"5\">Sitediagram (INCH)<\/td><\/tr><tr><td>St\u00f8rrelse<\/td><td>L\u00e6ngde<\/td><td>\u00d8vre Buste<\/td><td>Nedre Buste<\/td><td>talje Line<\/td><\/tr><tr><td>S<\/td><td>8.46<\/td><td>27.56-34.65<\/td><td>25.20-36.22<\/td><td>26.77-37.80<\/td><\/tr><tr><td>M<\/td><td>8.86<\/td><td>29.13-36.22<\/td><td>26.77-37.80<\/td><td>28.35-39.37<\/td><\/tr><tr><td>L<\/td><td>9.25<\/td><td>30.71-37.80<\/td><td>28.35-39.37<\/td><td>29.92-40.94<\/td><\/tr><\/tbody><\/table><\/figure>","protected":false},"excerpt":{"rendered":"<p>Fork\u00e6l dig med luksuri\u00f8s tiltr\u00e6kning med vores sexede tyl-bh-s\u00e6t med broderede blonder og charmerende mini sl\u00f8jfedekorationer. Dette s\u00e6t tilbyder en balance mellem indviklede detaljer og sensuel appel, hvilket g\u00f8r det til et lingeri, der er lige s\u00e5 tillokkende, som det er behageligt.<\/p>\n<p>https:\/\/youtu.be\/FzDF4LsgR4Q<\/p>","protected":false},"featured_media":42595,"template":"","meta":[],"product_brand":[],"product_cat":[367,375],"product_tag":[448,454,518,973,446,864,865],"class_list":{"0":"post-42585","1":"product","2":"type-product","3":"status-publish","4":"has-post-thumbnail","6":"product_cat-sexy-lingerie","7":"product_cat-whoelsale-sheer-bra-and-panty-sets","8":"product_tag-wholesale-elegant-sexy-lingerie","9":"product_tag-wholesale-sexy-embroidered-lingerie","10":"product_tag-mesh-lingerie","11":"product_tag-oem","12":"product_tag-wholesale-sexy-see-through-lingerie","13":"product_tag-sexy-petite-lingerie","14":"product_tag-sexy-skimpy-lingerie","15":"pa_color-black","16":"pa_size-wholesale-large-size-women-sexy-lingerie","17":"pa_size-wholesale-medium-size-women-sexy-lingerie","18":"pa_size-wholesale-small-size-sexy-lingerie","20":"first","21":"outofstock","22":"taxable","23":"shipping-taxable","24":"purchasable","25":"product-type-variable"},"tiered_pricing_type":"fixed","tiered_pricing_fixed_rules":[],"tiered_pricing_product_settings":{"layout":"default","base_unit_name":{"singular":null,"plural":null},"default_variation":{}},"tiered_pricing_minimum_quantity":null,"tiered_pricing_roles_data":{"default_wholesaler":{"product_id":42585,"role":"default_wholesaler","pricing_type":"flat","regular_price":null,"sale_price":null,"discount":null,"discount_type":"sale_price","tiered_pricing_type":"fixed","percentage_rules":[],"fixed_rules":{"2":"9.39","30":"8.09","500":"7.09"},"minimum":null},"dropshippinger":{"product_id":42585,"role":"dropshippinger","pricing_type":"flat","regular_price":null,"sale_price":null,"discount":null,"discount_type":"sale_price","tiered_pricing_type":"fixed","percentage_rules":[],"fixed_rules":{"1":"11.29","5":"9.39","30":"8.09"},"minimum":null}},"tiered_pricing_percentage_rules":[],"tiered_pricing_maximum_quantity":null,"tiered_pricing_quantity_step":null,"_links":{"self":[{"href":"https:\/\/gretasexylingerie.com\/da\/wp-json\/wp\/v2\/product\/42585","targetHints":{"allow":["GET"]}}],"collection":[{"href":"https:\/\/gretasexylingerie.com\/da\/wp-json\/wp\/v2\/product"}],"about":[{"href":"https:\/\/gretasexylingerie.com\/da\/wp-json\/wp\/v2\/types\/product"}],"wp:featuredmedia":[{"embeddable":true,"href":"https:\/\/gretasexylingerie.com\/da\/wp-json\/wp\/v2\/media\/42595"}],"wp:attachment":[{"href":"https:\/\/gretasexylingerie.com\/da\/wp-json\/wp\/v2\/media?parent=42585"}],"wp:term":[{"taxonomy":"product_brand","embeddable":true,"href":"https:\/\/gretasexylingerie.com\/da\/wp-json\/wp\/v2\/product_brand?post=42585"},{"taxonomy":"product_cat","embeddable":true,"href":"https:\/\/gretasexylingerie.com\/da\/wp-json\/wp\/v2\/product_cat?post=42585"},{"taxonomy":"product_tag","embeddable":true,"href":"https:\/\/gretasexylingerie.com\/da\/wp-json\/wp\/v2\/product_tag?post=42585"}],"curies":[{"name":"wp","href":"https:\/\/api.w.org\/{rel}","templated":true}]}}