{"id":42495,"date":"2023-06-19T23:24:10","date_gmt":"2023-06-19T15:24:10","guid":{"rendered":"https:\/\/gretasexylingerie.com\/?post_type=product&#038;p=42495"},"modified":"2024-01-17T22:18:53","modified_gmt":"2024-01-17T14:18:53","slug":"tofarvet-stretch-mesh-bh-saet","status":"publish","type":"product","link":"https:\/\/gretasexylingerie.com\/da\/products\/two-tone-stretch-mesh-bra-set\/","title":{"rendered":"Engros To-tone stretch mesh BH s\u00e6t"},"content":{"rendered":"<ol class=\"wp-block-list\">\n<li>Chic design: Det kontrasterende tofarvede design tilbyder en stilfuld \u00e6stetik, perfekt til dem, der s\u00f8ger moderigtigt lingeri.<\/li>\n\n\n\n<li>Unikke funktioner: Det kontrasterende design introducerer et unikt og visuelt tiltalende element til s\u00e6ttet.<\/li>\n\n\n\n<li>Trend-Aligned: Designet stemmer overens med aktuelle lingerietrends og appellerer til de modebevidste.<\/li>\n\n\n\n<li>Komfort og pasform: S\u00e6ttet er lavet af str\u00e6kmesh og sikrer en t\u00e6tsiddende og behagelig pasform, der passer til forskellige kropsformer.<\/li>\n\n\n\n<li>Alsidig stil: Det tofarvede design giver mulighed for alsidigt slid, der komplementerer en r\u00e6kke forskellige outfits.<\/li>\n<\/ol>\n\n\n\n<p>Afslutningsvis er Two-Tone Stretch Mesh BH-s\u00e6ttet en charmerende blanding af smart design, komfort og alsidighed. Dens unikke funktioner og trend-tilpassede stil g\u00f8r den til en praktisk, men samtidig moderigtig tilf\u00f8jelse til enhver lingerikollektion.<\/p>\n\n\n\n<figure class=\"wp-block-table is-style-stripes\"><table class=\"has-fixed-layout\"><tbody><tr><td colspan=\"5\">Site Chart (CM)<\/td><\/tr><tr><td>St\u00f8rrelse<\/td><td>L\u00e6ngde<\/td><td>\u00d8vre Buste<\/td><td>Taljeb\u00e5nd<\/td><td>Taljelinje<\/td><\/tr><tr><td>S<\/td><td>19<\/td><td>70-88<\/td><td>64-92<\/td><td>68-96<\/td><\/tr><tr><td>M<\/td><td>20<\/td><td>74-92<\/td><td>68-96<\/td><td>72-100<\/td><\/tr><tr><td>L<\/td><td>21<\/td><td>78-96<\/td><td>75-100<\/td><td>76-104<\/td><\/tr><tr><td colspan=\"5\">Sitediagram (INCH)<\/td><\/tr><tr><td>St\u00f8rrelse<\/td><td>L\u00e6ngde<\/td><td>\u00d8vre Buste<\/td><td>Nedre Buste<\/td><td>talje Line<\/td><\/tr><tr><td>S<\/td><td>7.48<\/td><td>27.56-34.65<\/td><td>25.20-36.22<\/td><td>26.77-37.80<\/td><\/tr><tr><td>M<\/td><td>7.87<\/td><td>29.13-36.22<\/td><td>26.77-37.80<\/td><td>28.35-39.37<\/td><\/tr><tr><td>L<\/td><td>8.27<\/td><td>30.71-37.80<\/td><td>29.53-39.37<\/td><td>29.92-40.94<\/td><\/tr><\/tbody><\/table><\/figure>","protected":false},"excerpt":{"rendered":"<p>Udtryk din stil med vores Two-Tone Stretch Mesh BH-s\u00e6t. Dette charmerende s\u00e6t kombinerer smart appel og funktionalitet med et kontrasterende design i to nuancer. Den er lavet af str\u00e6kmesh og lover komfort og en fejlfri pasform, hvilket g\u00f8r dette undert\u00f8j lige s\u00e5 praktisk, som det er stilfuldt.<\/p>","protected":false},"featured_media":42507,"template":"","meta":[],"product_brand":[],"product_cat":[368,367,375],"product_tag":[868,452,448,518,973,446],"class_list":{"0":"post-42495","1":"product","2":"type-product","3":"status-publish","4":"has-post-thumbnail","6":"product_cat-bra-panty-set","7":"product_cat-sexy-lingerie","8":"product_cat-whoelsale-sheer-bra-and-panty-sets","9":"product_tag-4-piece-lingerie-set","10":"product_tag-wholesale-boudoir-lingerie","11":"product_tag-wholesale-elegant-sexy-lingerie","12":"product_tag-mesh-lingerie","13":"product_tag-oem","14":"product_tag-wholesale-sexy-see-through-lingerie","15":"pa_color-black","16":"pa_color-hot-pink-women-sexy-lingerie","17":"pa_color-orange","18":"pa_size-wholesale-large-size-women-sexy-lingerie","19":"pa_size-wholesale-medium-size-women-sexy-lingerie","20":"pa_size-wholesale-small-size-sexy-lingerie","22":"first","23":"outofstock","24":"taxable","25":"shipping-taxable","26":"purchasable","27":"product-type-variable"},"tiered_pricing_type":"fixed","tiered_pricing_fixed_rules":[],"tiered_pricing_product_settings":{"layout":"default","base_unit_name":{"singular":null,"plural":null},"default_variation":{}},"tiered_pricing_minimum_quantity":null,"tiered_pricing_roles_data":{"default_wholesaler":{"product_id":42495,"role":"default_wholesaler","pricing_type":"flat","regular_price":null,"sale_price":null,"discount":null,"discount_type":"sale_price","tiered_pricing_type":"fixed","percentage_rules":[],"fixed_rules":{"2":"9.69","30":"8.29","498":"7.29"},"minimum":null},"dropshippinger":{"product_id":42495,"role":"dropshippinger","pricing_type":"flat","regular_price":null,"sale_price":null,"discount":null,"discount_type":"sale_price","tiered_pricing_type":"fixed","percentage_rules":[],"fixed_rules":{"1":"11.59","5":"9.69","30":"8.29"},"minimum":null}},"tiered_pricing_percentage_rules":[],"tiered_pricing_maximum_quantity":null,"tiered_pricing_quantity_step":null,"_links":{"self":[{"href":"https:\/\/gretasexylingerie.com\/da\/wp-json\/wp\/v2\/product\/42495","targetHints":{"allow":["GET"]}}],"collection":[{"href":"https:\/\/gretasexylingerie.com\/da\/wp-json\/wp\/v2\/product"}],"about":[{"href":"https:\/\/gretasexylingerie.com\/da\/wp-json\/wp\/v2\/types\/product"}],"wp:featuredmedia":[{"embeddable":true,"href":"https:\/\/gretasexylingerie.com\/da\/wp-json\/wp\/v2\/media\/42507"}],"wp:attachment":[{"href":"https:\/\/gretasexylingerie.com\/da\/wp-json\/wp\/v2\/media?parent=42495"}],"wp:term":[{"taxonomy":"product_brand","embeddable":true,"href":"https:\/\/gretasexylingerie.com\/da\/wp-json\/wp\/v2\/product_brand?post=42495"},{"taxonomy":"product_cat","embeddable":true,"href":"https:\/\/gretasexylingerie.com\/da\/wp-json\/wp\/v2\/product_cat?post=42495"},{"taxonomy":"product_tag","embeddable":true,"href":"https:\/\/gretasexylingerie.com\/da\/wp-json\/wp\/v2\/product_tag?post=42495"}],"curies":[{"name":"wp","href":"https:\/\/api.w.org\/{rel}","templated":true}]}}