{"id":42423,"date":"2023-06-19T21:33:30","date_gmt":"2023-06-19T13:33:30","guid":{"rendered":"https:\/\/gretasexylingerie.com\/?post_type=product&#038;p=42423"},"modified":"2024-04-04T15:42:03","modified_gmt":"2024-04-04T07:42:03","slug":"bodysuit-i-mesh-med-justerbart-baelte-og-metalkaededetaljer","status":"publish","type":"product","link":"https:\/\/gretasexylingerie.com\/da\/products\/mesh-bodysuit-with-adjustable-belt-and-metal-chain-details\/","title":{"rendered":"Mesh bodysuit med justerbart b\u00e6lte og metalk\u00e6dedetaljer"},"content":{"rendered":"<ol class=\"wp-block-list\">\n<li>Dristet design: Mesh-bodydragten med metalk\u00e6dedetaljer tilbyder en fed \u00e6stetik til dem, der s\u00f8ger statement-skabende lingeri.<\/li>\n\n\n\n<li>Unikke egenskaber: Det justerbare tre-lags b\u00e6lte og metalk\u00e6de-skulderstropper introducerer unikke elementer til s\u00e6ttet, hvilket sikrer, at det skiller sig ud i enhver samling.<\/li>\n\n\n\n<li>Trend-Aligned: Designet harmonerer med nutidige lingerietrends, hvilket g\u00f8r det til en favorit blandt de modebevidste.<\/li>\n\n\n\n<li>Alsidighed: Bodysuit-designet giver mulighed for alsidig brug, hvilket g\u00f8r den velegnet til forskellige outfits og lejligheder.<\/li>\n\n\n\n<li>Komfort og pasform: P\u00e5 trods af dets vovede design sikrer bodyen en behagelig pasform takket v\u00e6re dets materialer af h\u00f8j kvalitet og det justerbare b\u00e6lte.<\/li>\n<\/ol>\n\n\n\n<p>Som konklusion tilbyder Mesh Bodysuit med justerbart b\u00e6lte og metalk\u00e6dedetaljer en fantastisk blanding af fedt design og komfort. Dens unikke funktioner og trendjusterede design g\u00f8r den til en fremtr\u00e6dende tilf\u00f8jelse til enhver lingerikollektion, der lover et modigt og sofistikeret look.<\/p>\n\n\n\n<figure class=\"wp-block-table is-style-stripes\"><table class=\"has-fixed-layout\"><tbody><tr><td colspan=\"4\">Site Chart (CM)<\/td><\/tr><tr><td>St\u00f8rrelse<\/td><td>L\u00e6ngde<\/td><td>\u00d8vre Buste<\/td><td>Nedre Buste<\/td><\/tr><tr><td>S<\/td><td>55<\/td><td>64-88<\/td><td>60-88<\/td><\/tr><tr><td>M<\/td><td>56.5<\/td><td>68-92<\/td><td>64-92<\/td><\/tr><tr><td>L<\/td><td>58<\/td><td>72-96<\/td><td>68-96<\/td><\/tr><tr><td colspan=\"4\">Sitediagram (INCH)<\/td><\/tr><tr><td>St\u00f8rrelse<\/td><td>L\u00e6ngde<\/td><td>\u00d8vre Buste<\/td><td>Nedre Buste<\/td><\/tr><tr><td>S<\/td><td>21.65<\/td><td>25.20-34.65<\/td><td>23.62-34.65<\/td><\/tr><tr><td>M<\/td><td>22.24<\/td><td>26.77-36.22<\/td><td>25.20-36.22<\/td><\/tr><tr><td>L<\/td><td>22.83<\/td><td>28.35-37.80<\/td><td>26.77-37.80<\/td><\/tr><\/tbody><\/table><\/figure>","protected":false},"excerpt":{"rendered":"<p>L\u00f8ft dit look med vores Mesh Bodysuit, der har et justerbart tre-lags b\u00e6lte og metalk\u00e6dedetaljer. Dette edgy ensemble, accentueret med en metalk\u00e6de-udsmykket b\u00e6lte og halsring, udstr\u00e5ler vovet stil og sofistikering. Med sine metalk\u00e6de-skulderstropper er denne bodysuit lige s\u00e5 fed, som den er elegant.<\/p>","protected":false},"featured_media":42433,"template":"","meta":[],"product_brand":[],"product_cat":[370,367,373],"product_tag":[448,518,524,446,864,863,447],"class_list":{"0":"post-42423","1":"product","2":"type-product","3":"status-publish","4":"has-post-thumbnail","6":"product_cat-bodysuit","7":"product_cat-sexy-lingerie","8":"product_cat-wholesale-sexy-mesh-bodysuit","9":"product_tag-wholesale-elegant-sexy-lingerie","10":"product_tag-mesh-lingerie","11":"product_tag-metal-lingerie","12":"product_tag-wholesale-sexy-see-through-lingerie","13":"product_tag-sexy-petite-lingerie","14":"product_tag-sexy-thong-lingerie","15":"product_tag-wholesale-strappy-sexy-lingerie","16":"pa_color-black","17":"pa_color-red-women-sexy-lingerie","18":"pa_size-wholesale-large-size-women-sexy-lingerie","19":"pa_size-wholesale-medium-size-women-sexy-lingerie","20":"pa_size-wholesale-small-size-sexy-lingerie","22":"first","23":"instock","24":"taxable","25":"shipping-taxable","26":"purchasable","27":"product-type-variable"},"tiered_pricing_type":"fixed","tiered_pricing_fixed_rules":[],"tiered_pricing_product_settings":{"layout":"table","base_unit_name":{"singular":null,"plural":null},"default_variation":null},"tiered_pricing_minimum_quantity":null,"tiered_pricing_roles_data":{"default_wholesaler":{"product_id":42423,"role":"default_wholesaler","pricing_type":"flat","regular_price":null,"sale_price":null,"discount":null,"discount_type":"sale_price","tiered_pricing_type":"fixed","percentage_rules":[],"fixed_rules":{"2":"10.19","30":"8.79","500":"7.69"},"minimum":null},"dropshippinger":{"product_id":42423,"role":"dropshippinger","pricing_type":"flat","regular_price":null,"sale_price":null,"discount":null,"discount_type":"sale_price","tiered_pricing_type":"fixed","percentage_rules":[],"fixed_rules":{"1":"12.19","5":"10.19","30":"8.79"},"minimum":null}},"tiered_pricing_percentage_rules":[],"tiered_pricing_maximum_quantity":null,"tiered_pricing_quantity_step":null,"_links":{"self":[{"href":"https:\/\/gretasexylingerie.com\/da\/wp-json\/wp\/v2\/product\/42423","targetHints":{"allow":["GET"]}}],"collection":[{"href":"https:\/\/gretasexylingerie.com\/da\/wp-json\/wp\/v2\/product"}],"about":[{"href":"https:\/\/gretasexylingerie.com\/da\/wp-json\/wp\/v2\/types\/product"}],"wp:featuredmedia":[{"embeddable":true,"href":"https:\/\/gretasexylingerie.com\/da\/wp-json\/wp\/v2\/media\/42433"}],"wp:attachment":[{"href":"https:\/\/gretasexylingerie.com\/da\/wp-json\/wp\/v2\/media?parent=42423"}],"wp:term":[{"taxonomy":"product_brand","embeddable":true,"href":"https:\/\/gretasexylingerie.com\/da\/wp-json\/wp\/v2\/product_brand?post=42423"},{"taxonomy":"product_cat","embeddable":true,"href":"https:\/\/gretasexylingerie.com\/da\/wp-json\/wp\/v2\/product_cat?post=42423"},{"taxonomy":"product_tag","embeddable":true,"href":"https:\/\/gretasexylingerie.com\/da\/wp-json\/wp\/v2\/product_tag?post=42423"}],"curies":[{"name":"wp","href":"https:\/\/api.w.org\/{rel}","templated":true}]}}