{"id":42382,"date":"2023-06-16T23:22:56","date_gmt":"2023-06-16T15:22:56","guid":{"rendered":"https:\/\/gretasexylingerie.com\/?post_type=product&#038;p=42382"},"modified":"2024-07-31T00:41:16","modified_gmt":"2024-07-30T16:41:16","slug":"sexet-gennemsigtig-blomstret-blonde-bh-saet-med-kvast-baelte","status":"publish","type":"product","link":"https:\/\/gretasexylingerie.com\/da\/products\/sexy-sheer-floral-lace-bra-set-with-tassel-girdle\/","title":{"rendered":"Sexet, gennemsigtigt blomstret blonde-bh-s\u00e6t med kvastb\u00e6lte"},"content":{"rendered":"<ol class=\"wp-block-list\">\n<li>Sensuelt design: Den rene blomsterblonde tilbyder en dragende \u00e6stetik, perfekt til dem, der s\u00f8ger f\u00e6ngslende lingeri.<\/li>\n\n\n\n<li>Unik egenskab: kvastb\u00e6ltet introducerer et legende og unikt element til s\u00e6ttet.<\/li>\n\n\n\n<li>Trend-Aligned: Designet flugter med nutidige lingerietrends, hvilket g\u00f8r det til et hit hos mode-forwarden.<\/li>\n\n\n\n<li>Tillokkende tiltr\u00e6kningskraft: Det rene design forbedrer s\u00e6ttets sensualitet og tilf\u00f8jer et lokkende element.<\/li>\n\n\n\n<li>Komfort og pasform: P\u00e5 trods af dets sensuelle design sikrer s\u00e6ttet en behagelig pasform takket v\u00e6re dets h\u00f8jkvalitetsmaterialer og gennemt\u00e6nkte design.<\/li>\n<\/ol>\n\n\n\n<p>Afslutningsvis er det sexede, gennemsigtige blomsterblonde BH-s\u00e6t med kvastb\u00e6lte en lokkende blanding af sensuelt design og komfort. Dens unikke egenskaber og trendjusterede stil g\u00f8r den til en fremtr\u00e6dende tilf\u00f8jelse til enhver lingerikollektion, der lover et tiltalende og sofistikeret look.<\/p>\n\n\n\n<figure class=\"wp-block-table is-style-stripes\"><table class=\"has-fixed-layout\"><tbody><tr><td colspan=\"5\">Site Chart (CM)<\/td><\/tr><tr><td>St\u00f8rrelse<\/td><td>L\u00e6ngde<\/td><td>\u00d8vre Buste<\/td><td>Taljeb\u00e5nd<\/td><td>Taljelinje<\/td><\/tr><tr><td>S<\/td><td>21<\/td><td>68-88<\/td><td>64<\/td><td>68<\/td><\/tr><tr><td>M<\/td><td>22<\/td><td>72-92<\/td><td>68<\/td><td>72<\/td><\/tr><tr><td>L<\/td><td>23<\/td><td>76-96<\/td><td>72<\/td><td>76<\/td><\/tr><tr><td colspan=\"5\">Sitediagram (INCH)<\/td><\/tr><tr><td>St\u00f8rrelse<\/td><td>L\u00e6ngde<\/td><td>\u00d8vre Buste<\/td><td>Nedre Buste<\/td><td>talje Line<\/td><\/tr><tr><td>S<\/td><td>8.27<\/td><td>26.77-34.65<\/td><td>25.2<\/td><td>26.77<\/td><\/tr><tr><td>M<\/td><td>8.66<\/td><td>28.35-36.22<\/td><td>26.77<\/td><td>28.35<\/td><\/tr><tr><td>L<\/td><td>9.06<\/td><td>29.92-37.80<\/td><td>28.35<\/td><td>29.92<\/td><\/tr><\/tbody><\/table><\/figure>","protected":false},"excerpt":{"rendered":"<p>Introducer et strejf af charme med vores sexede, gennemsigtige blomsterblonde BH-s\u00e6t med kvastb\u00e6lte. Dette fortryllende ensemble, udformet med gennemsigtige blomsterblonde, kombinerer charme og elegance. Kvastb\u00e6ltet tilf\u00f8jer et legende twist og skaber et lingeri, der er lige s\u00e5 indbydende som stilfuldt.<\/p>\n<p>https:\/\/www.youtube.com\/watch?v=_qATXusZjRc<\/p>","protected":false},"featured_media":42400,"template":"","meta":[],"product_brand":[],"product_cat":[368,369,367],"product_tag":[507,448,510,446,864,531],"class_list":{"0":"post-42382","1":"product","2":"type-product","3":"status-publish","4":"has-post-thumbnail","6":"product_cat-bra-panty-set","7":"product_cat-wholesale-lace-bra-and-panty-sets","8":"product_cat-sexy-lingerie","9":"product_tag-three-pcs-set","10":"product_tag-wholesale-elegant-sexy-lingerie","11":"product_tag-ruffles-lingerie","12":"product_tag-wholesale-sexy-see-through-lingerie","13":"product_tag-sexy-petite-lingerie","14":"product_tag-tassel-lingerie","15":"pa_color-black","16":"pa_color-hot-pink-women-sexy-lingerie","17":"pa_color-red-women-sexy-lingerie","18":"pa_size-wholesale-large-size-women-sexy-lingerie","19":"pa_size-wholesale-medium-size-women-sexy-lingerie","20":"pa_size-wholesale-small-size-sexy-lingerie","22":"first","23":"outofstock","24":"taxable","25":"shipping-taxable","26":"purchasable","27":"product-type-variable"},"tiered_pricing_type":"fixed","tiered_pricing_fixed_rules":[],"tiered_pricing_product_settings":{"layout":"default","base_unit_name":{"singular":null,"plural":null},"default_variation":{}},"tiered_pricing_minimum_quantity":null,"tiered_pricing_roles_data":{"default_wholesaler":{"product_id":42382,"role":"default_wholesaler","pricing_type":"flat","regular_price":null,"sale_price":null,"discount":null,"discount_type":"sale_price","tiered_pricing_type":"fixed","percentage_rules":[],"fixed_rules":{"2":"10.99","30":"9.39","500":"8.19"},"minimum":null},"dropshippinger":{"product_id":42382,"role":"dropshippinger","pricing_type":"flat","regular_price":null,"sale_price":null,"discount":null,"discount_type":"sale_price","tiered_pricing_type":"fixed","percentage_rules":[],"fixed_rules":{"1":"13.19","5":"10.99","30":"9.39"},"minimum":null}},"tiered_pricing_percentage_rules":[],"tiered_pricing_maximum_quantity":null,"tiered_pricing_quantity_step":null,"_links":{"self":[{"href":"https:\/\/gretasexylingerie.com\/da\/wp-json\/wp\/v2\/product\/42382","targetHints":{"allow":["GET"]}}],"collection":[{"href":"https:\/\/gretasexylingerie.com\/da\/wp-json\/wp\/v2\/product"}],"about":[{"href":"https:\/\/gretasexylingerie.com\/da\/wp-json\/wp\/v2\/types\/product"}],"wp:featuredmedia":[{"embeddable":true,"href":"https:\/\/gretasexylingerie.com\/da\/wp-json\/wp\/v2\/media\/42400"}],"wp:attachment":[{"href":"https:\/\/gretasexylingerie.com\/da\/wp-json\/wp\/v2\/media?parent=42382"}],"wp:term":[{"taxonomy":"product_brand","embeddable":true,"href":"https:\/\/gretasexylingerie.com\/da\/wp-json\/wp\/v2\/product_brand?post=42382"},{"taxonomy":"product_cat","embeddable":true,"href":"https:\/\/gretasexylingerie.com\/da\/wp-json\/wp\/v2\/product_cat?post=42382"},{"taxonomy":"product_tag","embeddable":true,"href":"https:\/\/gretasexylingerie.com\/da\/wp-json\/wp\/v2\/product_tag?post=42382"}],"curies":[{"name":"wp","href":"https:\/\/api.w.org\/{rel}","templated":true}]}}