{"id":42279,"date":"2023-06-15T23:51:00","date_gmt":"2023-06-15T15:51:00","guid":{"rendered":"https:\/\/gretasexylingerie.com\/?post_type=product&#038;p=42279"},"modified":"2024-04-04T15:26:35","modified_gmt":"2024-04-04T07:26:35","slug":"sort-stribet-mesh-gennemsigtig-body","status":"publish","type":"product","link":"https:\/\/gretasexylingerie.com\/da\/products\/black-striped-mesh-sheer-bodysuit\/","title":{"rendered":"Sort stribet mesh gennemsigtig bodysuit"},"content":{"rendered":"<ol class=\"wp-block-list\">\n<li>Sl\u00e5ende design: Det sortstribede mesh tilbyder en visuelt tiltalende \u00e6stetik til dem, der s\u00f8ger edgy lingeri.<\/li>\n\n\n\n<li>Trend-Aligned: Designet harmonerer med nutidige modetrends, hvilket g\u00f8r det til en favorit blandt de modebevidste.<\/li>\n\n\n\n<li>Alsidig stil: Bodysuit-stilen giver mulighed for alsidig brug, hvilket g\u00f8r den velegnet til forskellige outfits og lejligheder.<\/li>\n\n\n\n<li>Tillokkende tiltr\u00e6kningskraft: Det rene design \u00f8ger s\u00e6ttets sensualitet og giver dets charme.<\/li>\n\n\n\n<li>Komfort og pasform: Trods sit vovede design garanterer bodyen en behagelig pasform med sine materialer af h\u00f8j kvalitet og gennemt\u00e6nkte design.<\/li>\n<\/ol>\n\n\n\n<p>Som konklusion tilbyder Black Striped Mesh Sheer Bodysuit en fantastisk blanding af fedt design og komfort. Dens trendjusterede design, dragende tiltr\u00e6kningskraft og komfortable pasform g\u00f8r den til en bem\u00e6rkelsesv\u00e6rdig tilf\u00f8jelse til enhver lingerikollektion, der lover et modigt og sofistikeret look.<\/p>\n\n\n\n<figure class=\"wp-block-table is-style-stripes\"><table class=\"has-fixed-layout\"><tbody><tr><td colspan=\"5\">Site Chart (CM)<\/td><\/tr><tr><td>St\u00f8rrelse<\/td><td>L\u00e6ngde<\/td><td>\u00d8vre Buste<\/td><td>Nedre Buste<\/td><td>talje Line<\/td><\/tr><tr><td>S<\/td><td>52<\/td><td>62-88<\/td><td>58-88<\/td><td>56-92<\/td><\/tr><tr><td>M<\/td><td>53<\/td><td>66-92<\/td><td>62-92<\/td><td>60-96<\/td><\/tr><tr><td>L<\/td><td>54<\/td><td>70-96<\/td><td>66-96<\/td><td>64-100<\/td><\/tr><tr><td colspan=\"5\">Sitediagram (INCH)<\/td><\/tr><tr><td>St\u00f8rrelse<\/td><td>L\u00e6ngde<\/td><td>\u00d8vre Buste<\/td><td>Nedre Buste<\/td><td>talje Line<\/td><\/tr><tr><td>S<\/td><td>20.47<\/td><td>24.41-34.65<\/td><td>22.83-34.65<\/td><td>22.05-36.22<\/td><\/tr><tr><td>M<\/td><td>20.87<\/td><td>25.98-36.22<\/td><td>24.41-36.22<\/td><td>23.62-37.80<\/td><\/tr><tr><td>L<\/td><td>21.26<\/td><td>27.56-37.80<\/td><td>25.98-37.80<\/td><td>25.20-39.37<\/td><\/tr><\/tbody><\/table><\/figure>","protected":false},"excerpt":{"rendered":"<p>Oplev tiltr\u00e6kningen ved vores Black Striped Mesh Sheer Bodysuit. Dette f\u00e6ngslende ensemble, prydet med slanke sorte striber, blander dristighed og sofistikering. Det rene mesh-design forbedrer dets sensualitet og skaber et lingeri, der er lige s\u00e5 vovet, som det er raffineret.<\/p>","protected":false},"featured_media":42295,"template":"","meta":[],"product_brand":[],"product_cat":[370,367,373],"product_tag":[861,518,446,863],"class_list":{"0":"post-42279","1":"product","2":"type-product","3":"status-publish","4":"has-post-thumbnail","6":"product_cat-bodysuit","7":"product_cat-sexy-lingerie","8":"product_cat-wholesale-sexy-mesh-bodysuit","9":"product_tag-brunette-lingerie","10":"product_tag-mesh-lingerie","11":"product_tag-wholesale-sexy-see-through-lingerie","12":"product_tag-sexy-thong-lingerie","13":"pa_color-black","14":"pa_size-wholesale-large-size-women-sexy-lingerie","15":"pa_size-wholesale-medium-size-women-sexy-lingerie","16":"pa_size-wholesale-small-size-sexy-lingerie","18":"first","19":"instock","20":"taxable","21":"shipping-taxable","22":"purchasable","23":"product-type-variable"},"tiered_pricing_type":"fixed","tiered_pricing_fixed_rules":[],"tiered_pricing_product_settings":{"layout":"table","base_unit_name":{"singular":null,"plural":null},"default_variation":{}},"tiered_pricing_minimum_quantity":null,"tiered_pricing_roles_data":{"default_wholesaler":{"product_id":42279,"role":"default_wholesaler","pricing_type":"flat","regular_price":null,"sale_price":null,"discount":null,"discount_type":"sale_price","tiered_pricing_type":"fixed","percentage_rules":[],"fixed_rules":{"2":"9.19","30":"7.89","500":"6.89"},"minimum":null},"dropshippinger":{"product_id":42279,"role":"dropshippinger","pricing_type":"flat","regular_price":null,"sale_price":null,"discount":null,"discount_type":"sale_price","tiered_pricing_type":"fixed","percentage_rules":[],"fixed_rules":{"1":"10.99","5":"9.19","30":"7.89"},"minimum":null}},"tiered_pricing_percentage_rules":[],"tiered_pricing_maximum_quantity":null,"tiered_pricing_quantity_step":null,"_links":{"self":[{"href":"https:\/\/gretasexylingerie.com\/da\/wp-json\/wp\/v2\/product\/42279","targetHints":{"allow":["GET"]}}],"collection":[{"href":"https:\/\/gretasexylingerie.com\/da\/wp-json\/wp\/v2\/product"}],"about":[{"href":"https:\/\/gretasexylingerie.com\/da\/wp-json\/wp\/v2\/types\/product"}],"wp:featuredmedia":[{"embeddable":true,"href":"https:\/\/gretasexylingerie.com\/da\/wp-json\/wp\/v2\/media\/42295"}],"wp:attachment":[{"href":"https:\/\/gretasexylingerie.com\/da\/wp-json\/wp\/v2\/media?parent=42279"}],"wp:term":[{"taxonomy":"product_brand","embeddable":true,"href":"https:\/\/gretasexylingerie.com\/da\/wp-json\/wp\/v2\/product_brand?post=42279"},{"taxonomy":"product_cat","embeddable":true,"href":"https:\/\/gretasexylingerie.com\/da\/wp-json\/wp\/v2\/product_cat?post=42279"},{"taxonomy":"product_tag","embeddable":true,"href":"https:\/\/gretasexylingerie.com\/da\/wp-json\/wp\/v2\/product_tag?post=42279"}],"curies":[{"name":"wp","href":"https:\/\/api.w.org\/{rel}","templated":true}]}}