{"id":42193,"date":"2023-06-15T21:45:25","date_gmt":"2023-06-15T13:45:25","guid":{"rendered":"https:\/\/gretasexylingerie.com\/?post_type=product&#038;p=42193"},"modified":"2026-03-25T23:36:48","modified_gmt":"2026-03-25T15:36:48","slug":"gennemsigtig-blonde-bh-og-trussesaet-med-dobbelt-brystloft","status":"publish","type":"product","link":"https:\/\/gretasexylingerie.com\/da\/products\/see-through-lace-bra-and-panty-set-with-double-chest-lift\/","title":{"rendered":"Gennemsigtig blonde-bh og trusses\u00e6t med dobbelt brystl\u00f8ft"},"content":{"rendered":"<ol class=\"wp-block-list\">\n<li>Sensuelt design: Det gennemsigtige blondemateriale tilbyder en vovet \u00e6stetik, perfekt til dem, der s\u00f8ger sexet lingeri.<\/li>\n\n\n\n<li>Unikke funktioner: grime- og skulderremsdesignet giver et dobbelt brystl\u00f8ft, hvilket sikrer en forbedrende og flatterende pasform.<\/li>\n\n\n\n<li>Delikate detaljering: Tilf\u00f8jelsen af \u00f8jenvippedetaljer tilf\u00f8jer et strejf af elegance og fremh\u00e6ver kvaliteten af h\u00e5ndv\u00e6rket.<\/li>\n\n\n\n<li>Trend-alignet: Designet stemmer overens med de nuv\u00e6rende lingerietrends, hvilket g\u00f8r det til en favorit blandt mode-forwarden.<\/li>\n\n\n\n<li>Komfort og pasform: P\u00e5 trods af sit modige design sikrer s\u00e6ttet komfort og pasform takket v\u00e6re dets h\u00f8jkvalitetsmaterialer og gennemt\u00e6nkte design.<\/li>\n<\/ol>\n\n\n\n<p>Afslutningsvis er det gennemsigtige blonde-bh og trusses\u00e6t med dobbelt brystl\u00f8ft en f\u00e6ngslende blanding af vovet design og komfort. Dens unikke egenskaber og detaljerede h\u00e5ndv\u00e6rk g\u00f8r den til en eftertragtet tilf\u00f8jelse til enhver lingerikollektion, der lover et lokkende og sofistikeret look.<\/p>\n\n\n\n<figure class=\"wp-block-table is-style-stripes\"><table class=\"has-fixed-layout\"><tbody><tr><td colspan=\"5\">Site Chart (CM)<\/td><\/tr><tr><td>St\u00f8rrelse<\/td><td>L\u00e6ngde<\/td><td>\u00d8vre Buste<\/td><td>Nedre Buste<\/td><td>talje Line<\/td><\/tr><tr><td>S<\/td><td>20<\/td><td>68-88<\/td><td>61-88<\/td><td>66-96<\/td><\/tr><tr><td>M<\/td><td>21<\/td><td>72-92<\/td><td>65-92<\/td><td>70-100<\/td><\/tr><tr><td>L<\/td><td>22<\/td><td>79-96<\/td><td>69-96<\/td><td>74-104<\/td><\/tr><tr><td colspan=\"5\">Sitediagram (INCH)<\/td><\/tr><tr><td>St\u00f8rrelse<\/td><td>L\u00e6ngde<\/td><td>\u00d8vre Buste<\/td><td>Nedre Buste<\/td><td>talje Line<\/td><\/tr><tr><td>S<\/td><td>7.87<\/td><td>26.77-34.65<\/td><td>24.02-34.65<\/td><td>25.98-37.80<\/td><\/tr><tr><td>M<\/td><td>8.27<\/td><td>28.35-36.22<\/td><td>25.59-36.22<\/td><td>27.56-39.37<\/td><\/tr><tr><td>L<\/td><td>8.66<\/td><td>31.10-37.80<\/td><td>27.17-37.80<\/td><td>29.13-40.94<\/td><\/tr><\/tbody><\/table><\/figure>","protected":false},"excerpt":{"rendered":"<p>Oplev tiltr\u00e6kningen ved vores gennemsigtige blonde-bh og trusses\u00e6t med dobbelt brystl\u00f8ft. Dette lokkende ensemble, prydet med sarte \u00f8jenvippedetaljer, balancerer elegance og sensualitet. Grime- og skulderremdesignet forbedrer l\u00f8ft og st\u00f8tte og skaber et lingeri, der er lige s\u00e5 flatterende som attraktivt.<\/p>","protected":false},"featured_media":42210,"template":"","meta":[],"product_brand":[],"product_cat":[368,369,367,376],"product_tag":[448,522,528,516,451,446,880,867,504],"class_list":{"0":"post-42193","1":"product","2":"type-product","3":"status-publish","4":"has-post-thumbnail","6":"product_cat-bra-panty-set","7":"product_cat-wholesale-lace-bra-and-panty-sets","8":"product_cat-sexy-lingerie","9":"product_cat-wholesale-ultra-sexy-bra-panty-set","10":"product_tag-wholesale-elegant-sexy-lingerie","11":"product_tag-eyelash-lingerie","12":"product_tag-halter-lingerie","13":"product_tag-lace-lingerie","14":"product_tag-wholesale-revealing-lingerie","15":"product_tag-wholesale-sexy-see-through-lingerie","16":"product_tag-sexy-2-piece-lingerie","17":"product_tag-sexy-push-up-lingerie","18":"product_tag-ultra-sexy","19":"pa_color-black","20":"pa_color-red-women-sexy-lingerie","21":"pa_color-sea-green-women-sexy-lingerie","22":"pa_size-wholesale-large-size-women-sexy-lingerie","23":"pa_size-wholesale-medium-size-women-sexy-lingerie","24":"pa_size-wholesale-small-size-sexy-lingerie","26":"first","27":"instock","28":"taxable","29":"shipping-taxable","30":"purchasable","31":"product-type-variable"},"tiered_pricing_type":"fixed","tiered_pricing_fixed_rules":[],"tiered_pricing_product_settings":{"layout":"default","base_unit_name":{"singular":null,"plural":null},"default_variation":{}},"tiered_pricing_minimum_quantity":null,"tiered_pricing_roles_data":{"default_wholesaler":{"product_id":42193,"role":"default_wholesaler","pricing_type":"flat","regular_price":null,"sale_price":null,"discount":null,"discount_type":"sale_price","tiered_pricing_type":"fixed","percentage_rules":[],"fixed_rules":{"2":"9.69","30":"8.29","500":"7.29"},"minimum":null},"dropshippinger":{"product_id":42193,"role":"dropshippinger","pricing_type":"flat","regular_price":null,"sale_price":null,"discount":null,"discount_type":"sale_price","tiered_pricing_type":"fixed","percentage_rules":[],"fixed_rules":{"1":"11.59","5":"9.69","30":"8.29"},"minimum":null}},"tiered_pricing_percentage_rules":[],"tiered_pricing_maximum_quantity":null,"tiered_pricing_quantity_step":null,"_links":{"self":[{"href":"https:\/\/gretasexylingerie.com\/da\/wp-json\/wp\/v2\/product\/42193","targetHints":{"allow":["GET"]}}],"collection":[{"href":"https:\/\/gretasexylingerie.com\/da\/wp-json\/wp\/v2\/product"}],"about":[{"href":"https:\/\/gretasexylingerie.com\/da\/wp-json\/wp\/v2\/types\/product"}],"wp:featuredmedia":[{"embeddable":true,"href":"https:\/\/gretasexylingerie.com\/da\/wp-json\/wp\/v2\/media\/42210"}],"wp:attachment":[{"href":"https:\/\/gretasexylingerie.com\/da\/wp-json\/wp\/v2\/media?parent=42193"}],"wp:term":[{"taxonomy":"product_brand","embeddable":true,"href":"https:\/\/gretasexylingerie.com\/da\/wp-json\/wp\/v2\/product_brand?post=42193"},{"taxonomy":"product_cat","embeddable":true,"href":"https:\/\/gretasexylingerie.com\/da\/wp-json\/wp\/v2\/product_cat?post=42193"},{"taxonomy":"product_tag","embeddable":true,"href":"https:\/\/gretasexylingerie.com\/da\/wp-json\/wp\/v2\/product_tag?post=42193"}],"curies":[{"name":"wp","href":"https:\/\/api.w.org\/{rel}","templated":true}]}}