{"id":42175,"date":"2023-06-15T20:47:49","date_gmt":"2023-06-15T12:47:49","guid":{"rendered":"https:\/\/gretasexylingerie.com\/?post_type=product&#038;p=42175"},"modified":"2024-01-17T22:11:31","modified_gmt":"2024-01-17T14:11:31","slug":"sort-halterstrop-bh-og-trussesaet","status":"publish","type":"product","link":"https:\/\/gretasexylingerie.com\/da\/products\/black-halter-strap-bra-and-panty-set\/","title":{"rendered":"Sort Halter Strap BH og trusses\u00e6t"},"content":{"rendered":"<ol class=\"wp-block-list\">\n<li>Dobbelt design: Kombinationen af grime- og skulderstropper giver et unikt, flatterende design, perfekt til dem, der s\u00f8ger en innovativ lingeristil.<\/li>\n\n\n\n<li>Klassisk tiltr\u00e6kningskraft: S\u00e6ttets tidl\u00f8se sorte farve fremh\u00e6ver dets tiltr\u00e6kningskraft og sikrer, at det passer problemfrit ind i enhver lingerikollektion.<\/li>\n\n\n\n<li>Alsidig stil: Designet med dobbelt rem giver mulighed for alsidigt slid, hvilket g\u00f8r det velegnet til en r\u00e6kke forskellige outfits og lejligheder.<\/li>\n\n\n\n<li>Trend-aligned: Designet harmonerer med nutidige modetrends, hvilket g\u00f8r det til en favorit blandt de modebevidste.<\/li>\n\n\n\n<li>Komfort og pasform: S\u00e6ttet sikrer en behagelig pasform takket v\u00e6re kvalitetsmaterialerne og det gennemt\u00e6nkte design.<\/li>\n<\/ol>\n\n\n\n<p>Som konklusion tilbyder BH- og trusses\u00e6ttet med sort grime og skulderrem en stilfuld og behagelig mulighed for lingeri. Dens dobbelte stropdesign, den klassiske sorte nuance og den trendorienterede stil g\u00f8r den til en alsidig og attraktiv tilf\u00f8jelse, der lover at blive en fast bestanddel i enhver lingerikollektion.<\/p>\n\n\n\n<figure class=\"wp-block-table is-style-stripes\"><table class=\"has-fixed-layout\"><tbody><tr><td colspan=\"5\">Site Chart (CM)<\/td><\/tr><tr><td>St\u00f8rrelse<\/td><td>L\u00e6ngde<\/td><td>\u00d8vre Buste<\/td><td>Nedre Buste<\/td><td>talje Line<\/td><\/tr><tr><td>S<\/td><td>30<\/td><td>71-88<\/td><td>66<\/td><td>67<\/td><\/tr><tr><td>M<\/td><td>31<\/td><td>75-92<\/td><td>70<\/td><td>71<\/td><\/tr><tr><td>L<\/td><td>32<\/td><td>79-96<\/td><td>74<\/td><td>75<\/td><\/tr><tr><td colspan=\"5\">Sitediagram (INCH)<\/td><\/tr><tr><td>St\u00f8rrelse<\/td><td>L\u00e6ngde<\/td><td>\u00d8vre Buste<\/td><td>Nedre Buste<\/td><td>talje Line<\/td><\/tr><tr><td>S<\/td><td>11.81<\/td><td>27.95-34.65<\/td><td>25.98<\/td><td>26.38<\/td><\/tr><tr><td>M<\/td><td>12.2<\/td><td>29.53-36.22<\/td><td>27.56<\/td><td>27.95<\/td><\/tr><tr><td>L<\/td><td>12.6<\/td><td>31.10-37.80<\/td><td>29.13<\/td><td>29.53<\/td><\/tr><\/tbody><\/table><\/figure>","protected":false},"excerpt":{"rendered":"<p>Omfavn elegancen i vores sorte grime- og skulderrem-bh og trusses\u00e6t. Dette smarte ensemble med dobbelt grime- og skulderremsdesign tilbyder en blanding af stil og komfort. Dens m\u00f8rke nuance forst\u00e6rker tiltr\u00e6kningen og skaber et lingeri, der p\u00e5 samme tid er alsidigt og f\u00e6ngslende.<\/p>","protected":false},"featured_media":42186,"template":"","meta":[],"product_brand":[],"product_cat":[368,367,375],"product_tag":[861,448,528,524,973,880,867],"class_list":{"0":"post-42175","1":"product","2":"type-product","3":"status-publish","4":"has-post-thumbnail","6":"product_cat-bra-panty-set","7":"product_cat-sexy-lingerie","8":"product_cat-whoelsale-sheer-bra-and-panty-sets","9":"product_tag-brunette-lingerie","10":"product_tag-wholesale-elegant-sexy-lingerie","11":"product_tag-halter-lingerie","12":"product_tag-metal-lingerie","13":"product_tag-oem","14":"product_tag-sexy-2-piece-lingerie","15":"product_tag-sexy-push-up-lingerie","16":"pa_color-black","17":"pa_size-wholesale-large-size-women-sexy-lingerie","18":"pa_size-wholesale-medium-size-women-sexy-lingerie","19":"pa_size-wholesale-small-size-sexy-lingerie","21":"first","22":"outofstock","23":"taxable","24":"shipping-taxable","25":"purchasable","26":"product-type-variable"},"tiered_pricing_type":"fixed","tiered_pricing_fixed_rules":[],"tiered_pricing_product_settings":{"layout":"default","base_unit_name":{"singular":null,"plural":null},"default_variation":null},"tiered_pricing_minimum_quantity":null,"tiered_pricing_roles_data":{"default_wholesaler":{"product_id":42175,"role":"default_wholesaler","pricing_type":"flat","regular_price":null,"sale_price":null,"discount":null,"discount_type":"sale_price","tiered_pricing_type":"fixed","percentage_rules":[],"fixed_rules":{"2":"7.89","30":"6.69","500":"5.89"},"minimum":null},"dropshippinger":{"product_id":42175,"role":"dropshippinger","pricing_type":"flat","regular_price":null,"sale_price":null,"discount":null,"discount_type":"sale_price","tiered_pricing_type":"fixed","percentage_rules":[],"fixed_rules":{"1":"9.39","5":"7.89","30":"6.69"},"minimum":null}},"tiered_pricing_percentage_rules":[],"tiered_pricing_maximum_quantity":null,"tiered_pricing_quantity_step":null,"_links":{"self":[{"href":"https:\/\/gretasexylingerie.com\/da\/wp-json\/wp\/v2\/product\/42175","targetHints":{"allow":["GET"]}}],"collection":[{"href":"https:\/\/gretasexylingerie.com\/da\/wp-json\/wp\/v2\/product"}],"about":[{"href":"https:\/\/gretasexylingerie.com\/da\/wp-json\/wp\/v2\/types\/product"}],"wp:featuredmedia":[{"embeddable":true,"href":"https:\/\/gretasexylingerie.com\/da\/wp-json\/wp\/v2\/media\/42186"}],"wp:attachment":[{"href":"https:\/\/gretasexylingerie.com\/da\/wp-json\/wp\/v2\/media?parent=42175"}],"wp:term":[{"taxonomy":"product_brand","embeddable":true,"href":"https:\/\/gretasexylingerie.com\/da\/wp-json\/wp\/v2\/product_brand?post=42175"},{"taxonomy":"product_cat","embeddable":true,"href":"https:\/\/gretasexylingerie.com\/da\/wp-json\/wp\/v2\/product_cat?post=42175"},{"taxonomy":"product_tag","embeddable":true,"href":"https:\/\/gretasexylingerie.com\/da\/wp-json\/wp\/v2\/product_tag?post=42175"}],"curies":[{"name":"wp","href":"https:\/\/api.w.org\/{rel}","templated":true}]}}