{"id":42106,"date":"2023-06-14T22:41:55","date_gmt":"2023-06-14T14:41:55","guid":{"rendered":"https:\/\/gretasexylingerie.com\/?post_type=product&#038;p=42106"},"modified":"2024-04-04T12:35:36","modified_gmt":"2024-04-04T04:35:36","slug":"kontrastfarve-design-gennemsigtigt-mesh-tredelt-saet","status":"publish","type":"product","link":"https:\/\/gretasexylingerie.com\/da\/products\/contrasting-color-design-transparent-mesh-three-piece-set\/","title":{"rendered":"Kontrasterende farve Design Transparent Mesh tre-delt s\u00e6t"},"content":{"rendered":"<ol class=\"wp-block-list\">\n<li>Sl\u00e5ende design: Med kontrasterende farveelementer og gennemsigtigt mesh lover dette s\u00e6t en sl\u00e5ende \u00e6stetik.<\/li>\n\n\n\n<li>Unikt ensemble: Den tredelte konfiguration tilf\u00f8jer en unik dimension og tilbyder et komplet, koordineret look.<\/li>\n\n\n\n<li>Opm\u00e6rksomhed p\u00e5 detaljer: Brugen af kontrasterende farver viser en gennemt\u00e6nkt designtilgang, der forst\u00e6rker s\u00e6ttets charme.<\/li>\n\n\n\n<li>Trend-Aligned: Designet harmonerer med nutidige lingerietrends, hvilket g\u00f8r det til et moderne valg.<\/li>\n\n\n\n<li>Komfort og kvalitet: S\u00e6ttet er lavet af materialer af h\u00f8j kvalitet og sikrer en behagelig pasform og varig kvalitet.<\/li>\n<\/ol>\n\n\n\n<p>Afslutningsvis er det kontrastfarvede design gennemsigtige tredelte mesh-s\u00e6t en unik blanding af sl\u00e5ende design og komfort. Med sine dristige kontrastfarver og kvalitetsh\u00e5ndv\u00e6rk er den klar til at blive en bem\u00e6rkelsesv\u00e6rdig tilf\u00f8jelse til enhver lingerikollektion.<\/p>\n\n\n\n<figure class=\"wp-block-table is-style-stripes\"><table class=\"has-fixed-layout\"><tbody><tr><td colspan=\"5\">Site Chart (CM)<\/td><\/tr><tr><td>St\u00f8rrelse<\/td><td>L\u00e6ngde<\/td><td>\u00d8vre Buste<\/td><td>Nedre Buste<\/td><td>talje Line<\/td><\/tr><tr><td>S<\/td><td>12.5<\/td><td>64-88<\/td><td>62-88<\/td><td>66-96<\/td><\/tr><tr><td>M<\/td><td>13.5<\/td><td>68-92<\/td><td>66-92<\/td><td>70-100<\/td><\/tr><tr><td>L<\/td><td>14.5<\/td><td>72-96<\/td><td>70-96<\/td><td>74-104<\/td><\/tr><tr><td colspan=\"5\">Sitediagram (INCH)<\/td><\/tr><tr><td>St\u00f8rrelse<\/td><td>L\u00e6ngde<\/td><td>\u00d8vre Buste<\/td><td>Nedre Buste<\/td><td>talje Line<\/td><\/tr><tr><td>S<\/td><td>4.92<\/td><td>25.20-34.65<\/td><td>24.41-34.65<\/td><td>25.98-37.80<\/td><\/tr><tr><td>M<\/td><td>5.31<\/td><td>26.77-36.22<\/td><td>25.98-36.22<\/td><td>27.56-39.37<\/td><\/tr><tr><td>L<\/td><td>5.71<\/td><td>28.35-37.80<\/td><td>27.56-37.80<\/td><td>29.13-40.94<\/td><\/tr><\/tbody><\/table><\/figure>","protected":false},"excerpt":{"rendered":"<p>Oplev charmen ved vores kontrastfarvede transparente mesh-s\u00e6t i tre dele. Med et tankev\u00e6kkende samspil af farver, b\u00e6rer s\u00e6ttet en aura af smart sofistikering. Dens gennemsigtighed forbedrer den overordnede appel, hvilket giver et i\u00f8jnefaldende ensemble.<\/p>","protected":false},"featured_media":42124,"template":"","meta":[],"product_brand":[],"product_cat":[368,367,375],"product_tag":[868,452,518,451,446],"class_list":{"0":"post-42106","1":"product","2":"type-product","3":"status-publish","4":"has-post-thumbnail","6":"product_cat-bra-panty-set","7":"product_cat-sexy-lingerie","8":"product_cat-whoelsale-sheer-bra-and-panty-sets","9":"product_tag-4-piece-lingerie-set","10":"product_tag-wholesale-boudoir-lingerie","11":"product_tag-mesh-lingerie","12":"product_tag-wholesale-revealing-lingerie","13":"product_tag-wholesale-sexy-see-through-lingerie","14":"pa_color-deep-pink-women-sexy-lingerie","15":"pa_color-deep-pink-and-green","16":"pa_color-green","17":"pa_color-orange","18":"pa_size-wholesale-large-size-women-sexy-lingerie","19":"pa_size-wholesale-medium-size-women-sexy-lingerie","20":"pa_size-wholesale-small-size-sexy-lingerie","22":"first","23":"instock","24":"taxable","25":"shipping-taxable","26":"purchasable","27":"product-type-variable"},"tiered_pricing_type":"fixed","tiered_pricing_fixed_rules":[],"tiered_pricing_product_settings":{"layout":"table","base_unit_name":{"singular":null,"plural":null},"default_variation":null},"tiered_pricing_minimum_quantity":null,"tiered_pricing_roles_data":{"default_wholesaler":{"product_id":42106,"role":"default_wholesaler","pricing_type":"flat","regular_price":null,"sale_price":null,"discount":null,"discount_type":"sale_price","tiered_pricing_type":"fixed","percentage_rules":[],"fixed_rules":{"2":"9.19","30":"7.89","500":"6.89"},"minimum":null},"dropshippinger":{"product_id":42106,"role":"dropshippinger","pricing_type":"flat","regular_price":null,"sale_price":null,"discount":null,"discount_type":"sale_price","tiered_pricing_type":"fixed","percentage_rules":[],"fixed_rules":{"1":"10.99","5":"9.19","30":"7.89"},"minimum":null}},"tiered_pricing_percentage_rules":[],"tiered_pricing_maximum_quantity":null,"tiered_pricing_quantity_step":null,"_links":{"self":[{"href":"https:\/\/gretasexylingerie.com\/da\/wp-json\/wp\/v2\/product\/42106","targetHints":{"allow":["GET"]}}],"collection":[{"href":"https:\/\/gretasexylingerie.com\/da\/wp-json\/wp\/v2\/product"}],"about":[{"href":"https:\/\/gretasexylingerie.com\/da\/wp-json\/wp\/v2\/types\/product"}],"wp:featuredmedia":[{"embeddable":true,"href":"https:\/\/gretasexylingerie.com\/da\/wp-json\/wp\/v2\/media\/42124"}],"wp:attachment":[{"href":"https:\/\/gretasexylingerie.com\/da\/wp-json\/wp\/v2\/media?parent=42106"}],"wp:term":[{"taxonomy":"product_brand","embeddable":true,"href":"https:\/\/gretasexylingerie.com\/da\/wp-json\/wp\/v2\/product_brand?post=42106"},{"taxonomy":"product_cat","embeddable":true,"href":"https:\/\/gretasexylingerie.com\/da\/wp-json\/wp\/v2\/product_cat?post=42106"},{"taxonomy":"product_tag","embeddable":true,"href":"https:\/\/gretasexylingerie.com\/da\/wp-json\/wp\/v2\/product_tag?post=42106"}],"curies":[{"name":"wp","href":"https:\/\/api.w.org\/{rel}","templated":true}]}}