{"id":42089,"date":"2023-06-14T21:58:48","date_gmt":"2023-06-14T13:58:48","guid":{"rendered":"https:\/\/gretasexylingerie.com\/?post_type=product&#038;p=42089"},"modified":"2024-04-04T16:42:27","modified_gmt":"2024-04-04T08:42:27","slug":"sexet-bustier-saet-af-gennemsigtigt-mesh-leopardprint","status":"publish","type":"product","link":"https:\/\/gretasexylingerie.com\/da\/products\/sheer-mesh-leopard-print-sexy-bustier-set\/","title":{"rendered":"Engros Sheer Mesh Leopard Print Sexet Bustier S\u00e6t"},"content":{"rendered":"<ol class=\"wp-block-list\">\n<li>Fedt design: Leopardprintet og det gennemsigtige mesh danner sammen et design, der taler volumen, ideel til dem, der \u00f8nsker at give et modigt statement.<\/li>\n\n\n\n<li>Sp\u00e6ndende tiltr\u00e6kningskraft: Den sexede karakter af dette bustier s\u00e6t vil helt sikkert fange opm\u00e6rksomheden, hvilket giver dets tillokkende charme.<\/li>\n\n\n\n<li>Uds\u00f8gt h\u00e5ndv\u00e6rk: H\u00e5ndv\u00e6rket skinner i dette s\u00e6t, tydeligt i detaljerne og mesh af h\u00f8j kvalitet.<\/li>\n\n\n\n<li>Fashion-forward: Leopardprintet stemmer overens med k\u00e6rligheden til dyreprint i modeverdenen, hvilket g\u00f8r det til et trendy valg.<\/li>\n\n\n\n<li>Komfortabel pasform: P\u00e5 trods af dets vovede design garanterer bustier-s\u00e6ttet en behagelig pasform, hvilket sikrer brugerens tilfredshed.<\/li>\n<\/ol>\n\n\n\n<p>Afslutningsvis tilbyder Sheer Mesh Leopard Print Bustier Set en dynamisk blanding af fedt design og komfort. Med dets sp\u00e6ndende tiltr\u00e6kningskraft og trendjusterede design er dette smykke indstillet til at blive en fantastisk tilf\u00f8jelse til enhver lingerikollektion, der lover at gl\u00e6de, samtidig med at det sikrer brugernes tilfredshed.<\/p>\n\n\n\n<figure class=\"wp-block-table is-style-stripes\"><table class=\"has-fixed-layout\"><tbody><tr><td colspan=\"5\">Site Chart (CM)<\/td><td><\/td><\/tr><tr><td>St\u00f8rrelse<\/td><td>L\u00e6ngde<\/td><td>\u00d8vre Buste<\/td><td>Nedre Buste<\/td><td>talje Line<\/td><td>L\u00e6ngde<\/td><\/tr><tr><td>S<\/td><td>35<\/td><td>64-88<\/td><td>61-88<\/td><td>60-92<\/td><td>20<\/td><\/tr><tr><td>M<\/td><td>36<\/td><td>68-92<\/td><td>65-92<\/td><td>64-96<\/td><td>21<\/td><\/tr><tr><td>L<\/td><td>37<\/td><td>72-96<\/td><td>69-96<\/td><td>70-100<\/td><td>22<\/td><\/tr><tr><td colspan=\"5\">Sitediagram (INCH)<\/td><td><\/td><\/tr><tr><td>St\u00f8rrelse<\/td><td>L\u00e6ngde<\/td><td>\u00d8vre Buste<\/td><td>Nedre Buste<\/td><td>talje Line<\/td><td>L\u00e6ngde<\/td><\/tr><tr><td>S<\/td><td>13.78<\/td><td>25.20-34.65<\/td><td>24.02-34.65<\/td><td>23.62-36.22<\/td><td>7.87<\/td><\/tr><tr><td>M<\/td><td>14.17<\/td><td>26.77-36.22<\/td><td>25.59-36.22<\/td><td>25.20-37.80<\/td><td>8.27<\/td><\/tr><tr><td>L<\/td><td>14.57<\/td><td>28.35-37.80<\/td><td>27.17-37.80<\/td><td>27.56-39.37<\/td><td>8.66<\/td><\/tr><\/tbody><\/table><\/figure>","protected":false},"excerpt":{"rendered":"<p>Slip din indre forf\u00f8rer l\u00f8s med vores Sheer Mesh Leopard Print Bustier Set. Dette lune ensemble, badet i et levende leopardprint, er indbegrebet af vovet elegance. Den rene mesh-detalje forst\u00f8rrer dens lokkende tiltr\u00e6kning og skaber et medrivende lingeri-statement.<\/p>","protected":false},"featured_media":42097,"template":"","meta":[],"product_brand":[],"product_cat":[387,390,367],"product_tag":[507,448,518,869,865],"class_list":{"0":"post-42089","1":"product","2":"type-product","3":"status-publish","4":"has-post-thumbnail","6":"product_cat-wholesale-bustier-bra-set","7":"product_cat-wholesale-mesh-bustier","8":"product_cat-sexy-lingerie","9":"product_tag-three-pcs-set","10":"product_tag-wholesale-elegant-sexy-lingerie","11":"product_tag-mesh-lingerie","12":"product_tag-sexy-animal-print-lingerie","13":"product_tag-sexy-skimpy-lingerie","14":"pa_color-leopard","15":"pa_size-wholesale-large-size-women-sexy-lingerie","16":"pa_size-wholesale-medium-size-women-sexy-lingerie","17":"pa_size-wholesale-small-size-sexy-lingerie","19":"first","20":"instock","21":"taxable","22":"shipping-taxable","23":"purchasable","24":"product-type-variable"},"tiered_pricing_type":"fixed","tiered_pricing_fixed_rules":[],"tiered_pricing_product_settings":{"layout":"table","base_unit_name":{"singular":null,"plural":null},"default_variation":null},"tiered_pricing_minimum_quantity":null,"tiered_pricing_roles_data":{"default_wholesaler":{"product_id":42089,"role":"default_wholesaler","pricing_type":"flat","regular_price":null,"sale_price":null,"discount":null,"discount_type":"sale_price","tiered_pricing_type":"fixed","percentage_rules":[],"fixed_rules":{"2":"9.19","30":"7.89","500":"6.89"},"minimum":null},"dropshippinger":{"product_id":42089,"role":"dropshippinger","pricing_type":"flat","regular_price":null,"sale_price":null,"discount":null,"discount_type":"sale_price","tiered_pricing_type":"fixed","percentage_rules":[],"fixed_rules":{"1":"10.99","5":"9.19","30":"7.89"},"minimum":null}},"tiered_pricing_percentage_rules":[],"tiered_pricing_maximum_quantity":null,"tiered_pricing_quantity_step":null,"_links":{"self":[{"href":"https:\/\/gretasexylingerie.com\/da\/wp-json\/wp\/v2\/product\/42089","targetHints":{"allow":["GET"]}}],"collection":[{"href":"https:\/\/gretasexylingerie.com\/da\/wp-json\/wp\/v2\/product"}],"about":[{"href":"https:\/\/gretasexylingerie.com\/da\/wp-json\/wp\/v2\/types\/product"}],"wp:featuredmedia":[{"embeddable":true,"href":"https:\/\/gretasexylingerie.com\/da\/wp-json\/wp\/v2\/media\/42097"}],"wp:attachment":[{"href":"https:\/\/gretasexylingerie.com\/da\/wp-json\/wp\/v2\/media?parent=42089"}],"wp:term":[{"taxonomy":"product_brand","embeddable":true,"href":"https:\/\/gretasexylingerie.com\/da\/wp-json\/wp\/v2\/product_brand?post=42089"},{"taxonomy":"product_cat","embeddable":true,"href":"https:\/\/gretasexylingerie.com\/da\/wp-json\/wp\/v2\/product_cat?post=42089"},{"taxonomy":"product_tag","embeddable":true,"href":"https:\/\/gretasexylingerie.com\/da\/wp-json\/wp\/v2\/product_tag?post=42089"}],"curies":[{"name":"wp","href":"https:\/\/api.w.org\/{rel}","templated":true}]}}