{"id":42074,"date":"2023-06-14T21:33:45","date_gmt":"2023-06-14T13:33:45","guid":{"rendered":"https:\/\/gretasexylingerie.com\/?post_type=product&#038;p=42074"},"modified":"2024-04-04T12:31:14","modified_gmt":"2024-04-04T04:31:14","slug":"sort-fiskenet-bh-og-trussesaet-med-flettet-syning","status":"publish","type":"product","link":"https:\/\/gretasexylingerie.com\/da\/products\/black-fishnet-bra-and-panty-set-with-braided-stitching\/","title":{"rendered":"Sort fiskenet bh og trusses\u00e6t med flettet syning"},"content":{"rendered":"<ol class=\"wp-block-list\">\n<li>Dristende design: Kombinationen af fiskenet og hule detaljer g\u00f8r dette s\u00e6t til et modigt valg, der tilf\u00f8jer et lag af sp\u00e6nding til enhver lingerikollektion.<\/li>\n\n\n\n<li>Unikt h\u00e5ndv\u00e6rk: De brede flettede syninger udviser den indviklede opm\u00e6rksomhed p\u00e5 detaljer og kvalitet, der gik ind i dette s\u00e6ts skabelse.<\/li>\n\n\n\n<li>Sensuel tiltr\u00e6kningskraft: Dens super sexede \u00e6stetik henvender sig til dem, der s\u00f8ger at udforske vovede og provokerende lingeristile.<\/li>\n\n\n\n<li>Trend-Aligned: Designet er synkroniseret med edgy modetrends, hvilket g\u00f8r det til en potentiel crowd-pleaser blandt mode-forward.<\/li>\n\n\n\n<li>Komfort og pasform: Trods dets vovede design, er komforten ikke g\u00e5et p\u00e5 kompromis. Materialer og h\u00e5ndv\u00e6rk af h\u00f8j kvalitet sikrer en god pasform og behagelig b\u00e6reoplevelse.<\/li>\n<\/ol>\n\n\n\n<p>Som konklusion er Black Fishnet BH og Trusses\u00e6t en sensationel tilf\u00f8jelse til enhver lingerikollektion. Med sit vovede design og indviklede h\u00e5ndv\u00e6rk lover den at f\u00e6ngsle, samtidig med at den sikrer et kompromisl\u00f8st niveau af komfort og pasform.<\/p>\n\n\n\n<figure class=\"wp-block-table is-style-stripes\"><table class=\"has-fixed-layout\"><tbody><tr><td>Site Chart (CM)<\/td><td><\/td><td><\/td><td><\/td><\/tr><tr><td>St\u00f8rrelse<\/td><td>\u00d8vre Bust<\/td><td>Nedre Buste<\/td><td>L\u00e6ngde<\/td><\/tr><tr><td>S<\/td><td>66-88<\/td><td>65-88<\/td><td>52<\/td><\/tr><tr><td>M<\/td><td>70-92<\/td><td>69-92<\/td><td>53.5<\/td><\/tr><tr><td>L<\/td><td>74-96<\/td><td>73-96<\/td><td>55<\/td><\/tr><tr><td>Sitediagram (INCH)<\/td><td><\/td><td><\/td><td><\/td><\/tr><tr><td>St\u00f8rrelse<\/td><td>L\u00e6ngde<\/td><td>\u00d8vre Buste<\/td><td>Taljeb\u00e5nd<\/td><\/tr><tr><td>S<\/td><td>25.98-34.65<\/td><td>25.59-34.65<\/td><td>20.47<\/td><\/tr><tr><td>M<\/td><td>27.56-36.22<\/td><td>27.17-36.22<\/td><td>21.06<\/td><\/tr><tr><td>L<\/td><td>29.13-37.80<\/td><td>28.74-37.80<\/td><td>21.65<\/td><\/tr><\/tbody><\/table><\/figure>","protected":false},"excerpt":{"rendered":"<p>Afd\u00e6kke lokket ved vores sorte fiskenet-bh og trusses\u00e6t. Dette unikke ensemble, udformet med indviklede, hule, brede flettede syninger, pr\u00e6senterer en fusion af vovet og detaljeret h\u00e5ndv\u00e6rk. Den provokerende appel ved dette s\u00e6t skaber en uimodst\u00e5elig, ultra-sexet p\u00e5kl\u00e6dning.<\/p>\n<p>https:\/\/youtu.be\/RQJhhFsyr8Y<\/p>","protected":false},"featured_media":42084,"template":"","meta":[],"product_brand":[],"product_cat":[368,374,367,375,376],"product_tag":[507,541,518,451,446,453,447,504],"class_list":{"0":"post-42074","1":"product","2":"type-product","3":"status-publish","4":"has-post-thumbnail","6":"product_cat-bra-panty-set","7":"product_cat-wholesale-garter-belt-set","8":"product_cat-sexy-lingerie","9":"product_cat-whoelsale-sheer-bra-and-panty-sets","10":"product_cat-wholesale-ultra-sexy-bra-panty-set","11":"product_tag-three-pcs-set","12":"product_tag-fishnet-lingerie","13":"product_tag-mesh-lingerie","14":"product_tag-wholesale-revealing-lingerie","15":"product_tag-wholesale-sexy-see-through-lingerie","16":"product_tag-wholesale-sexy-naughty-lingerie","17":"product_tag-wholesale-strappy-sexy-lingerie","18":"product_tag-ultra-sexy","19":"pa_color-black","20":"pa_size-wholesale-large-size-women-sexy-lingerie","21":"pa_size-wholesale-medium-size-women-sexy-lingerie","22":"pa_size-wholesale-small-size-sexy-lingerie","24":"first","25":"instock","26":"taxable","27":"shipping-taxable","28":"purchasable","29":"product-type-variable"},"tiered_pricing_type":"fixed","tiered_pricing_fixed_rules":[],"tiered_pricing_product_settings":{"layout":"table","base_unit_name":{"singular":null,"plural":null},"default_variation":{}},"tiered_pricing_minimum_quantity":null,"tiered_pricing_roles_data":{"default_wholesaler":{"product_id":42074,"role":"default_wholesaler","pricing_type":"flat","regular_price":null,"sale_price":null,"discount":null,"discount_type":"sale_price","tiered_pricing_type":"fixed","percentage_rules":[],"fixed_rules":{"2":"9.39","30":"8.09","500":"7.09"},"minimum":null},"dropshippinger":{"product_id":42074,"role":"dropshippinger","pricing_type":"flat","regular_price":null,"sale_price":null,"discount":null,"discount_type":"sale_price","tiered_pricing_type":"fixed","percentage_rules":[],"fixed_rules":{"1":"11.29","5":"9.39","30":"8.09"},"minimum":null}},"tiered_pricing_percentage_rules":[],"tiered_pricing_maximum_quantity":null,"tiered_pricing_quantity_step":null,"_links":{"self":[{"href":"https:\/\/gretasexylingerie.com\/da\/wp-json\/wp\/v2\/product\/42074","targetHints":{"allow":["GET"]}}],"collection":[{"href":"https:\/\/gretasexylingerie.com\/da\/wp-json\/wp\/v2\/product"}],"about":[{"href":"https:\/\/gretasexylingerie.com\/da\/wp-json\/wp\/v2\/types\/product"}],"wp:featuredmedia":[{"embeddable":true,"href":"https:\/\/gretasexylingerie.com\/da\/wp-json\/wp\/v2\/media\/42084"}],"wp:attachment":[{"href":"https:\/\/gretasexylingerie.com\/da\/wp-json\/wp\/v2\/media?parent=42074"}],"wp:term":[{"taxonomy":"product_brand","embeddable":true,"href":"https:\/\/gretasexylingerie.com\/da\/wp-json\/wp\/v2\/product_brand?post=42074"},{"taxonomy":"product_cat","embeddable":true,"href":"https:\/\/gretasexylingerie.com\/da\/wp-json\/wp\/v2\/product_cat?post=42074"},{"taxonomy":"product_tag","embeddable":true,"href":"https:\/\/gretasexylingerie.com\/da\/wp-json\/wp\/v2\/product_tag?post=42074"}],"curies":[{"name":"wp","href":"https:\/\/api.w.org\/{rel}","templated":true}]}}