{"id":42023,"date":"2023-06-13T23:02:49","date_gmt":"2023-06-13T15:02:49","guid":{"rendered":"https:\/\/gretasexylingerie.com\/?post_type=product&#038;p=42023"},"modified":"2024-04-04T00:23:53","modified_gmt":"2024-04-03T16:23:53","slug":"lilla-ojenvipper-blonder-lingeri-saet-med-strompeband","status":"publish","type":"product","link":"https:\/\/gretasexylingerie.com\/da\/products\/purple-eyelash-lace-lingerie-set-with-garter\/","title":{"rendered":"Lilla \u00f8jenvipper Blonde Lingeri S\u00e6t med str\u00f8mpeb\u00e5nd"},"content":{"rendered":"<ol class=\"wp-block-list\">\n<li>Sl\u00e5ende design: Dette lingeris\u00e6t lover at v\u00e6re en i\u00f8jnefaldende tilf\u00f8jelse, der kombinerer gennemsigtige blonder med en levende lilla nuance.<\/li>\n\n\n\n<li>Detailing Excellence: \u00d8jenvippeblondedetaljer sikrer sofistikering og tilf\u00f8jer mere raffinement til ensemblet.<\/li>\n\n\n\n<li>Unikt ensemble: Det medf\u00f8lgende str\u00f8mpeb\u00e5nd fremh\u00e6ver s\u00e6ttets unikke karakter og appellerer til dem, der s\u00f8ger karakteristiske lingeri.<\/li>\n\n\n\n<li>Trend-aligned: Designet er p\u00e5 linje med moderne modetrends, hvilket g\u00f8r det til en potentiel favorit blandt fashionable individer.<\/li>\n\n\n\n<li>Kvalitet og komfort: Materialer og h\u00e5ndv\u00e6rk af h\u00f8j kvalitet lover en behagelig pasform, hvilket sikrer brugerens tilfredshed.<\/li>\n<\/ol>\n\n\n\n<p>Afslutningsvis er Purple Eyelash Lace Lingerie Set, med sit detaljerede design og stilfulde str\u00f8mpeb\u00e5nd, et mesterv\u00e6rk, der balancerer trendiness med kvalitet og komfort. Dette ekstraordin\u00e6re ensemble er klar til at im\u00f8dekomme behovene og overg\u00e5 forventningerne hos enhver lingeri-kender, og tilbyder b\u00e5de visuel appel og brugertilfredshed.<\/p>\n\n\n\n<figure class=\"wp-block-table is-style-stripes\"><table class=\"has-fixed-layout\"><tbody><tr><td colspan=\"5\">Site Chart (CM)<\/td><\/tr><tr><td>St\u00f8rrelse<\/td><td>Buste<\/td><td>L\u00e6ngde<\/td><td>Taljeb\u00e5nd<\/td><td>talje Line<\/td><\/tr><tr><td>S<\/td><td>70-88<\/td><td>13<\/td><td>62<\/td><td>65<\/td><\/tr><tr><td>M<\/td><td>74-92<\/td><td>13.5<\/td><td>66<\/td><td>69<\/td><\/tr><tr><td>L<\/td><td>78-96<\/td><td>14<\/td><td>70<\/td><td>73<\/td><\/tr><tr><td colspan=\"5\">Sitediagram (INCH)<\/td><\/tr><tr><td>St\u00f8rrelse<\/td><td>L\u00e6ngde<\/td><td>\u00d8vre Buste<\/td><td>Taljeb\u00e5nd<\/td><td>talje Line<\/td><\/tr><tr><td>S<\/td><td>27.56-34.65<\/td><td>5.12<\/td><td>24.41<\/td><td>25.59<\/td><\/tr><tr><td>M<\/td><td>29.13-36.22<\/td><td>5.31<\/td><td>25.98<\/td><td>27.17<\/td><\/tr><tr><td>L<\/td><td>30.71-37.80<\/td><td>5.51<\/td><td>27.56<\/td><td>28.74<\/td><\/tr><\/tbody><\/table><\/figure>","protected":false},"excerpt":{"rendered":"<p>Oplev charmen ved vores Purple Eyelash Lace Lingeri S\u00e6t, komplet med et stilfuldt str\u00f8mpeb\u00e5nd. S\u00e6ttet er lavet med indviklede, gennemsigtige blonder og udstr\u00e5ler elegance og charme. Den fantastiske lilla farve tilf\u00f8jer et tydeligt pr\u00e6g og skaber et luksuri\u00f8st ensemble.<\/p>\n<p><iframe title=\"Lilla \u00f8jenvipper Blonde Lingeri S\u00e6t med str\u00f8mpeb\u00e5nd\" src=\"https:\/\/www.youtube.com\/embed\/HB6cl3kIb9E\" width=\"840\" height=\"630\" frameborder=\"0\" allowfullscreen=\"allowfullscreen\"><\/iframe><\/p>","protected":false},"featured_media":42033,"template":"","meta":[],"product_brand":[],"product_cat":[368,369,367],"product_tag":[507,452,448,516,446],"class_list":{"0":"post-42023","1":"product","2":"type-product","3":"status-publish","4":"has-post-thumbnail","6":"product_cat-bra-panty-set","7":"product_cat-wholesale-lace-bra-and-panty-sets","8":"product_cat-sexy-lingerie","9":"product_tag-three-pcs-set","10":"product_tag-wholesale-boudoir-lingerie","11":"product_tag-wholesale-elegant-sexy-lingerie","12":"product_tag-lace-lingerie","13":"product_tag-wholesale-sexy-see-through-lingerie","14":"pa_color-purple-women-sexy-lingerie","15":"pa_size-wholesale-large-size-women-sexy-lingerie","16":"pa_size-wholesale-medium-size-women-sexy-lingerie","17":"pa_size-wholesale-small-size-sexy-lingerie","19":"first","20":"instock","21":"taxable","22":"shipping-taxable","23":"purchasable","24":"product-type-variable"},"tiered_pricing_type":"fixed","tiered_pricing_fixed_rules":[],"tiered_pricing_product_settings":{"layout":"table","base_unit_name":{"singular":null,"plural":null},"default_variation":{}},"tiered_pricing_minimum_quantity":null,"tiered_pricing_roles_data":{"default_wholesaler":{"product_id":42023,"role":"default_wholesaler","pricing_type":"flat","regular_price":null,"sale_price":null,"discount":null,"discount_type":"sale_price","tiered_pricing_type":"fixed","percentage_rules":[],"fixed_rules":{"2":"7.59","30":"6.49","500":"5.69"},"minimum":null},"dropshippinger":{"product_id":42023,"role":"dropshippinger","pricing_type":"flat","regular_price":null,"sale_price":null,"discount":null,"discount_type":"sale_price","tiered_pricing_type":"fixed","percentage_rules":[],"fixed_rules":{"1":"9.09","5":"7.59","30":"6.49"},"minimum":null}},"tiered_pricing_percentage_rules":[],"tiered_pricing_maximum_quantity":null,"tiered_pricing_quantity_step":null,"_links":{"self":[{"href":"https:\/\/gretasexylingerie.com\/da\/wp-json\/wp\/v2\/product\/42023","targetHints":{"allow":["GET"]}}],"collection":[{"href":"https:\/\/gretasexylingerie.com\/da\/wp-json\/wp\/v2\/product"}],"about":[{"href":"https:\/\/gretasexylingerie.com\/da\/wp-json\/wp\/v2\/types\/product"}],"wp:featuredmedia":[{"embeddable":true,"href":"https:\/\/gretasexylingerie.com\/da\/wp-json\/wp\/v2\/media\/42033"}],"wp:attachment":[{"href":"https:\/\/gretasexylingerie.com\/da\/wp-json\/wp\/v2\/media?parent=42023"}],"wp:term":[{"taxonomy":"product_brand","embeddable":true,"href":"https:\/\/gretasexylingerie.com\/da\/wp-json\/wp\/v2\/product_brand?post=42023"},{"taxonomy":"product_cat","embeddable":true,"href":"https:\/\/gretasexylingerie.com\/da\/wp-json\/wp\/v2\/product_cat?post=42023"},{"taxonomy":"product_tag","embeddable":true,"href":"https:\/\/gretasexylingerie.com\/da\/wp-json\/wp\/v2\/product_tag?post=42023"}],"curies":[{"name":"wp","href":"https:\/\/api.w.org\/{rel}","templated":true}]}}