{"id":41891,"date":"2023-06-12T22:56:10","date_gmt":"2023-06-12T14:56:10","guid":{"rendered":"https:\/\/gretasexylingerie.com\/?post_type=product&#038;p=41891"},"modified":"2024-04-03T23:15:46","modified_gmt":"2024-04-03T15:15:46","slug":"fortryllende-mesh-love-bh-trussesaet-med-strompeband","status":"publish","type":"product","link":"https:\/\/gretasexylingerie.com\/da\/products\/enchanting-mesh-love-bra-panty-set-with-garter\/","title":{"rendered":"Fortryllende Mesh Love BH &amp; Trusses\u00e6t med str\u00f8mpeb\u00e5nd"},"content":{"rendered":"<ol class=\"wp-block-list\">\n<li>Forf\u00f8rende Mesh Delight: Mesh-materialet frister sanserne og afsl\u00f8rer lige nok til at lokke og begejstre.<\/li>\n\n\n\n<li>Indviklet k\u00e6rlighedsbroderi: Det delikate broderi med et k\u00e6rlighedsinspireret m\u00f8nster tilf\u00f8jer et strejf af elegance og romantik, hvilket forst\u00e6rker s\u00e6ttets overordnede tiltr\u00e6kningskraft.<\/li>\n\n\n\n<li>Perfekt pasform, uimodst\u00e5elig selvtillid: Med tre st\u00f8rrelser (S, M, L) at v\u00e6lge imellem, tilbyder dette s\u00e6t en behagelig og flatterende pasform, s\u00e5 dine kunder kan omfavne deres krop med selvtillid.<\/li>\n\n\n\n<li>F\u00e6ngslende farvevalg: V\u00e6lg mellem sorts tidl\u00f8se tiltr\u00e6kning eller Pinks legende charme, der tilbyder muligheder, der passer til forskellige stemninger og pr\u00e6ferencer.<\/li>\n\n\n\n<li>Fuldend det sensuelle look: Det medf\u00f8lgende str\u00f8mpeb\u00e5nd tilf\u00f8jer et strejf af forf\u00f8rende sofistikering, s\u00e5 dine kunder kan skabe et dragende ensemble, der udstr\u00e5ler selvtillid og tiltr\u00e6kning.<\/li>\n<\/ol>\n\n\n\n<p>For\u00f8g dine undert\u00f8jstilbud med vores fortryllende Mesh Love BH &amp; Trusses\u00e6t med str\u00f8mpeb\u00e5nd. Designet til at f\u00e6ngsle og lokke, dette s\u00e6t fremviser sexet mesh, indviklet k\u00e6rlighedsinspireret broderi, en perfekt pasform for selvtillid, f\u00e6ngslende farvevalg og den ekstra tiltr\u00e6kning af et str\u00f8mpeb\u00e5nd. Dette uimodst\u00e5elige lingeris\u00e6t lader dine kunder opleve fortryllelsen og l\u00e5se op for deres \u00f8nsker.<\/p>\n\n\n\n<figure class=\"wp-block-table is-style-stripes\"><table><tbody><tr><td colspan=\"5\">Site Chart (CM)<\/td><td><\/td><\/tr><tr><td>St\u00f8rrelse<\/td><td>L\u00e6ngde<\/td><td>\u00d8vre Buste<\/td><td>Nedre Buste<\/td><td>Taljeb\u00e5nd<\/td><td>talje Line<\/td><\/tr><tr><td>S<\/td><td>19<\/td><td>68-88<\/td><td>64<\/td><td>65<\/td><td>66<\/td><\/tr><tr><td>M<\/td><td>20<\/td><td>72-92<\/td><td>68<\/td><td>69<\/td><td>70<\/td><\/tr><tr><td>L<\/td><td>21<\/td><td>76-96<\/td><td>72<\/td><td>73<\/td><td>74<\/td><\/tr><tr><td colspan=\"5\">Sitediagram (INCH)<\/td><td><\/td><\/tr><tr><td>St\u00f8rrelse<\/td><td>L\u00e6ngde<\/td><td>\u00d8vre Buste<\/td><td>Nedre Buste<\/td><td>Taljeb\u00e5nd<\/td><td>talje Line<\/td><\/tr><tr><td>S<\/td><td>7.48<\/td><td>26.77-34.65<\/td><td>25.2<\/td><td>25.59<\/td><td>25.98<\/td><\/tr><tr><td>M<\/td><td>7.87<\/td><td>28.35-36.22<\/td><td>26.77<\/td><td>27.17<\/td><td>27.56<\/td><\/tr><tr><td>L<\/td><td>8.27<\/td><td>29.92-37.80<\/td><td>28.35<\/td><td>28.74<\/td><td>29.13<\/td><\/tr><\/tbody><\/table><\/figure>","protected":false},"excerpt":{"rendered":"<p>Fork\u00e6l dig selv med lokket ved vores fortryllende Mesh Love BH &amp; Trusses\u00e6t med str\u00f8mpeb\u00e5nd. Dette s\u00e6t er lavet af uds\u00f8gt mesh-materiale og har indviklede broderier med et k\u00e6rlighedsinspireret m\u00f8nster, dette s\u00e6t er designet til at t\u00e6nde lidenskab og skabe en fortryllende oplevelse for dine kunder.<\/p>\n<p>https:\/\/youtu.be\/4Vl_EAK_UIs<\/p>","protected":false},"featured_media":41910,"template":"","meta":[],"product_brand":[],"product_cat":[368,369,367,375],"product_tag":[507,861,448,454,522,516,518,865],"class_list":{"0":"post-41891","1":"product","2":"type-product","3":"status-publish","4":"has-post-thumbnail","6":"product_cat-bra-panty-set","7":"product_cat-wholesale-lace-bra-and-panty-sets","8":"product_cat-sexy-lingerie","9":"product_cat-whoelsale-sheer-bra-and-panty-sets","10":"product_tag-three-pcs-set","11":"product_tag-brunette-lingerie","12":"product_tag-wholesale-elegant-sexy-lingerie","13":"product_tag-wholesale-sexy-embroidered-lingerie","14":"product_tag-eyelash-lingerie","15":"product_tag-lace-lingerie","16":"product_tag-mesh-lingerie","17":"product_tag-sexy-skimpy-lingerie","18":"pa_color-black","19":"pa_color-pink-women-sexy-lingerie","20":"pa_color-red-women-sexy-lingerie","21":"pa_size-wholesale-large-size-women-sexy-lingerie","22":"pa_size-wholesale-medium-size-women-sexy-lingerie","23":"pa_size-wholesale-small-size-sexy-lingerie","25":"first","26":"instock","27":"taxable","28":"shipping-taxable","29":"purchasable","30":"product-type-variable"},"tiered_pricing_type":"fixed","tiered_pricing_fixed_rules":[],"tiered_pricing_product_settings":{"layout":"table","base_unit_name":{"singular":null,"plural":null},"default_variation":{}},"tiered_pricing_minimum_quantity":null,"tiered_pricing_roles_data":{"default_wholesaler":{"product_id":41891,"role":"default_wholesaler","pricing_type":"flat","regular_price":null,"sale_price":null,"discount":null,"discount_type":"sale_price","tiered_pricing_type":"fixed","percentage_rules":[],"fixed_rules":{"2":"9.39","30":"8.09","500":"7.09"},"minimum":null},"dropshippinger":{"product_id":41891,"role":"dropshippinger","pricing_type":"flat","regular_price":null,"sale_price":null,"discount":null,"discount_type":"sale_price","tiered_pricing_type":"fixed","percentage_rules":[],"fixed_rules":{"1":"11.29","5":"9.39","30":"8.09"},"minimum":null}},"tiered_pricing_percentage_rules":[],"tiered_pricing_maximum_quantity":null,"tiered_pricing_quantity_step":null,"_links":{"self":[{"href":"https:\/\/gretasexylingerie.com\/da\/wp-json\/wp\/v2\/product\/41891","targetHints":{"allow":["GET"]}}],"collection":[{"href":"https:\/\/gretasexylingerie.com\/da\/wp-json\/wp\/v2\/product"}],"about":[{"href":"https:\/\/gretasexylingerie.com\/da\/wp-json\/wp\/v2\/types\/product"}],"wp:featuredmedia":[{"embeddable":true,"href":"https:\/\/gretasexylingerie.com\/da\/wp-json\/wp\/v2\/media\/41910"}],"wp:attachment":[{"href":"https:\/\/gretasexylingerie.com\/da\/wp-json\/wp\/v2\/media?parent=41891"}],"wp:term":[{"taxonomy":"product_brand","embeddable":true,"href":"https:\/\/gretasexylingerie.com\/da\/wp-json\/wp\/v2\/product_brand?post=41891"},{"taxonomy":"product_cat","embeddable":true,"href":"https:\/\/gretasexylingerie.com\/da\/wp-json\/wp\/v2\/product_cat?post=41891"},{"taxonomy":"product_tag","embeddable":true,"href":"https:\/\/gretasexylingerie.com\/da\/wp-json\/wp\/v2\/product_tag?post=41891"}],"curies":[{"name":"wp","href":"https:\/\/api.w.org\/{rel}","templated":true}]}}