{"id":41839,"date":"2023-06-12T22:28:11","date_gmt":"2023-06-12T14:28:11","guid":{"rendered":"https:\/\/gretasexylingerie.com\/?post_type=product&#038;p=41839"},"modified":"2023-09-05T20:52:09","modified_gmt":"2023-09-05T12:52:09","slug":"stralende-gemstone-mesh-bh-trussesaet-med-strompeband","status":"publish","type":"product","link":"https:\/\/gretasexylingerie.com\/da\/products\/radiant-gemstone-mesh-bra-panty-set-with-garter\/","title":{"rendered":"Radiant Gemstone Mesh BH &amp; Trusses\u00e6t med str\u00f8mpeb\u00e5nd"},"content":{"rendered":"<ol class=\"wp-block-list\">\n<li>Bl\u00e6ndende \u00e6delstensudsmykning: B\u00e6lte- og skulderremmene er prydet med str\u00e5lende \u00e6delsten, der l\u00f8fter s\u00e6ttet til nye niveauer af luksus og tiltr\u00e6kning.<\/li>\n\n\n\n<li>Forf\u00f8rende meshmateriale: Det gennemsigtige mesh fremh\u00e6ver dine naturlige kurver og skaber en dragende og fristende silhuet, der efterlader et varigt indtryk.<\/li>\n\n\n\n<li>Indviklet broderim\u00f8nster: Det indviklede broderim\u00f8nster tilf\u00f8jer et strejf af kunstnerisk og sofistikeret karakter og viser uds\u00f8gt h\u00e5ndv\u00e6rk og sans for detaljer.<\/li>\n\n\n\n<li>Alsidige farvemuligheder: V\u00e6lg mellem en r\u00e6kke f\u00e6ngslende farver, inklusive klassisk sort, passioneret r\u00f8d, dragende bl\u00e5, levende gr\u00f8n, fed orange og romantisk lyser\u00f8d, s\u00e5 du kan im\u00f8dekomme forskellige smage og pr\u00e6ferencer.<\/li>\n\n\n\n<li>Perfekt pasform til enhver krop: F\u00e5s i st\u00f8rrelserne S, M og L, vores s\u00e6t er designet til at give en behagelig og flatterende pasform til forskellige kropstyper, hvilket sikrer selvtillid og komfort.<\/li>\n<\/ol>\n\n\n\n<p>Du kan bruge vores Radiant Gemstone Mesh BH &amp; Trusses\u00e6t med str\u00f8mpeb\u00e5nd. Dette s\u00e6t er designet til at f\u00e6ngsle og styrke med bl\u00e6ndende \u00e6delstensudsmykning, forf\u00f8rende mesh-materiale, indviklede broderim\u00f8nstre, alsidige farvemuligheder og en perfekt pasform til alle. Omfavn din indre selvtillid og tiltr\u00e6kning med dette uds\u00f8gte lingeris\u00e6t.<\/p>\n\n\n\n<figure class=\"wp-block-table is-style-stripes\"><table><tbody><tr><td colspan=\"5\">Site Chart (CM)<\/td><td><\/td><\/tr><tr><td>St\u00f8rrelse<\/td><td>L\u00e6ngde<\/td><td>\u00d8vre Buste<\/td><td>Nedre Buste<\/td><td>Taljeb\u00e5nd<\/td><td>talje Line<\/td><\/tr><tr><td>S<\/td><td>21<\/td><td>72-88<\/td><td>69-88<\/td><td>64-92<\/td><td>70-96<\/td><\/tr><tr><td>M<\/td><td>22<\/td><td>76-92<\/td><td>73-92<\/td><td>68-96<\/td><td>74-100<\/td><\/tr><tr><td>L<\/td><td>23<\/td><td>80-96<\/td><td>77-96<\/td><td>72-100<\/td><td>78-104<\/td><\/tr><tr><td colspan=\"5\">Sitediagram (INCH)<\/td><td><\/td><\/tr><tr><td>St\u00f8rrelse<\/td><td>L\u00e6ngde<\/td><td>\u00d8vre Buste<\/td><td>Nedre Buste<\/td><td>Taljeb\u00e5nd<\/td><td>talje Line<\/td><\/tr><tr><td>S<\/td><td>8.27<\/td><td>28.35-34.65<\/td><td>27.17-34.65<\/td><td>25.20-36.22<\/td><td>27.56-37.80<\/td><\/tr><tr><td>M<\/td><td>8.66<\/td><td>29.92-36.22<\/td><td>28.74-36.22<\/td><td>26.77-37.80<\/td><td>29.13-39.37<\/td><\/tr><tr><td>L<\/td><td>9.06<\/td><td>31.50-37.80<\/td><td>30.31-37.80<\/td><td>28.35-39.37<\/td><td>30.71-40.94<\/td><\/tr><\/tbody><\/table><\/figure>","protected":false},"excerpt":{"rendered":"<p>Oplev elegance med vores Radiant Gemstone Mesh BH &amp; Trusses\u00e6t med str\u00f8mpeb\u00e5nd. Dette fascinerende s\u00e6t har uds\u00f8gte \u00e6delstensindl\u00e6g p\u00e5 b\u00e6ltet og skulderremmene, der tilf\u00f8jer et strejf af tiltr\u00e6kning og glamour. Det delikate mesh-materiale og det indviklede broderim\u00f8nster skaber et sensuelt og sofistikeret look. F\u00e5s i tre st\u00f8rrelser og forskellige fantastiske farver, dette s\u00e6t er designet til at lokke og styrke.<\/p>","protected":false},"featured_media":41883,"template":"","meta":[],"product_brand":[],"product_cat":[368,369,367,375],"product_tag":[868,452,448,454,870,518,864],"class_list":{"0":"post-41839","1":"product","2":"type-product","3":"status-publish","4":"has-post-thumbnail","6":"product_cat-bra-panty-set","7":"product_cat-wholesale-lace-bra-and-panty-sets","8":"product_cat-sexy-lingerie","9":"product_cat-whoelsale-sheer-bra-and-panty-sets","10":"product_tag-4-piece-lingerie-set","11":"product_tag-wholesale-boudoir-lingerie","12":"product_tag-wholesale-elegant-sexy-lingerie","13":"product_tag-wholesale-sexy-embroidered-lingerie","14":"product_tag-floral-lingerie","15":"product_tag-mesh-lingerie","16":"product_tag-sexy-petite-lingerie","17":"pa_color-black","18":"pa_color-blue-women-sexy-lingerie","19":"pa_color-green","20":"pa_color-orange","21":"pa_color-pink-women-sexy-lingerie","22":"pa_color-red-women-sexy-lingerie","23":"pa_size-wholesale-large-size-women-sexy-lingerie","24":"pa_size-wholesale-medium-size-women-sexy-lingerie","25":"pa_size-wholesale-small-size-sexy-lingerie","27":"first","28":"instock","29":"taxable","30":"shipping-taxable","31":"purchasable","32":"product-type-variable"},"tiered_pricing_type":"fixed","tiered_pricing_fixed_rules":[],"tiered_pricing_product_settings":{"layout":"default","base_unit_name":{"singular":null,"plural":null},"default_variation":null},"tiered_pricing_minimum_quantity":null,"tiered_pricing_roles_data":{"default_wholesaler":{"product_id":41839,"role":"default_wholesaler","pricing_type":"flat","regular_price":null,"sale_price":null,"discount":null,"discount_type":"sale_price","tiered_pricing_type":"fixed","percentage_rules":[],"fixed_rules":{"2":"11.19","30":"9.69","500":"8.39"},"minimum":null},"dropshippinger":{"product_id":41839,"role":"dropshippinger","pricing_type":"flat","regular_price":null,"sale_price":null,"discount":null,"discount_type":"sale_price","tiered_pricing_type":"fixed","percentage_rules":[],"fixed_rules":{"1":"13.49","5":"11.19","30":"9.69"},"minimum":null}},"tiered_pricing_percentage_rules":[],"tiered_pricing_maximum_quantity":null,"tiered_pricing_quantity_step":null,"_links":{"self":[{"href":"https:\/\/gretasexylingerie.com\/da\/wp-json\/wp\/v2\/product\/41839","targetHints":{"allow":["GET"]}}],"collection":[{"href":"https:\/\/gretasexylingerie.com\/da\/wp-json\/wp\/v2\/product"}],"about":[{"href":"https:\/\/gretasexylingerie.com\/da\/wp-json\/wp\/v2\/types\/product"}],"wp:featuredmedia":[{"embeddable":true,"href":"https:\/\/gretasexylingerie.com\/da\/wp-json\/wp\/v2\/media\/41883"}],"wp:attachment":[{"href":"https:\/\/gretasexylingerie.com\/da\/wp-json\/wp\/v2\/media?parent=41839"}],"wp:term":[{"taxonomy":"product_brand","embeddable":true,"href":"https:\/\/gretasexylingerie.com\/da\/wp-json\/wp\/v2\/product_brand?post=41839"},{"taxonomy":"product_cat","embeddable":true,"href":"https:\/\/gretasexylingerie.com\/da\/wp-json\/wp\/v2\/product_cat?post=41839"},{"taxonomy":"product_tag","embeddable":true,"href":"https:\/\/gretasexylingerie.com\/da\/wp-json\/wp\/v2\/product_tag?post=41839"}],"curies":[{"name":"wp","href":"https:\/\/api.w.org\/{rel}","templated":true}]}}