{"id":41800,"date":"2023-06-12T22:04:04","date_gmt":"2023-06-12T14:04:04","guid":{"rendered":"https:\/\/gretasexylingerie.com\/?post_type=product&#038;p=41800"},"modified":"2023-10-09T21:06:50","modified_gmt":"2023-10-09T13:06:50","slug":"temptation-mesh-bh-trussesaet-med-strompeband","status":"publish","type":"product","link":"https:\/\/gretasexylingerie.com\/da\/products\/temptation-mesh-bra-panty-set-with-garter\/","title":{"rendered":"Temptation Mesh BH &amp; Trusses\u00e6t med str\u00f8mpeb\u00e5nd"},"content":{"rendered":"<ol class=\"wp-block-list\">\n<li>Sensuel og provokerende: Det gennemsigtige mesh-stof balancerer perfekt forf\u00f8relse og sofistikering og appellerer til kunder, der s\u00f8ger f\u00e6ngslende lingeri.<\/li>\n\n\n\n<li>Fantastiske farvemuligheder: V\u00e6lg mellem en r\u00e6kke f\u00e6ngslende farver, inklusive klassisk sort, elegant hvid, passioneret r\u00f8d, lokkende bl\u00e5 og livlig lime, s\u00e5 dine kunder kan finde deres \u00f8nskede stil.<\/li>\n\n\n\n<li>Perfekt pasform til alle: F\u00e5s i st\u00f8rrelserne S, M og L, dette s\u00e6t henvender sig til en bred vifte af kropstyper, hvilket sikrer en behagelig og flatterende pasform til dine kunder.<\/li>\n\n\n\n<li>Uds\u00f8gte detaljer: De indviklede blondedetaljer tilf\u00f8jer et strejf af elegance og femininitet, hvilket forst\u00e6rker s\u00e6ttets overordnede tiltr\u00e6kning og visuelle appel.<\/li>\n\n\n\n<li>Fuldend looket: Det medf\u00f8lgende str\u00f8mpeb\u00e5nd tilf\u00f8jer et legende og forf\u00f8rende element, s\u00e5 dine kunder kan skabe et komplet og lokkende lingeri-ensemble.<\/li>\n<\/ol>\n\n\n\n<p>Opmuntr dine kunder med vores Temptation Mesh BH &amp; Trusses\u00e6t med str\u00f8mpeb\u00e5nd. Dette s\u00e6t er lavet med omhu og designet til at f\u00e6ngsle, og det tilbyder sensuel gennemsigtighed, attraktive farvemuligheder, en perfekt pasform, uds\u00f8gte detaljer og muligheden for at fuldende looket med det medf\u00f8lgende str\u00f8mpeb\u00e5nd. Du kan l\u00f8fte dit lingeri-tilbud og lokke dine B-end-kunder med dette uimodst\u00e5elige og dragende s\u00e6t.<\/p>\n\n\n\n<figure class=\"wp-block-table is-style-stripes\"><table><tbody><tr><td colspan=\"5\">Site Chart (CM)<\/td><td><\/td><\/tr><tr><td>St\u00f8rrelse<\/td><td>L\u00e6ngde<\/td><td>\u00d8vre Buste<\/td><td>Nedre Buste<\/td><td>Taljeb\u00e5nd<\/td><td>talje Line<\/td><\/tr><tr><td>S<\/td><td>14<\/td><td>68-88<\/td><td>66-88<\/td><td>62.5-92<\/td><td>65-96<\/td><\/tr><tr><td>M<\/td><td>15<\/td><td>72-92<\/td><td>70-92<\/td><td>66.5-96<\/td><td>69-100<\/td><\/tr><tr><td>L<\/td><td>16<\/td><td>76-96<\/td><td>74-96<\/td><td>70.5-100<\/td><td>73-104<\/td><\/tr><tr><td colspan=\"5\">Sitediagram (INCH)<\/td><td><\/td><\/tr><tr><td>St\u00f8rrelse<\/td><td>L\u00e6ngde<\/td><td>\u00d8vre Buste<\/td><td>Nedre Buste<\/td><td>Taljeb\u00e5nd<\/td><td>talje Line<\/td><\/tr><tr><td>S<\/td><td>5.51<\/td><td>26.77-34.65<\/td><td>25.98-34.65<\/td><td>24.61-36.22<\/td><td>25.59-37.80<\/td><\/tr><tr><td>M<\/td><td>5.91<\/td><td>28.35-36.22<\/td><td>27.56-36.22<\/td><td>26.18-37.80<\/td><td>27.17-39.37<\/td><\/tr><tr><td>L<\/td><td>6.3<\/td><td>29.92-37.80<\/td><td>29.13-37.80<\/td><td>27.76-39.37<\/td><td>28.74-40.94<\/td><\/tr><\/tbody><\/table><\/figure>","protected":false},"excerpt":{"rendered":"<p>L\u00f8ft din lingerikollektion med vores Temptation Mesh BH &amp; Trusses\u00e6t med str\u00f8mpeb\u00e5nd. Dette s\u00e6t er designet til at lokke og styrke og har forf\u00f8rende gennemsigtigt mesh-stof i forskellige f\u00e6ngslende farver. De justerbare stropper, indviklede blondedetaljer og medf\u00f8lgende str\u00f8mpeb\u00e5nd tilf\u00f8jer et uimodst\u00e5eligt strejf af tiltr\u00e6kning.<\/p>","protected":false},"featured_media":41821,"template":"","meta":[],"product_brand":[],"product_cat":[368,367,375],"product_tag":[507,452,448,518,451,446,863],"class_list":{"0":"post-41800","1":"product","2":"type-product","3":"status-publish","4":"has-post-thumbnail","6":"product_cat-bra-panty-set","7":"product_cat-sexy-lingerie","8":"product_cat-whoelsale-sheer-bra-and-panty-sets","9":"product_tag-three-pcs-set","10":"product_tag-wholesale-boudoir-lingerie","11":"product_tag-wholesale-elegant-sexy-lingerie","12":"product_tag-mesh-lingerie","13":"product_tag-wholesale-revealing-lingerie","14":"product_tag-wholesale-sexy-see-through-lingerie","15":"product_tag-sexy-thong-lingerie","16":"pa_color-black","17":"pa_color-blue-women-sexy-lingerie","18":"pa_color-green-yellow-women-sexy-lingerie","19":"pa_color-red-women-sexy-lingerie","20":"pa_color-white","21":"pa_size-wholesale-large-size-women-sexy-lingerie","22":"pa_size-wholesale-medium-size-women-sexy-lingerie","23":"pa_size-wholesale-small-size-sexy-lingerie","25":"first","26":"instock","27":"taxable","28":"shipping-taxable","29":"purchasable","30":"product-type-variable"},"tiered_pricing_type":"fixed","tiered_pricing_fixed_rules":[],"tiered_pricing_product_settings":{"layout":"default","base_unit_name":{"singular":null,"plural":null},"default_variation":{}},"tiered_pricing_minimum_quantity":null,"tiered_pricing_roles_data":{"default_wholesaler":{"product_id":41800,"role":"default_wholesaler","pricing_type":"flat","regular_price":null,"sale_price":null,"discount":null,"discount_type":"sale_price","tiered_pricing_type":"fixed","percentage_rules":[],"fixed_rules":{"2":"10.19","30":"8.79","500":"7.69"},"minimum":null},"dropshippinger":{"product_id":41800,"role":"dropshippinger","pricing_type":"flat","regular_price":null,"sale_price":null,"discount":null,"discount_type":"sale_price","tiered_pricing_type":"fixed","percentage_rules":[],"fixed_rules":{"1":"12.19","5":"10.19","30":"8.79"},"minimum":null}},"tiered_pricing_percentage_rules":[],"tiered_pricing_maximum_quantity":null,"tiered_pricing_quantity_step":null,"_links":{"self":[{"href":"https:\/\/gretasexylingerie.com\/da\/wp-json\/wp\/v2\/product\/41800","targetHints":{"allow":["GET"]}}],"collection":[{"href":"https:\/\/gretasexylingerie.com\/da\/wp-json\/wp\/v2\/product"}],"about":[{"href":"https:\/\/gretasexylingerie.com\/da\/wp-json\/wp\/v2\/types\/product"}],"wp:featuredmedia":[{"embeddable":true,"href":"https:\/\/gretasexylingerie.com\/da\/wp-json\/wp\/v2\/media\/41821"}],"wp:attachment":[{"href":"https:\/\/gretasexylingerie.com\/da\/wp-json\/wp\/v2\/media?parent=41800"}],"wp:term":[{"taxonomy":"product_brand","embeddable":true,"href":"https:\/\/gretasexylingerie.com\/da\/wp-json\/wp\/v2\/product_brand?post=41800"},{"taxonomy":"product_cat","embeddable":true,"href":"https:\/\/gretasexylingerie.com\/da\/wp-json\/wp\/v2\/product_cat?post=41800"},{"taxonomy":"product_tag","embeddable":true,"href":"https:\/\/gretasexylingerie.com\/da\/wp-json\/wp\/v2\/product_tag?post=41800"}],"curies":[{"name":"wp","href":"https:\/\/api.w.org\/{rel}","templated":true}]}}