{"id":39915,"date":"2023-04-27T20:59:37","date_gmt":"2023-04-27T12:59:37","guid":{"rendered":"https:\/\/gretasexylingerie.com\/?post_type=product&#038;p=39915"},"modified":"2023-11-14T20:47:11","modified_gmt":"2023-11-14T12:47:11","slug":"halter-neck-dyb-v-aben-ryg-fiskenet-kjole","status":"publish","type":"product","link":"https:\/\/gretasexylingerie.com\/da\/products\/halter-neck-deep-v-open-back-fishnet-dress\/","title":{"rendered":"Halter Neck Deep V Open Back Fishnet Dress"},"content":{"rendered":"<ul class=\"wp-block-list\">\n<li>F\u00e6ngslende stil: Halter Neck Fishnet Bodysuit&#039;s dybe V, \u00e5bne ryg og hule design skaber et yderst \u00f8nskv\u00e6rdigt lingeri, perfekt til at appellere til en bred vifte af kunder p\u00e5 dit m\u00e5lmarked.<\/li>\n\n\n\n<li>Sl\u00e5ende farvevalg: Tilbydes i b\u00e5de lummende sorte og ildr\u00f8de stilarter, hvilket giver virksomheder mulighed for at im\u00f8dekomme forskellige kundepr\u00e6ferencer og maksimere salgspotentialet.<\/li>\n\n\n\n<li>Smigrende og tilpasningsdygtig: Denne netdragt i \u00e9t stykke er fremstillet af f\u00f8rsteklasses netmateriale og tilpasser sig s\u00f8ml\u00f8st til forskellige kropsformer og st\u00f8rrelser, hvilket sikrer en gratis pasform til din mangfoldige kundekreds.<\/li>\n\n\n\n<li>Sensuelle detaljer: Det indviklede netm\u00f8nster og halterneck-design g\u00f8r denne bodysuit til en fremtr\u00e6dende tilf\u00f8jelse til enhver B2B-lingerikollektion, der understreger din forpligtelse til at levere unikke og dragende produkter.<\/li>\n\n\n\n<li>Perfekt til specielle lejligheder: Med sin \u00e5bne ryg og dybe V-design er Halter Neck Fishnet Bodysuit et ideelt valg for kunder, der s\u00f8ger at g\u00f8re et mindev\u00e6rdigt indtryk under romantiske \u00f8jeblikke eller s\u00e6rlige begivenheder.<\/li>\n<\/ul>\n\n\n\n<p><\/p>","protected":false},"excerpt":{"rendered":"<p>Vi introducerer Halter Neck Fishnet Bodysuit, et provokerende lingeri i \u00e9t stykke, der er vigtigt for B2B-kunder. Den kan prale af et dybt V, \u00e5ben ryg og lokkende hult design og f\u00e5s i fantastisk sort og r\u00f8d.<br \/>\n<iframe width=\"840\" height=\"473\" src=\"https:\/\/www.youtube.com\/embed\/x-biRT5MMiU\" title=\"Halter Neck Deep V Open Back Fishnet Dress\" frameborder=\"0\" allow=\"accelerometer; autoplay; clipboard-write; encrypted-media; gyroscope; picture-in-picture; web-share\" allowfullscreen><\/iframe><\/p>","protected":false},"featured_media":39922,"template":"","meta":[],"product_brand":[],"product_cat":[405,406,404],"product_tag":[452,448,541,446,865,504],"class_list":{"0":"post-39915","1":"product","2":"type-product","3":"status-publish","4":"has-post-thumbnail","6":"product_cat-wholesale-bodystocking","7":"product_cat-wholesale-fishnet-dress","8":"product_cat-sexy-stocking","9":"product_tag-wholesale-boudoir-lingerie","10":"product_tag-wholesale-elegant-sexy-lingerie","11":"product_tag-fishnet-lingerie","12":"product_tag-wholesale-sexy-see-through-lingerie","13":"product_tag-sexy-skimpy-lingerie","14":"product_tag-ultra-sexy","15":"pa_color-black","16":"pa_color-red-women-sexy-lingerie","17":"pa_size-free","19":"first","20":"instock","21":"taxable","22":"shipping-taxable","23":"purchasable","24":"product-type-variable"},"tiered_pricing_type":"fixed","tiered_pricing_fixed_rules":[],"tiered_pricing_product_settings":{"layout":"default","base_unit_name":{"singular":null,"plural":null},"default_variation":{}},"tiered_pricing_minimum_quantity":null,"tiered_pricing_roles_data":{"default_wholesaler":{"product_id":39915,"role":"default_wholesaler","pricing_type":"flat","regular_price":null,"sale_price":null,"discount":null,"discount_type":"sale_price","tiered_pricing_type":"fixed","percentage_rules":[],"fixed_rules":{"2":"2.79","30":"2.39","500":"1.79"},"minimum":null},"dropshippinger":{"product_id":39915,"role":"dropshippinger","pricing_type":"flat","regular_price":null,"sale_price":null,"discount":null,"discount_type":"sale_price","tiered_pricing_type":"fixed","percentage_rules":[],"fixed_rules":{"1":"3.49","5":"2.79","30":"1.98"},"minimum":null}},"tiered_pricing_percentage_rules":[],"tiered_pricing_maximum_quantity":null,"tiered_pricing_quantity_step":null,"_links":{"self":[{"href":"https:\/\/gretasexylingerie.com\/da\/wp-json\/wp\/v2\/product\/39915","targetHints":{"allow":["GET"]}}],"collection":[{"href":"https:\/\/gretasexylingerie.com\/da\/wp-json\/wp\/v2\/product"}],"about":[{"href":"https:\/\/gretasexylingerie.com\/da\/wp-json\/wp\/v2\/types\/product"}],"wp:featuredmedia":[{"embeddable":true,"href":"https:\/\/gretasexylingerie.com\/da\/wp-json\/wp\/v2\/media\/39922"}],"wp:attachment":[{"href":"https:\/\/gretasexylingerie.com\/da\/wp-json\/wp\/v2\/media?parent=39915"}],"wp:term":[{"taxonomy":"product_brand","embeddable":true,"href":"https:\/\/gretasexylingerie.com\/da\/wp-json\/wp\/v2\/product_brand?post=39915"},{"taxonomy":"product_cat","embeddable":true,"href":"https:\/\/gretasexylingerie.com\/da\/wp-json\/wp\/v2\/product_cat?post=39915"},{"taxonomy":"product_tag","embeddable":true,"href":"https:\/\/gretasexylingerie.com\/da\/wp-json\/wp\/v2\/product_tag?post=39915"}],"curies":[{"name":"wp","href":"https:\/\/api.w.org\/{rel}","templated":true}]}}