{"id":39878,"date":"2023-04-25T22:13:59","date_gmt":"2023-04-25T14:13:59","guid":{"rendered":"https:\/\/gretasexylingerie.com\/?post_type=product&#038;p=39878"},"modified":"2023-09-05T20:51:41","modified_gmt":"2023-09-05T12:51:41","slug":"regnbue-serien-hoj-elastisk-fiskenet-jumpsuit","status":"publish","type":"product","link":"https:\/\/gretasexylingerie.com\/da\/products\/rainbow-series-high-elastic-fishnet-jumpsuit\/","title":{"rendered":"Rainbow Series High-elastic Fishnet Jumpsuit"},"content":{"rendered":"<ul class=\"wp-block-list\">\n<li>Tillokkende og forf\u00f8rende: Det h\u00f8jelastiske netmateriale og hule design af denne jumpsuit skaber et forf\u00f8rende og dragende look, der vil f\u00e5 enhver kvinde til at f\u00f8le sig selvsikker og uimodst\u00e5elig.<\/li>\n\n\n\n<li>Komfortabel og stilfuld: Lavet med materialer af h\u00f8j kvalitet, denne jumpsuit er behagelig og \u00e5ndbar, hvilket sikrer, at dine kunder kan b\u00e6re den i l\u00e6ngere perioder uden irritation eller ubehag. Regnbueseriens design og fiskenetmaterialet g\u00f8r det til et alsidigt og stilfuldt stykke, der er perfekt til enhver lejlighed.<\/li>\n\n\n\n<li>Alsidig og rentabel: Rainbow Series High-elastic Fishnet Jumpsuit er en profitabel tilf\u00f8jelse til din lingerikollektion. Med blandet engrossupport og ingen krav om minimumsbestillingsm\u00e6ngde kan du bestille pr\u00e6cis det, du har brug for for at im\u00f8dekomme dine kunders krav.<\/li>\n\n\n\n<li>Perfekt pasform: Med sit h\u00f8jelastiske og figursyede design er denne jumpsuit designet til at passe perfekt til dine kunders kroppe, fremh\u00e6ve deres kurver og forbedre deres naturlige sk\u00f8nhed.<\/li>\n\n\n\n<li>Overkommelig og af h\u00f8j kvalitet: Rainbow Series High-elastic Fishnet Jumpsuit er et overkommeligt og h\u00f8jkvalitets stykke, der er bygget til at holde. Lavet med holdbare materialer og udformet med omhu, denne jumpsuit er en fantastisk investering i dit lingeri-lager, der vil betale sig i det lange l\u00f8b. Kontakt os i dag for at l\u00e6re mere om vores partnerskabsmuligheder.<\/li>\n<\/ul>\n\n\n\n<p><\/p>","protected":false},"excerpt":{"rendered":"<p>Rainbow Series High-elastic Fishnet Jumpsuit er den perfekte tilf\u00f8jelse til dit lingeri-lager. Lavet med materialer af h\u00f8j kvalitet og et forf\u00f8rende h\u00f8jelastisk netdesign, denne jumpsuit er behagelig, stilfuld og sikker p\u00e5 at imponere dine kunder.<\/p>","protected":false},"featured_media":39883,"template":"","meta":[],"product_brand":[],"product_cat":[405,406,404],"product_tag":[448,446,453,504],"class_list":{"0":"post-39878","1":"product","2":"type-product","3":"status-publish","4":"has-post-thumbnail","6":"product_cat-wholesale-bodystocking","7":"product_cat-wholesale-fishnet-dress","8":"product_cat-sexy-stocking","9":"product_tag-wholesale-elegant-sexy-lingerie","10":"product_tag-wholesale-sexy-see-through-lingerie","11":"product_tag-wholesale-sexy-naughty-lingerie","12":"product_tag-ultra-sexy","13":"pa_color-rainbow","14":"pa_size-free","16":"first","17":"instock","18":"taxable","19":"shipping-taxable","20":"purchasable","21":"product-type-variable"},"tiered_pricing_type":"fixed","tiered_pricing_fixed_rules":[],"tiered_pricing_product_settings":{"layout":"default","base_unit_name":{"singular":null,"plural":null},"default_variation":null},"tiered_pricing_minimum_quantity":null,"tiered_pricing_roles_data":{"default_wholesaler":{"product_id":39878,"role":"default_wholesaler","pricing_type":"flat","regular_price":null,"sale_price":null,"discount":null,"discount_type":"sale_price","tiered_pricing_type":"fixed","percentage_rules":[],"fixed_rules":{"2":"3.39","30":"2.89","500":"2.19"},"minimum":null},"dropshippinger":{"product_id":39878,"role":"dropshippinger","pricing_type":"flat","regular_price":null,"sale_price":null,"discount":null,"discount_type":"sale_price","tiered_pricing_type":"fixed","percentage_rules":[],"fixed_rules":{"1":"4.29","5":"3.39","30":"2.49"},"minimum":null}},"tiered_pricing_percentage_rules":[],"tiered_pricing_maximum_quantity":null,"tiered_pricing_quantity_step":null,"_links":{"self":[{"href":"https:\/\/gretasexylingerie.com\/da\/wp-json\/wp\/v2\/product\/39878","targetHints":{"allow":["GET"]}}],"collection":[{"href":"https:\/\/gretasexylingerie.com\/da\/wp-json\/wp\/v2\/product"}],"about":[{"href":"https:\/\/gretasexylingerie.com\/da\/wp-json\/wp\/v2\/types\/product"}],"wp:featuredmedia":[{"embeddable":true,"href":"https:\/\/gretasexylingerie.com\/da\/wp-json\/wp\/v2\/media\/39883"}],"wp:attachment":[{"href":"https:\/\/gretasexylingerie.com\/da\/wp-json\/wp\/v2\/media?parent=39878"}],"wp:term":[{"taxonomy":"product_brand","embeddable":true,"href":"https:\/\/gretasexylingerie.com\/da\/wp-json\/wp\/v2\/product_brand?post=39878"},{"taxonomy":"product_cat","embeddable":true,"href":"https:\/\/gretasexylingerie.com\/da\/wp-json\/wp\/v2\/product_cat?post=39878"},{"taxonomy":"product_tag","embeddable":true,"href":"https:\/\/gretasexylingerie.com\/da\/wp-json\/wp\/v2\/product_tag?post=39878"}],"curies":[{"name":"wp","href":"https:\/\/api.w.org\/{rel}","templated":true}]}}