{"id":39866,"date":"2023-04-25T21:54:13","date_gmt":"2023-04-25T13:54:13","guid":{"rendered":"https:\/\/gretasexylingerie.com\/?post_type=product&#038;p=39866"},"modified":"2023-09-05T20:51:40","modified_gmt":"2023-09-05T12:51:40","slug":"haengende-hals-gennemsigtig-net-jumpsuit","status":"publish","type":"product","link":"https:\/\/gretasexylingerie.com\/da\/products\/hanging-neck-transparent-net-jumpsuit\/","title":{"rendered":"H\u00e6ngende Neck Transparent Net Jumpsuit"},"content":{"rendered":"<ul class=\"wp-block-list\">\n<li>h\u00e6ngende halsdesign af denne jumpsuit skaber et fristende og forf\u00f8rende look, der er perfekt til s\u00e6rlige lejligheder eller en aften med din partner.<\/li>\n\n\n\n<li>Komfortabel og \u00e5ndbar: Den h\u00e6ngende hals-transparente net-jumpsuit er lavet med materialer af h\u00f8j kvalitet, der er b\u00e5de komfortable og \u00e5ndbare, s\u00e5 du kan b\u00e6re den hele dagen eller natten uden at f\u00f8le dig begr\u00e6nset eller ubehagelig. Det gennemsigtige netmateriale er bl\u00f8dt og sk\u00e5nsomt mod din hud, hvilket sikrer behageligt og behageligt slid hver gang.<\/li>\n\n\n\n<li>Alsidig og stilfuld: Designet i \u00e9t stykke og den h\u00e6ngende hals g\u00f8r denne jumpsuit alsidig og stylet p\u00e5 mange forskellige m\u00e5der. Den er perfekt til at tilf\u00f8je et strejf af sensualitet til din lingerikollektion eller b\u00e6re som et vovet outfit til en aften i byen.<\/li>\n\n\n\n<li>Perfekt pasform: Med sit fleksible og figursyede design passer jumpsuiten til din krop som h\u00e5nd i handske, og fremh\u00e6ver dine kurver og forst\u00e6rker din naturlige sk\u00f8nhed.<\/li>\n\n\n\n<li>Overkommelig og af h\u00f8j kvalitet: Den h\u00e6ngende hals-transparente net-jumpsuit er et billigt stykke af h\u00f8j kvalitet bygget til at holde. Lavet med holdbare materialer og udformet med omhu, denne jumpsuit er en fantastisk investering i dit lingeri-lager, der vil betale sig i det lange l\u00f8b. Med blandet engrossupport og ingen krav om minimumsbestillingsm\u00e6ngde kan du bestille pr\u00e6cis det, du har brug for for at im\u00f8dekomme dine kunders krav.<\/li>\n<\/ul>\n\n\n\n<p><\/p>","protected":false},"excerpt":{"rendered":"<p>Fork\u00e6l dig med det forf\u00f8rende og dragende design af vores Hanging Neck Transparent Net Jumpsuit. Denne jumpsuit i \u00e9t stykke har et fristende gennemsigtigt netmateriale, der er b\u00e5de behageligt og \u00e5ndbart.<\/p>","protected":false},"featured_media":39868,"template":"","meta":[],"product_brand":[],"product_cat":[405,404,410],"product_tag":[532,446,453,864,504],"class_list":{"0":"post-39866","1":"product","2":"type-product","3":"status-publish","4":"has-post-thumbnail","6":"product_cat-wholesale-bodystocking","7":"product_cat-sexy-stocking","8":"product_cat-wholesale-suspender-bodystocking","9":"product_tag-lingerie-suspender-set","10":"product_tag-wholesale-sexy-see-through-lingerie","11":"product_tag-wholesale-sexy-naughty-lingerie","12":"product_tag-sexy-petite-lingerie","13":"product_tag-ultra-sexy","14":"pa_color-bisque-women-sexy-lingerie","15":"pa_size-free","17":"first","18":"instock","19":"taxable","20":"shipping-taxable","21":"purchasable","22":"product-type-variable"},"tiered_pricing_type":"fixed","tiered_pricing_fixed_rules":[],"tiered_pricing_product_settings":{"layout":"default","base_unit_name":{"singular":null,"plural":null},"default_variation":null},"tiered_pricing_minimum_quantity":null,"tiered_pricing_roles_data":{"default_wholesaler":{"product_id":39866,"role":"default_wholesaler","pricing_type":"flat","regular_price":null,"sale_price":null,"discount":null,"discount_type":"sale_price","tiered_pricing_type":"fixed","percentage_rules":[],"fixed_rules":{"2":"2.49","30":"2.09","500":"1.59"},"minimum":null},"dropshippinger":{"product_id":39866,"role":"dropshippinger","pricing_type":"flat","regular_price":null,"sale_price":null,"discount":null,"discount_type":"sale_price","tiered_pricing_type":"fixed","percentage_rules":[],"fixed_rules":{"1":"3.09","5":"2.49","30":"1.79"},"minimum":null}},"tiered_pricing_percentage_rules":[],"tiered_pricing_maximum_quantity":null,"tiered_pricing_quantity_step":null,"_links":{"self":[{"href":"https:\/\/gretasexylingerie.com\/da\/wp-json\/wp\/v2\/product\/39866","targetHints":{"allow":["GET"]}}],"collection":[{"href":"https:\/\/gretasexylingerie.com\/da\/wp-json\/wp\/v2\/product"}],"about":[{"href":"https:\/\/gretasexylingerie.com\/da\/wp-json\/wp\/v2\/types\/product"}],"wp:featuredmedia":[{"embeddable":true,"href":"https:\/\/gretasexylingerie.com\/da\/wp-json\/wp\/v2\/media\/39868"}],"wp:attachment":[{"href":"https:\/\/gretasexylingerie.com\/da\/wp-json\/wp\/v2\/media?parent=39866"}],"wp:term":[{"taxonomy":"product_brand","embeddable":true,"href":"https:\/\/gretasexylingerie.com\/da\/wp-json\/wp\/v2\/product_brand?post=39866"},{"taxonomy":"product_cat","embeddable":true,"href":"https:\/\/gretasexylingerie.com\/da\/wp-json\/wp\/v2\/product_cat?post=39866"},{"taxonomy":"product_tag","embeddable":true,"href":"https:\/\/gretasexylingerie.com\/da\/wp-json\/wp\/v2\/product_tag?post=39866"}],"curies":[{"name":"wp","href":"https:\/\/api.w.org\/{rel}","templated":true}]}}