{"id":39814,"date":"2023-04-22T23:15:12","date_gmt":"2023-04-22T15:15:12","guid":{"rendered":"https:\/\/gretasexylingerie.com\/?post_type=product&#038;p=39814"},"modified":"2023-12-09T19:57:16","modified_gmt":"2023-12-09T11:57:16","slug":"syning-broderi-perspektiv-bh-trussesaet","status":"publish","type":"product","link":"https:\/\/gretasexylingerie.com\/da\/products\/stitching-embroidery-perspective-bra-panty-set\/","title":{"rendered":"Engros syning broderi perspektiv bh og trusser s\u00e6t"},"content":{"rendered":"<p>1.Unikt og elegant design: Mesh Stitching Embroidery Perspective BH &amp; Trusses\u00e6t har et smukt og indviklet design, der kombinerer delikat broderi med gennemsigtigt mesh og sexede stropper. Resultatet er et fantastisk og sofistikeret lingeris\u00e6t, der er perfekt til enhver kvinde, der \u00f8nsker at f\u00f8le sig sexet og elegant.<\/p>\n\n\n\n<p>2. Komfortabel pasform: Lavet med materialer af h\u00f8j kvalitet og designet med din komfort i tankerne, dette s\u00e6t tilbyder en behagelig og st\u00f8ttende pasform. Bh&#039;en har justerbare stropper og en st\u00f8ttende b\u00f8jle, mens trusserne har et behageligt og flatterende snit, der vil omfavne dine kurver alle de rigtige steder.<\/p>\n\n\n\n<p>3.Alsidigt: Mesh Stitching Brodery Perspective BH &amp; Trusses\u00e6ttet er alsidigt nok til at blive b\u00e5ret til enhver lejlighed, uanset om du kl\u00e6der dig ud til en s\u00e6rlig lejlighed eller bare vil f\u00f8le dig sexet og selvsikker i din hverdag. Det tidl\u00f8se design betyder, at den vil v\u00e6re en fast bestanddel i din lingerikollektion i mange \u00e5r fremover.<\/p>\n\n\n\n<p>4. Empowering: The Mesh Stitching Embroidery Perspective BH &amp; Trusses\u00e6t tilf\u00f8jer et sexet og bemyndigende touch til enhver intim lejlighed. Det indviklede broderi og gennemsigtige mesh skaber et provokerende, men sofistikeret look, der helt sikkert vil f\u00e5 dig til at f\u00f8le dig selvsikker og bemyndiget.<\/p>\n\n\n\n<figure class=\"wp-block-table is-style-stripes\"><table><tbody><tr><td colspan=\"4\">Site Chart (CM)<\/td><td><\/td><td><\/td><td><\/td><\/tr><tr><td>St\u00f8rrelse<\/td><td>Koph\u00f8jde<\/td><td>Skulder<\/td><td>Under brystet<\/td><td>Talje<\/td><td>Trusser talje<\/td><td>Trusser l\u00e6ngde<\/td><\/tr><tr><td>S<\/td><td>16<\/td><td>36<\/td><td>68-86<\/td><td>64-82<\/td><td>68-94<\/td><td>24<\/td><\/tr><tr><td>M<\/td><td>16.6<\/td><td>36<\/td><td>72-90<\/td><td>68-86<\/td><td>72-98<\/td><td>25<\/td><\/tr><tr><td>L<\/td><td>17.2<\/td><td>36<\/td><td>76-94<\/td><td>72-90<\/td><td>76-102<\/td><td>26<\/td><\/tr><tr><td colspan=\"4\">Sitediagram (INCH)<\/td><td><\/td><td><\/td><td><\/td><\/tr><tr><td>St\u00f8rrelse<\/td><td>Koph\u00f8jde<\/td><td>Skulder<\/td><td>Under brystet<\/td><td>Talje<\/td><td>Trusser talje<\/td><td>Trusser l\u00e6ngde<\/td><\/tr><tr><td>S<\/td><td>6.29&nbsp;<\/td><td>14.17<\/td><td>26.77-33.85<\/td><td>25.19-32.28<\/td><td>26.77-37<\/td><td>9.44&nbsp;<\/td><\/tr><tr><td>M<\/td><td>6.53&nbsp;<\/td><td>14.17<\/td><td>28.34-35.43<\/td><td>26.77-33.85<\/td><td>28.34-38.58<\/td><td>9.84<\/td><\/tr><tr><td>L<\/td><td>6.77&nbsp;<\/td><td>14.17<\/td><td>29.92-37<\/td><td>28.34-35.43<\/td><td>29.92-40.15<\/td><td>10.23&nbsp;<\/td><\/tr><tr><td colspan=\"7\">Bem\u00e6rk:<br>1.Der er m\u00e5ske 1-2 cm afvigelse i forskellige st\u00f8rrelser, placeringer og str\u00e6k af stoffer. St\u00f8rrelsestabellen er kun til reference, der kan v\u00e6re lidt forskel p\u00e5, hvad du f\u00e5r.<br>2.Der er 3 slags elasticitet: h\u00f8j elasticitet (tosidet strakt), medium elasticitet (ensidig strakt) og ikke-elastisk (kan ikke str\u00e6kkes).<br>3. Farven kan v\u00e6re lysere eller m\u00f8rkere p\u00e5 grund af den forskellige pc-sk\u00e6rm.<br>4. Vask den i h\u00e5nden i 30 graders vand, h\u00e6ng den til t\u00f8rre i skygge, forbyd blegning.<br>5.Der er m\u00e5ske lidt forskel p\u00e5 detaljer og m\u00f8nster.<\/td><\/tr><\/tbody><\/table><\/figure>","protected":false},"excerpt":{"rendered":"<p>Med et unikt og elegant design kombinerer dette s\u00e6t delikat broderi med gennemsigtigt mesh og sexede stropper, der helt sikkert vil styrke dig. Den st\u00f8ttende b\u00f8jle og justerbare stropper p\u00e5 bh&#039;en sikrer en behagelig pasform, der omslutter dine kurver alle de rigtige steder.<\/p>","protected":false},"featured_media":39827,"template":"","meta":[],"product_brand":[],"product_cat":[368,374,367,375],"product_tag":[505,452,448,454,875,973,453,864],"class_list":{"0":"post-39814","1":"product","2":"type-product","3":"status-publish","4":"has-post-thumbnail","6":"product_cat-bra-panty-set","7":"product_cat-wholesale-garter-belt-set","8":"product_cat-sexy-lingerie","9":"product_cat-whoelsale-sheer-bra-and-panty-sets","10":"product_tag-5-piece-lingerie-set","11":"product_tag-wholesale-boudoir-lingerie","12":"product_tag-wholesale-elegant-sexy-lingerie","13":"product_tag-wholesale-sexy-embroidered-lingerie","14":"product_tag-lace-sexy-lingerie","15":"product_tag-oem","16":"product_tag-wholesale-sexy-naughty-lingerie","17":"product_tag-sexy-petite-lingerie","18":"pa_color-black","19":"pa_color-red-women-sexy-lingerie","20":"pa_cup-full-cup","21":"pa_size-wholesale-large-size-women-sexy-lingerie","22":"pa_size-wholesale-medium-size-women-sexy-lingerie","23":"pa_size-wholesale-small-size-sexy-lingerie","25":"first","26":"outofstock","27":"taxable","28":"shipping-taxable","29":"purchasable","30":"product-type-variable"},"tiered_pricing_type":"fixed","tiered_pricing_fixed_rules":[],"tiered_pricing_product_settings":{"layout":"default","base_unit_name":{"singular":null,"plural":null},"default_variation":null},"tiered_pricing_minimum_quantity":null,"tiered_pricing_roles_data":{"default_wholesaler":{"product_id":39814,"role":"default_wholesaler","pricing_type":"flat","regular_price":null,"sale_price":null,"discount":null,"discount_type":"sale_price","tiered_pricing_type":"fixed","percentage_rules":[],"fixed_rules":{"2":"8.89","30":"7.59","500":"6.69"},"minimum":200},"dropshippinger":{"product_id":39814,"role":"dropshippinger","pricing_type":"flat","regular_price":null,"sale_price":null,"discount":null,"discount_type":"sale_price","tiered_pricing_type":"fixed","percentage_rules":[],"fixed_rules":{"1":"10.69","5":"8.89","30":"7.59"},"minimum":200}},"tiered_pricing_percentage_rules":[],"tiered_pricing_maximum_quantity":null,"tiered_pricing_quantity_step":null,"_links":{"self":[{"href":"https:\/\/gretasexylingerie.com\/da\/wp-json\/wp\/v2\/product\/39814","targetHints":{"allow":["GET"]}}],"collection":[{"href":"https:\/\/gretasexylingerie.com\/da\/wp-json\/wp\/v2\/product"}],"about":[{"href":"https:\/\/gretasexylingerie.com\/da\/wp-json\/wp\/v2\/types\/product"}],"wp:featuredmedia":[{"embeddable":true,"href":"https:\/\/gretasexylingerie.com\/da\/wp-json\/wp\/v2\/media\/39827"}],"wp:attachment":[{"href":"https:\/\/gretasexylingerie.com\/da\/wp-json\/wp\/v2\/media?parent=39814"}],"wp:term":[{"taxonomy":"product_brand","embeddable":true,"href":"https:\/\/gretasexylingerie.com\/da\/wp-json\/wp\/v2\/product_brand?post=39814"},{"taxonomy":"product_cat","embeddable":true,"href":"https:\/\/gretasexylingerie.com\/da\/wp-json\/wp\/v2\/product_cat?post=39814"},{"taxonomy":"product_tag","embeddable":true,"href":"https:\/\/gretasexylingerie.com\/da\/wp-json\/wp\/v2\/product_tag?post=39814"}],"curies":[{"name":"wp","href":"https:\/\/api.w.org\/{rel}","templated":true}]}}