{"id":39737,"date":"2023-04-20T22:28:20","date_gmt":"2023-04-20T14:28:20","guid":{"rendered":"https:\/\/gretasexylingerie.com\/?post_type=product&#038;p=39737"},"modified":"2023-12-09T19:51:56","modified_gmt":"2023-12-09T11:51:56","slug":"ensartet-sod-cool-stil-bh-trussesaet","status":"publish","type":"product","link":"https:\/\/gretasexylingerie.com\/da\/products\/uniform-sweet-cool-style-bra-panty-set\/","title":{"rendered":"Uniform Sweet Cool Style BH &amp; Trusses\u00e6t"},"content":{"rendered":"<p>1.Unikt design: Uniform Style Sweet Cool Style BH &amp; Trusses\u00e6t har et unikt design, der kombinerer en s\u00f8d og legende ensartet stil med en cool og edgy stemning.<\/p>\n\n\n\n<p>2. Komfortabel pasform: Dette s\u00e6t er designet med b\u00e5de komfort og stil i tankerne. BH&#039;en og trussen er lavet af bl\u00f8de, \u00e5ndbare materialer, der f\u00f8les fantastisk mod din hud, mens de justerbare stropper og ryglukning sikrer en perfekt og behagelig pasform.<\/p>\n\n\n\n<p>3. Flatterende og st\u00f8ttende: BH&#039;en har b\u00f8jler og formst\u00f8bte sk\u00e5le, der giver st\u00f8tte og form, mens den h\u00f8jtaljede trusse smigrer dine kurver og giver d\u00e6kning, hvor du har mest brug for det.<\/p>\n\n\n\n<p>4.Alsidigt: Uanset om du b\u00e6rer det som lingeri eller som et statement i dit outfit, er dette s\u00e6t alsidigt og perfekt til enhver lejlighed. Kl\u00e6d den op med str\u00f8mper og h\u00e6le for et sexet og sofistikeret look, eller hold den afslappet og s\u00f8d med sneakers og en denimjakke.<\/p>\n\n\n\n<figure class=\"wp-block-table is-style-stripes\"><table><tbody><tr><td colspan=\"4\">Site Chart (CM)<\/td><td><\/td><td><\/td><td><\/td><td><\/td><\/tr><tr><td>St\u00f8rrelse<\/td><td>Forreste l\u00e6ngde<\/td><td>Skulder<\/td><td>Under brystet<\/td><td>Talje<\/td><td>Fodens omkreds<\/td><td>Trusser talje<\/td><td>Trusser l\u00e6ngde<\/td><\/tr><tr><td>S<\/td><td>16<\/td><td>35<\/td><td>68-86<\/td><td>64-84<\/td><td>50<\/td><td>64-98<\/td><td>21.5<\/td><\/tr><tr><td>M<\/td><td>17<\/td><td>35<\/td><td>72-90<\/td><td>68-88<\/td><td>52<\/td><td>68-102<\/td><td>22.5<\/td><\/tr><tr><td>L<\/td><td>18<\/td><td>35<\/td><td>77-95<\/td><td>72-92<\/td><td>54<\/td><td>72-106<\/td><td>23.5<\/td><\/tr><tr><td colspan=\"4\">Sitediagram (INCH)<\/td><td><\/td><td><\/td><td><\/td><td><\/td><\/tr><tr><td>St\u00f8rrelse<\/td><td>Forreste l\u00e6ngde<\/td><td>Skulder<\/td><td>Under brystet<\/td><td>Talje<\/td><td>Fodens omkreds<\/td><td>Trusser talje<\/td><td>Trusser l\u00e6ngde<\/td><\/tr><tr><td>S<\/td><td>6.29&nbsp;<\/td><td>13.77<\/td><td>26.77-33.85<\/td><td>25.19-33.07<\/td><td>19.68&nbsp;<\/td><td>25.19-38.58<\/td><td>8.46&nbsp;<\/td><\/tr><tr><td>M<\/td><td>6.69&nbsp;<\/td><td>13.77<\/td><td>28.34-35.43<\/td><td>26.77-34.64<\/td><td>20.47&nbsp;<\/td><td>26.77-40.15<\/td><td>8.85<\/td><\/tr><tr><td>L<\/td><td>7.08&nbsp;<\/td><td>13.77<\/td><td>30.31-37.40<\/td><td>28.34-36.22<\/td><td>21.25&nbsp;<\/td><td>28.34-41.73<\/td><td>9.25&nbsp;<\/td><\/tr><tr><td colspan=\"8\">Bem\u00e6rk:<br>1.Der er m\u00e5ske 1-2 cm afvigelse i forskellige st\u00f8rrelser, placeringer og str\u00e6k af stoffer. St\u00f8rrelsestabellen er kun til reference, der kan v\u00e6re lidt forskel p\u00e5, hvad du f\u00e5r.<br>2.Der er 3 slags elasticitet: h\u00f8j elasticitet (tosidet strakt), medium elasticitet (ensidig strakt) og ikke-elastisk (kan ikke str\u00e6kkes).<br>3. Farven kan v\u00e6re lysere eller m\u00f8rkere p\u00e5 grund af den forskellige pc-sk\u00e6rm.<br>4. Vask den i h\u00e5nden i 30 graders vand, h\u00e6ng den til t\u00f8rre i skygge, forbyd blegning.<br>5.Der er m\u00e5ske lidt forskel p\u00e5 detaljer og m\u00f8nster.<\/td><\/tr><\/tbody><\/table><\/figure>\n\n\n\n<p><\/p>","protected":false},"excerpt":{"rendered":"<p>BH&#039;en og trusserne er lavet af bl\u00f8dt og \u00e5ndbart materiale, der passer perfekt til dine kurver. Bh&#039;en har b\u00f8jler og formst\u00f8bte sk\u00e5le til st\u00f8tte og form, og den er perfekt til enhver lejlighed, uanset om du har den p\u00e5 som et undert\u00f8j eller viser dig frem for din partner.<\/p>","protected":false},"featured_media":39746,"template":"","meta":[],"product_brand":[],"product_cat":[380,377,367],"product_tag":[448,524,973,510,880,453,504],"class_list":{"0":"post-39737","1":"product","2":"type-product","3":"status-publish","4":"has-post-thumbnail","6":"product_cat-wholesale-harness-bra-and-panty-set","7":"product_cat-harness-lingerie","8":"product_cat-sexy-lingerie","9":"product_tag-wholesale-elegant-sexy-lingerie","10":"product_tag-metal-lingerie","11":"product_tag-oem","12":"product_tag-ruffles-lingerie","13":"product_tag-sexy-2-piece-lingerie","14":"product_tag-wholesale-sexy-naughty-lingerie","15":"product_tag-ultra-sexy","16":"pa_color-pink-women-sexy-lingerie","17":"pa_cup-wholesale-cupness-women-sexy-lingerie","18":"pa_size-wholesale-large-size-women-sexy-lingerie","19":"pa_size-wholesale-medium-size-women-sexy-lingerie","20":"pa_size-wholesale-small-size-sexy-lingerie","22":"first","23":"outofstock","24":"taxable","25":"shipping-taxable","26":"purchasable","27":"product-type-variable"},"tiered_pricing_type":"fixed","tiered_pricing_fixed_rules":[],"tiered_pricing_product_settings":{"layout":"default","base_unit_name":{"singular":null,"plural":null},"default_variation":null},"tiered_pricing_minimum_quantity":null,"tiered_pricing_roles_data":{"default_wholesaler":{"product_id":39737,"role":"default_wholesaler","pricing_type":"flat","regular_price":null,"sale_price":null,"discount":null,"discount_type":"sale_price","tiered_pricing_type":"fixed","percentage_rules":[],"fixed_rules":{"2":"11.99","30":"10.29","500":"8.99"},"minimum":null},"dropshippinger":{"product_id":39737,"role":"dropshippinger","pricing_type":"flat","regular_price":null,"sale_price":null,"discount":null,"discount_type":"sale_price","tiered_pricing_type":"fixed","percentage_rules":[],"fixed_rules":{"1":"12.49","5":"10.49","30":"7.89"},"minimum":null}},"tiered_pricing_percentage_rules":[],"tiered_pricing_maximum_quantity":null,"tiered_pricing_quantity_step":null,"_links":{"self":[{"href":"https:\/\/gretasexylingerie.com\/da\/wp-json\/wp\/v2\/product\/39737","targetHints":{"allow":["GET"]}}],"collection":[{"href":"https:\/\/gretasexylingerie.com\/da\/wp-json\/wp\/v2\/product"}],"about":[{"href":"https:\/\/gretasexylingerie.com\/da\/wp-json\/wp\/v2\/types\/product"}],"wp:featuredmedia":[{"embeddable":true,"href":"https:\/\/gretasexylingerie.com\/da\/wp-json\/wp\/v2\/media\/39746"}],"wp:attachment":[{"href":"https:\/\/gretasexylingerie.com\/da\/wp-json\/wp\/v2\/media?parent=39737"}],"wp:term":[{"taxonomy":"product_brand","embeddable":true,"href":"https:\/\/gretasexylingerie.com\/da\/wp-json\/wp\/v2\/product_brand?post=39737"},{"taxonomy":"product_cat","embeddable":true,"href":"https:\/\/gretasexylingerie.com\/da\/wp-json\/wp\/v2\/product_cat?post=39737"},{"taxonomy":"product_tag","embeddable":true,"href":"https:\/\/gretasexylingerie.com\/da\/wp-json\/wp\/v2\/product_tag?post=39737"}],"curies":[{"name":"wp","href":"https:\/\/api.w.org\/{rel}","templated":true}]}}