{"id":39713,"date":"2023-04-20T21:58:41","date_gmt":"2023-04-20T13:58:41","guid":{"rendered":"https:\/\/gretasexylingerie.com\/?post_type=product&#038;p=39713"},"modified":"2023-10-22T22:38:09","modified_gmt":"2023-10-22T14:38:09","slug":"strop-perspektiv-tredelt-strompebandssaet","status":"publish","type":"product","link":"https:\/\/gretasexylingerie.com\/da\/products\/strap-perspective-three-piece-garter-belt-set\/","title":{"rendered":"Strop Perspektiv tre-delt str\u00f8mpeb\u00e5ndss\u00e6t"},"content":{"rendered":"<p>1. Fedt og vovet design: Strap Perspective tredelte str\u00f8mpeb\u00e5ndss\u00e6t har et modigt og vovet design, der er perfekt til dem, der \u00f8nsker at g\u00f8re et statement.<\/p>\n\n\n\n<p>2.Alsidigt: S\u00e6ttet indeholder en bh, trusse og str\u00f8mpeb\u00e5nd, hvilket g\u00f8r det perfekt til s\u00e6rlige lejligheder eller til hverdagsbrug.<\/p>\n\n\n\n<p>3.Komfortabel pasform: BH&#039;en og trussen er designet til en behagelig og flatterende pasform, med justerbare stropper og en h\u00f8jtaljet trusse, der omfavner dine kurver alle de rigtige steder.<\/p>\n\n\n\n<p>4. Materialer af h\u00f8j kvalitet: S\u00e6ttet er lavet af materialer af h\u00f8j kvalitet, der er bl\u00f8de og \u00e5ndbare, hvilket sikrer maksimal komfort og holdbarhed.<\/p>\n\n\n\n<figure class=\"wp-block-table is-style-stripes\"><table><tbody><tr><td colspan=\"8\">Site Chart (CM)<\/td><\/tr><tr><td>St\u00f8rrelse<\/td><td>Koph\u00f8jde<\/td><td>Skulder<\/td><td>Under brystet<\/td><td>Talje<\/td><td>Fodens omkreds<\/td><td>Trusser talje<\/td><td>Trusser l\u00e6ngde<\/td><\/tr><tr><td>S<\/td><td>13<\/td><td>30<\/td><td>60-86<\/td><td>64-98<\/td><td>45<\/td><td>60-98<\/td><td>20<\/td><\/tr><tr><td>M<\/td><td>14<\/td><td>30<\/td><td>64-90<\/td><td>68-102<\/td><td>47<\/td><td>64-102<\/td><td>21<\/td><\/tr><tr><td>L<\/td><td>15<\/td><td>30<\/td><td>68-94<\/td><td>72-106<\/td><td>49<\/td><td>68-106<\/td><td>22<\/td><\/tr><tr><td colspan=\"8\">Sitediagram (INCH)<\/td><\/tr><tr><td>St\u00f8rrelse<\/td><td>Koph\u00f8jde<\/td><td>Skulder<\/td><td>Under brystet<\/td><td>Talje<\/td><td>Fodens omkreds<\/td><td>Trusser talje<\/td><td>Trusser l\u00e6ngde<\/td><\/tr><tr><td>S<\/td><td>5.11&nbsp;<\/td><td>11.81<\/td><td>23.62-33.85<\/td><td>25.19-38.58<\/td><td>17.71&nbsp;<\/td><td>23.62-38.58<\/td><td>7.87&nbsp;<\/td><\/tr><tr><td>M<\/td><td>5.51&nbsp;<\/td><td>11.81<\/td><td>25.19-35.43<\/td><td>26.77-40.15<\/td><td>18.50&nbsp;<\/td><td>25.19-40.15<\/td><td>8.26<\/td><\/tr><tr><td>L<\/td><td>5.90&nbsp;<\/td><td>11.81<\/td><td>26.77-37<\/td><td>28.34-41.73<\/td><td>19.29&nbsp;<\/td><td>26.77-41.73<\/td><td>8.66&nbsp;<\/td><\/tr><tr><td colspan=\"8\">Bem\u00e6rk:<br>1.Der er m\u00e5ske 1-2 cm afvigelse i forskellige st\u00f8rrelser, placeringer og str\u00e6k af stoffer. St\u00f8rrelsestabellen er kun til reference, der kan v\u00e6re lidt forskel p\u00e5, hvad du f\u00e5r.<br>2.Der er 3 slags elasticitet: h\u00f8j elasticitet (tosidet strakt), medium elasticitet (ensidig strakt) og ikke-elastisk (kan ikke str\u00e6kkes).<br>3. Farven kan v\u00e6re lysere eller m\u00f8rkere p\u00e5 grund af den forskellige pc-sk\u00e6rm.<br>4. Vask den i h\u00e5nden i 30 graders vand, h\u00e6ng den til t\u00f8rre i skygge, forbyd blegning.<br>5.Der er m\u00e5ske lidt forskel p\u00e5 detaljer og m\u00f8nster.<\/td><\/tr><\/tbody><\/table><\/figure>","protected":false},"excerpt":{"rendered":"<p>Vi pr\u00e6senterer Strap Perspective 3-Piece Garter Set, det perfekte lingeris\u00e6t til de dristige og vovede. F\u00f8l dig selvsikker og bemyndiget i dette sexede ensemble med unikke remdetaljer og gennemsigtigt stof.<\/p>\n<p>https:\/\/youtu.be\/Z2lm_pzlGPA<\/p>","protected":false},"featured_media":39719,"template":"","meta":[],"product_brand":[],"product_cat":[368,374,375],"product_tag":[868,861,448,518,453,864,865],"class_list":{"0":"post-39713","1":"product","2":"type-product","3":"status-publish","4":"has-post-thumbnail","6":"product_cat-bra-panty-set","7":"product_cat-wholesale-garter-belt-set","8":"product_cat-whoelsale-sheer-bra-and-panty-sets","9":"product_tag-4-piece-lingerie-set","10":"product_tag-brunette-lingerie","11":"product_tag-wholesale-elegant-sexy-lingerie","12":"product_tag-mesh-lingerie","13":"product_tag-wholesale-sexy-naughty-lingerie","14":"product_tag-sexy-petite-lingerie","15":"product_tag-sexy-skimpy-lingerie","16":"pa_color-bisque-women-sexy-lingerie","17":"pa_cup-wholesale-half-cup-women-sexy-lingerie","18":"pa_size-wholesale-large-size-women-sexy-lingerie","19":"pa_size-wholesale-medium-size-women-sexy-lingerie","20":"pa_size-wholesale-small-size-sexy-lingerie","22":"first","23":"instock","24":"taxable","25":"shipping-taxable","26":"purchasable","27":"product-type-variable"},"tiered_pricing_type":"fixed","tiered_pricing_fixed_rules":[],"tiered_pricing_product_settings":{"layout":"default","base_unit_name":{"singular":null,"plural":null},"default_variation":{}},"tiered_pricing_minimum_quantity":null,"tiered_pricing_roles_data":{"default_wholesaler":{"product_id":39713,"role":"default_wholesaler","pricing_type":"flat","regular_price":null,"sale_price":null,"discount":null,"discount_type":"sale_price","tiered_pricing_type":"fixed","percentage_rules":[],"fixed_rules":{"2":"10.49","30":"8.99","500":"7.89"},"minimum":null},"dropshippinger":{"product_id":39713,"role":"dropshippinger","pricing_type":"flat","regular_price":null,"sale_price":null,"discount":null,"discount_type":"sale_price","tiered_pricing_type":"fixed","percentage_rules":[],"fixed_rules":{"1":"12.59","5":"10.49","30":"7.89"},"minimum":null}},"tiered_pricing_percentage_rules":[],"tiered_pricing_maximum_quantity":null,"tiered_pricing_quantity_step":null,"_links":{"self":[{"href":"https:\/\/gretasexylingerie.com\/da\/wp-json\/wp\/v2\/product\/39713","targetHints":{"allow":["GET"]}}],"collection":[{"href":"https:\/\/gretasexylingerie.com\/da\/wp-json\/wp\/v2\/product"}],"about":[{"href":"https:\/\/gretasexylingerie.com\/da\/wp-json\/wp\/v2\/types\/product"}],"wp:featuredmedia":[{"embeddable":true,"href":"https:\/\/gretasexylingerie.com\/da\/wp-json\/wp\/v2\/media\/39719"}],"wp:attachment":[{"href":"https:\/\/gretasexylingerie.com\/da\/wp-json\/wp\/v2\/media?parent=39713"}],"wp:term":[{"taxonomy":"product_brand","embeddable":true,"href":"https:\/\/gretasexylingerie.com\/da\/wp-json\/wp\/v2\/product_brand?post=39713"},{"taxonomy":"product_cat","embeddable":true,"href":"https:\/\/gretasexylingerie.com\/da\/wp-json\/wp\/v2\/product_cat?post=39713"},{"taxonomy":"product_tag","embeddable":true,"href":"https:\/\/gretasexylingerie.com\/da\/wp-json\/wp\/v2\/product_tag?post=39713"}],"curies":[{"name":"wp","href":"https:\/\/api.w.org\/{rel}","templated":true}]}}