{"id":39694,"date":"2023-04-20T21:33:26","date_gmt":"2023-04-20T13:33:26","guid":{"rendered":"https:\/\/gretasexylingerie.com\/?post_type=product&#038;p=39694"},"modified":"2024-04-04T16:02:54","modified_gmt":"2024-04-04T08:02:54","slug":"mesh-perspektiv-strop-bodysuit","status":"publish","type":"product","link":"https:\/\/gretasexylingerie.com\/da\/products\/mesh-perspective-strapy-bodysuit\/","title":{"rendered":"Mesh Perspective Strapy Bodysuit"},"content":{"rendered":"<p>1.Unikt design: Mesh Perspective One-Piece BH &amp; Trusses\u00e6t har et unikt mesh-design, der giver et glimt af din hud og tilf\u00f8jer et strejf af sensualitet til dit look.<\/p>\n\n\n\n<p>2. Komfortabel pasform: Dette s\u00e6t er lavet af h\u00f8jkvalitets, bl\u00f8dt og \u00e5ndbart mesh-stof, og det er ikke kun behageligt at have p\u00e5, men omfavner ogs\u00e5 dine kurver alle de rigtige steder. De justerbare stropper sikrer en perfekt pasform til alle kropstyper.<\/p>\n\n\n\n<p>3.Alsidigt: Dette s\u00e6t i \u00e9t stykke er alsidigt og kan b\u00e6res alene for et modigt og vovet look eller parres med din yndlingsk\u00e5be for et mere sofistikeret og elegant look. Den er perfekt til en speciel lejlighed eller som en fork\u00e6lelse til dig selv.<\/p>\n\n\n\n<p>4.Confidence booster: Mesh Perspective One-Piece BH &amp; Trusses\u00e6t er designet til at f\u00e5 dig til at f\u00f8le dig selvsikker og sexet i din egen hud. Det er den perfekte tilf\u00f8jelse til din lingerikollektion og vil helt sikkert pifte dit k\u00e6rlighedsliv op.<\/p>\n\n\n\n<figure class=\"wp-block-table is-style-stripes\"><table><tbody><tr><td colspan=\"4\">Site Chart (CM)<\/td><td><\/td><\/tr><tr><td>St\u00f8rrelse<\/td><td>L\u00e6ngde<\/td><td>Under brystet<\/td><td>Talje<\/td><td>Hofte<\/td><\/tr><tr><td>S<\/td><td>56<\/td><td>64-86<\/td><td>67-86<\/td><td>68<\/td><\/tr><tr><td>M<\/td><td>58<\/td><td>68-90<\/td><td>71-90<\/td><td>72<\/td><\/tr><tr><td>L<\/td><td>60<\/td><td>72-94<\/td><td>75-94<\/td><td>76<\/td><\/tr><tr><td colspan=\"4\">Sitediagram (INCH)<\/td><td><\/td><\/tr><tr><td>St\u00f8rrelse<\/td><td>L\u00e6ngde<\/td><td>Under brystet<\/td><td>Talje<\/td><td>Hofte<\/td><\/tr><tr><td>S<\/td><td>22.04&nbsp;<\/td><td>25.19-33.85<\/td><td>26.37-33.85<\/td><td>26.77<\/td><\/tr><tr><td>M<\/td><td>22.83&nbsp;<\/td><td>26.77-35.43<\/td><td>27.95-35.43<\/td><td>28.34<\/td><\/tr><tr><td>L<\/td><td>23.62&nbsp;<\/td><td>28.34-37<\/td><td>29.52-37<\/td><td>29.92&nbsp;<\/td><\/tr><tr><td colspan=\"5\">Bem\u00e6rk:<br>1.Der er m\u00e5ske 1-2 cm afvigelse i forskellige st\u00f8rrelser, placeringer og str\u00e6k af stoffer. St\u00f8rrelsestabellen er kun til reference, der kan v\u00e6re lidt forskel p\u00e5, hvad du f\u00e5r.<br>2.Der er 3 slags elasticitet: h\u00f8j elasticitet (tosidet strakt), medium elasticitet (ensidig strakt) og ikke-elastisk (kan ikke str\u00e6kkes).<br>3. Farven kan v\u00e6re lysere eller m\u00f8rkere p\u00e5 grund af den forskellige pc-sk\u00e6rm.<br>4. Vask den i h\u00e5nden i 30 graders vand, h\u00e6ng den til t\u00f8rre i skygge, forbyd blegning.<br>5.Der er m\u00e5ske lidt forskel p\u00e5 detaljer og m\u00f8nster.<\/td><\/tr><\/tbody><\/table><\/figure>\n\n\n\n<p><\/p>","protected":false},"excerpt":{"rendered":"<p>Dette s\u00e6t er lavet af materialer af h\u00f8j kvalitet og er ikke kun behageligt, men ogs\u00e5 holdbart. \u00c5ndbart mesh omslutter dine kurver, og justerbare stropper sikrer en perfekt pasform til alle kropsformer. BH&#039;er og trusser er designet med et unikt perspektiv for et mere raffineret og elegant look. <iframe title=\"Mesh Perspective Strapy Bodysuit\" src=\"https:\/\/www.youtube.com\/embed\/Gjm7iAA1W3I\" width=\"840\" height=\"473\" frameborder=\"0\" allowfullscreen=\"allowfullscreen\"><\/iframe><\/p>","protected":false},"featured_media":39702,"template":"","meta":[],"product_brand":[],"product_cat":[370,367,373],"product_tag":[861,448,867,866,447],"class_list":{"0":"post-39694","1":"product","2":"type-product","3":"status-publish","4":"has-post-thumbnail","6":"product_cat-bodysuit","7":"product_cat-sexy-lingerie","8":"product_cat-wholesale-sexy-mesh-bodysuit","9":"product_tag-brunette-lingerie","10":"product_tag-wholesale-elegant-sexy-lingerie","11":"product_tag-sexy-push-up-lingerie","12":"product_tag-sexy-romper-lingerie","13":"product_tag-wholesale-strappy-sexy-lingerie","14":"pa_color-black","15":"pa_color-red-women-sexy-lingerie","16":"pa_cup-wholesale-half-cup-women-sexy-lingerie","17":"pa_size-wholesale-large-size-women-sexy-lingerie","18":"pa_size-wholesale-medium-size-women-sexy-lingerie","19":"pa_size-wholesale-small-size-sexy-lingerie","21":"first","22":"instock","23":"taxable","24":"shipping-taxable","25":"purchasable","26":"product-type-variable","27":"has-default-attributes"},"tiered_pricing_type":"fixed","tiered_pricing_fixed_rules":[],"tiered_pricing_product_settings":{"layout":"table","base_unit_name":{"singular":null,"plural":null},"default_variation":{}},"tiered_pricing_minimum_quantity":null,"tiered_pricing_roles_data":{"default_wholesaler":{"product_id":39694,"role":"default_wholesaler","pricing_type":"flat","regular_price":null,"sale_price":null,"discount":null,"discount_type":"sale_price","tiered_pricing_type":"fixed","percentage_rules":[],"fixed_rules":{"2":"9.19","30":"7.89","500":"6.89"},"minimum":null},"dropshippinger":{"product_id":39694,"role":"dropshippinger","pricing_type":"flat","regular_price":null,"sale_price":null,"discount":null,"discount_type":"sale_price","tiered_pricing_type":"fixed","percentage_rules":[],"fixed_rules":{"1":"10.99","5":"9.19","30":"6.89"},"minimum":null}},"tiered_pricing_percentage_rules":[],"tiered_pricing_maximum_quantity":null,"tiered_pricing_quantity_step":null,"_links":{"self":[{"href":"https:\/\/gretasexylingerie.com\/da\/wp-json\/wp\/v2\/product\/39694","targetHints":{"allow":["GET"]}}],"collection":[{"href":"https:\/\/gretasexylingerie.com\/da\/wp-json\/wp\/v2\/product"}],"about":[{"href":"https:\/\/gretasexylingerie.com\/da\/wp-json\/wp\/v2\/types\/product"}],"wp:featuredmedia":[{"embeddable":true,"href":"https:\/\/gretasexylingerie.com\/da\/wp-json\/wp\/v2\/media\/39702"}],"wp:attachment":[{"href":"https:\/\/gretasexylingerie.com\/da\/wp-json\/wp\/v2\/media?parent=39694"}],"wp:term":[{"taxonomy":"product_brand","embeddable":true,"href":"https:\/\/gretasexylingerie.com\/da\/wp-json\/wp\/v2\/product_brand?post=39694"},{"taxonomy":"product_cat","embeddable":true,"href":"https:\/\/gretasexylingerie.com\/da\/wp-json\/wp\/v2\/product_cat?post=39694"},{"taxonomy":"product_tag","embeddable":true,"href":"https:\/\/gretasexylingerie.com\/da\/wp-json\/wp\/v2\/product_tag?post=39694"}],"curies":[{"name":"wp","href":"https:\/\/api.w.org\/{rel}","templated":true}]}}