{"id":39591,"date":"2023-04-19T22:00:50","date_gmt":"2023-04-19T14:00:50","guid":{"rendered":"https:\/\/gretasexylingerie.com\/?post_type=product&#038;p=39591"},"modified":"2024-04-04T14:26:50","modified_gmt":"2024-04-04T06:26:50","slug":"mesh-bodysuit-strompebandssaet","status":"publish","type":"product","link":"https:\/\/gretasexylingerie.com\/da\/products\/mesh-bodysuit-garter-belt-set\/","title":{"rendered":"Engros Mesh Bodysuit Str\u00f8mpeb\u00e5nd B\u00e6lte S\u00e6t"},"content":{"rendered":"<p>1. Fedt og vovet design: Mesh Bodysuit Garter Belt Set har et unikt og vovet design, der er perfekt til kvinden, der \u00f8nsker at skille sig ud.<\/p>\n\n\n\n<p>2. Kombinationen af gennemsigtigt mesh med delikat blonde og et str\u00f8mpeb\u00e5nd tilf\u00f8jer et modigt og vovet touch til s\u00e6ttet, hvilket g\u00f8r det til et godt valg for alle, der leder efter noget vovet og provokerende.<\/p>\n\n\n\n<p>3. Komfortabel pasform: Lavet med materialer af h\u00f8j kvalitet og designet med din komfort i tankerne, dette s\u00e6t tilbyder en behagelig og st\u00f8ttende pasform.<\/p>\n\n\n\n<p>4. Sexet og styrkende: Mesh Bodysuit Garter Belt Set tilf\u00f8jer et sexet og bemyndigende touch til enhver intim lejlighed. Det gennemsigtige mesh og de delikate blondedetaljer p\u00e5 bodyen skaber et provokerende, men sofistikeret look, mens str\u00f8mpeb\u00e5ndsb\u00e6ltet tilf\u00f8jer et ekstra strejf af sensualitet og empowerment.<\/p>\n\n\n\n<figure class=\"wp-block-table is-style-stripes\"><table><tbody><tr><td colspan=\"5\">Site Chart (CM)<\/td><td><\/td><td><\/td><\/tr><tr><td>St\u00f8rrelse<\/td><td>Top L\u00e6ngde<\/td><td>Skulder<\/td><td>Under brystet<\/td><td>Talje<\/td><td>Trusser talje<\/td><td>Trusser l\u00e6ngde<\/td><\/tr><tr><td>S<\/td><td>17<\/td><td>34<\/td><td>68-86<\/td><td>63-86<\/td><td>66-96<\/td><td>22<\/td><\/tr><tr><td>M<\/td><td>17.7<\/td><td>34<\/td><td>72-90<\/td><td>67-90<\/td><td>70-100<\/td><td>23<\/td><\/tr><tr><td>L<\/td><td>18.4<\/td><td>34<\/td><td>76-94<\/td><td>71-94<\/td><td>74-104<\/td><td>24<\/td><\/tr><tr><td colspan=\"5\">Sitediagram (INCH)<\/td><td><\/td><td><\/td><\/tr><tr><td>St\u00f8rrelse<\/td><td>Top L\u00e6ngde<\/td><td>Skulder<\/td><td>Under brystet<\/td><td>Talje<\/td><td>Trusser talje<\/td><td>Trusser l\u00e6ngde<\/td><\/tr><tr><td>S<\/td><td>6.69&nbsp;<\/td><td>13.38<\/td><td>26.77-33.85<\/td><td>24.80-33.85<\/td><td>25.98-37.79<\/td><td>8.66<\/td><\/tr><tr><td>M<\/td><td>6.96&nbsp;<\/td><td>13.38<\/td><td>28.34-35.43<\/td><td>26.37-35.43<\/td><td>27.55-39.37<\/td><td>9.05<\/td><\/tr><tr><td>L<\/td><td>7.24&nbsp;<\/td><td>13.38<\/td><td>29.92-37<\/td><td>27.92-37<\/td><td>29.13-40.94<\/td><td>9.44&nbsp;<\/td><\/tr><tr><td colspan=\"7\">Bem\u00e6rk:<br>1.Der er m\u00e5ske 1-2 cm afvigelse i forskellige st\u00f8rrelser, placeringer og str\u00e6k af stoffer. St\u00f8rrelsestabellen er kun til reference, der kan v\u00e6re lidt forskel p\u00e5, hvad du f\u00e5r.<br>2.Der er 3 slags elasticitet: h\u00f8j elasticitet (tosidet strakt), medium elasticitet (ensidig strakt) og ikke-elastisk (kan ikke str\u00e6kkes).<br>3. Farven kan v\u00e6re lysere eller m\u00f8rkere p\u00e5 grund af den forskellige pc-sk\u00e6rm.<br>4. Vask den i h\u00e5nden i 30 graders vand, h\u00e6ng den til t\u00f8rre i skygge, forbyd blegning.<br>5.Der er m\u00e5ske lidt forskel p\u00e5 detaljer og m\u00f8nster.<\/td><\/tr><\/tbody><\/table><\/figure>\n\n\n\n<p><\/p>","protected":false},"excerpt":{"rendered":"<p>Ved at kombinere gennemsigtigt mesh med delikat blonde og et seleb\u00e6lte, vil dette fantastiske s\u00e6t helt sikkert f\u00e5 dig til at f\u00f8le dig sikker. Bodyen er designet til at omfavne dine kurver alle de rigtige steder, og den justerbare linning sikrer et flatterende display. Dette s\u00e6t vil helt sikkert give dig en f\u00f8lelse af styrke.<\/p>","protected":false},"featured_media":39604,"template":"","meta":[],"product_brand":[],"product_cat":[368,374,367],"product_tag":[868,452,861,448,532,867,447],"class_list":{"0":"post-39591","1":"product","2":"type-product","3":"status-publish","4":"has-post-thumbnail","6":"product_cat-bra-panty-set","7":"product_cat-wholesale-garter-belt-set","8":"product_cat-sexy-lingerie","9":"product_tag-4-piece-lingerie-set","10":"product_tag-wholesale-boudoir-lingerie","11":"product_tag-brunette-lingerie","12":"product_tag-wholesale-elegant-sexy-lingerie","13":"product_tag-lingerie-suspender-set","14":"product_tag-sexy-push-up-lingerie","15":"product_tag-wholesale-strappy-sexy-lingerie","16":"pa_color-black","17":"pa_color-red-women-sexy-lingerie","18":"pa_cup-full-cup","19":"pa_size-wholesale-large-size-women-sexy-lingerie","20":"pa_size-wholesale-medium-size-women-sexy-lingerie","21":"pa_size-wholesale-small-size-sexy-lingerie","23":"first","24":"instock","25":"taxable","26":"shipping-taxable","27":"purchasable","28":"product-type-variable"},"tiered_pricing_type":"fixed","tiered_pricing_fixed_rules":[],"tiered_pricing_product_settings":{"layout":"table","base_unit_name":{"singular":null,"plural":null},"default_variation":null},"tiered_pricing_minimum_quantity":null,"tiered_pricing_roles_data":{"default_wholesaler":{"product_id":39591,"role":"default_wholesaler","pricing_type":"flat","regular_price":null,"sale_price":null,"discount":null,"discount_type":"sale_price","tiered_pricing_type":"fixed","percentage_rules":[],"fixed_rules":{"2":"9.39","30":"8.09","500":"7.09"},"minimum":null},"dropshippinger":{"product_id":39591,"role":"dropshippinger","pricing_type":"flat","regular_price":null,"sale_price":null,"discount":null,"discount_type":"sale_price","tiered_pricing_type":"fixed","percentage_rules":[],"fixed_rules":{"1":"11.29","5":"9.39","30":"7.09"},"minimum":null}},"tiered_pricing_percentage_rules":[],"tiered_pricing_maximum_quantity":null,"tiered_pricing_quantity_step":null,"_links":{"self":[{"href":"https:\/\/gretasexylingerie.com\/da\/wp-json\/wp\/v2\/product\/39591","targetHints":{"allow":["GET"]}}],"collection":[{"href":"https:\/\/gretasexylingerie.com\/da\/wp-json\/wp\/v2\/product"}],"about":[{"href":"https:\/\/gretasexylingerie.com\/da\/wp-json\/wp\/v2\/types\/product"}],"wp:featuredmedia":[{"embeddable":true,"href":"https:\/\/gretasexylingerie.com\/da\/wp-json\/wp\/v2\/media\/39604"}],"wp:attachment":[{"href":"https:\/\/gretasexylingerie.com\/da\/wp-json\/wp\/v2\/media?parent=39591"}],"wp:term":[{"taxonomy":"product_brand","embeddable":true,"href":"https:\/\/gretasexylingerie.com\/da\/wp-json\/wp\/v2\/product_brand?post=39591"},{"taxonomy":"product_cat","embeddable":true,"href":"https:\/\/gretasexylingerie.com\/da\/wp-json\/wp\/v2\/product_cat?post=39591"},{"taxonomy":"product_tag","embeddable":true,"href":"https:\/\/gretasexylingerie.com\/da\/wp-json\/wp\/v2\/product_tag?post=39591"}],"curies":[{"name":"wp","href":"https:\/\/api.w.org\/{rel}","templated":true}]}}