{"id":39572,"date":"2023-04-19T21:41:31","date_gmt":"2023-04-19T13:41:31","guid":{"rendered":"https:\/\/gretasexylingerie.com\/?post_type=product&#038;p=39572"},"modified":"2023-09-05T20:51:23","modified_gmt":"2023-09-05T12:51:23","slug":"ultra-sexet-strompeband-bh-trussesaet","status":"publish","type":"product","link":"https:\/\/gretasexylingerie.com\/da\/products\/ultra-sexy-garter-belt-bra-panty-set\/","title":{"rendered":"Ultra sexet str\u00f8mpeb\u00e5nd BH Trusses\u00e6t"},"content":{"rendered":"<p>1. Fedt og vovet design: Det ultra sexede str\u00f8mpeb\u00e5nd BH-trusses\u00e6t har et unikt og vovet design, der er perfekt til kvinden, der \u00f8nsker at skille sig ud. Kombinationen af sarte blonder med edgy stropper og hardware tilf\u00f8jer et ultra-sexet touch til s\u00e6ttet, hvilket g\u00f8r det til et godt valg for alle, der leder efter noget modigt og vovet.<\/p>\n\n\n\n<p>2. Komfortabel pasform: Lavet med materialer af h\u00f8j kvalitet og designet med din komfort i tankerne, dette s\u00e6t tilbyder en behagelig og st\u00f8ttende pasform. Str\u00f8mpeb\u00e5ndsb\u00e6ltet er justerbart for at sikre en behagelig og flatterende pasform, mens bh&#039;en og trusserne har et behageligt og flatterende design.<\/p>\n\n\n\n<p>3.Legelig og sexet: Kombinationen af sarte blonder og edgy stropper og hardware p\u00e5 Ultra Sexy Garter Belt BH Trusses\u00e6t tilf\u00f8jer et legende og sexet touch til s\u00e6ttet, hvilket g\u00f8r det perfekt til at tilf\u00f8je lidt sp\u00e6nding til enhver intim lejlighed.<\/p>\n\n\n\n<p>4.Alsidigt: Det ultra sexede str\u00f8mpeb\u00e5nd BH-trusses\u00e6t er alsidigt nok til at blive b\u00e5ret til enhver lejlighed, uanset om du kl\u00e6der dig ud til en s\u00e6rlig lejlighed eller bare vil f\u00f8le dig sexet og selvsikker i dit liv.<\/p>\n\n\n\n<figure class=\"wp-block-table is-style-stripes\"><table><tbody><tr><td colspan=\"4\">Site Chart (CM)<\/td><td><\/td><td><\/td><\/tr><tr><td>St\u00f8rrelse<\/td><td>L\u00e6ngde<\/td><td>Under brystet<\/td><td>Talje<\/td><td>Trusser talje<\/td><td>Trusser l\u00e6ngde<\/td><\/tr><tr><td>S<\/td><td>18<\/td><td>68-94<\/td><td>63-92<\/td><td>64-96<\/td><td>23<\/td><\/tr><tr><td>M<\/td><td>19<\/td><td>72-98<\/td><td>67-96<\/td><td>68-100<\/td><td>24<\/td><\/tr><tr><td>L<\/td><td>20<\/td><td>76-102<\/td><td>71-100<\/td><td>72-104<\/td><td>25<\/td><\/tr><tr><td colspan=\"4\">Sitediagram (INCH)<\/td><td><\/td><td><\/td><\/tr><tr><td>St\u00f8rrelse<\/td><td>L\u00e6ngde<\/td><td>Under brystet<\/td><td>Talje<\/td><td>Trusser talje<\/td><td>Trusser l\u00e6ngde<\/td><\/tr><tr><td>S<\/td><td>7.08&nbsp;<\/td><td>26.77-37.00<\/td><td>24.80-36.22<\/td><td>25.19-37.79<\/td><td>9.05<\/td><\/tr><tr><td>M<\/td><td>7.48&nbsp;<\/td><td>28.34-38.58<\/td><td>26.37-37.79<\/td><td>26.77-39.37<\/td><td>9.44<\/td><\/tr><tr><td>L<\/td><td>7.87&nbsp;<\/td><td>29.92-40.15<\/td><td>27.95-39.37<\/td><td>28.34-40.94<\/td><td>9.84&nbsp;<\/td><\/tr><tr><td colspan=\"6\">Bem\u00e6rk:<br>1.Der er m\u00e5ske 1-2 cm afvigelse i forskellige st\u00f8rrelser, placeringer og str\u00e6k af stoffer. St\u00f8rrelsestabellen er kun til reference, der kan v\u00e6re lidt forskel p\u00e5, hvad du f\u00e5r.<br>2.Der er 3 slags elasticitet: h\u00f8j elasticitet (tosidet strakt), medium elasticitet (ensidig strakt) og ikke-elastisk (kan ikke str\u00e6kkes).<br>3. Farven kan v\u00e6re lysere eller m\u00f8rkere p\u00e5 grund af den forskellige pc-sk\u00e6rm.<br>4. Vask den i h\u00e5nden i 30 graders vand, h\u00e6ng den til t\u00f8rre i skygge, forbyd blegning.<br>5.Der er m\u00e5ske lidt forskel p\u00e5 detaljer og m\u00f8nster.<\/td><\/tr><\/tbody><\/table><\/figure>\n\n\n\n<p><\/p>","protected":false},"excerpt":{"rendered":"<p>Ved at kombinere sarte blonder med edgy stropper og hardware, vil dette str\u00f8mpeb\u00e5nds-bh-trusses\u00e6t helt sikkert vende hoveder og f\u00e5 dig til at f\u00f8le dig kraftfuld og sexet. Str\u00f8mpeb\u00e5ndsb\u00e6ltet er justerbart for en behagelig pasform, mens den matchende bh og trusser er ultra-sexet for en behagelig pasform alle ugens dage.<\/p>","protected":false},"featured_media":39585,"template":"","meta":[],"product_brand":[],"product_cat":[368,374,380,367,376],"product_tag":[868,861,448,447,504],"class_list":{"0":"post-39572","1":"product","2":"type-product","3":"status-publish","4":"has-post-thumbnail","6":"product_cat-bra-panty-set","7":"product_cat-wholesale-garter-belt-set","8":"product_cat-wholesale-harness-bra-and-panty-set","9":"product_cat-sexy-lingerie","10":"product_cat-wholesale-ultra-sexy-bra-panty-set","11":"product_tag-4-piece-lingerie-set","12":"product_tag-brunette-lingerie","13":"product_tag-wholesale-elegant-sexy-lingerie","14":"product_tag-wholesale-strappy-sexy-lingerie","15":"product_tag-ultra-sexy","16":"pa_color-black","17":"pa_color-blue-women-sexy-lingerie","18":"pa_color-red-women-sexy-lingerie","19":"pa_cup-full-cup","20":"pa_size-wholesale-large-size-women-sexy-lingerie","21":"pa_size-wholesale-medium-size-women-sexy-lingerie","22":"pa_size-wholesale-small-size-sexy-lingerie","24":"first","25":"instock","26":"taxable","27":"shipping-taxable","28":"purchasable","29":"product-type-variable"},"tiered_pricing_type":"fixed","tiered_pricing_fixed_rules":[],"tiered_pricing_product_settings":{"layout":"default","base_unit_name":{"singular":null,"plural":null},"default_variation":null},"tiered_pricing_minimum_quantity":null,"tiered_pricing_roles_data":{"default_wholesaler":{"product_id":39572,"role":"default_wholesaler","pricing_type":"flat","regular_price":null,"sale_price":null,"discount":null,"discount_type":"sale_price","tiered_pricing_type":"fixed","percentage_rules":[],"fixed_rules":{"2":"10.49","30":"8.99","500":"7.89"},"minimum":null},"dropshippinger":{"product_id":39572,"role":"dropshippinger","pricing_type":"flat","regular_price":null,"sale_price":null,"discount":null,"discount_type":"sale_price","tiered_pricing_type":"fixed","percentage_rules":[],"fixed_rules":{"1":"12.49","5":"10.49","30":"7.89"},"minimum":null}},"tiered_pricing_percentage_rules":[],"tiered_pricing_maximum_quantity":null,"tiered_pricing_quantity_step":null,"_links":{"self":[{"href":"https:\/\/gretasexylingerie.com\/da\/wp-json\/wp\/v2\/product\/39572","targetHints":{"allow":["GET"]}}],"collection":[{"href":"https:\/\/gretasexylingerie.com\/da\/wp-json\/wp\/v2\/product"}],"about":[{"href":"https:\/\/gretasexylingerie.com\/da\/wp-json\/wp\/v2\/types\/product"}],"wp:featuredmedia":[{"embeddable":true,"href":"https:\/\/gretasexylingerie.com\/da\/wp-json\/wp\/v2\/media\/39585"}],"wp:attachment":[{"href":"https:\/\/gretasexylingerie.com\/da\/wp-json\/wp\/v2\/media?parent=39572"}],"wp:term":[{"taxonomy":"product_brand","embeddable":true,"href":"https:\/\/gretasexylingerie.com\/da\/wp-json\/wp\/v2\/product_brand?post=39572"},{"taxonomy":"product_cat","embeddable":true,"href":"https:\/\/gretasexylingerie.com\/da\/wp-json\/wp\/v2\/product_cat?post=39572"},{"taxonomy":"product_tag","embeddable":true,"href":"https:\/\/gretasexylingerie.com\/da\/wp-json\/wp\/v2\/product_tag?post=39572"}],"curies":[{"name":"wp","href":"https:\/\/api.w.org\/{rel}","templated":true}]}}