{"id":39521,"date":"2023-04-18T22:31:10","date_gmt":"2023-04-18T14:31:10","guid":{"rendered":"https:\/\/gretasexylingerie.com\/?post_type=product&#038;p=39521"},"modified":"2023-12-09T19:40:44","modified_gmt":"2023-12-09T11:40:44","slug":"strompebandet-korset-bh-trussesaet","status":"publish","type":"product","link":"https:\/\/gretasexylingerie.com\/da\/products\/gartered-corset-bra-panty-set\/","title":{"rendered":"Str\u00f8mpeb\u00e5nd-korset-bh-trusses\u00e6t"},"content":{"rendered":"<p>1.Alsidig stil: Garter Corset BH Trusses\u00e6t er det perfekte undert\u00f8jss\u00e6t til enhver lejlighed. Uanset om du kl\u00e6der dig ud til en romantisk aften eller bare vil f\u00f8le dig selvsikker og sexet til hverdagen, er dette s\u00e6t alsidigt nok til at passe til enhver stemning eller lejlighed.<\/p>\n\n\n\n<p>2. Flatterende design: B\u00e5de h\u00f8jtaljede trusser og bh&#039;er i korsetstil er designet til at smigre dine kurver og forbedre din naturlige sk\u00f8nhed.<\/p>\n\n\n\n<p>3. Komfortabel pasform: Str\u00f8mpeb\u00e5ndskorset-trusses\u00e6t er lavet af materialer af h\u00f8j kvalitet og designet med din komfort i tankerne, hvilket giver en behagelig og st\u00f8ttende pasform.<\/p>\n\n\n\n<p>4. Stor v\u00e6rdi: S\u00e6ttet tilbyder utrolig v\u00e6rdi for dets kvalitet og design. F\u00f8l dig selvsikker og sexet uden at spr\u00e6nge banken i dette fantastiske lingeris\u00e6t.<\/p>\n\n\n\n<figure class=\"wp-block-table is-style-stripes\"><table class=\"has-fixed-layout\"><tbody><tr><td colspan=\"6\">Site Chart (CM)<\/td><\/tr><tr><td>St\u00f8rrelse<\/td><td class=\"has-text-align-center\" data-align=\"center\">Koph\u00f8jde<\/td><td class=\"has-text-align-center\" data-align=\"center\">Under brystet<\/td><td class=\"has-text-align-center\" data-align=\"center\">Talje<\/td><td class=\"has-text-align-center\" data-align=\"center\">Trusser talje<\/td><td class=\"has-text-align-center\" data-align=\"center\">Trusser l\u00e6ngde<\/td><\/tr><tr><td>S<\/td><td class=\"has-text-align-center\" data-align=\"center\">14<\/td><td class=\"has-text-align-center\" data-align=\"center\">61-86<\/td><td class=\"has-text-align-center\" data-align=\"center\">62-98<\/td><td class=\"has-text-align-center\" data-align=\"center\">65-98<\/td><td class=\"has-text-align-center\" data-align=\"center\">21<\/td><\/tr><tr><td>M<\/td><td class=\"has-text-align-center\" data-align=\"center\">15<\/td><td class=\"has-text-align-center\" data-align=\"center\">65-90<\/td><td class=\"has-text-align-center\" data-align=\"center\">66-102<\/td><td class=\"has-text-align-center\" data-align=\"center\">69-102<\/td><td class=\"has-text-align-center\" data-align=\"center\">22<\/td><\/tr><tr><td>L<\/td><td class=\"has-text-align-center\" data-align=\"center\">16<\/td><td class=\"has-text-align-center\" data-align=\"center\">69-94<\/td><td class=\"has-text-align-center\" data-align=\"center\">70-106<\/td><td class=\"has-text-align-center\" data-align=\"center\">73-106<\/td><td class=\"has-text-align-center\" data-align=\"center\">23<\/td><\/tr><tr><td colspan=\"6\">Sitediagram (INCH)<\/td><\/tr><tr><td>St\u00f8rrelse<\/td><td class=\"has-text-align-center\" data-align=\"center\">Koph\u00f8jde<\/td><td class=\"has-text-align-center\" data-align=\"center\">Under brystet<\/td><td class=\"has-text-align-center\" data-align=\"center\">Talje<\/td><td class=\"has-text-align-center\" data-align=\"center\">Trusser talje<\/td><td class=\"has-text-align-center\" data-align=\"center\">Trusser l\u00e6ngde<\/td><\/tr><tr><td>S<\/td><td class=\"has-text-align-center\" data-align=\"center\">5.51&nbsp;<\/td><td class=\"has-text-align-center\" data-align=\"center\">24.01-33.85<\/td><td class=\"has-text-align-center\" data-align=\"center\">24.40-38.58<\/td><td class=\"has-text-align-center\" data-align=\"center\">25.59-38.58<\/td><td class=\"has-text-align-center\" data-align=\"center\">8.26<\/td><\/tr><tr><td>M<\/td><td class=\"has-text-align-center\" data-align=\"center\">5.90&nbsp;<\/td><td class=\"has-text-align-center\" data-align=\"center\">25.59-35.43<\/td><td class=\"has-text-align-center\" data-align=\"center\">25.98-40.15<\/td><td class=\"has-text-align-center\" data-align=\"center\">27.16-40.15<\/td><td class=\"has-text-align-center\" data-align=\"center\">8.66<\/td><\/tr><tr><td>L<\/td><td class=\"has-text-align-center\" data-align=\"center\">6.29&nbsp;<\/td><td class=\"has-text-align-center\" data-align=\"center\">27.16-37.00<\/td><td class=\"has-text-align-center\" data-align=\"center\">27.55-41.73<\/td><td class=\"has-text-align-center\" data-align=\"center\">28.74-41.73<\/td><td class=\"has-text-align-center\" data-align=\"center\">9.05&nbsp;<\/td><\/tr><tr><td colspan=\"6\">Bem\u00e6rk:<br>1.Der er m\u00e5ske 1-2 cm afvigelse i forskellige st\u00f8rrelser, placeringer og str\u00e6k af stoffer. St\u00f8rrelsestabellen er kun til reference, der kan v\u00e6re lidt forskel p\u00e5, hvad du f\u00e5r.<br>2.Der er 3 slags elasticitet: h\u00f8j elasticitet (tosidet strakt), medium elasticitet (ensidig strakt) og ikke-elastisk (kan ikke str\u00e6kkes).<br>3. Farven kan v\u00e6re lysere eller m\u00f8rkere p\u00e5 grund af den forskellige pc-sk\u00e6rm.<br>4. Vask den i h\u00e5nden i 30 graders vand, h\u00e6ng den til t\u00f8rre i skygge, forbyd blegning.<br>5.Der er m\u00e5ske lidt forskel p\u00e5 detaljer og m\u00f8nster.<\/td><\/tr><\/tbody><\/table><\/figure>\n\n\n\n<p><\/p>","protected":false},"excerpt":{"rendered":"<p>Med en smuk bh i korsetstil med justerbare stropper og str\u00f8mpestr\u00f8mpeb\u00e5nd er dette s\u00e6t perfekt til at tilf\u00f8je et strejf af glamour til enhver intim lejlighed. De matchende trusser har en flatterende h\u00f8j talje og delikate blondedetaljer for et feminint og elegant look.<\/p>","protected":false},"featured_media":39531,"template":"","meta":[],"product_brand":[],"product_cat":[368,374,367],"product_tag":[507,861,448,454,532,524,973,453],"class_list":{"0":"post-39521","1":"product","2":"type-product","3":"status-publish","4":"has-post-thumbnail","6":"product_cat-bra-panty-set","7":"product_cat-wholesale-garter-belt-set","8":"product_cat-sexy-lingerie","9":"product_tag-three-pcs-set","10":"product_tag-brunette-lingerie","11":"product_tag-wholesale-elegant-sexy-lingerie","12":"product_tag-wholesale-sexy-embroidered-lingerie","13":"product_tag-lingerie-suspender-set","14":"product_tag-metal-lingerie","15":"product_tag-oem","16":"product_tag-wholesale-sexy-naughty-lingerie","17":"pa_color-black","18":"pa_cup-full-cup","19":"pa_size-wholesale-large-size-women-sexy-lingerie","20":"pa_size-wholesale-medium-size-women-sexy-lingerie","21":"pa_size-wholesale-small-size-sexy-lingerie","23":"first","24":"outofstock","25":"taxable","26":"shipping-taxable","27":"purchasable","28":"product-type-variable"},"tiered_pricing_type":"fixed","tiered_pricing_fixed_rules":[],"tiered_pricing_product_settings":{"layout":"default","base_unit_name":{"singular":null,"plural":null},"default_variation":{}},"tiered_pricing_minimum_quantity":null,"tiered_pricing_roles_data":{"default_wholesaler":{"product_id":39521,"role":"default_wholesaler","pricing_type":"flat","regular_price":null,"sale_price":null,"discount":null,"discount_type":"sale_price","tiered_pricing_type":"fixed","percentage_rules":[],"fixed_rules":{"2":"10.99","30":"9.39","500":"8.29"},"minimum":null},"dropshippinger":{"product_id":39521,"role":"dropshippinger","pricing_type":"flat","regular_price":null,"sale_price":null,"discount":null,"discount_type":"sale_price","tiered_pricing_type":"fixed","percentage_rules":[],"fixed_rules":{"1":"13.19","5":"10.99","30":"8.29"},"minimum":null}},"tiered_pricing_percentage_rules":[],"tiered_pricing_maximum_quantity":null,"tiered_pricing_quantity_step":null,"_links":{"self":[{"href":"https:\/\/gretasexylingerie.com\/da\/wp-json\/wp\/v2\/product\/39521","targetHints":{"allow":["GET"]}}],"collection":[{"href":"https:\/\/gretasexylingerie.com\/da\/wp-json\/wp\/v2\/product"}],"about":[{"href":"https:\/\/gretasexylingerie.com\/da\/wp-json\/wp\/v2\/types\/product"}],"wp:featuredmedia":[{"embeddable":true,"href":"https:\/\/gretasexylingerie.com\/da\/wp-json\/wp\/v2\/media\/39531"}],"wp:attachment":[{"href":"https:\/\/gretasexylingerie.com\/da\/wp-json\/wp\/v2\/media?parent=39521"}],"wp:term":[{"taxonomy":"product_brand","embeddable":true,"href":"https:\/\/gretasexylingerie.com\/da\/wp-json\/wp\/v2\/product_brand?post=39521"},{"taxonomy":"product_cat","embeddable":true,"href":"https:\/\/gretasexylingerie.com\/da\/wp-json\/wp\/v2\/product_cat?post=39521"},{"taxonomy":"product_tag","embeddable":true,"href":"https:\/\/gretasexylingerie.com\/da\/wp-json\/wp\/v2\/product_tag?post=39521"}],"curies":[{"name":"wp","href":"https:\/\/api.w.org\/{rel}","templated":true}]}}