{"id":39496,"date":"2023-04-18T21:04:27","date_gmt":"2023-04-18T13:04:27","guid":{"rendered":"https:\/\/gretasexylingerie.com\/?post_type=product&#038;p=39496"},"modified":"2023-09-05T20:51:19","modified_gmt":"2023-09-05T12:51:19","slug":"sexet-lingeri-i-mork-stil","status":"publish","type":"product","link":"https:\/\/gretasexylingerie.com\/da\/products\/dark-style-sexy-lingerie\/","title":{"rendered":"M\u00f8rk stil sexet lingeri"},"content":{"rendered":"<p>1.Sultry Style: The Dark Style Sexy Lingeri er designet til at bringe din indre forf\u00f8rer frem. Med sine vovede udsk\u00e6ringer og stroppede detaljer er dette lingeris\u00e6t perfekt til dem, der \u00f8nsker at g\u00f8re et statement og skrue op for varmen i sovev\u00e6relset.<\/p>\n\n\n\n<p>2. Komfortabel pasform: Dette lingeris\u00e6t er lavet af \u00e5ndbart og elastisk stof og er designet til at give maksimal komfort, samtidig med at det omslutter dine kurver alle de rigtige steder. De justerbare stropper og b\u00e5nd giver en tilpasset pasform til enhver kropstype.<\/p>\n\n\n\n<p>3. Materiale af h\u00f8j kvalitet: Det m\u00f8rke stil sexede lingeri er lavet med materialer af h\u00f8j kvalitet, der er designet til at holde. Du kan b\u00e6re dette lingeris\u00e6t gang p\u00e5 gang, vel vidende at det holder til slid.<\/p>\n\n\n\n<p>4.Alsidigt: Dette lingeris\u00e6t er perfekt til en r\u00e6kke forskellige lejligheder, fra en romantisk aften derhjemme til en aften i byen med venner. Uanset om du \u00f8nsker at tilf\u00f8je et strejf af kant til dit hverdagslook eller \u00f8nsker at varme tingene op i sovev\u00e6relset, er Dark Style Sexy Lingeri det perfekte valg.<\/p>\n\n\n\n<figure class=\"wp-block-table\"><table><tbody><tr><td colspan=\"5\">Site Chart (CM)<\/td><td class=\"has-text-align-center\" data-align=\"center\"><\/td><td class=\"has-text-align-center\" data-align=\"center\"><\/td><td class=\"has-text-align-center\" data-align=\"center\"><\/td><\/tr><tr><td>St\u00f8rrelse<\/td><td class=\"has-text-align-center\" data-align=\"center\">L\u00e6ngde<\/td><td class=\"has-text-align-center\" data-align=\"center\">Skulder<\/td><td class=\"has-text-align-center\" data-align=\"center\">Under brystet<\/td><td class=\"has-text-align-center\" data-align=\"center\">Ankel omkreds<\/td><td class=\"has-text-align-center\" data-align=\"center\">Trusser talje<\/td><td class=\"has-text-align-center\" data-align=\"center\">Trusser l\u00e6ngde<\/td><td class=\"has-text-align-center\" data-align=\"center\">Fodens omkreds<\/td><\/tr><tr><td>S<\/td><td class=\"has-text-align-center\" data-align=\"center\">27<\/td><td class=\"has-text-align-center\" data-align=\"center\">38<\/td><td class=\"has-text-align-center\" data-align=\"center\">64-86<\/td><td class=\"has-text-align-center\" data-align=\"center\">62-84<\/td><td class=\"has-text-align-center\" data-align=\"center\">66-98<\/td><td class=\"has-text-align-center\" data-align=\"center\">22.5<\/td><td class=\"has-text-align-center\" data-align=\"center\">47<\/td><\/tr><tr><td>M<\/td><td class=\"has-text-align-center\" data-align=\"center\">28<\/td><td class=\"has-text-align-center\" data-align=\"center\">38<\/td><td class=\"has-text-align-center\" data-align=\"center\">68-90<\/td><td class=\"has-text-align-center\" data-align=\"center\">66-88<\/td><td class=\"has-text-align-center\" data-align=\"center\">70-102<\/td><td class=\"has-text-align-center\" data-align=\"center\">23.5<\/td><td class=\"has-text-align-center\" data-align=\"center\">49.2<\/td><\/tr><tr><td>L<\/td><td class=\"has-text-align-center\" data-align=\"center\">29<\/td><td class=\"has-text-align-center\" data-align=\"center\">38<\/td><td class=\"has-text-align-center\" data-align=\"center\">72-94<\/td><td class=\"has-text-align-center\" data-align=\"center\">70-92<\/td><td class=\"has-text-align-center\" data-align=\"center\">74-106<\/td><td class=\"has-text-align-center\" data-align=\"center\">24.5<\/td><td class=\"has-text-align-center\" data-align=\"center\">51.4<\/td><\/tr><tr><td colspan=\"5\">Sitediagram (INCH)<\/td><td class=\"has-text-align-center\" data-align=\"center\"><\/td><td class=\"has-text-align-center\" data-align=\"center\"><\/td><td class=\"has-text-align-center\" data-align=\"center\"><\/td><\/tr><tr><td>St\u00f8rrelse<\/td><td class=\"has-text-align-center\" data-align=\"center\">L\u00e6ngde<\/td><td class=\"has-text-align-center\" data-align=\"center\">Skulder<\/td><td class=\"has-text-align-center\" data-align=\"center\">Under brystet<\/td><td class=\"has-text-align-center\" data-align=\"center\">Ankel omkreds<\/td><td class=\"has-text-align-center\" data-align=\"center\">Trusser talje<\/td><td class=\"has-text-align-center\" data-align=\"center\">Trusser l\u00e6ngde<\/td><td class=\"has-text-align-center\" data-align=\"center\">Fodens omkreds<\/td><\/tr><tr><td>S<\/td><td class=\"has-text-align-center\" data-align=\"center\">10.62&nbsp;<\/td><td class=\"has-text-align-center\" data-align=\"center\">14.96<\/td><td class=\"has-text-align-center\" data-align=\"center\">25.19-33.85<\/td><td class=\"has-text-align-center\" data-align=\"center\">24.40-33.04<\/td><td class=\"has-text-align-center\" data-align=\"center\">25.98-38.58<\/td><td class=\"has-text-align-center\" data-align=\"center\">8.85<\/td><td class=\"has-text-align-center\" data-align=\"center\">18.5<\/td><\/tr><tr><td>M<\/td><td class=\"has-text-align-center\" data-align=\"center\">11.02&nbsp;<\/td><td class=\"has-text-align-center\" data-align=\"center\">14.96<\/td><td class=\"has-text-align-center\" data-align=\"center\">26.77-35.43<\/td><td class=\"has-text-align-center\" data-align=\"center\">25.98-34.64<\/td><td class=\"has-text-align-center\" data-align=\"center\">27.55-40.15<\/td><td class=\"has-text-align-center\" data-align=\"center\">9.25<\/td><td class=\"has-text-align-center\" data-align=\"center\">19.37<\/td><\/tr><tr><td>L<\/td><td class=\"has-text-align-center\" data-align=\"center\">11.41&nbsp;<\/td><td class=\"has-text-align-center\" data-align=\"center\">14.96<\/td><td class=\"has-text-align-center\" data-align=\"center\">28.34-37.00<\/td><td class=\"has-text-align-center\" data-align=\"center\">27.55-36.22<\/td><td class=\"has-text-align-center\" data-align=\"center\">29.13-41.73<\/td><td class=\"has-text-align-center\" data-align=\"center\">9.64&nbsp;<\/td><td class=\"has-text-align-center\" data-align=\"center\">20.23&nbsp;<\/td><\/tr><tr><td colspan=\"8\">Bem\u00e6rk:<br>1.Der er m\u00e5ske 1-2 cm afvigelse i forskellige st\u00f8rrelser, placeringer og str\u00e6k af stoffer. St\u00f8rrelsestabellen er kun til reference, der kan v\u00e6re lidt forskel p\u00e5, hvad du f\u00e5r.<br>2.Der er 3 slags elasticitet: h\u00f8j elasticitet (tosidet strakt), medium elasticitet (ensidig strakt) og ikke-elastisk (kan ikke str\u00e6kkes).<br>3. Farven kan v\u00e6re lysere eller m\u00f8rkere p\u00e5 grund af den forskellige pc-sk\u00e6rm.<br>4. Vask den i h\u00e5nden i 30 graders vand, h\u00e6ng den til t\u00f8rre i skygge, forbyd blegning.<br>5.Der er m\u00e5ske lidt forskel p\u00e5 detaljer og m\u00f8nster.<\/td><\/tr><\/tbody><\/table><\/figure>\n\n\n\n<p><\/p>","protected":false},"excerpt":{"rendered":"<p>S\u00e6ttet indeholder en sexet sort bh og trusser med dristige udsk\u00e6ringer og bindedetaljer. Den mystiske stil er perfekt til dem, der \u00f8nsker at g\u00f8re et statement ved s\u00e6rlige begivenheder. Det \u00e5ndbare og str\u00e6kbare stof sikrer maksimal komfort. Bestil nu for at opleve den ultimative komfort, mode og sexiness.<\/p>","protected":false},"featured_media":39508,"template":"","meta":[],"product_brand":[],"product_cat":[388,386,367],"product_tag":[861,446,867,447],"class_list":{"0":"post-39496","1":"product","2":"type-product","3":"status-publish","4":"has-post-thumbnail","6":"product_cat-wholesale-gartered-corset","7":"product_cat-sexy-bustiers","8":"product_cat-sexy-lingerie","9":"product_tag-brunette-lingerie","10":"product_tag-wholesale-sexy-see-through-lingerie","11":"product_tag-sexy-push-up-lingerie","12":"product_tag-wholesale-strappy-sexy-lingerie","13":"pa_color-black","14":"pa_cup-full-cup","15":"pa_size-wholesale-large-size-women-sexy-lingerie","16":"pa_size-wholesale-medium-size-women-sexy-lingerie","17":"pa_size-wholesale-small-size-sexy-lingerie","19":"first","20":"instock","21":"taxable","22":"shipping-taxable","23":"purchasable","24":"product-type-variable"},"tiered_pricing_type":"fixed","tiered_pricing_fixed_rules":[],"tiered_pricing_product_settings":{"layout":"default","base_unit_name":{"singular":null,"plural":null},"default_variation":null},"tiered_pricing_minimum_quantity":null,"tiered_pricing_roles_data":{"default_wholesaler":{"product_id":39496,"role":"default_wholesaler","pricing_type":"flat","regular_price":null,"sale_price":null,"discount":null,"discount_type":"sale_price","tiered_pricing_type":"fixed","percentage_rules":[],"fixed_rules":{"2":"9.19","30":"7.89","500":"6.89"},"minimum":null},"dropshippinger":{"product_id":39496,"role":"dropshippinger","pricing_type":"flat","regular_price":null,"sale_price":null,"discount":null,"discount_type":"sale_price","tiered_pricing_type":"fixed","percentage_rules":[],"fixed_rules":{"1":"10.99","5":"9.19","30":"6.89"},"minimum":null}},"tiered_pricing_percentage_rules":[],"tiered_pricing_maximum_quantity":null,"tiered_pricing_quantity_step":null,"_links":{"self":[{"href":"https:\/\/gretasexylingerie.com\/da\/wp-json\/wp\/v2\/product\/39496","targetHints":{"allow":["GET"]}}],"collection":[{"href":"https:\/\/gretasexylingerie.com\/da\/wp-json\/wp\/v2\/product"}],"about":[{"href":"https:\/\/gretasexylingerie.com\/da\/wp-json\/wp\/v2\/types\/product"}],"wp:featuredmedia":[{"embeddable":true,"href":"https:\/\/gretasexylingerie.com\/da\/wp-json\/wp\/v2\/media\/39508"}],"wp:attachment":[{"href":"https:\/\/gretasexylingerie.com\/da\/wp-json\/wp\/v2\/media?parent=39496"}],"wp:term":[{"taxonomy":"product_brand","embeddable":true,"href":"https:\/\/gretasexylingerie.com\/da\/wp-json\/wp\/v2\/product_brand?post=39496"},{"taxonomy":"product_cat","embeddable":true,"href":"https:\/\/gretasexylingerie.com\/da\/wp-json\/wp\/v2\/product_cat?post=39496"},{"taxonomy":"product_tag","embeddable":true,"href":"https:\/\/gretasexylingerie.com\/da\/wp-json\/wp\/v2\/product_tag?post=39496"}],"curies":[{"name":"wp","href":"https:\/\/api.w.org\/{rel}","templated":true}]}}