{"id":39474,"date":"2023-04-18T20:45:18","date_gmt":"2023-04-18T12:45:18","guid":{"rendered":"https:\/\/gretasexylingerie.com\/?post_type=product&#038;p=39474"},"modified":"2024-04-04T14:06:43","modified_gmt":"2024-04-04T06:06:43","slug":"gennemsigtig-kaede-sexet-lingeri-saet","status":"publish","type":"product","link":"https:\/\/gretasexylingerie.com\/da\/products\/see-through-chain-sexy-lingerie-set\/","title":{"rendered":"Engros gennemsigtig k\u00e6de sexet lingeri s\u00e6t"},"content":{"rendered":"<p>1.Forf\u00f8rende stil: Se-gennem-k\u00e6den sexet lingeris\u00e6t er designet til at give dig en uimodst\u00e5elig sexet f\u00f8lelse. Med sit rene, gennemsigtige materiale og delikate k\u00e6dedetaljer tilf\u00f8jer dette lingeris\u00e6t et strejf af mystik og kant til dit look.<\/p>\n\n\n\n<p>2. Komfortabel pasform: Dette lingeris\u00e6t er lavet med ultrabl\u00f8dt og elastisk stof og er designet til at omfavne dine kurver alle de rigtige steder. De justerbare stropper sikrer en tilpasset pasform til enhver kropstype, mens det \u00e5ndbare materiale sikrer maksimal komfort.<\/p>\n\n\n\n<p>3. Materiale af h\u00f8j kvalitet: Det sexede lingeris\u00e6t med gennemsigtig k\u00e6de er lavet med materialer af h\u00f8j kvalitet, der er designet til at holde. Uanset om du har det p\u00e5 til en s\u00e6rlig lejlighed eller bare for at pifte dit k\u00e6rlighedsliv op, vil dette lingeris\u00e6t helt sikkert imponere.<\/p>\n\n\n\n<p>4.Alsidigt: Dette lingeris\u00e6t er perfekt til en r\u00e6kke forskellige lejligheder, fra en romantisk aften derhjemme til en aften i byen med venner. Uanset om du \u00f8nsker at komme med et statement eller bare vil f\u00f8le dig selvsikker og sexet, er See Through Chain Sexy Lingeri Set det perfekte valg.<\/p>\n\n\n\n<figure class=\"wp-block-table\"><table class=\"has-fixed-layout\"><tbody><tr><td colspan=\"6\">Site Chart (CM)<\/td><\/tr><tr><td>St\u00f8rrelse<\/td><td class=\"has-text-align-center\" data-align=\"center\">Topl\u00e6ngde<\/td><td class=\"has-text-align-center\" data-align=\"center\">Under brystet<\/td><td class=\"has-text-align-center\" data-align=\"center\">Talje<\/td><td class=\"has-text-align-center\" data-align=\"center\">Trusser talje<\/td><td class=\"has-text-align-center\" data-align=\"center\">Trusser l\u00e6ngde<\/td><\/tr><tr><td>S<\/td><td class=\"has-text-align-center\" data-align=\"center\">14.5<\/td><td class=\"has-text-align-center\" data-align=\"center\">65-86<\/td><td class=\"has-text-align-center\" data-align=\"center\">62-94<\/td><td class=\"has-text-align-center\" data-align=\"center\">64-94<\/td><td class=\"has-text-align-center\" data-align=\"center\">24<\/td><\/tr><tr><td>M<\/td><td class=\"has-text-align-center\" data-align=\"center\">15<\/td><td class=\"has-text-align-center\" data-align=\"center\">69-90<\/td><td class=\"has-text-align-center\" data-align=\"center\">66-98<\/td><td class=\"has-text-align-center\" data-align=\"center\">68-98<\/td><td class=\"has-text-align-center\" data-align=\"center\">25<\/td><\/tr><tr><td>L<\/td><td class=\"has-text-align-center\" data-align=\"center\">15.5<\/td><td class=\"has-text-align-center\" data-align=\"center\">73-94<\/td><td class=\"has-text-align-center\" data-align=\"center\">70-102<\/td><td class=\"has-text-align-center\" data-align=\"center\">72-102<\/td><td class=\"has-text-align-center\" data-align=\"center\">26<\/td><\/tr><tr><td colspan=\"6\">Sitediagram (INCH)<\/td><\/tr><tr><td>St\u00f8rrelse<\/td><td class=\"has-text-align-center\" data-align=\"center\">Topl\u00e6ngde<\/td><td class=\"has-text-align-center\" data-align=\"center\">Under brystet<\/td><td class=\"has-text-align-center\" data-align=\"center\">Talje<\/td><td class=\"has-text-align-center\" data-align=\"center\">Trusser talje<\/td><td class=\"has-text-align-center\" data-align=\"center\">Trusser l\u00e6ngde<\/td><\/tr><tr><td>S<\/td><td class=\"has-text-align-center\" data-align=\"center\">5.70&nbsp;<\/td><td class=\"has-text-align-center\" data-align=\"center\">25.59-33.85<\/td><td class=\"has-text-align-center\" data-align=\"center\">24.40-37.00<\/td><td class=\"has-text-align-center\" data-align=\"center\">24.40-37.00<\/td><td class=\"has-text-align-center\" data-align=\"center\">9.44<\/td><\/tr><tr><td>M<\/td><td class=\"has-text-align-center\" data-align=\"center\">5.90&nbsp;<\/td><td class=\"has-text-align-center\" data-align=\"center\">27.16-35.43<\/td><td class=\"has-text-align-center\" data-align=\"center\">25.98-38.58<\/td><td class=\"has-text-align-center\" data-align=\"center\">26.77-38.58<\/td><td class=\"has-text-align-center\" data-align=\"center\">9.84<\/td><\/tr><tr><td>L<\/td><td class=\"has-text-align-center\" data-align=\"center\">6.10&nbsp;<\/td><td class=\"has-text-align-center\" data-align=\"center\">28.74-37.00<\/td><td class=\"has-text-align-center\" data-align=\"center\">27.55-40.15<\/td><td class=\"has-text-align-center\" data-align=\"center\">28.34-40.15<\/td><td class=\"has-text-align-center\" data-align=\"center\">10.23&nbsp;<\/td><\/tr><tr><td colspan=\"6\">Bem\u00e6rk:<br>1.Der er m\u00e5ske 1-2 cm afvigelse i forskellige st\u00f8rrelser, placeringer og str\u00e6k af stoffer. St\u00f8rrelsestabellen er kun til reference, der kan v\u00e6re lidt forskel p\u00e5, hvad du f\u00e5r.<br>2.Der er 3 slags elasticitet: h\u00f8j elasticitet (tosidet strakt), medium elasticitet (ensidig strakt) og ikke-elastisk (kan ikke str\u00e6kkes).<br>3. Farven kan v\u00e6re lysere eller m\u00f8rkere p\u00e5 grund af den forskellige pc-sk\u00e6rm.<br>4. Vask den i h\u00e5nden i 30 graders vand, h\u00e6ng den til t\u00f8rre i skygge, forbyd blegning.<br>5.Der er m\u00e5ske lidt forskel p\u00e5 detaljer og m\u00f8nster.<\/td><\/tr><\/tbody><\/table><\/figure>\n\n\n\n<p><\/p>","protected":false},"excerpt":{"rendered":"<p>Dette lingeris\u00e6t er lavet af superbl\u00f8dt str\u00e6kstof med gennemsigtigt materiale for et strejf af mystik og delikate k\u00e6dedetaljer for en flirtende stil. F\u00e5 dig til at f\u00f8le dig selvsikker og sexet under daglig brug, g\u00f8r dig fuld af styrke og charme.<\/p>\n<p>https:\/\/youtu.be\/gq3wFpmaMkM<\/p>","protected":false},"featured_media":39482,"template":"","meta":[],"product_brand":[],"product_cat":[368,374,367],"product_tag":[868,452,861,448,541,524,865],"class_list":{"0":"post-39474","1":"product","2":"type-product","3":"status-publish","4":"has-post-thumbnail","6":"product_cat-bra-panty-set","7":"product_cat-wholesale-garter-belt-set","8":"product_cat-sexy-lingerie","9":"product_tag-4-piece-lingerie-set","10":"product_tag-wholesale-boudoir-lingerie","11":"product_tag-brunette-lingerie","12":"product_tag-wholesale-elegant-sexy-lingerie","13":"product_tag-fishnet-lingerie","14":"product_tag-metal-lingerie","15":"product_tag-sexy-skimpy-lingerie","16":"pa_color-black","17":"pa_color-red-women-sexy-lingerie","18":"pa_cup-wholesale-half-cup-women-sexy-lingerie","19":"pa_size-wholesale-large-size-women-sexy-lingerie","20":"pa_size-wholesale-medium-size-women-sexy-lingerie","21":"pa_size-wholesale-small-size-sexy-lingerie","23":"first","24":"instock","25":"taxable","26":"shipping-taxable","27":"purchasable","28":"product-type-variable"},"tiered_pricing_type":"fixed","tiered_pricing_fixed_rules":[],"tiered_pricing_product_settings":{"layout":"table","base_unit_name":{"singular":null,"plural":null},"default_variation":{}},"tiered_pricing_minimum_quantity":null,"tiered_pricing_roles_data":{"default_wholesaler":{"product_id":39474,"role":"default_wholesaler","pricing_type":"flat","regular_price":null,"sale_price":null,"discount":null,"discount_type":"sale_price","tiered_pricing_type":"fixed","percentage_rules":[],"fixed_rules":{"2":"9.69","30":"8.29","500":"7.29"},"minimum":null},"dropshippinger":{"product_id":39474,"role":"dropshippinger","pricing_type":"flat","regular_price":null,"sale_price":null,"discount":null,"discount_type":"sale_price","tiered_pricing_type":"fixed","percentage_rules":[],"fixed_rules":{"1":"11.59","5":"9.69","30":"7.29"},"minimum":null}},"tiered_pricing_percentage_rules":[],"tiered_pricing_maximum_quantity":null,"tiered_pricing_quantity_step":null,"_links":{"self":[{"href":"https:\/\/gretasexylingerie.com\/da\/wp-json\/wp\/v2\/product\/39474","targetHints":{"allow":["GET"]}}],"collection":[{"href":"https:\/\/gretasexylingerie.com\/da\/wp-json\/wp\/v2\/product"}],"about":[{"href":"https:\/\/gretasexylingerie.com\/da\/wp-json\/wp\/v2\/types\/product"}],"wp:featuredmedia":[{"embeddable":true,"href":"https:\/\/gretasexylingerie.com\/da\/wp-json\/wp\/v2\/media\/39482"}],"wp:attachment":[{"href":"https:\/\/gretasexylingerie.com\/da\/wp-json\/wp\/v2\/media?parent=39474"}],"wp:term":[{"taxonomy":"product_brand","embeddable":true,"href":"https:\/\/gretasexylingerie.com\/da\/wp-json\/wp\/v2\/product_brand?post=39474"},{"taxonomy":"product_cat","embeddable":true,"href":"https:\/\/gretasexylingerie.com\/da\/wp-json\/wp\/v2\/product_cat?post=39474"},{"taxonomy":"product_tag","embeddable":true,"href":"https:\/\/gretasexylingerie.com\/da\/wp-json\/wp\/v2\/product_tag?post=39474"}],"curies":[{"name":"wp","href":"https:\/\/api.w.org\/{rel}","templated":true}]}}