{"id":39458,"date":"2023-04-18T20:24:09","date_gmt":"2023-04-18T12:24:09","guid":{"rendered":"https:\/\/gretasexylingerie.com\/?post_type=product&#038;p=39458"},"modified":"2023-12-09T19:36:49","modified_gmt":"2023-12-09T11:36:49","slug":"mesh-gennemsigtig-sexet-lingeridragt","status":"publish","type":"product","link":"https:\/\/gretasexylingerie.com\/da\/products\/mesh-see-through-sexy-lingerie-suit\/","title":{"rendered":"Engros mesh splejsning Gennemsigtig sexet lingeri jakkes\u00e6t"},"content":{"rendered":"<p>1.Unikt design: Mesh-splejsnings-gennemsigtigt sexet undert\u00f8j sexet jakkes\u00e6t har et unikt og vovet design, der helt sikkert vil vende hovederne og give et statement.<\/p>\n\n\n\n<p>2. Komfortabel pasform: Lavet af bl\u00f8de og \u00e5ndbare materialer, er dette undert\u00f8jss\u00e6t designet til at v\u00e6re behageligt og figursyet, s\u00e5 du kan f\u00f8le dig selvsikker og sexet hele dagen lang.<\/p>\n\n\n\n<p>3.Alsidigt slid: Dette undert\u00f8jss\u00e6t er alsidigt nok til at blive brugt som b\u00e5de undert\u00f8j og overt\u00f8j, hvilket g\u00f8r det til en fantastisk tilf\u00f8jelse til enhver garderobe.<\/p>\n\n\n\n<p>4.Perfekt til intime lejligheder: Uanset om du \u00f8nsker at pifte tingene op i sovev\u00e6relset eller overraske din partner med et sexet nyt look, er dette undert\u00f8jss\u00e6t det perfekte valg til en forf\u00f8rende og dragende stil.<\/p>\n\n\n\n<figure class=\"wp-block-table\"><table><tbody><tr><td colspan=\"6\">Site Chart (CM)<\/td><\/tr><tr><td>St\u00f8rrelse<\/td><td class=\"has-text-align-center\" data-align=\"center\">L\u00e6ngde<\/td><td class=\"has-text-align-center\" data-align=\"center\">Skulder<\/td><td class=\"has-text-align-center\" data-align=\"center\">Under brystet<\/td><td class=\"has-text-align-center\" data-align=\"center\">Trusser talje<\/td><td class=\"has-text-align-center\" data-align=\"center\">Trusser l\u00e6ngde<\/td><\/tr><tr><td>S<\/td><td class=\"has-text-align-center\" data-align=\"center\">16<\/td><td class=\"has-text-align-center\" data-align=\"center\">35.5<\/td><td class=\"has-text-align-center\" data-align=\"center\">67-86<\/td><td class=\"has-text-align-center\" data-align=\"center\">64-96<\/td><td class=\"has-text-align-center\" data-align=\"center\">22.5<\/td><\/tr><tr><td>M<\/td><td class=\"has-text-align-center\" data-align=\"center\">16.6<\/td><td class=\"has-text-align-center\" data-align=\"center\">35.5<\/td><td class=\"has-text-align-center\" data-align=\"center\">71-90<\/td><td class=\"has-text-align-center\" data-align=\"center\">68-104<\/td><td class=\"has-text-align-center\" data-align=\"center\">23.5<\/td><\/tr><tr><td>L<\/td><td class=\"has-text-align-center\" data-align=\"center\">17.2<\/td><td class=\"has-text-align-center\" data-align=\"center\">35.5<\/td><td class=\"has-text-align-center\" data-align=\"center\">75-94<\/td><td class=\"has-text-align-center\" data-align=\"center\">72-108<\/td><td class=\"has-text-align-center\" data-align=\"center\">24.5<\/td><\/tr><tr><td colspan=\"6\">Sitediagram (INCH)<\/td><\/tr><tr><td>St\u00f8rrelse<\/td><td class=\"has-text-align-center\" data-align=\"center\">Koph\u00f8jde<\/td><td class=\"has-text-align-center\" data-align=\"center\">Skulder<\/td><td class=\"has-text-align-center\" data-align=\"center\">Under brystet<\/td><td class=\"has-text-align-center\" data-align=\"center\">Trusser talje<\/td><td class=\"has-text-align-center\" data-align=\"center\">Trusser l\u00e6ngde<\/td><\/tr><tr><td>S<\/td><td class=\"has-text-align-center\" data-align=\"center\">6.29<\/td><td class=\"has-text-align-center\" data-align=\"center\">13.18<\/td><td class=\"has-text-align-center\" data-align=\"center\">26.37-33.85<\/td><td class=\"has-text-align-center\" data-align=\"center\">25.19-37.79<\/td><td class=\"has-text-align-center\" data-align=\"center\">8.85<\/td><\/tr><tr><td>M<\/td><td class=\"has-text-align-center\" data-align=\"center\">6.53<\/td><td class=\"has-text-align-center\" data-align=\"center\">13.18<\/td><td class=\"has-text-align-center\" data-align=\"center\">27.95-35.43<\/td><td class=\"has-text-align-center\" data-align=\"center\">26.77-40.94<\/td><td class=\"has-text-align-center\" data-align=\"center\">9.21<\/td><\/tr><tr><td>L<\/td><td class=\"has-text-align-center\" data-align=\"center\">6.77&nbsp;<\/td><td class=\"has-text-align-center\" data-align=\"center\">13.18<\/td><td class=\"has-text-align-center\" data-align=\"center\">29.52-37.00<\/td><td class=\"has-text-align-center\" data-align=\"center\">28.34-42.51<\/td><td class=\"has-text-align-center\" data-align=\"center\">9.64&nbsp;<\/td><\/tr><tr><td colspan=\"6\">Bem\u00e6rk:<br>1.Der er m\u00e5ske 1-2 cm afvigelse i forskellige st\u00f8rrelser, placeringer og str\u00e6k af stoffer. St\u00f8rrelsestabellen er kun til reference, der kan v\u00e6re lidt forskel p\u00e5, hvad du f\u00e5r.<br>2.Der er 3 slags elasticitet: h\u00f8j elasticitet (tosidet strakt), medium elasticitet (ensidig strakt) og ikke-elastisk (kan ikke str\u00e6kkes).<br>3. Farven kan v\u00e6re lysere eller m\u00f8rkere p\u00e5 grund af den forskellige pc-sk\u00e6rm.<br>4. Vask den i h\u00e5nden i 30 graders vand, h\u00e6ng den til t\u00f8rre i skygge, forbyd blegning.<br>5.Der er m\u00e5ske lidt forskel p\u00e5 detaljer og m\u00f8nster.<\/td><\/tr><\/tbody><\/table><\/figure>\n\n\n\n<p><\/p>","protected":false},"excerpt":{"rendered":"<p>Lavet af materiale af h\u00f8j kvalitet, dette undert\u00f8j er behageligt at have p\u00e5 i lang tid. Indviklede detaljer og opm\u00e6rksomhed p\u00e5 design g\u00f8r denne dragt til et must-have til enhver lejlighed for at f\u00f8le dig selvsikker og energisk i din egen hud. Velegnet til kvinder i alle former og st\u00f8rrelser. Hvis du vil pifte tingene op, er dette s\u00e6t perfekt til dig. Bestil det nu og oplev det ultimative inden for forf\u00f8rende stil!<\/p>","protected":false},"featured_media":39466,"template":"","meta":[],"product_brand":[],"product_cat":[368,367,375],"product_tag":[861,524,446,880,453,864,865],"class_list":{"0":"post-39458","1":"product","2":"type-product","3":"status-publish","4":"has-post-thumbnail","6":"product_cat-bra-panty-set","7":"product_cat-sexy-lingerie","8":"product_cat-whoelsale-sheer-bra-and-panty-sets","9":"product_tag-brunette-lingerie","10":"product_tag-metal-lingerie","11":"product_tag-wholesale-sexy-see-through-lingerie","12":"product_tag-sexy-2-piece-lingerie","13":"product_tag-wholesale-sexy-naughty-lingerie","14":"product_tag-sexy-petite-lingerie","15":"product_tag-sexy-skimpy-lingerie","16":"pa_color-black","17":"pa_cup-full-cup","18":"pa_size-wholesale-large-size-women-sexy-lingerie","19":"pa_size-wholesale-medium-size-women-sexy-lingerie","20":"pa_size-wholesale-small-size-sexy-lingerie","22":"first","23":"outofstock","24":"taxable","25":"shipping-taxable","26":"purchasable","27":"product-type-variable"},"tiered_pricing_type":"fixed","tiered_pricing_fixed_rules":[],"tiered_pricing_product_settings":{"layout":"default","base_unit_name":{"singular":null,"plural":null},"default_variation":null},"tiered_pricing_minimum_quantity":null,"tiered_pricing_roles_data":{"default_wholesaler":{"product_id":39458,"role":"default_wholesaler","pricing_type":"flat","regular_price":null,"sale_price":null,"discount":null,"discount_type":"sale_price","tiered_pricing_type":"fixed","percentage_rules":[],"fixed_rules":{"2":"7.59","30":"6.49","500":"5.69"},"minimum":null},"dropshippinger":{"product_id":39458,"role":"dropshippinger","pricing_type":"flat","regular_price":null,"sale_price":null,"discount":null,"discount_type":"sale_price","tiered_pricing_type":"fixed","percentage_rules":[],"fixed_rules":{"1":"9.09","5":"7.59","30":"5.69"},"minimum":null}},"tiered_pricing_percentage_rules":[],"tiered_pricing_maximum_quantity":null,"tiered_pricing_quantity_step":null,"_links":{"self":[{"href":"https:\/\/gretasexylingerie.com\/da\/wp-json\/wp\/v2\/product\/39458","targetHints":{"allow":["GET"]}}],"collection":[{"href":"https:\/\/gretasexylingerie.com\/da\/wp-json\/wp\/v2\/product"}],"about":[{"href":"https:\/\/gretasexylingerie.com\/da\/wp-json\/wp\/v2\/types\/product"}],"wp:featuredmedia":[{"embeddable":true,"href":"https:\/\/gretasexylingerie.com\/da\/wp-json\/wp\/v2\/media\/39466"}],"wp:attachment":[{"href":"https:\/\/gretasexylingerie.com\/da\/wp-json\/wp\/v2\/media?parent=39458"}],"wp:term":[{"taxonomy":"product_brand","embeddable":true,"href":"https:\/\/gretasexylingerie.com\/da\/wp-json\/wp\/v2\/product_brand?post=39458"},{"taxonomy":"product_cat","embeddable":true,"href":"https:\/\/gretasexylingerie.com\/da\/wp-json\/wp\/v2\/product_cat?post=39458"},{"taxonomy":"product_tag","embeddable":true,"href":"https:\/\/gretasexylingerie.com\/da\/wp-json\/wp\/v2\/product_tag?post=39458"}],"curies":[{"name":"wp","href":"https:\/\/api.w.org\/{rel}","templated":true}]}}