{"id":39388,"date":"2023-04-17T22:30:57","date_gmt":"2023-04-17T14:30:57","guid":{"rendered":"https:\/\/gretasexylingerie.com\/?post_type=product&#038;p=39388"},"modified":"2023-10-22T22:32:33","modified_gmt":"2023-10-22T14:32:33","slug":"medfolgende-erotisk-lingerisaet","status":"publish","type":"product","link":"https:\/\/gretasexylingerie.com\/da\/products\/bundled-erotic-lingerie-set\/","title":{"rendered":"Medf\u00f8lgende erotisk lingeris\u00e6t"},"content":{"rendered":"<p>1. Sexet og forf\u00f8rende design: Det bundtede erotiske lingeris\u00e6t er designet til at t\u00e6nde lidenskab og beg\u00e6r med sit dragende og forf\u00f8rende design. S\u00e6ttet indeholder en bh, trusse, str\u00f8mpeb\u00e5nd og l\u00e5rh\u00f8je str\u00f8mper, alt sammen lavet af gennemsigtigt blondemateriale af h\u00f8j kvalitet, der skaber et uimodst\u00e5eligt og sexet look.<\/p>\n\n\n\n<p>2. Komfortabelt og st\u00f8ttende: Lingeris\u00e6ttet er lavet af bl\u00f8de og str\u00e6kbare materialer, der er behagelige og st\u00f8ttende. BH&#039;en giver rigelig st\u00f8tte og l\u00f8ft, mens str\u00f8mpeb\u00e5ndet og str\u00f8mperne forbliver sikkert p\u00e5 plads uden at glide eller glide ned.<\/p>\n\n\n\n<p>3.Alsidigt og kan tilpasses: Det bundtede erotiske lingeris\u00e6t kan b\u00e6res sammen som et komplet s\u00e6t eller mikses og matches med andre lingeridele. De justerbare stropper og kroge giver dig mulighed for at tilpasse pasformen og stilen p\u00e5 hvert stykke, s\u00e5 det passer til dine pr\u00e6ferencer og kropstype.<\/p>\n\n\n\n<p>4. Overkommelig luksus: Det bundtede erotiske lingeris\u00e6t tilbyder en luksuri\u00f8s og avanceret lingerioplevelse til en overkommelig pris. S\u00e6ttet er lavet af materialer af h\u00f8j kvalitet og har indviklede detaljer, hvilket g\u00f8r det til en luksuri\u00f8s tilf\u00f8jelse til din lingerikollektion uden at spr\u00e6nge banken. Derudover g\u00f8r s\u00e6ttets alsidighed og holdbarhed det til en stor v\u00e6rdi for pengene.<\/p>\n\n\n\n<figure class=\"wp-block-table is-style-stripes\"><table class=\"has-fixed-layout\"><tbody><tr><td colspan=\"5\">Site Chart (CM)<\/td><\/tr><tr><td>St\u00f8rrelse<\/td><td class=\"has-text-align-center\" data-align=\"center\">L\u00e6ngde<\/td><td class=\"has-text-align-center\" data-align=\"center\">Under brystet<\/td><td class=\"has-text-align-center\" data-align=\"center\">Bukser talje<\/td><td>Trusser l\u00e6ngde<\/td><\/tr><tr><td>S<\/td><td class=\"has-text-align-center\" data-align=\"center\">44<\/td><td class=\"has-text-align-center\" data-align=\"center\">68-86<\/td><td class=\"has-text-align-center\" data-align=\"center\">67-96<\/td><td>23<\/td><\/tr><tr><td>M<\/td><td class=\"has-text-align-center\" data-align=\"center\">45<\/td><td class=\"has-text-align-center\" data-align=\"center\">72-90<\/td><td class=\"has-text-align-center\" data-align=\"center\">71-100<\/td><td>24<\/td><\/tr><tr><td>L<\/td><td class=\"has-text-align-center\" data-align=\"center\">46<\/td><td class=\"has-text-align-center\" data-align=\"center\">76-94<\/td><td class=\"has-text-align-center\" data-align=\"center\">75-104<\/td><td>25<\/td><\/tr><tr><td colspan=\"5\">Sitediagram (INCH)<\/td><\/tr><tr><td>St\u00f8rrelse<\/td><td class=\"has-text-align-center\" data-align=\"center\">L\u00e6ngde<\/td><td class=\"has-text-align-center\" data-align=\"center\">Under brystet<\/td><td class=\"has-text-align-center\" data-align=\"center\">Bukser talje<\/td><td>Trusser l\u00e6ngde<\/td><\/tr><tr><td>S<\/td><td class=\"has-text-align-center\" data-align=\"center\">17.32<\/td><td class=\"has-text-align-center\" data-align=\"center\">26.77-33.85<\/td><td class=\"has-text-align-center\" data-align=\"center\">26.37-37.79<\/td><td>9.05<\/td><\/tr><tr><td>M<\/td><td class=\"has-text-align-center\" data-align=\"center\">17.71<\/td><td class=\"has-text-align-center\" data-align=\"center\">28.34-35.43<\/td><td class=\"has-text-align-center\" data-align=\"center\">27.95-39.37<\/td><td>9.44<\/td><\/tr><tr><td>L<\/td><td class=\"has-text-align-center\" data-align=\"center\">18.11<\/td><td class=\"has-text-align-center\" data-align=\"center\">29.92-37.00<\/td><td class=\"has-text-align-center\" data-align=\"center\">29.52-40.94<\/td><td>9.84&nbsp;<\/td><\/tr><tr><td colspan=\"5\">Bem\u00e6rk:<br>1.Der er m\u00e5ske 1-2 cm afvigelse i forskellige st\u00f8rrelser, placeringer og str\u00e6k af stoffer. St\u00f8rrelsestabellen er kun til reference, der kan v\u00e6re lidt forskel p\u00e5, hvad du f\u00e5r.<br>2.Der er 3 slags elasticitet: h\u00f8j elasticitet (tosidet strakt), medium elasticitet (ensidig strakt) og ikke-elastisk (kan ikke str\u00e6kkes).<br>3. Farven kan v\u00e6re lysere eller m\u00f8rkere p\u00e5 grund af den forskellige pc-sk\u00e6rm.<br>4. Vask den i h\u00e5nden i 30 graders vand, h\u00e6ng den til t\u00f8rre i skygge, forbyd blegning.<br>5.Der er m\u00e5ske lidt forskel p\u00e5 detaljer og m\u00f8nster.<\/td><\/tr><\/tbody><\/table><\/figure>\n\n\n\n<p><\/p>","protected":false},"excerpt":{"rendered":"<p>Introduktion af det bundtede erotiske lingeris\u00e6t, et lingeris\u00e6t med stor v\u00e6rdi til kvinder, der \u00f8nsker at v\u00e6re selvsikre og attraktive, materialer af h\u00f8j kvalitet og fine detaljer g\u00f8r dette s\u00e6t til et must-have til enhver lingerikollektion.<\/p>\n<p>https:\/\/youtu.be\/x12DQQkcq7M<\/p>","protected":false},"featured_media":39395,"template":"","meta":[],"product_brand":[],"product_cat":[388,386,367],"product_tag":[861,880,453,447,504],"class_list":{"0":"post-39388","1":"product","2":"type-product","3":"status-publish","4":"has-post-thumbnail","6":"product_cat-wholesale-gartered-corset","7":"product_cat-sexy-bustiers","8":"product_cat-sexy-lingerie","9":"product_tag-brunette-lingerie","10":"product_tag-sexy-2-piece-lingerie","11":"product_tag-wholesale-sexy-naughty-lingerie","12":"product_tag-wholesale-strappy-sexy-lingerie","13":"product_tag-ultra-sexy","14":"pa_color-black","15":"pa_cup-full-cup","16":"pa_size-wholesale-large-size-women-sexy-lingerie","17":"pa_size-wholesale-medium-size-women-sexy-lingerie","18":"pa_size-wholesale-small-size-sexy-lingerie","20":"first","21":"instock","22":"taxable","23":"shipping-taxable","24":"purchasable","25":"product-type-variable"},"tiered_pricing_type":"fixed","tiered_pricing_fixed_rules":[],"tiered_pricing_product_settings":{"layout":"default","base_unit_name":{"singular":null,"plural":null},"default_variation":{}},"tiered_pricing_minimum_quantity":null,"tiered_pricing_roles_data":{"default_wholesaler":{"product_id":39388,"role":"default_wholesaler","pricing_type":"flat","regular_price":null,"sale_price":null,"discount":null,"discount_type":"sale_price","tiered_pricing_type":"fixed","percentage_rules":[],"fixed_rules":{"2":"10.19","30":"8.79","500":"7.69"},"minimum":null},"dropshippinger":{"product_id":39388,"role":"dropshippinger","pricing_type":"flat","regular_price":null,"sale_price":null,"discount":null,"discount_type":"sale_price","tiered_pricing_type":"fixed","percentage_rules":[],"fixed_rules":{"1":"12.19","5":"10.19","30":"7.69"},"minimum":null}},"tiered_pricing_percentage_rules":[],"tiered_pricing_maximum_quantity":null,"tiered_pricing_quantity_step":null,"_links":{"self":[{"href":"https:\/\/gretasexylingerie.com\/da\/wp-json\/wp\/v2\/product\/39388","targetHints":{"allow":["GET"]}}],"collection":[{"href":"https:\/\/gretasexylingerie.com\/da\/wp-json\/wp\/v2\/product"}],"about":[{"href":"https:\/\/gretasexylingerie.com\/da\/wp-json\/wp\/v2\/types\/product"}],"wp:featuredmedia":[{"embeddable":true,"href":"https:\/\/gretasexylingerie.com\/da\/wp-json\/wp\/v2\/media\/39395"}],"wp:attachment":[{"href":"https:\/\/gretasexylingerie.com\/da\/wp-json\/wp\/v2\/media?parent=39388"}],"wp:term":[{"taxonomy":"product_brand","embeddable":true,"href":"https:\/\/gretasexylingerie.com\/da\/wp-json\/wp\/v2\/product_brand?post=39388"},{"taxonomy":"product_cat","embeddable":true,"href":"https:\/\/gretasexylingerie.com\/da\/wp-json\/wp\/v2\/product_cat?post=39388"},{"taxonomy":"product_tag","embeddable":true,"href":"https:\/\/gretasexylingerie.com\/da\/wp-json\/wp\/v2\/product_tag?post=39388"}],"curies":[{"name":"wp","href":"https:\/\/api.w.org\/{rel}","templated":true}]}}