{"id":39368,"date":"2023-04-17T21:37:06","date_gmt":"2023-04-17T13:37:06","guid":{"rendered":"https:\/\/gretasexylingerie.com\/?post_type=product&#038;p=39368"},"modified":"2023-09-05T20:51:04","modified_gmt":"2023-09-05T12:51:04","slug":"sexet-silkeudskaering-blonde-jumpsuit","status":"publish","type":"product","link":"https:\/\/gretasexylingerie.com\/da\/products\/sexy-silk-cutout-lace-jumpsuit\/","title":{"rendered":"Sexet silkeudsk\u00e6ring blonde jumpsuit"},"content":{"rendered":"<p>1. Elegant og sexet design: Lace Sexy Jumpsuit er et moderigtigt og smart t\u00f8j, der kombinerer blonder med et slankt og moderne design. Jumpsuiten er designet til at smigre din figur og f\u00e5 dig til at f\u00f8le dig selvsikker og glamour\u00f8s. Det er perfekt til formelle lejligheder, bryllupper og andre s\u00e6rlige begivenheder.<\/p>\n\n\n\n<p>2.Komfortabel og alsidig: Lace Sexy Jumpsuit er lavet af materialer af h\u00f8j kvalitet, der er b\u00e5de komfortable og holdbare. Stoffet er let og \u00e5ndbart, hvilket g\u00f8r det perfekt til varmt vejr. Jumpsuiten kan dresses op eller ned afh\u00e6ngigt af lejligheden, hvilket g\u00f8r den til en alsidig tilf\u00f8jelse til din garderobe.<\/p>\n\n\n\n<p>3. Flatterende pasform: Jumpsuiten er designet til at fremh\u00e6ve dine kurver og skabe en flatterende silhuet. Blondedetaljerne tilf\u00f8jer et strejf af elegance og sofistikering, mens den t\u00e6tsiddende talje og bukser med brede ben forl\u00e6nger dine ben og skaber et str\u00f8mlinet look.<\/p>\n\n\n\n<p>4. Overkommelig luksus: Lace Sexy Jumpsuit er en high-end bekl\u00e6dningsgenstand, der er til en overkommelig pris, hvilket g\u00f8r den tilg\u00e6ngelig for en bred vifte af kunder. Du kan nyde luksusen og elegancen fra en designer jumpsuit uden at spr\u00e6nge penge. Derudover g\u00f8r jumpsuitens holdbarhed og tidl\u00f8se stil den til et fantastisk investeringsstykke, som du kan b\u00e6re i mange \u00e5r fremover.<\/p>\n\n\n\n<figure class=\"wp-block-table is-style-regular\"><table><tbody><tr><td colspan=\"6\">Site Chart (CM)<\/td><\/tr><tr><td>St\u00f8rrelse<\/td><td class=\"has-text-align-center\" data-align=\"center\">Buste<\/td><td class=\"has-text-align-center\" data-align=\"center\">Skulder<\/td><td class=\"has-text-align-center\" data-align=\"center\">Fodens omkreds<\/td><td class=\"has-text-align-center\" data-align=\"center\">L\u00e6ngde<\/td><td class=\"has-text-align-center\" data-align=\"center\">Talje<\/td><\/tr><tr><td>S<\/td><td class=\"has-text-align-center\" data-align=\"center\">88<\/td><td class=\"has-text-align-center\" data-align=\"center\">35<\/td><td class=\"has-text-align-center\" data-align=\"center\">60<\/td><td class=\"has-text-align-center\" data-align=\"center\">55<\/td><td class=\"has-text-align-center\" data-align=\"center\">64-96<\/td><\/tr><tr><td>M<\/td><td class=\"has-text-align-center\" data-align=\"center\">92<\/td><td class=\"has-text-align-center\" data-align=\"center\">35<\/td><td class=\"has-text-align-center\" data-align=\"center\">62.8<\/td><td class=\"has-text-align-center\" data-align=\"center\">57<\/td><td class=\"has-text-align-center\" data-align=\"center\">68-100<\/td><\/tr><tr><td>L<\/td><td class=\"has-text-align-center\" data-align=\"center\">96<\/td><td class=\"has-text-align-center\" data-align=\"center\">35<\/td><td class=\"has-text-align-center\" data-align=\"center\">65.6<\/td><td class=\"has-text-align-center\" data-align=\"center\">59<\/td><td class=\"has-text-align-center\" data-align=\"center\">72-104<\/td><\/tr><tr><td colspan=\"6\">Sitediagram (INCH)<\/td><\/tr><tr><td>St\u00f8rrelse<\/td><td class=\"has-text-align-center\" data-align=\"center\">Buste<\/td><td class=\"has-text-align-center\" data-align=\"center\">Skulder<\/td><td class=\"has-text-align-center\" data-align=\"center\">Fodens omkreds<\/td><td class=\"has-text-align-center\" data-align=\"center\">L\u00e6ngde<\/td><td class=\"has-text-align-center\" data-align=\"center\">Talje<\/td><\/tr><tr><td>S<\/td><td class=\"has-text-align-center\" data-align=\"center\">34.64<\/td><td class=\"has-text-align-center\" data-align=\"center\">13.77<\/td><td class=\"has-text-align-center\" data-align=\"center\">23.62<\/td><td class=\"has-text-align-center\" data-align=\"center\">21.65<\/td><td class=\"has-text-align-center\" data-align=\"center\">25.19-37.79<\/td><\/tr><tr><td>M<\/td><td class=\"has-text-align-center\" data-align=\"center\">36.22<\/td><td class=\"has-text-align-center\" data-align=\"center\">13.77<\/td><td class=\"has-text-align-center\" data-align=\"center\">24.72<\/td><td class=\"has-text-align-center\" data-align=\"center\">22.44<\/td><td class=\"has-text-align-center\" data-align=\"center\">26.77-39.37<\/td><\/tr><tr><td>L<\/td><td class=\"has-text-align-center\" data-align=\"center\">37.79<\/td><td class=\"has-text-align-center\" data-align=\"center\">13.77<\/td><td class=\"has-text-align-center\" data-align=\"center\">25.82<\/td><td class=\"has-text-align-center\" data-align=\"center\">23.22&nbsp;<\/td><td class=\"has-text-align-center\" data-align=\"center\">28.34-40.94<\/td><\/tr><tr><td colspan=\"6\">Bem\u00e6rk:<br>1.Der er m\u00e5ske 1-2 cm afvigelse i forskellige st\u00f8rrelser, placeringer og str\u00e6k af stoffer. St\u00f8rrelsestabellen er kun til reference, der kan v\u00e6re lidt forskel p\u00e5, hvad du f\u00e5r.<br>2.Der er 3 slags elasticitet: h\u00f8j elasticitet (tosidet strakt), medium elasticitet (ensidig strakt) og ikke-elastisk (kan ikke str\u00e6kkes).<br>3. Farven kan v\u00e6re lysere eller m\u00f8rkere p\u00e5 grund af den forskellige pc-sk\u00e6rm.<br>4. Vask den i h\u00e5nden i 30 graders vand, h\u00e6ng den til t\u00f8rre i skygge, forbyd blegning.<br>5.Der er m\u00e5ske lidt forskel p\u00e5 detaljer og m\u00f8nster.<\/td><\/tr><\/tbody><\/table><\/figure>\n\n\n\n<p><\/p>","protected":false},"excerpt":{"rendered":"<p>Undert\u00f8jet er lavet af blondemateriale af h\u00f8j kvalitet, som er luksuri\u00f8st og sexet. Det sofistikerede design skaber et elegant og glamour\u00f8st look, hvilket g\u00f8r det til det perfekte valg til enhver lejlighed. Velegnet til kvinder i alle former og st\u00f8rrelser. Er en fantastisk gave til en elsket.<\/p>","protected":false},"featured_media":39375,"template":"","meta":[],"product_brand":[],"product_cat":[370,371,367],"product_tag":[448,875,510,867,866,862],"class_list":{"0":"post-39368","1":"product","2":"type-product","3":"status-publish","4":"has-post-thumbnail","6":"product_cat-bodysuit","7":"product_cat-wholesale-sexy-lace-bodysuit","8":"product_cat-sexy-lingerie","9":"product_tag-wholesale-elegant-sexy-lingerie","10":"product_tag-lace-sexy-lingerie","11":"product_tag-ruffles-lingerie","12":"product_tag-sexy-push-up-lingerie","13":"product_tag-sexy-romper-lingerie","14":"product_tag-sexy-silk-lingerie","15":"pa_color-fire-brick-women-sexy-lingerie","16":"pa_cup-full-cup","17":"pa_size-wholesale-large-size-women-sexy-lingerie","18":"pa_size-wholesale-medium-size-women-sexy-lingerie","19":"pa_size-wholesale-small-size-sexy-lingerie","21":"first","22":"instock","23":"taxable","24":"shipping-taxable","25":"purchasable","26":"product-type-variable"},"tiered_pricing_type":"fixed","tiered_pricing_fixed_rules":[],"tiered_pricing_product_settings":{"layout":"default","base_unit_name":{"singular":null,"plural":null},"default_variation":null},"tiered_pricing_minimum_quantity":null,"tiered_pricing_roles_data":{"default_wholesaler":{"product_id":39368,"role":"default_wholesaler","pricing_type":"flat","regular_price":null,"sale_price":null,"discount":null,"discount_type":"sale_price","tiered_pricing_type":"fixed","percentage_rules":[],"fixed_rules":{"2":"8.89","30":"7.59","500":"6.69"},"minimum":null},"dropshippinger":{"product_id":39368,"role":"dropshippinger","pricing_type":"flat","regular_price":null,"sale_price":null,"discount":null,"discount_type":"sale_price","tiered_pricing_type":"fixed","percentage_rules":[],"fixed_rules":{"1":"10.69","5":"8.89","30":"6.69"},"minimum":null}},"tiered_pricing_percentage_rules":[],"tiered_pricing_maximum_quantity":null,"tiered_pricing_quantity_step":null,"_links":{"self":[{"href":"https:\/\/gretasexylingerie.com\/da\/wp-json\/wp\/v2\/product\/39368","targetHints":{"allow":["GET"]}}],"collection":[{"href":"https:\/\/gretasexylingerie.com\/da\/wp-json\/wp\/v2\/product"}],"about":[{"href":"https:\/\/gretasexylingerie.com\/da\/wp-json\/wp\/v2\/types\/product"}],"wp:featuredmedia":[{"embeddable":true,"href":"https:\/\/gretasexylingerie.com\/da\/wp-json\/wp\/v2\/media\/39375"}],"wp:attachment":[{"href":"https:\/\/gretasexylingerie.com\/da\/wp-json\/wp\/v2\/media?parent=39368"}],"wp:term":[{"taxonomy":"product_brand","embeddable":true,"href":"https:\/\/gretasexylingerie.com\/da\/wp-json\/wp\/v2\/product_brand?post=39368"},{"taxonomy":"product_cat","embeddable":true,"href":"https:\/\/gretasexylingerie.com\/da\/wp-json\/wp\/v2\/product_cat?post=39368"},{"taxonomy":"product_tag","embeddable":true,"href":"https:\/\/gretasexylingerie.com\/da\/wp-json\/wp\/v2\/product_tag?post=39368"}],"curies":[{"name":"wp","href":"https:\/\/api.w.org\/{rel}","templated":true}]}}