{"id":31723,"date":"2023-02-02T21:09:42","date_gmt":"2023-02-02T13:09:42","guid":{"rendered":"https:\/\/gretasexylingerie.com\/?post_type=product&#038;p=31723"},"modified":"2023-09-05T20:51:00","modified_gmt":"2023-09-05T12:51:00","slug":"sexet-og-sod-tegneserie-broderi-c-string-trusse","status":"publish","type":"product","link":"https:\/\/gretasexylingerie.com\/da\/products\/sexy-and-cute-cartoon-embroidery-c-string-panty\/","title":{"rendered":"Sexet og s\u00f8d tegneseriebroderi C String Trusse"},"content":{"rendered":"<p>Funktioner:<\/p>\n<p>1. Sexet og s\u00f8d tegneseriebroderi C String trusse er lavet af h\u00f8jkvalitets \u00e5ndbare stoffer, som vil f\u00e5 dig til at f\u00f8le dig komfortabel og selvsikker. Designet er moderigtigt og attraktivt, og det farverige tegneseriebroderi tilf\u00f8jer et legende og sjovt pr\u00e6g til din lingerikollektion.<br \/>\n2. Det legende tegneseriebroderi tilf\u00f8jer et unikt touch til denne trusse, der f\u00e5r dig til at skille sig ud i m\u00e6ngden. Det vil v\u00e6re en fantastisk tilf\u00f8jelse til din lingerikollektion og vil v\u00e6re sikker p\u00e5 at give dig komplimenter.<br \/>\n3. Denne trusse er lavet af materialer af h\u00f8j kvalitet, der er bl\u00f8de, lette og \u00e5ndbare, hvilket sikrer maksimal komfort og holdbarhed. Dets unikke design og broderim\u00f8nster g\u00f8r det til et godt valg for dem, der \u00f8nsker at se sexet og s\u00f8d ud.<br \/>\n4. Den sexede og s\u00f8de tegneseriebroderi C String trusse er et overkommeligt og praktisk valg for voksne butikker. Det vil v\u00e6re et stort aktiv for din lingerikollektion og vil helt sikkert f\u00e5 kunderne til at vende tilbage efter mere.<\/p>","protected":false},"excerpt":{"rendered":"<p>Velkommen til en verden af sexede og s\u00f8de tegneseriebroderier med C-streng. Vores C String trusser er designet med komfort og stil i tankerne. Lavet med stoffer og materialer af h\u00f8j kvalitet, de giver en behagelig pasform og et moderigtigt look. Uanset om du leder efter en intim aften i byen eller en speciel lejlighed, vil disse trusser med C-streng helt sikkert f\u00e5 dig til at se og f\u00f8le dig sexet.<\/p>","protected":false},"featured_media":31734,"template":"","meta":[],"product_brand":[],"product_cat":[400,399],"product_tag":[448,454,504],"class_list":{"0":"post-31723","1":"product","2":"type-product","3":"status-publish","4":"has-post-thumbnail","6":"product_cat-c-string-panties","7":"product_cat-sexy-panty","8":"product_tag-wholesale-elegant-sexy-lingerie","9":"product_tag-wholesale-sexy-embroidered-lingerie","10":"product_tag-ultra-sexy","11":"pa_size-free","13":"first","14":"instock","15":"taxable","16":"shipping-taxable","17":"purchasable","18":"product-type-variable"},"tiered_pricing_type":"fixed","tiered_pricing_fixed_rules":[],"tiered_pricing_product_settings":{"layout":"default","base_unit_name":{"singular":null,"plural":null},"default_variation":null},"tiered_pricing_minimum_quantity":null,"tiered_pricing_roles_data":{"default_wholesaler":{"product_id":31723,"role":"default_wholesaler","pricing_type":"flat","regular_price":null,"sale_price":null,"discount":null,"discount_type":"sale_price","tiered_pricing_type":"fixed","percentage_rules":[],"fixed_rules":{"2":"1.59","100":"1.09","800":"0.79"},"minimum":null},"dropshippinger":{"product_id":31723,"role":"dropshippinger","pricing_type":"flat","regular_price":null,"sale_price":null,"discount":null,"discount_type":"sale_price","tiered_pricing_type":"fixed","percentage_rules":[],"fixed_rules":{"1":"2.09","30":"1.29","100":"1.09"},"minimum":null}},"tiered_pricing_percentage_rules":[],"tiered_pricing_maximum_quantity":null,"tiered_pricing_quantity_step":null,"_links":{"self":[{"href":"https:\/\/gretasexylingerie.com\/da\/wp-json\/wp\/v2\/product\/31723","targetHints":{"allow":["GET"]}}],"collection":[{"href":"https:\/\/gretasexylingerie.com\/da\/wp-json\/wp\/v2\/product"}],"about":[{"href":"https:\/\/gretasexylingerie.com\/da\/wp-json\/wp\/v2\/types\/product"}],"wp:featuredmedia":[{"embeddable":true,"href":"https:\/\/gretasexylingerie.com\/da\/wp-json\/wp\/v2\/media\/31734"}],"wp:attachment":[{"href":"https:\/\/gretasexylingerie.com\/da\/wp-json\/wp\/v2\/media?parent=31723"}],"wp:term":[{"taxonomy":"product_brand","embeddable":true,"href":"https:\/\/gretasexylingerie.com\/da\/wp-json\/wp\/v2\/product_brand?post=31723"},{"taxonomy":"product_cat","embeddable":true,"href":"https:\/\/gretasexylingerie.com\/da\/wp-json\/wp\/v2\/product_cat?post=31723"},{"taxonomy":"product_tag","embeddable":true,"href":"https:\/\/gretasexylingerie.com\/da\/wp-json\/wp\/v2\/product_tag?post=31723"}],"curies":[{"name":"wp","href":"https:\/\/api.w.org\/{rel}","templated":true}]}}