{"id":31649,"date":"2023-02-01T22:03:43","date_gmt":"2023-02-01T14:03:43","guid":{"rendered":"https:\/\/gretasexylingerie.com\/?post_type=product&#038;p=31649"},"modified":"2023-09-05T20:50:57","modified_gmt":"2023-09-05T12:50:57","slug":"hul-slojfe-blomstret-blondetrusse","status":"publish","type":"product","link":"https:\/\/gretasexylingerie.com\/da\/products\/hollow-bow-floral-lace-panty\/","title":{"rendered":"Hollow Bow Floral Lace Trusse"},"content":{"rendered":"<p>Funktioner:<\/p>\n<p>1. Sexet blonde, let at tage p\u00e5 og af, og p\u00e5 samme tid \u00e6ndre kropskurven, hvilket viser din charmerende talje endnu mere.<br \/>\n2. Perspektivnet. Det fine sorte net p\u00e5 forsiden afsl\u00f8rer huden svagt og tilf\u00f8jer point til din sex-appeal.<br \/>\n3. Sidetaljeb\u00e5nd. Den geniale Tethered Thong vil tilf\u00f8je endel\u00f8s sjov mellem dig og din elsker og f\u00e5 ham til at elske dig endnu mere.<br \/>\n4. Blomsterblondedekoration. Omhyggeligt udsk\u00e5ret blomsterblonde pryder dine fyldige balder og frembringer dine yndefulde figurkurver.<br \/>\n5. Se Gennem Fristelsen af Privatliv. Den udhulede fristelse af de smukke balder drillede hans hormoner og lod k\u00e6rlighedens \u00e5nde begynde at brede sig.<\/p>","protected":false},"excerpt":{"rendered":"<p>Denne Hollow Bow Floral Lace Trusse er en perfekt tilf\u00f8jelse til din lingerikollektion. Blomsterm\u00f8nsteret g\u00f8r det til et smukt og stilfuldt valg. Det lave design og den moderate d\u00e6kning giver en behagelig og flatterende pasform. Denne Hollow Bow Floral Lace Trusse vil f\u00e5 dig til at f\u00f8le dig smuk og selvsikker.<\/p>","protected":false},"featured_media":31650,"template":"","meta":[],"product_brand":[],"product_cat":[402,401,399],"product_tag":[516,510,446,447,504],"class_list":{"0":"post-31649","1":"product","2":"type-product","3":"status-publish","4":"has-post-thumbnail","6":"product_cat-lace-panties","7":"product_cat-crotchless-panties","8":"product_cat-sexy-panty","9":"product_tag-lace-lingerie","10":"product_tag-ruffles-lingerie","11":"product_tag-wholesale-sexy-see-through-lingerie","12":"product_tag-wholesale-strappy-sexy-lingerie","13":"product_tag-ultra-sexy","14":"pa_color-black","15":"pa_color-blue-women-sexy-lingerie","16":"pa_color-deep-pink-women-sexy-lingerie","17":"pa_color-hot-pink-women-sexy-lingerie","18":"pa_color-red-women-sexy-lingerie","19":"pa_color-white","20":"pa_size-free","22":"first","23":"instock","24":"taxable","25":"shipping-taxable","26":"purchasable","27":"product-type-variable"},"tiered_pricing_type":"fixed","tiered_pricing_fixed_rules":[],"tiered_pricing_product_settings":{"layout":"default","base_unit_name":{"singular":null,"plural":null},"default_variation":null},"tiered_pricing_minimum_quantity":null,"tiered_pricing_roles_data":{"default_wholesaler":{"product_id":31649,"role":"default_wholesaler","pricing_type":"flat","regular_price":null,"sale_price":null,"discount":null,"discount_type":"sale_price","tiered_pricing_type":"fixed","percentage_rules":[],"fixed_rules":{"2":"2.39","100":"1.59","800":"1.19"},"minimum":null},"dropshippinger":{"product_id":31649,"role":"dropshippinger","pricing_type":"flat","regular_price":null,"sale_price":null,"discount":null,"discount_type":"sale_price","tiered_pricing_type":"fixed","percentage_rules":[],"fixed_rules":{"1":"3.19","30":"1.89","100":"1.59"},"minimum":null}},"tiered_pricing_percentage_rules":[],"tiered_pricing_maximum_quantity":null,"tiered_pricing_quantity_step":null,"_links":{"self":[{"href":"https:\/\/gretasexylingerie.com\/da\/wp-json\/wp\/v2\/product\/31649","targetHints":{"allow":["GET"]}}],"collection":[{"href":"https:\/\/gretasexylingerie.com\/da\/wp-json\/wp\/v2\/product"}],"about":[{"href":"https:\/\/gretasexylingerie.com\/da\/wp-json\/wp\/v2\/types\/product"}],"wp:featuredmedia":[{"embeddable":true,"href":"https:\/\/gretasexylingerie.com\/da\/wp-json\/wp\/v2\/media\/31650"}],"wp:attachment":[{"href":"https:\/\/gretasexylingerie.com\/da\/wp-json\/wp\/v2\/media?parent=31649"}],"wp:term":[{"taxonomy":"product_brand","embeddable":true,"href":"https:\/\/gretasexylingerie.com\/da\/wp-json\/wp\/v2\/product_brand?post=31649"},{"taxonomy":"product_cat","embeddable":true,"href":"https:\/\/gretasexylingerie.com\/da\/wp-json\/wp\/v2\/product_cat?post=31649"},{"taxonomy":"product_tag","embeddable":true,"href":"https:\/\/gretasexylingerie.com\/da\/wp-json\/wp\/v2\/product_tag?post=31649"}],"curies":[{"name":"wp","href":"https:\/\/api.w.org\/{rel}","templated":true}]}}